{"id":13316,"date":"2025-07-12T06:13:58","date_gmt":"2025-07-12T04:13:58","guid":{"rendered":"https:\/\/colligatum.com\/?post_type=product&#038;p=13316"},"modified":"2025-07-12T06:38:44","modified_gmt":"2025-07-12T04:38:44","slug":"zhenlong-%e7%9c%9f%e9%be%8d-true-dragon-filter-cigarettes","status":"publish","type":"product","link":"https:\/\/colligatum.com\/en\/product\/zhenlong-%e7%9c%9f%e9%be%8d-true-dragon-filter-cigarettes\/","title":{"rendered":"Zhenlong (\u771f\u9f8d) &quot;True Dragon&quot; filter cigarettes"},"content":{"rendered":"<p data-start=\"272\" data-end=\"309\"><span class=\"relative -mx-px my-[-0.2rem] rounded px-px py-[0.2rem] transition-colors duration-100 ease-in-out\">Apra\u0161ymas: Raudonas paketas su tviskan\u010diais auksiniais drakon\u0173 motyvais (vienas didelis centre, du ma\u017eesni apa\u010dioje), vir\u0161uje aukso spalvos lipdukas su logotipu \u201cZhenlong\u201d. Apatin\u0117 dalis pa\u017eym\u0117ta \u201eChina Tobacco\u201d bei \u201eGuangxi Industrial Corporation\u201c. Neatidarytas, originalus, gali b\u016bti nedidel\u0117s celofano rauk\u0161l\u0117s \u2013 bet overall b\u016bkl\u0117 puiki.<\/span><\/p>\n<hr data-start=\"311\" data-end=\"314\" \/>\n<p data-start=\"316\" data-end=\"339\"><strong data-start=\"316\" data-end=\"339\">Vert\u0117s \u012fvertinimas:<\/strong><\/p>\n<ul data-start=\"341\" data-end=\"507\">\n<li data-start=\"341\" data-end=\"382\">\n<p data-start=\"343\" data-end=\"382\"><span class=\"relative -mx-px my-[-0.2rem] rounded px-px py-[0.2rem] transition-colors duration-100 ease-in-out\"><strong data-start=\"0\" data-end=\"20\" data-is-only-node=\"\">Kolekcin\u0117 vert\u0117:<\/strong> Vidutin\u0117\u2013auk\u0161tesn\u0117. Zhenlong prek\u0117s \u017eenklas skirtas Kinijos vidaus ir duty\u2011free rinkoms, o raudonojo drakono versija su celofanu yra gana retas radinys tarp kolekcinink\u0173.<\/span><\/p>\n<\/li>\n<li data-start=\"383\" data-end=\"424\">\n<p data-start=\"385\" data-end=\"424\"><span class=\"relative -mx-px my-[-0.2rem] rounded px-px py-[0.2rem] transition-colors duration-100 ease-in-out\"><strong data-start=\"0\" data-end=\"22\" data-is-only-node=\"\">B\u016bkl\u0117s vertinimas:<\/strong> Celofanuotas, puikios b\u016bkl\u0117s fizin\u0117 i\u0161vaizda.<\/span><\/p>\n<\/li>\n<\/ul>\n","protected":false},"excerpt":{"rendered":"<p data-start=\"0\" data-end=\"37\"><span class=\"relative -mx-px my-[-0.2rem] rounded px-px py-[0.2rem] transition-colors duration-100 ease-in-out\">Prek\u0117s \u017eenklas ir pavadinimas: <strong data-start=\"31\" data-end=\"80\" data-is-last-node=\"\">Zhenlong (\u771f\u9f8d) &#8222;True Dragon&#8221; filter cigarettes<\/strong><\/span><\/p>\n<p data-start=\"39\" data-end=\"76\"><span class=\"relative -mx-px my-[-0.2rem] rounded px-px py-[0.2rem] transition-colors duration-100 ease-in-out\">Dydis: 20 cigare\u010di\u0173 (standartinis)<\/span><\/p>\n<p data-start=\"78\" data-end=\"153\"><span class=\"relative -mx-px my-[-0.2rem] rounded px-px py-[0.2rem] transition-colors duration-100 ease-in-out\">Gamybos \u0161alis: Kinija (pavyzd\u017eiai surinkti Pekine ir Chengdu miestuose)<\/span><\/p>\n<p data-start=\"155\" data-end=\"231\"><span class=\"relative -mx-px my-[-0.2rem] rounded px-px py-[0.2rem] transition-colors duration-100 ease-in-out\">Gamybos laikotarpis: apie 2013\u20132017 m., remiantis TPack duomenimis u\u017e 2013 W1 serij\u0105 ir 2017 W2 serij\u0105<\/span><\/p>\n<p data-start=\"155\" data-end=\"231\">Pakeli\u0173 tipas: Kietas pakelis, celofanuotas (pana\u0161us \u012f tipinius TPack nuotrauk\u0173 variantus).<\/p>\n","protected":false},"featured_media":13262,"template":"","meta":{"_surecart_dashboard_logo_width":"180px","_surecart_dashboard_show_logo":true,"_surecart_dashboard_navigation_orders":true,"_surecart_dashboard_navigation_invoices":true,"_surecart_dashboard_navigation_subscriptions":true,"_surecart_dashboard_navigation_downloads":true,"_surecart_dashboard_navigation_billing":true,"_surecart_dashboard_navigation_account":true,"site-sidebar-layout":"default","site-content-layout":"","ast-site-content-layout":"default","site-content-style":"default","site-sidebar-style":"default","ast-global-header-display":"","ast-banner-title-visibility":"","ast-main-header-display":"","ast-hfb-above-header-display":"","ast-hfb-below-header-display":"","ast-hfb-mobile-header-display":"","site-post-title":"","ast-breadcrumbs-content":"","ast-featured-img":"","footer-sml-layout":"","ast-disable-related-posts":"","theme-transparent-header-meta":"default","adv-header-id-meta":"","stick-header-meta":"","header-above-stick-meta":"","header-main-stick-meta":"","header-below-stick-meta":"","astra-migrate-meta-layouts":"set","ast-page-background-enabled":"default","ast-page-background-meta":{"desktop":{"background-color":"","background-image":"","background-repeat":"repeat","background-position":"center center","background-size":"auto","background-attachment":"scroll","background-type":"","background-media":"","overlay-type":"","overlay-color":"","overlay-opacity":"","overlay-gradient":""},"tablet":{"background-color":"","background-image":"","background-repeat":"repeat","background-position":"center center","background-size":"auto","background-attachment":"scroll","background-type":"","background-media":"","overlay-type":"","overlay-color":"","overlay-opacity":"","overlay-gradient":""},"mobile":{"background-color":"","background-image":"","background-repeat":"repeat","background-position":"center center","background-size":"auto","background-attachment":"scroll","background-type":"","background-media":"","overlay-type":"","overlay-color":"","overlay-opacity":"","overlay-gradient":""}},"ast-content-background-meta":{"desktop":{"background-color":"var(--ast-global-color-5)","background-image":"","background-repeat":"repeat","background-position":"center center","background-size":"auto","background-attachment":"scroll","background-type":"","background-media":"","overlay-type":"","overlay-color":"","overlay-opacity":"","overlay-gradient":""},"tablet":{"background-color":"var(--ast-global-color-5)","background-image":"","background-repeat":"repeat","background-position":"center center","background-size":"auto","background-attachment":"scroll","background-type":"","background-media":"","overlay-type":"","overlay-color":"","overlay-opacity":"","overlay-gradient":""},"mobile":{"background-color":"var(--ast-global-color-5)","background-image":"","background-repeat":"repeat","background-position":"center center","background-size":"auto","background-attachment":"scroll","background-type":"","background-media":"","overlay-type":"","overlay-color":"","overlay-opacity":"","overlay-gradient":""}}},"product_brand":[],"product_cat":[138],"product_tag":[],"class_list":{"0":"post-13316","1":"product","2":"type-product","3":"status-publish","4":"has-post-thumbnail","6":"product_cat-china","7":"desktop-align-left","8":"tablet-align-left","9":"mobile-align-left","11":"first","12":"instock","13":"sale","14":"shipping-taxable","15":"purchasable","16":"product-type-simple","17":"add-to-wishlist-before_image"},"_links":{"self":[{"href":"https:\/\/colligatum.com\/en\/wp-json\/wp\/v2\/product\/13316","targetHints":{"allow":["GET"]}}],"collection":[{"href":"https:\/\/colligatum.com\/en\/wp-json\/wp\/v2\/product"}],"about":[{"href":"https:\/\/colligatum.com\/en\/wp-json\/wp\/v2\/types\/product"}],"version-history":[{"count":1,"href":"https:\/\/colligatum.com\/en\/wp-json\/wp\/v2\/product\/13316\/revisions"}],"predecessor-version":[{"id":13317,"href":"https:\/\/colligatum.com\/en\/wp-json\/wp\/v2\/product\/13316\/revisions\/13317"}],"wp:featuredmedia":[{"embeddable":true,"href":"https:\/\/colligatum.com\/en\/wp-json\/wp\/v2\/media\/13262"}],"wp:attachment":[{"href":"https:\/\/colligatum.com\/en\/wp-json\/wp\/v2\/media?parent=13316"}],"wp:term":[{"taxonomy":"product_brand","embeddable":true,"href":"https:\/\/colligatum.com\/en\/wp-json\/wp\/v2\/product_brand?post=13316"},{"taxonomy":"product_cat","embeddable":true,"href":"https:\/\/colligatum.com\/en\/wp-json\/wp\/v2\/product_cat?post=13316"},{"taxonomy":"product_tag","embeddable":true,"href":"https:\/\/colligatum.com\/en\/wp-json\/wp\/v2\/product_tag?post=13316"}],"curies":[{"name":"wp","href":"https:\/\/api.w.org\/{rel}","templated":true}]}}