{"id":13320,"date":"2025-07-12T06:20:00","date_gmt":"2025-07-12T04:20:00","guid":{"rendered":"https:\/\/colligatum.com\/?post_type=product&#038;p=13320"},"modified":"2025-07-12T06:20:01","modified_gmt":"2025-07-12T04:20:01","slug":"dj-american-blend-filter-kings","status":"publish","type":"product","link":"https:\/\/colligatum.com\/en\/product\/dj-american-blend-filter-kings\/","title":{"rendered":"D&amp;J American Blend Filter Kings\u201e"},"content":{"rendered":"<p data-start=\"195\" data-end=\"232\"><span class=\"relative -mx-px my-[-0.2rem] rounded px-px py-[0.2rem] transition-colors duration-100 ease-in-out\">Apra\u0161ymas: Balto-auksinio horizontalios juostel\u0117s dizaino paketas, centre ry\u0161ki raudona D&amp;J logotipo d\u0117\u017eut\u0117 ir u\u017era\u0161as \u201eAMERICAN BLEND\u201c. \u201eFilter Kings\u201c specifikuotas \u017eemiau logotipo. Vir\u0161utin\u0117je dalyje \u2013 herbas su monograma. Neatidarytas, celofanuotas, be i\u0161orini\u0173 pa\u017eeidim\u0173.<\/span><\/p>\n<hr data-start=\"234\" data-end=\"237\" \/>\n<p data-start=\"239\" data-end=\"262\"><strong data-start=\"239\" data-end=\"262\">Vert\u0117s \u012fvertinimas:<\/strong><\/p>\n<ul data-start=\"264\" data-end=\"645\">\n<li data-start=\"264\" data-end=\"305\">\n<p data-start=\"266\" data-end=\"305\"><span class=\"relative -mx-px my-[-0.2rem] rounded px-px py-[0.2rem] transition-colors duration-100 ease-in-out\"><strong data-start=\"0\" data-end=\"20\" data-is-only-node=\"\">Kolekcin\u0117 vert\u0117:<\/strong> \u017dema\u2013vidutin\u0117. D&amp;J American Blend n\u0117ra pla\u010diai kolekcionuojamas modelis, bet d\u0117l ne\u012fprasto dizaino ir EU\/US ry\u0161io gali b\u016bti kiek patrauklus specifinei ni\u0161ai.<\/span><\/p>\n<\/li>\n<li data-start=\"306\" data-end=\"347\">\n<p data-start=\"308\" data-end=\"347\"><span class=\"relative -mx-px my-[-0.2rem] rounded px-px py-[0.2rem] transition-colors duration-100 ease-in-out\"><strong data-start=\"0\" data-end=\"22\" data-is-only-node=\"\">B\u016bkl\u0117s vertinimas:<\/strong> Neatidarytas, puikiai i\u0161silaik\u0119s, neturi celofano defekt\u0173.<\/span><\/p>\n<\/li>\n<\/ul>\n","protected":false},"excerpt":{"rendered":"<p data-start=\"0\" data-end=\"37\"><span class=\"relative -mx-px my-[-0.2rem] rounded px-px py-[0.2rem] transition-colors duration-100 ease-in-out\">Prek\u0117s \u017eenklas ir pavadinimas: <strong data-start=\"31\" data-end=\"68\" data-is-last-node=\"\">D&amp;J &#8222;American Blend Filter\u202fKings&#8221;<\/strong><\/span><\/p>\n<p data-start=\"39\" data-end=\"76\"><span class=\"relative -mx-px my-[-0.2rem] rounded px-px py-[0.2rem] transition-colors duration-100 ease-in-out\">Dydis: 20 cigare\u010di\u0173<\/span><\/p>\n<p data-start=\"78\" data-end=\"115\"><span class=\"relative -mx-px my-[-0.2rem] rounded px-px py-[0.2rem] transition-colors duration-100 ease-in-out\">Gamybos \u0161alis: Tik\u0117tina \u2013 JAV arba centrini\u0173\/rytini\u0173 Europos licencijuota gamyba<\/span><\/p>\n<p data-start=\"117\" data-end=\"154\"><span class=\"relative -mx-px my-[-0.2rem] rounded px-px py-[0.2rem] transition-colors duration-100 ease-in-out\">Gamybos laikotarpis: Tik\u0117tina \u2013 2000\u20132015 m., remiantis dizaino stiliumi ir \u201eAmerican Blend\u201c \u017eenklinimu<\/span><\/p>\n<p data-start=\"156\" data-end=\"193\"><span class=\"relative -mx-px my-[-0.2rem] rounded px-px py-[0.2rem] transition-colors duration-100 ease-in-out\">Pakeli\u0173 tipas: Kietas pakelis, originalus celofanuotas<\/span><\/p>\n","protected":false},"featured_media":13267,"template":"","meta":{"_surecart_dashboard_logo_width":"180px","_surecart_dashboard_show_logo":true,"_surecart_dashboard_navigation_orders":true,"_surecart_dashboard_navigation_invoices":true,"_surecart_dashboard_navigation_subscriptions":true,"_surecart_dashboard_navigation_downloads":true,"_surecart_dashboard_navigation_billing":true,"_surecart_dashboard_navigation_account":true,"site-sidebar-layout":"default","site-content-layout":"","ast-site-content-layout":"default","site-content-style":"default","site-sidebar-style":"default","ast-global-header-display":"","ast-banner-title-visibility":"","ast-main-header-display":"","ast-hfb-above-header-display":"","ast-hfb-below-header-display":"","ast-hfb-mobile-header-display":"","site-post-title":"","ast-breadcrumbs-content":"","ast-featured-img":"","footer-sml-layout":"","theme-transparent-header-meta":"default","adv-header-id-meta":"","stick-header-meta":"","header-above-stick-meta":"","header-main-stick-meta":"","header-below-stick-meta":"","astra-migrate-meta-layouts":"set","ast-page-background-enabled":"default","ast-page-background-meta":{"desktop":{"background-color":"","background-image":"","background-repeat":"repeat","background-position":"center center","background-size":"auto","background-attachment":"scroll","background-type":"","background-media":"","overlay-type":"","overlay-color":"","overlay-opacity":"","overlay-gradient":""},"tablet":{"background-color":"","background-image":"","background-repeat":"repeat","background-position":"center center","background-size":"auto","background-attachment":"scroll","background-type":"","background-media":"","overlay-type":"","overlay-color":"","overlay-opacity":"","overlay-gradient":""},"mobile":{"background-color":"","background-image":"","background-repeat":"repeat","background-position":"center center","background-size":"auto","background-attachment":"scroll","background-type":"","background-media":"","overlay-type":"","overlay-color":"","overlay-opacity":"","overlay-gradient":""}},"ast-content-background-meta":{"desktop":{"background-color":"var(--ast-global-color-5)","background-image":"","background-repeat":"repeat","background-position":"center center","background-size":"auto","background-attachment":"scroll","background-type":"","background-media":"","overlay-type":"","overlay-color":"","overlay-opacity":"","overlay-gradient":""},"tablet":{"background-color":"var(--ast-global-color-5)","background-image":"","background-repeat":"repeat","background-position":"center center","background-size":"auto","background-attachment":"scroll","background-type":"","background-media":"","overlay-type":"","overlay-color":"","overlay-opacity":"","overlay-gradient":""},"mobile":{"background-color":"var(--ast-global-color-5)","background-image":"","background-repeat":"repeat","background-position":"center center","background-size":"auto","background-attachment":"scroll","background-type":"","background-media":"","overlay-type":"","overlay-color":"","overlay-opacity":"","overlay-gradient":""}}},"product_brand":[],"product_cat":[202],"product_tag":[],"class_list":{"0":"post-13320","1":"product","2":"type-product","3":"status-publish","4":"has-post-thumbnail","6":"product_cat-united-states","7":"desktop-align-left","8":"tablet-align-left","9":"mobile-align-left","11":"first","12":"instock","13":"shipping-taxable","14":"purchasable","15":"product-type-simple"},"_links":{"self":[{"href":"https:\/\/colligatum.com\/en\/wp-json\/wp\/v2\/product\/13320","targetHints":{"allow":["GET"]}}],"collection":[{"href":"https:\/\/colligatum.com\/en\/wp-json\/wp\/v2\/product"}],"about":[{"href":"https:\/\/colligatum.com\/en\/wp-json\/wp\/v2\/types\/product"}],"version-history":[{"count":1,"href":"https:\/\/colligatum.com\/en\/wp-json\/wp\/v2\/product\/13320\/revisions"}],"predecessor-version":[{"id":13321,"href":"https:\/\/colligatum.com\/en\/wp-json\/wp\/v2\/product\/13320\/revisions\/13321"}],"wp:featuredmedia":[{"embeddable":true,"href":"https:\/\/colligatum.com\/en\/wp-json\/wp\/v2\/media\/13267"}],"wp:attachment":[{"href":"https:\/\/colligatum.com\/en\/wp-json\/wp\/v2\/media?parent=13320"}],"wp:term":[{"taxonomy":"product_brand","embeddable":true,"href":"https:\/\/colligatum.com\/en\/wp-json\/wp\/v2\/product_brand?post=13320"},{"taxonomy":"product_cat","embeddable":true,"href":"https:\/\/colligatum.com\/en\/wp-json\/wp\/v2\/product_cat?post=13320"},{"taxonomy":"product_tag","embeddable":true,"href":"https:\/\/colligatum.com\/en\/wp-json\/wp\/v2\/product_tag?post=13320"}],"curies":[{"name":"wp","href":"https:\/\/api.w.org\/{rel}","templated":true}]}}