{"id":13326,"date":"2025-07-12T06:26:47","date_gmt":"2025-07-12T04:26:47","guid":{"rendered":"https:\/\/colligatum.com\/?post_type=product&#038;p=13326"},"modified":"2026-04-12T08:19:47","modified_gmt":"2026-04-12T06:19:47","slug":"pall-mall-around-the-world-new-york-limited-edition","status":"publish","type":"product","link":"https:\/\/colligatum.com\/en\/product\/pall-mall-around-the-world-new-york-limited-edition\/","title":{"rendered":"Pall Mall Around the World - New York"},"content":{"rendered":"<p data-start=\"233\" data-end=\"270\"><span class=\"relative -mx-px my-[-0.2rem] rounded px-px py-[0.2rem] transition-colors duration-100 ease-in-out\">Apra\u0161ymas: Nuosekliai m\u0117lynas paketas su kontrastuojan\u010diu tekstu \u201eAROUND THE WORLD NEW YORK\u201c ir laisv\u0117s statulos atributika \u2013 ir patriotin\u0117mis ugnies raket\u0173 spalvomis fone. Vir\u0161uje \u2013 klasikinis \u201ePall Mall\u201c logotipas. Paketas yra nepakit\u0119s, nenupl\u0117\u0161tas, su celofanu, gera b\u016bkl\u0117.<\/span><\/p>\n<hr data-start=\"272\" data-end=\"275\" \/>\n<p data-start=\"277\" data-end=\"300\"><strong data-start=\"277\" data-end=\"300\">Vert\u0117s \u012fvertinimas:<\/strong><\/p>\n<ul data-start=\"302\" data-end=\"506\">\n<li data-start=\"302\" data-end=\"343\">\n<p data-start=\"304\" data-end=\"343\"><span class=\"relative -mx-px my-[-0.2rem] rounded px-px py-[0.2rem] transition-colors duration-100 ease-in-out\"><strong data-start=\"0\" data-end=\"20\" data-is-only-node=\"\">Kolekcin\u0117 vert\u0117:<\/strong> Vidutin\u0117\u2013auk\u0161tesn\u0117, nes tai yra riboto leidimo serija (\u201eAround\u202fthe\u202fWorld\u201c) i\u0161 2007\u20132008 m., orientuota \u012f \u012fvairias pasaulio vietas, o New\u202fYork versija \u2013 ypa\u010d pageidaujama tarp region\u0173 entuziast\u0173 d\u0117l ikonin\u0117s temos arba JAV domina kolekcininkus.<\/span><\/p>\n<\/li>\n<li data-start=\"344\" data-end=\"385\">\n<p data-start=\"346\" data-end=\"385\"><span class=\"relative -mx-px my-[-0.2rem] rounded px-px py-[0.2rem] transition-colors duration-100 ease-in-out\"><strong data-start=\"0\" data-end=\"22\" data-is-only-node=\"\">B\u016bkl\u0117s vertinimas:<\/strong> Puiki \u2013 originalus celofanas, be matom\u0173 pa\u017eeidim\u0173 ar spalvos nykimo.<\/span><\/p>\n<\/li>\n<li data-start=\"386\" data-end=\"506\">\n<p data-start=\"388\" data-end=\"506\"><span class=\"relative -mx-px my-[-0.2rem] rounded px-px py-[0.2rem] transition-colors duration-100 ease-in-out\"><strong data-start=\"0\" data-end=\"40\" data-is-only-node=\"\">Istoriniai duomenys ir populiarumas:<\/strong> \u0160io paketo serija patvirtinta ZIGSAM \u012fra\u0161uose apie BAT Special One\/Around the World serijas 2007\u20132008 m., \u012fskaitant New\u202fYork versij\u0105<\/span> . <span class=\"relative -mx-px my-[-0.2rem] rounded px-px py-[0.2rem] transition-colors duration-100 ease-in-out\">Tai patvirtina tiksl\u0173 identifikavim\u0105 ir kolekcin\u012f status\u0105.<\/span><\/p>\n<\/li>\n<\/ul>\n","protected":false},"excerpt":{"rendered":"<p data-start=\"0\" data-end=\"37\"><span class=\"relative -mx-px my-[-0.2rem] rounded px-px py-[0.2rem] transition-colors duration-100 ease-in-out\">Prek\u0117s \u017eenklas ir pavadinimas: <strong data-start=\"31\" data-end=\"90\" data-is-last-node=\"\">Pall\u202fMall \u201cAround\u202fthe\u202fWorld \u2013 New\u202fYork\u201d Limited Edition<\/strong><\/span><\/p>\n<p data-start=\"39\" data-end=\"76\"><span class=\"relative -mx-px my-[-0.2rem] rounded px-px py-[0.2rem] transition-colors duration-100 ease-in-out\">Dydis: 20 cigare\u010di\u0173 (kietas pakelis, King size\/100\u202fmm)<\/span><\/p>\n<p data-start=\"78\" data-end=\"115\"><span class=\"relative -mx-px my-[-0.2rem] rounded px-px py-[0.2rem] transition-colors duration-100 ease-in-out\">Gamybos \u0161alis: Tik\u0117tina \u2013 Taiwanas arba Malaizija, remiantis \u201eAround the\u202fWorld\u201c serijos gamybos \u0161alimis<\/span><\/p>\n<p data-start=\"117\" data-end=\"192\"><span class=\"relative -mx-px my-[-0.2rem] rounded px-px py-[0.2rem] transition-colors duration-100 ease-in-out\">Gamybos laikotarpis: Apie 2007\u20132008 m., priklauso prie \u201eAround the World\u201c BAT serij\u0173 (London, Paris, Tokyo, New\u202fYork) \u279d pagal ZIGSAM registracij\u0105 serija i\u0161leista 2007\u20132008 m. \u279d \u0161is paketas \u2013 New\u202fYork versija<\/span><\/p>\n<p data-start=\"117\" data-end=\"192\">Pakeli\u0173 tipas: Kietas pakelis, originalus celofanas<\/p>\n","protected":false},"featured_media":26907,"template":"","meta":{"_surecart_dashboard_logo_width":"180px","_surecart_dashboard_show_logo":true,"_surecart_dashboard_navigation_orders":true,"_surecart_dashboard_navigation_invoices":true,"_surecart_dashboard_navigation_subscriptions":true,"_surecart_dashboard_navigation_downloads":true,"_surecart_dashboard_navigation_billing":true,"_surecart_dashboard_navigation_account":true,"site-sidebar-layout":"default","site-content-layout":"","ast-site-content-layout":"default","site-content-style":"default","site-sidebar-style":"default","ast-global-header-display":"","ast-banner-title-visibility":"","ast-main-header-display":"","ast-hfb-above-header-display":"","ast-hfb-below-header-display":"","ast-hfb-mobile-header-display":"","site-post-title":"","ast-breadcrumbs-content":"","ast-featured-img":"","footer-sml-layout":"","theme-transparent-header-meta":"default","adv-header-id-meta":"","stick-header-meta":"","header-above-stick-meta":"","header-main-stick-meta":"","header-below-stick-meta":"","astra-migrate-meta-layouts":"set","ast-page-background-enabled":"default","ast-page-background-meta":{"desktop":{"background-color":"","background-image":"","background-repeat":"repeat","background-position":"center center","background-size":"auto","background-attachment":"scroll","background-type":"","background-media":"","overlay-type":"","overlay-color":"","overlay-opacity":"","overlay-gradient":""},"tablet":{"background-color":"","background-image":"","background-repeat":"repeat","background-position":"center center","background-size":"auto","background-attachment":"scroll","background-type":"","background-media":"","overlay-type":"","overlay-color":"","overlay-opacity":"","overlay-gradient":""},"mobile":{"background-color":"","background-image":"","background-repeat":"repeat","background-position":"center center","background-size":"auto","background-attachment":"scroll","background-type":"","background-media":"","overlay-type":"","overlay-color":"","overlay-opacity":"","overlay-gradient":""}},"ast-content-background-meta":{"desktop":{"background-color":"var(--ast-global-color-5)","background-image":"","background-repeat":"repeat","background-position":"center center","background-size":"auto","background-attachment":"scroll","background-type":"","background-media":"","overlay-type":"","overlay-color":"","overlay-opacity":"","overlay-gradient":""},"tablet":{"background-color":"var(--ast-global-color-5)","background-image":"","background-repeat":"repeat","background-position":"center center","background-size":"auto","background-attachment":"scroll","background-type":"","background-media":"","overlay-type":"","overlay-color":"","overlay-opacity":"","overlay-gradient":""},"mobile":{"background-color":"var(--ast-global-color-5)","background-image":"","background-repeat":"repeat","background-position":"center center","background-size":"auto","background-attachment":"scroll","background-type":"","background-media":"","overlay-type":"","overlay-color":"","overlay-opacity":"","overlay-gradient":""}}},"product_brand":[],"product_cat":[193],"product_tag":[],"class_list":{"0":"post-13326","1":"product","2":"type-product","3":"status-publish","4":"has-post-thumbnail","6":"product_cat-taiwan","7":"desktop-align-left","8":"tablet-align-left","9":"mobile-align-left","11":"first","12":"instock","13":"sale","14":"shipping-taxable","15":"purchasable","16":"product-type-simple","17":"add-to-wishlist-before_image"},"_links":{"self":[{"href":"https:\/\/colligatum.com\/en\/wp-json\/wp\/v2\/product\/13326","targetHints":{"allow":["GET"]}}],"collection":[{"href":"https:\/\/colligatum.com\/en\/wp-json\/wp\/v2\/product"}],"about":[{"href":"https:\/\/colligatum.com\/en\/wp-json\/wp\/v2\/types\/product"}],"version-history":[{"count":2,"href":"https:\/\/colligatum.com\/en\/wp-json\/wp\/v2\/product\/13326\/revisions"}],"predecessor-version":[{"id":26894,"href":"https:\/\/colligatum.com\/en\/wp-json\/wp\/v2\/product\/13326\/revisions\/26894"}],"wp:featuredmedia":[{"embeddable":true,"href":"https:\/\/colligatum.com\/en\/wp-json\/wp\/v2\/media\/26907"}],"wp:attachment":[{"href":"https:\/\/colligatum.com\/en\/wp-json\/wp\/v2\/media?parent=13326"}],"wp:term":[{"taxonomy":"product_brand","embeddable":true,"href":"https:\/\/colligatum.com\/en\/wp-json\/wp\/v2\/product_brand?post=13326"},{"taxonomy":"product_cat","embeddable":true,"href":"https:\/\/colligatum.com\/en\/wp-json\/wp\/v2\/product_cat?post=13326"},{"taxonomy":"product_tag","embeddable":true,"href":"https:\/\/colligatum.com\/en\/wp-json\/wp\/v2\/product_tag?post=13326"}],"curies":[{"name":"wp","href":"https:\/\/api.w.org\/{rel}","templated":true}]}}