{"id":13328,"date":"2025-07-12T06:29:28","date_gmt":"2025-07-12T04:29:28","guid":{"rendered":"https:\/\/colligatum.com\/?post_type=product&#038;p=13328"},"modified":"2025-07-12T06:39:36","modified_gmt":"2025-07-12T04:39:36","slug":"yunyan-%e4%ba%91%e7%83%9f","status":"publish","type":"product","link":"https:\/\/colligatum.com\/en\/product\/yunyan-%e4%ba%91%e7%83%9f\/","title":{"rendered":"YunYan (\u4e91\u70df)"},"content":{"rendered":"<p data-start=\"233\" data-end=\"270\"><span class=\"relative -mx-px my-[-0.2rem] rounded px-px py-[0.2rem] transition-colors duration-100 ease-in-out\">Apra\u0161ymas: Baltas paketas, centre rausvas apvalus logotipo ra\u0161tas ir kini\u0161ki \u017eenklai. Apatin\u0117je dalyje \u2013 \u201eBest Refined Quality\u201c angl\u0173 kalba. Pakuot\u0117 yra sandariai u\u017edaryta celofanu, ta\u010diau matomi oksidacijos ir rudi d\u0117mi\u0173 po\u017eymiai i\u0161or\u0117je, ypa\u010d \u0161onuose ir vir\u0161uje (galimas spaudimas ar dr\u0117gm\u0117).<\/span><\/p>\n<hr data-start=\"272\" data-end=\"275\" \/>\n<p data-start=\"277\" data-end=\"300\"><strong data-start=\"277\" data-end=\"300\">Vert\u0117s \u012fvertinimas:<\/strong><\/p>\n<ul data-start=\"302\" data-end=\"584\">\n<li data-start=\"302\" data-end=\"380\">\n<p data-start=\"304\" data-end=\"380\"><span class=\"relative -mx-px my-[-0.2rem] rounded px-px py-[0.2rem] transition-colors duration-100 ease-in-out\"><strong data-start=\"0\" data-end=\"20\" data-is-only-node=\"\">Kolekcin\u0117 vert\u0117:<\/strong> Vidutin\u0117\u2013auk\u0161tesn\u0117. YunYan prek\u0117s \u017eenklas yra gerai \u017einomas Kinijoje, o flip-top kietos kartos pakuot\u0117 i\u0161 ankstyv\u0173j\u0173 2000\u2011\u0173j\u0173 yra vertinama tarp kolekcinink\u0173 d\u0117l istorinio statuso<\/span> .<\/p>\n<\/li>\n<li data-start=\"381\" data-end=\"420\">\n<p data-start=\"383\" data-end=\"420\"><span class=\"relative -mx-px my-[-0.2rem] rounded px-px py-[0.2rem] transition-colors duration-100 ease-in-out\"><strong data-start=\"0\" data-end=\"22\" data-is-only-node=\"\">B\u016bkl\u0117s vertinimas:<\/strong> B\u016bkl\u0117 \u2013 geresn\u0117 vidutin\u0117: originalus celofanas, bet yra oksidacija, d\u0117mi\u0173 ir galimas pa\u017eeidimas \u2013 ne ideali.<\/span><\/p>\n<\/li>\n<\/ul>\n","protected":false},"excerpt":{"rendered":"<p data-start=\"0\" data-end=\"37\"><span class=\"relative -mx-px my-[-0.2rem] rounded px-px py-[0.2rem] transition-colors duration-100 ease-in-out\">Prek\u0117s \u017eenklas ir pavadinimas: <strong data-start=\"31\" data-end=\"46\">YunYan (\u4e91\u70df)<\/strong> \u2013 Kunming gamykla<\/span><\/p>\n<p data-start=\"39\" data-end=\"76\"><span class=\"relative -mx-px my-[-0.2rem] rounded px-px py-[0.2rem] transition-colors duration-100 ease-in-out\">Dydis: 20 cigare\u010di\u0173<\/span><\/p>\n<p data-start=\"78\" data-end=\"115\"><span class=\"relative -mx-px my-[-0.2rem] rounded px-px py-[0.2rem] transition-colors duration-100 ease-in-out\">Gamybos \u0161alis: Kinija (Kunming, Yunnan provincija)<\/span><\/p>\n<p data-start=\"117\" data-end=\"192\"><span class=\"relative -mx-px my-[-0.2rem] rounded px-px py-[0.2rem] transition-colors duration-100 ease-in-out\">Gamybos laikotarpis: Apie 2000\u20132008 m., remiantis ZIGSAM \u012fra\u0161ais apie flip-top medinius pakelius i\u0161 ankstyv\u0173j\u0173 2000\u2011\u0173j\u0173<\/span><\/p>\n<p data-start=\"194\" data-end=\"231\"><span class=\"relative -mx-px my-[-0.2rem] rounded px-px py-[0.2rem] transition-colors duration-100 ease-in-out\">Pakeli\u0173 tipas: Kietas pakelis (flip\u2011top), su celofanu<\/span><\/p>\n","protected":false},"featured_media":13275,"template":"","meta":{"_surecart_dashboard_logo_width":"180px","_surecart_dashboard_show_logo":true,"_surecart_dashboard_navigation_orders":true,"_surecart_dashboard_navigation_invoices":true,"_surecart_dashboard_navigation_subscriptions":true,"_surecart_dashboard_navigation_downloads":true,"_surecart_dashboard_navigation_billing":true,"_surecart_dashboard_navigation_account":true,"site-sidebar-layout":"default","site-content-layout":"","ast-site-content-layout":"default","site-content-style":"default","site-sidebar-style":"default","ast-global-header-display":"","ast-banner-title-visibility":"","ast-main-header-display":"","ast-hfb-above-header-display":"","ast-hfb-below-header-display":"","ast-hfb-mobile-header-display":"","site-post-title":"","ast-breadcrumbs-content":"","ast-featured-img":"","footer-sml-layout":"","theme-transparent-header-meta":"default","adv-header-id-meta":"","stick-header-meta":"","header-above-stick-meta":"","header-main-stick-meta":"","header-below-stick-meta":"","astra-migrate-meta-layouts":"set","ast-page-background-enabled":"default","ast-page-background-meta":{"desktop":{"background-color":"","background-image":"","background-repeat":"repeat","background-position":"center center","background-size":"auto","background-attachment":"scroll","background-type":"","background-media":"","overlay-type":"","overlay-color":"","overlay-opacity":"","overlay-gradient":""},"tablet":{"background-color":"","background-image":"","background-repeat":"repeat","background-position":"center center","background-size":"auto","background-attachment":"scroll","background-type":"","background-media":"","overlay-type":"","overlay-color":"","overlay-opacity":"","overlay-gradient":""},"mobile":{"background-color":"","background-image":"","background-repeat":"repeat","background-position":"center center","background-size":"auto","background-attachment":"scroll","background-type":"","background-media":"","overlay-type":"","overlay-color":"","overlay-opacity":"","overlay-gradient":""}},"ast-content-background-meta":{"desktop":{"background-color":"var(--ast-global-color-5)","background-image":"","background-repeat":"repeat","background-position":"center center","background-size":"auto","background-attachment":"scroll","background-type":"","background-media":"","overlay-type":"","overlay-color":"","overlay-opacity":"","overlay-gradient":""},"tablet":{"background-color":"var(--ast-global-color-5)","background-image":"","background-repeat":"repeat","background-position":"center center","background-size":"auto","background-attachment":"scroll","background-type":"","background-media":"","overlay-type":"","overlay-color":"","overlay-opacity":"","overlay-gradient":""},"mobile":{"background-color":"var(--ast-global-color-5)","background-image":"","background-repeat":"repeat","background-position":"center center","background-size":"auto","background-attachment":"scroll","background-type":"","background-media":"","overlay-type":"","overlay-color":"","overlay-opacity":"","overlay-gradient":""}}},"product_brand":[],"product_cat":[138],"product_tag":[],"class_list":{"0":"post-13328","1":"product","2":"type-product","3":"status-publish","4":"has-post-thumbnail","6":"product_cat-china","7":"desktop-align-left","8":"tablet-align-left","9":"mobile-align-left","11":"first","12":"instock","13":"sale","14":"shipping-taxable","15":"purchasable","16":"product-type-simple","17":"add-to-wishlist-before_image"},"_links":{"self":[{"href":"https:\/\/colligatum.com\/en\/wp-json\/wp\/v2\/product\/13328","targetHints":{"allow":["GET"]}}],"collection":[{"href":"https:\/\/colligatum.com\/en\/wp-json\/wp\/v2\/product"}],"about":[{"href":"https:\/\/colligatum.com\/en\/wp-json\/wp\/v2\/types\/product"}],"version-history":[{"count":1,"href":"https:\/\/colligatum.com\/en\/wp-json\/wp\/v2\/product\/13328\/revisions"}],"predecessor-version":[{"id":13329,"href":"https:\/\/colligatum.com\/en\/wp-json\/wp\/v2\/product\/13328\/revisions\/13329"}],"wp:featuredmedia":[{"embeddable":true,"href":"https:\/\/colligatum.com\/en\/wp-json\/wp\/v2\/media\/13275"}],"wp:attachment":[{"href":"https:\/\/colligatum.com\/en\/wp-json\/wp\/v2\/media?parent=13328"}],"wp:term":[{"taxonomy":"product_brand","embeddable":true,"href":"https:\/\/colligatum.com\/en\/wp-json\/wp\/v2\/product_brand?post=13328"},{"taxonomy":"product_cat","embeddable":true,"href":"https:\/\/colligatum.com\/en\/wp-json\/wp\/v2\/product_cat?post=13328"},{"taxonomy":"product_tag","embeddable":true,"href":"https:\/\/colligatum.com\/en\/wp-json\/wp\/v2\/product_tag?post=13328"}],"curies":[{"name":"wp","href":"https:\/\/api.w.org\/{rel}","templated":true}]}}