{"id":13444,"date":"2025-07-12T09:30:43","date_gmt":"2025-07-12T07:30:43","guid":{"rendered":"https:\/\/colligatum.com\/?post_type=product&#038;p=13444"},"modified":"2025-07-12T09:30:43","modified_gmt":"2025-07-12T07:30:43","slug":"marshal-blend-type-full-flavor-2","status":"publish","type":"product","link":"https:\/\/colligatum.com\/en\/product\/marshal-blend-type-full-flavor-2\/","title":{"rendered":"Marshal &quot;Blend Type Full Flavor&quot;\u201c"},"content":{"rendered":"<p data-start=\"236\" data-end=\"290\"><strong data-start=\"236\" data-end=\"250\">Apra\u0161ymas:<\/strong><br data-start=\"250\" data-end=\"253\" \/><span class=\"relative -mx-px my-[-0.2rem] rounded px-px py-[0.2rem] transition-colors duration-100 ease-in-out\">\u0160is kietas tad blizgus juodas \u201eMarshal\u201c pakelis su auksin\u0117mis detal\u0117mis bei karininko (marshal) siluetu yra visi\u0161kai u\u017eklijuotas pl\u0117vele ir nepana\u0161us \u012f ribota ar \u0161ventin\u012f leidim\u0105 \u2013 daugiau kasdienin\u0117s serijos dizainas. Ant pakuot\u0117s \u2013 standartin\u0117 pavadinimo tipografija, n\u0117ra papildom\u0173 dekoracij\u0173 ar papildom\u0173 korteli\u0173 viduje.<\/span><\/p>\n<hr data-start=\"292\" data-end=\"295\" \/>\n<h3 data-start=\"297\" data-end=\"320\">Vert\u0117s \u012fvertinimas:<\/h3>\n<ul data-start=\"322\" data-end=\"522\">\n<li data-start=\"322\" data-end=\"361\">\n<p data-start=\"324\" data-end=\"361\"><span class=\"relative -mx-px my-[-0.2rem] rounded px-px py-[0.2rem] transition-colors duration-100 ease-in-out\"><strong data-start=\"0\" data-end=\"20\" data-is-only-node=\"\">Kolekcin\u0117 vert\u0117:<\/strong> <em data-start=\"21\" data-end=\"191\" data-is-last-node=\"\">Vidutin\u0117 \u2013 \u017einomas Kinijos prek\u0117s \u017eenklas, ta\u010diau ne ribotos serijos leidimas. D\u0117l logotipo (marshal siluetas) gali dominti teminius arba nacionalinius kolekcionierius.<\/em><\/span><\/p>\n<\/li>\n<li data-start=\"362\" data-end=\"401\">\n<p data-start=\"364\" data-end=\"401\"><span class=\"relative -mx-px my-[-0.2rem] rounded px-px py-[0.2rem] transition-colors duration-100 ease-in-out\"><strong data-start=\"0\" data-end=\"10\" data-is-only-node=\"\">B\u016bkl\u0117:<\/strong> Neatidarytas, puikios s\u0105lygos, nenulupin\u0117ta pl\u0117vel\u0117.<\/span><\/p>\n<\/li>\n<li data-start=\"402\" data-end=\"522\">\n<p data-start=\"404\" data-end=\"522\"><span class=\"relative -mx-px my-[-0.2rem] rounded px-px py-[0.2rem] transition-colors duration-100 ease-in-out\"><strong data-start=\"0\" data-end=\"40\" data-is-only-node=\"\">Istoriniai duomenys ir populiarumas:<\/strong> Pagal oficialius duomenis (USPTO) \u0161is dizainas buvo registruojamas JAV 2005 m., o parai\u0161ka buvo at\u0161aukta 2008 ir visi preki\u0173 \u017eenklai atmesti ~2015 m.<\/span> . <span class=\"relative -mx-px my-[-0.2rem] rounded px-px py-[0.2rem] transition-colors duration-100 ease-in-out\">\u0160i serija buvo gaminama Hunan provincijoje, Kinijoje \u2013 i\u0161 populiari\u0173, bet ne itin presti\u017eini\u0173 serij\u0173.<\/span><\/p>\n<\/li>\n<\/ul>\n","protected":false},"excerpt":{"rendered":"<p data-start=\"0\" data-end=\"37\"><span class=\"relative -mx-px my-[-0.2rem] rounded px-px py-[0.2rem] transition-colors duration-100 ease-in-out\">Prek\u0117s \u017eenklas ir pavadinimas: <strong data-start=\"31\" data-end=\"67\" data-is-last-node=\"\">Marshal \u201cBlend Type Full Flavor\u201d<\/strong><\/span><\/p>\n<p data-start=\"39\" data-end=\"234\"><span class=\"relative -mx-px my-[-0.2rem] rounded px-px py-[0.2rem] transition-colors duration-100 ease-in-out\">Dydis: 20 cigare\u010di\u0173<\/span><br data-start=\"76\" data-end=\"79\" \/><span class=\"relative -mx-px my-[-0.2rem] rounded px-px py-[0.2rem] transition-colors duration-100 ease-in-out\">Gamybos \u0161alis: Tik\u0117tina \u2013 Kinija (Hunan provincija, China Tobacco Hunan Industrial)<\/span><br data-start=\"116\" data-end=\"119\" \/><span class=\"relative -mx-px my-[-0.2rem] rounded px-px py-[0.2rem] transition-colors duration-100 ease-in-out\">Gamybos laikotarpis: Apie 2005\u20132015 m. (prekinis \u017eenklas vartojamas nuo 2005 iki u\u017edarymo ~2015)<\/span><br data-start=\"194\" data-end=\"197\" \/><span class=\"relative -mx-px my-[-0.2rem] rounded px-px py-[0.2rem] transition-colors duration-100 ease-in-out\">Pakeli\u0173 tipas: Kietas pakelis (hard pack)<\/span><\/p>\n","protected":false},"featured_media":13391,"template":"","meta":{"_surecart_dashboard_logo_width":"180px","_surecart_dashboard_show_logo":true,"_surecart_dashboard_navigation_orders":true,"_surecart_dashboard_navigation_invoices":true,"_surecart_dashboard_navigation_subscriptions":true,"_surecart_dashboard_navigation_downloads":true,"_surecart_dashboard_navigation_billing":true,"_surecart_dashboard_navigation_account":true,"site-sidebar-layout":"default","site-content-layout":"","ast-site-content-layout":"default","site-content-style":"default","site-sidebar-style":"default","ast-global-header-display":"","ast-banner-title-visibility":"","ast-main-header-display":"","ast-hfb-above-header-display":"","ast-hfb-below-header-display":"","ast-hfb-mobile-header-display":"","site-post-title":"","ast-breadcrumbs-content":"","ast-featured-img":"","footer-sml-layout":"","theme-transparent-header-meta":"default","adv-header-id-meta":"","stick-header-meta":"","header-above-stick-meta":"","header-main-stick-meta":"","header-below-stick-meta":"","astra-migrate-meta-layouts":"set","ast-page-background-enabled":"default","ast-page-background-meta":{"desktop":{"background-color":"","background-image":"","background-repeat":"repeat","background-position":"center center","background-size":"auto","background-attachment":"scroll","background-type":"","background-media":"","overlay-type":"","overlay-color":"","overlay-opacity":"","overlay-gradient":""},"tablet":{"background-color":"","background-image":"","background-repeat":"repeat","background-position":"center center","background-size":"auto","background-attachment":"scroll","background-type":"","background-media":"","overlay-type":"","overlay-color":"","overlay-opacity":"","overlay-gradient":""},"mobile":{"background-color":"","background-image":"","background-repeat":"repeat","background-position":"center center","background-size":"auto","background-attachment":"scroll","background-type":"","background-media":"","overlay-type":"","overlay-color":"","overlay-opacity":"","overlay-gradient":""}},"ast-content-background-meta":{"desktop":{"background-color":"var(--ast-global-color-5)","background-image":"","background-repeat":"repeat","background-position":"center center","background-size":"auto","background-attachment":"scroll","background-type":"","background-media":"","overlay-type":"","overlay-color":"","overlay-opacity":"","overlay-gradient":""},"tablet":{"background-color":"var(--ast-global-color-5)","background-image":"","background-repeat":"repeat","background-position":"center center","background-size":"auto","background-attachment":"scroll","background-type":"","background-media":"","overlay-type":"","overlay-color":"","overlay-opacity":"","overlay-gradient":""},"mobile":{"background-color":"var(--ast-global-color-5)","background-image":"","background-repeat":"repeat","background-position":"center center","background-size":"auto","background-attachment":"scroll","background-type":"","background-media":"","overlay-type":"","overlay-color":"","overlay-opacity":"","overlay-gradient":""}}},"product_brand":[],"product_cat":[138],"product_tag":[],"class_list":{"0":"post-13444","1":"product","2":"type-product","3":"status-publish","4":"has-post-thumbnail","6":"product_cat-china","7":"desktop-align-left","8":"tablet-align-left","9":"mobile-align-left","11":"first","12":"instock","13":"sale","14":"shipping-taxable","15":"purchasable","16":"product-type-simple","17":"add-to-wishlist-before_image"},"_links":{"self":[{"href":"https:\/\/colligatum.com\/en\/wp-json\/wp\/v2\/product\/13444","targetHints":{"allow":["GET"]}}],"collection":[{"href":"https:\/\/colligatum.com\/en\/wp-json\/wp\/v2\/product"}],"about":[{"href":"https:\/\/colligatum.com\/en\/wp-json\/wp\/v2\/types\/product"}],"version-history":[{"count":1,"href":"https:\/\/colligatum.com\/en\/wp-json\/wp\/v2\/product\/13444\/revisions"}],"predecessor-version":[{"id":13445,"href":"https:\/\/colligatum.com\/en\/wp-json\/wp\/v2\/product\/13444\/revisions\/13445"}],"wp:featuredmedia":[{"embeddable":true,"href":"https:\/\/colligatum.com\/en\/wp-json\/wp\/v2\/media\/13391"}],"wp:attachment":[{"href":"https:\/\/colligatum.com\/en\/wp-json\/wp\/v2\/media?parent=13444"}],"wp:term":[{"taxonomy":"product_brand","embeddable":true,"href":"https:\/\/colligatum.com\/en\/wp-json\/wp\/v2\/product_brand?post=13444"},{"taxonomy":"product_cat","embeddable":true,"href":"https:\/\/colligatum.com\/en\/wp-json\/wp\/v2\/product_cat?post=13444"},{"taxonomy":"product_tag","embeddable":true,"href":"https:\/\/colligatum.com\/en\/wp-json\/wp\/v2\/product_tag?post=13444"}],"curies":[{"name":"wp","href":"https:\/\/api.w.org\/{rel}","templated":true}]}}