{"id":13451,"date":"2025-07-12T09:39:22","date_gmt":"2025-07-12T07:39:22","guid":{"rendered":"https:\/\/colligatum.com\/?post_type=product&#038;p=13451"},"modified":"2025-07-12T09:39:22","modified_gmt":"2025-07-12T07:39:22","slug":"wanshili","status":"publish","type":"product","link":"https:\/\/colligatum.com\/en\/product\/wanshili\/","title":{"rendered":"Wanshili"},"content":{"rendered":"<p data-start=\"311\" data-end=\"631\">Apra\u0161ymas: Dizainas \u2013 baltos ir raudonos spalv\u0173 derinys, vir\u0161uje m\u0117lynas u\u017eklijuotas sandarumo lipdukas \u201cPremium U.S.A. Tobacco\u201d. Ant pakelio angli\u0161ki u\u017era\u0161ai &#8222;Full Flavour Rich Blended Tobacco&#8221;. Pakelis kietas, u\u017eklijuotas pl\u0117vele, u\u017edarytas \u2013 neatidarytas. Yra ma\u017e\u0173 d\u0117v\u0117jimo po\u017eymi\u0173 (nedidel\u0117 dulk\u0117 ar smulk\u016bs ta\u0161kai).<\/p>\n<p data-start=\"633\" data-end=\"1161\">Value assessment:<br data-start=\"652\" data-end=\"655\" \/>Kolekcin\u0117 vert\u0117: Vidutin\u0117\u2013\u017eema. Ne\u017einomas riboto leidimo modelis, ta\u010diau \u012fdomus d\u0117l Kinijos gamybos ir PSO \u012frangos ment\u0117s (\u201cPremium U.S.A. Tobacco\u201d). Rinkos tr\u016bksta analog\u0173.<br data-start=\"828\" data-end=\"831\" \/>B\u016bkl\u0117s vertinimas: Neatidarytas, pl\u0117vele apsaugotas, s\u0105lyginai geros b\u016bkl\u0117s, nors pakelyje yra smulki\u0173 d\u0117meli\u0173.<br data-start=\"942\" data-end=\"945\" \/>Istoriniai duomenys ir populiarumas: Klasikinis Kinijos vidaus rinka skirti leidimas. Prek\u0117s \u017eenklas Wanshili n\u0117ra \u017einomas kolekcinink\u0173 bendruomen\u0117se. Neatrastas tarptautiniuose forumuose ar kolekcin\u0117se parduotuv\u0117se.<\/p>","protected":false},"excerpt":{"rendered":"<p data-start=\"0\" data-end=\"59\">Prek\u0117s \u017eenklas ir pavadinimas: Wanshili &#8222;Filter Cigarettes&#8221;<\/p>\n<p data-start=\"61\" data-end=\"80\">Size: 20 cigarettes<\/p>\n<p data-start=\"82\" data-end=\"180\">Gamybos \u0161alis: Kinija (pagal pakelio u\u017era\u0161us \u2013 \u201cPremium U.S.A. Tobacco\u201d, ta\u010diau gamykla \u2013 Kinijos)<\/p>\n<p data-start=\"182\" data-end=\"278\">Gamybos laikotarpis: Ne\u017einomas (grei\u010diausiai 2000\u20132010 m. pagaminimas, dabartiniu metu neviduje)<\/p>\n<p data-start=\"280\" data-end=\"309\">Package type: Hard package<\/p>","protected":false},"featured_media":13397,"template":"","meta":{"_surecart_dashboard_logo_width":"180px","_surecart_dashboard_show_logo":true,"_surecart_dashboard_navigation_orders":true,"_surecart_dashboard_navigation_invoices":true,"_surecart_dashboard_navigation_subscriptions":true,"_surecart_dashboard_navigation_downloads":true,"_surecart_dashboard_navigation_billing":true,"_surecart_dashboard_navigation_account":true,"site-sidebar-layout":"default","site-content-layout":"","ast-site-content-layout":"default","site-content-style":"default","site-sidebar-style":"default","ast-global-header-display":"","ast-banner-title-visibility":"","ast-main-header-display":"","ast-hfb-above-header-display":"","ast-hfb-below-header-display":"","ast-hfb-mobile-header-display":"","site-post-title":"","ast-breadcrumbs-content":"","ast-featured-img":"","footer-sml-layout":"","theme-transparent-header-meta":"default","adv-header-id-meta":"","stick-header-meta":"","header-above-stick-meta":"","header-main-stick-meta":"","header-below-stick-meta":"","astra-migrate-meta-layouts":"set","ast-page-background-enabled":"default","ast-page-background-meta":{"desktop":{"background-color":"","background-image":"","background-repeat":"repeat","background-position":"center center","background-size":"auto","background-attachment":"scroll","background-type":"","background-media":"","overlay-type":"","overlay-color":"","overlay-opacity":"","overlay-gradient":""},"tablet":{"background-color":"","background-image":"","background-repeat":"repeat","background-position":"center center","background-size":"auto","background-attachment":"scroll","background-type":"","background-media":"","overlay-type":"","overlay-color":"","overlay-opacity":"","overlay-gradient":""},"mobile":{"background-color":"","background-image":"","background-repeat":"repeat","background-position":"center center","background-size":"auto","background-attachment":"scroll","background-type":"","background-media":"","overlay-type":"","overlay-color":"","overlay-opacity":"","overlay-gradient":""}},"ast-content-background-meta":{"desktop":{"background-color":"var(--ast-global-color-5)","background-image":"","background-repeat":"repeat","background-position":"center center","background-size":"auto","background-attachment":"scroll","background-type":"","background-media":"","overlay-type":"","overlay-color":"","overlay-opacity":"","overlay-gradient":""},"tablet":{"background-color":"var(--ast-global-color-5)","background-image":"","background-repeat":"repeat","background-position":"center center","background-size":"auto","background-attachment":"scroll","background-type":"","background-media":"","overlay-type":"","overlay-color":"","overlay-opacity":"","overlay-gradient":""},"mobile":{"background-color":"var(--ast-global-color-5)","background-image":"","background-repeat":"repeat","background-position":"center center","background-size":"auto","background-attachment":"scroll","background-type":"","background-media":"","overlay-type":"","overlay-color":"","overlay-opacity":"","overlay-gradient":""}}},"product_brand":[],"product_cat":[138],"product_tag":[],"class_list":{"0":"post-13451","1":"product","2":"type-product","3":"status-publish","4":"has-post-thumbnail","6":"product_cat-china","7":"desktop-align-left","8":"tablet-align-left","9":"mobile-align-left","11":"first","12":"instock","13":"sale","14":"shipping-taxable","15":"purchasable","16":"product-type-simple","17":"add-to-wishlist-before_image"},"_links":{"self":[{"href":"https:\/\/colligatum.com\/en\/wp-json\/wp\/v2\/product\/13451","targetHints":{"allow":["GET"]}}],"collection":[{"href":"https:\/\/colligatum.com\/en\/wp-json\/wp\/v2\/product"}],"about":[{"href":"https:\/\/colligatum.com\/en\/wp-json\/wp\/v2\/types\/product"}],"version-history":[{"count":1,"href":"https:\/\/colligatum.com\/en\/wp-json\/wp\/v2\/product\/13451\/revisions"}],"predecessor-version":[{"id":13452,"href":"https:\/\/colligatum.com\/en\/wp-json\/wp\/v2\/product\/13451\/revisions\/13452"}],"wp:featuredmedia":[{"embeddable":true,"href":"https:\/\/colligatum.com\/en\/wp-json\/wp\/v2\/media\/13397"}],"wp:attachment":[{"href":"https:\/\/colligatum.com\/en\/wp-json\/wp\/v2\/media?parent=13451"}],"wp:term":[{"taxonomy":"product_brand","embeddable":true,"href":"https:\/\/colligatum.com\/en\/wp-json\/wp\/v2\/product_brand?post=13451"},{"taxonomy":"product_cat","embeddable":true,"href":"https:\/\/colligatum.com\/en\/wp-json\/wp\/v2\/product_cat?post=13451"},{"taxonomy":"product_tag","embeddable":true,"href":"https:\/\/colligatum.com\/en\/wp-json\/wp\/v2\/product_tag?post=13451"}],"curies":[{"name":"wp","href":"https:\/\/api.w.org\/{rel}","templated":true}]}}