{"id":13471,"date":"2025-07-12T10:22:11","date_gmt":"2025-07-12T08:22:11","guid":{"rendered":"https:\/\/colligatum.com\/?post_type=product&#038;p=13471"},"modified":"2025-07-12T10:22:11","modified_gmt":"2025-07-12T08:22:11","slug":"mask-black","status":"publish","type":"product","link":"https:\/\/colligatum.com\/en\/product\/mask-black\/","title":{"rendered":"MASK Black"},"content":{"rendered":"<p data-start=\"435\" data-end=\"787\">Description:<br data-start=\"445\" data-end=\"448\" \/>\u201eMASK Black\u201c \u2013 tamsiausios spalvos (juodos ir tamsiai m\u0117lynos) kietas pakelis, vir\u0161uje ry\u0161kus u\u017era\u0161as \u201eMASK\u201c, \u0161one \u2013 \u201eBlack\u201c. Priekin\u0117je dalyje matomas vienalapis \u012fsp\u0117jimas ispani\u0161kai ar portugal\u0173 kalba (\u201eVenta Prohibida a Menores\u201c \u2013 \u201epardavimas draud\u017eiamas nepilname\u010diams\u201c). B\u016bkl\u0117 atrodo kaip nauja \u2013 supakuota pl\u0117ve, be matom\u0173 pa\u017eeidim\u0173.<\/p>\n<hr data-start=\"789\" data-end=\"792\" \/>\n<p data-start=\"794\" data-end=\"818\"><strong data-start=\"794\" data-end=\"816\">Value assessment<\/strong><\/p>\n<ul data-start=\"819\" data-end=\"1197\">\n<li data-start=\"819\" data-end=\"973\">\n<p data-start=\"821\" data-end=\"973\"><strong data-start=\"821\" data-end=\"841\">Collectible value:<\/strong> \u017dema\u2011vidutin\u0117. Ne\u017einomo prek\u0117s \u017eenklo, n\u0117ra ribotos serijos \u017eenkl\u0173. Esteti\u0161kai \u012fdomus, bet kolekcin\u0117je rinkoje ma\u017eai pripa\u017eintas.<\/p>\n<\/li>\n<li data-start=\"974\" data-end=\"1031\">\n<p data-start=\"976\" data-end=\"1031\"><strong data-start=\"976\" data-end=\"998\">Condition assessment:<\/strong> Neatidarytas, puikios s\u0105lygos.<\/p>\n<\/li>\n<li data-start=\"1032\" data-end=\"1197\">\n<p data-start=\"1034\" data-end=\"1197\"><strong data-start=\"1034\" data-end=\"1074\">Historical data and popularity:<\/strong> Nebuvo rasta informacijos apie \u201eMask\u201c cigaretes, n\u0117ra dokumentuot\u0173 istorini\u0173 duomen\u0173 apie gamintoj\u0105 ar platinimo regionus.<\/p>\n<\/li>\n<\/ul>","protected":false},"excerpt":{"rendered":"<p data-start=\"42\" data-end=\"87\">Brand and name: <strong data-start=\"73\" data-end=\"87\">MASK Black<\/strong><\/p>\n<p data-start=\"89\" data-end=\"125\">Dydis: 20 cigare\u010di\u0173 (kietas pakelis)<\/p>\n<p data-start=\"127\" data-end=\"277\">Gamybos \u0161alis: grei\u010diausiai viena i\u0161 Piet\u0173 Amerikos arba Azijos gamintoj\u0173 \u2013 \u201eMask\u201c pavadinimas n\u0117ra pla\u010diai dokumentuotas pagrindin\u0117se tabako rinkose.<\/p>\n<p data-start=\"279\" data-end=\"402\">Gamybos laikotarpis: Ne\u017einomas \u2013 stiliaus, dizaino bei etiket\u0117s pagrindu atrodo \u0161iuolaikinis, ta\u010diau konkre\u010dios datos n\u0117ra.<\/p>\n<p data-start=\"404\" data-end=\"433\">Package type: hard pack<\/p>","protected":false},"featured_media":13418,"template":"","meta":{"_surecart_dashboard_logo_width":"180px","_surecart_dashboard_show_logo":true,"_surecart_dashboard_navigation_orders":true,"_surecart_dashboard_navigation_invoices":true,"_surecart_dashboard_navigation_subscriptions":true,"_surecart_dashboard_navigation_downloads":true,"_surecart_dashboard_navigation_billing":true,"_surecart_dashboard_navigation_account":true,"site-sidebar-layout":"default","site-content-layout":"","ast-site-content-layout":"default","site-content-style":"default","site-sidebar-style":"default","ast-global-header-display":"","ast-banner-title-visibility":"","ast-main-header-display":"","ast-hfb-above-header-display":"","ast-hfb-below-header-display":"","ast-hfb-mobile-header-display":"","site-post-title":"","ast-breadcrumbs-content":"","ast-featured-img":"","footer-sml-layout":"","theme-transparent-header-meta":"default","adv-header-id-meta":"","stick-header-meta":"","header-above-stick-meta":"","header-main-stick-meta":"","header-below-stick-meta":"","astra-migrate-meta-layouts":"set","ast-page-background-enabled":"default","ast-page-background-meta":{"desktop":{"background-color":"","background-image":"","background-repeat":"repeat","background-position":"center center","background-size":"auto","background-attachment":"scroll","background-type":"","background-media":"","overlay-type":"","overlay-color":"","overlay-opacity":"","overlay-gradient":""},"tablet":{"background-color":"","background-image":"","background-repeat":"repeat","background-position":"center center","background-size":"auto","background-attachment":"scroll","background-type":"","background-media":"","overlay-type":"","overlay-color":"","overlay-opacity":"","overlay-gradient":""},"mobile":{"background-color":"","background-image":"","background-repeat":"repeat","background-position":"center center","background-size":"auto","background-attachment":"scroll","background-type":"","background-media":"","overlay-type":"","overlay-color":"","overlay-opacity":"","overlay-gradient":""}},"ast-content-background-meta":{"desktop":{"background-color":"var(--ast-global-color-5)","background-image":"","background-repeat":"repeat","background-position":"center center","background-size":"auto","background-attachment":"scroll","background-type":"","background-media":"","overlay-type":"","overlay-color":"","overlay-opacity":"","overlay-gradient":""},"tablet":{"background-color":"var(--ast-global-color-5)","background-image":"","background-repeat":"repeat","background-position":"center center","background-size":"auto","background-attachment":"scroll","background-type":"","background-media":"","overlay-type":"","overlay-color":"","overlay-opacity":"","overlay-gradient":""},"mobile":{"background-color":"var(--ast-global-color-5)","background-image":"","background-repeat":"repeat","background-position":"center center","background-size":"auto","background-attachment":"scroll","background-type":"","background-media":"","overlay-type":"","overlay-color":"","overlay-opacity":"","overlay-gradient":""}}},"product_brand":[],"product_cat":[202],"product_tag":[],"class_list":{"0":"post-13471","1":"product","2":"type-product","3":"status-publish","4":"has-post-thumbnail","6":"product_cat-united-states","7":"desktop-align-left","8":"tablet-align-left","9":"mobile-align-left","11":"first","12":"instock","13":"sale","14":"shipping-taxable","15":"purchasable","16":"product-type-simple","17":"add-to-wishlist-before_image"},"_links":{"self":[{"href":"https:\/\/colligatum.com\/en\/wp-json\/wp\/v2\/product\/13471","targetHints":{"allow":["GET"]}}],"collection":[{"href":"https:\/\/colligatum.com\/en\/wp-json\/wp\/v2\/product"}],"about":[{"href":"https:\/\/colligatum.com\/en\/wp-json\/wp\/v2\/types\/product"}],"version-history":[{"count":1,"href":"https:\/\/colligatum.com\/en\/wp-json\/wp\/v2\/product\/13471\/revisions"}],"predecessor-version":[{"id":13472,"href":"https:\/\/colligatum.com\/en\/wp-json\/wp\/v2\/product\/13471\/revisions\/13472"}],"wp:featuredmedia":[{"embeddable":true,"href":"https:\/\/colligatum.com\/en\/wp-json\/wp\/v2\/media\/13418"}],"wp:attachment":[{"href":"https:\/\/colligatum.com\/en\/wp-json\/wp\/v2\/media?parent=13471"}],"wp:term":[{"taxonomy":"product_brand","embeddable":true,"href":"https:\/\/colligatum.com\/en\/wp-json\/wp\/v2\/product_brand?post=13471"},{"taxonomy":"product_cat","embeddable":true,"href":"https:\/\/colligatum.com\/en\/wp-json\/wp\/v2\/product_cat?post=13471"},{"taxonomy":"product_tag","embeddable":true,"href":"https:\/\/colligatum.com\/en\/wp-json\/wp\/v2\/product_tag?post=13471"}],"curies":[{"name":"wp","href":"https:\/\/api.w.org\/{rel}","templated":true}]}}