{"id":13473,"date":"2025-07-12T10:24:31","date_gmt":"2025-07-12T08:24:31","guid":{"rendered":"https:\/\/colligatum.com\/?post_type=product&#038;p=13473"},"modified":"2025-07-12T10:24:31","modified_gmt":"2025-07-12T08:24:31","slug":"west-red","status":"publish","type":"product","link":"https:\/\/colligatum.com\/en\/product\/west-red\/","title":{"rendered":"West Red"},"content":{"rendered":"<p data-start=\"376\" data-end=\"745\">Description:<br data-start=\"386\" data-end=\"389\" \/>\u201eThe \u201cWest Red\u201e package is bright red with black elements and imitation stitching. The white \u201cWest\u201e inscription is visible on the top, supplemented by the \u201cRed\u201e sign at the bottom. On the front part \u2013 a warning in Lithuanian \u201cFaj\u010denie m\u011b\u017ee zab\u00edja\u0165\u201d (Smoking can kill), on the other side \u2013 a warning in Czech about child protection. The condition seems to be absolutely perfect \u2013 wrapped in film, without damage.<\/p>\n<hr data-start=\"747\" data-end=\"750\" \/>\n<p data-start=\"752\" data-end=\"776\"><strong data-start=\"752\" data-end=\"774\">Value assessment<\/strong><\/p>\n<ul data-start=\"777\" data-end=\"1296\">\n<li data-start=\"777\" data-end=\"994\">\n<p data-start=\"779\" data-end=\"994\"><strong data-start=\"779\" data-end=\"799\">Collectible value:<\/strong> Average. The analogue of the most popular international brand - Marlboro - &quot;West&quot; is not a brand of this level. The regional variant may have local value, but is not known in the collector&#039;s market.<\/p>\n<\/li>\n<li data-start=\"995\" data-end=\"1065\">\n<p data-start=\"997\" data-end=\"1065\"><strong data-start=\"997\" data-end=\"1019\">Condition assessment:<\/strong> Unopened, packaged, exceptional condition.<\/p>\n<\/li>\n<li data-start=\"1066\" data-end=\"1296\">\n<p data-start=\"1068\" data-end=\"1296\"><strong data-start=\"1068\" data-end=\"1108\">Historical data and popularity:<\/strong> There is no documentation on the history or manufacturer of West Red. Stickers with the Slovak Republic badge indicate wide regional distribution, but information is lacking on online platforms.<\/p>\n<\/li>\n<\/ul>","protected":false},"excerpt":{"rendered":"<p data-start=\"0\" data-end=\"43\">Brand and name: <strong data-start=\"31\" data-end=\"43\">West Red<\/strong><\/p>\n<p data-start=\"45\" data-end=\"80\">Size: 20 cigarettes, hard pack<\/p>\n<p data-start=\"82\" data-end=\"242\">Country of manufacture: most likely Slovakia \/ Czech Republic - Lithuanian language warning labels (&quot;Faj\u010denie m\u00f3je zab\u00edja\u0165&quot;) and Georgian sticker &quot;59.00 Sk&quot; are visible.<\/p>\n<p data-start=\"244\" data-end=\"343\">Production period: contemporary - regional design, analogous to current European versions.<\/p>\n<p data-start=\"345\" data-end=\"374\">Package type: hard pack<\/p>","protected":false},"featured_media":13419,"template":"","meta":{"_surecart_dashboard_logo_width":"180px","_surecart_dashboard_show_logo":true,"_surecart_dashboard_navigation_orders":true,"_surecart_dashboard_navigation_invoices":true,"_surecart_dashboard_navigation_subscriptions":true,"_surecart_dashboard_navigation_downloads":true,"_surecart_dashboard_navigation_billing":true,"_surecart_dashboard_navigation_account":true,"site-sidebar-layout":"default","site-content-layout":"","ast-site-content-layout":"default","site-content-style":"default","site-sidebar-style":"default","ast-global-header-display":"","ast-banner-title-visibility":"","ast-main-header-display":"","ast-hfb-above-header-display":"","ast-hfb-below-header-display":"","ast-hfb-mobile-header-display":"","site-post-title":"","ast-breadcrumbs-content":"","ast-featured-img":"","footer-sml-layout":"","theme-transparent-header-meta":"default","adv-header-id-meta":"","stick-header-meta":"","header-above-stick-meta":"","header-main-stick-meta":"","header-below-stick-meta":"","astra-migrate-meta-layouts":"set","ast-page-background-enabled":"default","ast-page-background-meta":{"desktop":{"background-color":"","background-image":"","background-repeat":"repeat","background-position":"center center","background-size":"auto","background-attachment":"scroll","background-type":"","background-media":"","overlay-type":"","overlay-color":"","overlay-opacity":"","overlay-gradient":""},"tablet":{"background-color":"","background-image":"","background-repeat":"repeat","background-position":"center center","background-size":"auto","background-attachment":"scroll","background-type":"","background-media":"","overlay-type":"","overlay-color":"","overlay-opacity":"","overlay-gradient":""},"mobile":{"background-color":"","background-image":"","background-repeat":"repeat","background-position":"center center","background-size":"auto","background-attachment":"scroll","background-type":"","background-media":"","overlay-type":"","overlay-color":"","overlay-opacity":"","overlay-gradient":""}},"ast-content-background-meta":{"desktop":{"background-color":"var(--ast-global-color-5)","background-image":"","background-repeat":"repeat","background-position":"center center","background-size":"auto","background-attachment":"scroll","background-type":"","background-media":"","overlay-type":"","overlay-color":"","overlay-opacity":"","overlay-gradient":""},"tablet":{"background-color":"var(--ast-global-color-5)","background-image":"","background-repeat":"repeat","background-position":"center center","background-size":"auto","background-attachment":"scroll","background-type":"","background-media":"","overlay-type":"","overlay-color":"","overlay-opacity":"","overlay-gradient":""},"mobile":{"background-color":"var(--ast-global-color-5)","background-image":"","background-repeat":"repeat","background-position":"center center","background-size":"auto","background-attachment":"scroll","background-type":"","background-media":"","overlay-type":"","overlay-color":"","overlay-opacity":"","overlay-gradient":""}}},"product_brand":[],"product_cat":[189],"product_tag":[],"class_list":{"0":"post-13473","1":"product","2":"type-product","3":"status-publish","4":"has-post-thumbnail","6":"product_cat-slovakia","7":"desktop-align-left","8":"tablet-align-left","9":"mobile-align-left","11":"first","12":"instock","13":"sale","14":"shipping-taxable","15":"purchasable","16":"product-type-simple","17":"add-to-wishlist-before_image"},"_links":{"self":[{"href":"https:\/\/colligatum.com\/en\/wp-json\/wp\/v2\/product\/13473","targetHints":{"allow":["GET"]}}],"collection":[{"href":"https:\/\/colligatum.com\/en\/wp-json\/wp\/v2\/product"}],"about":[{"href":"https:\/\/colligatum.com\/en\/wp-json\/wp\/v2\/types\/product"}],"version-history":[{"count":1,"href":"https:\/\/colligatum.com\/en\/wp-json\/wp\/v2\/product\/13473\/revisions"}],"predecessor-version":[{"id":13474,"href":"https:\/\/colligatum.com\/en\/wp-json\/wp\/v2\/product\/13473\/revisions\/13474"}],"wp:featuredmedia":[{"embeddable":true,"href":"https:\/\/colligatum.com\/en\/wp-json\/wp\/v2\/media\/13419"}],"wp:attachment":[{"href":"https:\/\/colligatum.com\/en\/wp-json\/wp\/v2\/media?parent=13473"}],"wp:term":[{"taxonomy":"product_brand","embeddable":true,"href":"https:\/\/colligatum.com\/en\/wp-json\/wp\/v2\/product_brand?post=13473"},{"taxonomy":"product_cat","embeddable":true,"href":"https:\/\/colligatum.com\/en\/wp-json\/wp\/v2\/product_cat?post=13473"},{"taxonomy":"product_tag","embeddable":true,"href":"https:\/\/colligatum.com\/en\/wp-json\/wp\/v2\/product_tag?post=13473"}],"curies":[{"name":"wp","href":"https:\/\/api.w.org\/{rel}","templated":true}]}}