{"id":13538,"date":"2025-07-12T14:47:10","date_gmt":"2025-07-12T12:47:10","guid":{"rendered":"https:\/\/colligatum.com\/?post_type=product&#038;p=13538"},"modified":"2026-04-15T06:25:48","modified_gmt":"2026-04-15T04:25:48","slug":"clea-modra","status":"publish","type":"product","link":"https:\/\/colligatum.com\/en\/product\/clea-modra\/","title":{"rendered":"Clea Modra"},"content":{"rendered":"<p data-start=\"271\" data-end=\"321\">Apra\u0161ymas:<br data-start=\"281\" data-end=\"284\" \/><span class=\"relative -mx-px my-[-0.2rem] rounded px-px py-[0.2rem] transition-colors duration-100 ease-in-out\">\u201eClea Modr\u00e1\u201c \u2013 vidutinio stiprumo r\u016bko variantas su m\u0117lynu paketu, kurio vert\u0117 lemia tipas ir b\u016bkl\u0117. Ant pakelio matomas standartinis \u012fsp\u0117jimas slovak\u0173 kalba: \u201eFaj\u010denie v\u00e1\u017ene \u0161kod\u00ed v\u00e1m a ostatn\u00fdm okolo v\u00e1s\u201c \u2013 tai rodo, kad pakelis gal\u0117jo b\u016bti parduotas Slovakijoje. B\u016bkl\u0117 atrodo nepakitusi: pl\u0117vel\u0117 supakuota, pakelio kampai nesuardyti, n\u0117ra dr\u0117gm\u0117s ar spalvos pasikeitimo u\u017e matomo pavir\u0161iaus rib\u0173.<\/span><\/p>\n<hr data-start=\"323\" data-end=\"326\" \/>\n<p data-start=\"328\" data-end=\"352\"><strong data-start=\"328\" data-end=\"350\">Vert\u0117s \u012fvertinimas<\/strong><\/p>\n<ul data-start=\"353\" data-end=\"519\">\n<li data-start=\"353\" data-end=\"394\">\n<p data-start=\"355\" data-end=\"394\"><span class=\"relative -mx-px my-[-0.2rem] rounded px-px py-[0.2rem] transition-colors duration-100 ease-in-out\"><strong data-start=\"0\" data-end=\"20\" data-is-only-node=\"\">Kolekcin\u0117 vert\u0117:<\/strong> Vidutin\u0117 \u2013 tai n\u0117ra ribotos serijos leidimas, ta\u010diau i\u0161likus puikiai originalioje b\u016bkl\u0117je toki\u0173 paket\u0173 randama gana retai tarp kolekcinink\u0173, tod\u0117l gali b\u016bti patrauklus b\u016btent b\u016bkl\u0117s gerumu.<\/span><\/p>\n<\/li>\n<li data-start=\"395\" data-end=\"436\">\n<p data-start=\"397\" data-end=\"436\"><span class=\"relative -mx-px my-[-0.2rem] rounded px-px py-[0.2rem] transition-colors duration-100 ease-in-out\"><strong data-start=\"0\" data-end=\"22\" data-is-only-node=\"\">B\u016bkl\u0117s vertinimas:<\/strong> Neatidarytas, su pl\u0117ve, geros s\u0105lygos \u2013 atrodo beveik idealiai.<\/span><\/p>\n<\/li>\n<li data-start=\"437\" data-end=\"519\">\n<p data-start=\"439\" data-end=\"519\"><span class=\"relative -mx-px my-[-0.2rem] rounded px-px py-[0.2rem] transition-colors duration-100 ease-in-out\"><strong data-start=\"0\" data-end=\"40\" data-is-only-node=\"\">Istoriniai duomenys ir populiarumas:<\/strong> \u201eClea\u201c buvo paplitusi Slovakijoje ir \u010cekijoje 1990\u20132000 m., 2008 m. versijos yra dokumentuotos Zigsam kataloge<\/span><\/p>\n<\/li>\n<\/ul>\n","protected":false},"excerpt":{"rendered":"<p data-start=\"0\" data-end=\"37\"><span class=\"relative -mx-px my-[-0.2rem] rounded px-px py-[0.2rem] transition-colors duration-100 ease-in-out\">Prek\u0117s \u017eenklas ir pavadinimas: <strong data-start=\"31\" data-end=\"45\" data-is-last-node=\"\">Clea Modr\u00e1<\/strong><\/span><\/p>\n<p data-start=\"39\" data-end=\"76\"><span class=\"relative -mx-px my-[-0.2rem] rounded px-px py-[0.2rem] transition-colors duration-100 ease-in-out\">Dydis: 20 cigare\u010di\u0173, kietas pakelis (flip-top, King size)<\/span><\/p>\n<p data-start=\"78\" data-end=\"153\"><span class=\"relative -mx-px my-[-0.2rem] rounded px-px py-[0.2rem] transition-colors duration-100 ease-in-out\">Gamybos \u0161alis: Slovakija (CSTP Bratislava gamintojas)<\/span><\/p>\n<p data-start=\"155\" data-end=\"230\"><span class=\"relative -mx-px my-[-0.2rem] rounded px-px py-[0.2rem] transition-colors duration-100 ease-in-out\">Gamybos laikotarpis: apie 2008 m. (\u201eModr\u00e1\u201c \u2013 m\u0117lyna spalva, naujesn\u0117 dizaino versija)<\/span><\/p>\n<p data-start=\"232\" data-end=\"269\"><span class=\"relative -mx-px my-[-0.2rem] rounded px-px py-[0.2rem] transition-colors duration-100 ease-in-out\">Pakeli\u0173 tipas: kietas, flip-top pakelis, b\u016bkite d\u0117mesingi, ar matyti pl\u0117vel\u0117 ir pakelio vir\u0161uje \u0161tampas \u2013 tai svarbu b\u016bkl\u0117s vertinimui.<\/span><\/p>\n","protected":false},"featured_media":13484,"template":"","meta":{"_surecart_dashboard_logo_width":"180px","_surecart_dashboard_show_logo":true,"_surecart_dashboard_navigation_orders":true,"_surecart_dashboard_navigation_invoices":true,"_surecart_dashboard_navigation_subscriptions":true,"_surecart_dashboard_navigation_downloads":true,"_surecart_dashboard_navigation_billing":true,"_surecart_dashboard_navigation_account":true,"site-sidebar-layout":"default","site-content-layout":"","ast-site-content-layout":"default","site-content-style":"default","site-sidebar-style":"default","ast-global-header-display":"","ast-banner-title-visibility":"","ast-main-header-display":"","ast-hfb-above-header-display":"","ast-hfb-below-header-display":"","ast-hfb-mobile-header-display":"","site-post-title":"","ast-breadcrumbs-content":"","ast-featured-img":"","footer-sml-layout":"","theme-transparent-header-meta":"default","adv-header-id-meta":"","stick-header-meta":"","header-above-stick-meta":"","header-main-stick-meta":"","header-below-stick-meta":"","astra-migrate-meta-layouts":"set","ast-page-background-enabled":"default","ast-page-background-meta":{"desktop":{"background-color":"","background-image":"","background-repeat":"repeat","background-position":"center center","background-size":"auto","background-attachment":"scroll","background-type":"","background-media":"","overlay-type":"","overlay-color":"","overlay-opacity":"","overlay-gradient":""},"tablet":{"background-color":"","background-image":"","background-repeat":"repeat","background-position":"center center","background-size":"auto","background-attachment":"scroll","background-type":"","background-media":"","overlay-type":"","overlay-color":"","overlay-opacity":"","overlay-gradient":""},"mobile":{"background-color":"","background-image":"","background-repeat":"repeat","background-position":"center center","background-size":"auto","background-attachment":"scroll","background-type":"","background-media":"","overlay-type":"","overlay-color":"","overlay-opacity":"","overlay-gradient":""}},"ast-content-background-meta":{"desktop":{"background-color":"var(--ast-global-color-5)","background-image":"","background-repeat":"repeat","background-position":"center center","background-size":"auto","background-attachment":"scroll","background-type":"","background-media":"","overlay-type":"","overlay-color":"","overlay-opacity":"","overlay-gradient":""},"tablet":{"background-color":"var(--ast-global-color-5)","background-image":"","background-repeat":"repeat","background-position":"center center","background-size":"auto","background-attachment":"scroll","background-type":"","background-media":"","overlay-type":"","overlay-color":"","overlay-opacity":"","overlay-gradient":""},"mobile":{"background-color":"var(--ast-global-color-5)","background-image":"","background-repeat":"repeat","background-position":"center center","background-size":"auto","background-attachment":"scroll","background-type":"","background-media":"","overlay-type":"","overlay-color":"","overlay-opacity":"","overlay-gradient":""}}},"product_brand":[],"product_cat":[189],"product_tag":[],"class_list":{"0":"post-13538","1":"product","2":"type-product","3":"status-publish","4":"has-post-thumbnail","6":"product_cat-slovakia","7":"desktop-align-left","8":"tablet-align-left","9":"mobile-align-left","11":"first","12":"instock","13":"sale","14":"shipping-taxable","15":"purchasable","16":"product-type-simple","17":"add-to-wishlist-before_image"},"_links":{"self":[{"href":"https:\/\/colligatum.com\/en\/wp-json\/wp\/v2\/product\/13538","targetHints":{"allow":["GET"]}}],"collection":[{"href":"https:\/\/colligatum.com\/en\/wp-json\/wp\/v2\/product"}],"about":[{"href":"https:\/\/colligatum.com\/en\/wp-json\/wp\/v2\/types\/product"}],"version-history":[{"count":1,"href":"https:\/\/colligatum.com\/en\/wp-json\/wp\/v2\/product\/13538\/revisions"}],"predecessor-version":[{"id":13539,"href":"https:\/\/colligatum.com\/en\/wp-json\/wp\/v2\/product\/13538\/revisions\/13539"}],"wp:featuredmedia":[{"embeddable":true,"href":"https:\/\/colligatum.com\/en\/wp-json\/wp\/v2\/media\/13484"}],"wp:attachment":[{"href":"https:\/\/colligatum.com\/en\/wp-json\/wp\/v2\/media?parent=13538"}],"wp:term":[{"taxonomy":"product_brand","embeddable":true,"href":"https:\/\/colligatum.com\/en\/wp-json\/wp\/v2\/product_brand?post=13538"},{"taxonomy":"product_cat","embeddable":true,"href":"https:\/\/colligatum.com\/en\/wp-json\/wp\/v2\/product_cat?post=13538"},{"taxonomy":"product_tag","embeddable":true,"href":"https:\/\/colligatum.com\/en\/wp-json\/wp\/v2\/product_tag?post=13538"}],"curies":[{"name":"wp","href":"https:\/\/api.w.org\/{rel}","templated":true}]}}