{"id":13545,"date":"2025-07-12T14:55:24","date_gmt":"2025-07-12T12:55:24","guid":{"rendered":"https:\/\/colligatum.com\/?post_type=product&#038;p=13545"},"modified":"2025-07-12T14:55:25","modified_gmt":"2025-07-12T12:55:25","slug":"derby-2","status":"publish","type":"product","link":"https:\/\/colligatum.com\/en\/product\/derby-2\/","title":{"rendered":"Derby"},"content":{"rendered":"<p data-start=\"276\" data-end=\"330\"><strong data-start=\"276\" data-end=\"290\">Apra\u0161ymas:<\/strong><br data-start=\"290\" data-end=\"293\" \/><span class=\"relative -mx-px my-[-0.2rem] rounded px-px py-[0.2rem] transition-colors duration-100 ease-in-out\">\u0160is \u201eDerby\u201c pakelis pasi\u017eymi stilinga m\u0117lyna dizaino palete, su dideliu \u201eDerby\u201c u\u017era\u0161u ir arkliu logotipu. Flip\u2011top kietasis pakelis (\u201eBOX\u201c tipo) \u2013 populiarus Brazilijoje, da\u017enai patinkantis kolekcionieriams d\u0117l savo \u016bgio ir strukt\u016bros. Supakuotas pl\u0117ve, be pa\u017eeidim\u0173 ar i\u0161blukim\u0173 \u2013 akivaizd\u017eiai laikytas saugiai.<\/span><\/p>\n<hr data-start=\"332\" data-end=\"335\" \/>\n<p data-start=\"337\" data-end=\"361\"><strong data-start=\"337\" data-end=\"359\">Vert\u0117s \u012fvertinimas<\/strong><\/p>\n<ul data-start=\"362\" data-end=\"528\">\n<li data-start=\"362\" data-end=\"403\">\n<p data-start=\"364\" data-end=\"403\"><span class=\"relative -mx-px my-[-0.2rem] rounded px-px py-[0.2rem] transition-colors duration-100 ease-in-out\"><strong data-start=\"0\" data-end=\"20\" data-is-only-node=\"\">Kolekcin\u0117 vert\u0117:<\/strong> Vidutin\u0117\u2013auk\u0161ta. Kolekcininkai vertina Brazilijos kietus pakelius (W2\/W3 serij\u0173), ypa\u010d i\u0161laikytus geros b\u016bkl\u0117s.<\/span><\/p>\n<\/li>\n<li data-start=\"404\" data-end=\"445\">\n<p data-start=\"406\" data-end=\"445\"><span class=\"relative -mx-px my-[-0.2rem] rounded px-px py-[0.2rem] transition-colors duration-100 ease-in-out\"><strong data-start=\"0\" data-end=\"22\" data-is-only-node=\"\">B\u016bkl\u0117s vertinimas:<\/strong> Neatidarytas, supakuotas, idealios s\u0105lygos.<\/span><\/p>\n<\/li>\n<li data-start=\"446\" data-end=\"528\">\n<p data-start=\"448\" data-end=\"528\"><span class=\"relative -mx-px my-[-0.2rem] rounded px-px py-[0.2rem] transition-colors duration-100 ease-in-out\"><strong data-start=\"0\" data-end=\"40\" data-is-only-node=\"\">Istoriniai duomenys ir populiarumas:<\/strong> \u201eDerby\u201c pasi\u017eymi dideliu populiarumu Brazilijoje, kiet\u0173j\u0173 versij\u0173 (i\u0161skyrus soft pack) yra ma\u017eesnis kiekis, tod\u0117l jos yra labiau siekiamos<\/span> .<\/p>\n<\/li>\n<\/ul>\n","protected":false},"excerpt":{"rendered":"<p data-start=\"0\" data-end=\"37\"><span class=\"relative -mx-px my-[-0.2rem] rounded px-px py-[0.2rem] transition-colors duration-100 ease-in-out\">Prek\u0117s \u017eenklas ir pavadinimas: <strong data-start=\"31\" data-end=\"50\" data-is-last-node=\"\">Derby (m\u0117lynas)<\/strong><\/span><\/p>\n<p data-start=\"39\" data-end=\"76\"><span class=\"relative -mx-px my-[-0.2rem] rounded px-px py-[0.2rem] transition-colors duration-100 ease-in-out\">Dydis: 20 cigare\u010di\u0173, kietas pakelis (flip\u2011top, King size)<\/span><\/p>\n<p data-start=\"78\" data-end=\"153\"><span class=\"relative -mx-px my-[-0.2rem] rounded px-px py-[0.2rem] transition-colors duration-100 ease-in-out\">Gamybos \u0161alis: Brazilija (Souza\u202fCruz, British American Tobacco dukterin\u0117 bendrov\u0117)<\/span><\/p>\n<p data-start=\"155\" data-end=\"230\"><span class=\"relative -mx-px my-[-0.2rem] rounded px-px py-[0.2rem] transition-colors duration-100 ease-in-out\">Gamybos laikotarpis: kataloguose minima kaip W2 01 versija rinktomis 2016 m. ir W3 04 \u2013 2019 m. (m\u0117lynas dizainas)<\/span><\/p>\n<p data-start=\"232\" data-end=\"269\"><span class=\"relative -mx-px my-[-0.2rem] rounded px-px py-[0.2rem] transition-colors duration-100 ease-in-out\">Pakeli\u0173 tipas: kietas pakelis (flip\u2011top), supakuotas pl\u0117ve \u2013 puiki b\u016bkl\u0117<\/span><\/p>\n","protected":false},"featured_media":13488,"template":"","meta":{"_surecart_dashboard_logo_width":"180px","_surecart_dashboard_show_logo":true,"_surecart_dashboard_navigation_orders":true,"_surecart_dashboard_navigation_invoices":true,"_surecart_dashboard_navigation_subscriptions":true,"_surecart_dashboard_navigation_downloads":true,"_surecart_dashboard_navigation_billing":true,"_surecart_dashboard_navigation_account":true,"site-sidebar-layout":"default","site-content-layout":"","ast-site-content-layout":"default","site-content-style":"default","site-sidebar-style":"default","ast-global-header-display":"","ast-banner-title-visibility":"","ast-main-header-display":"","ast-hfb-above-header-display":"","ast-hfb-below-header-display":"","ast-hfb-mobile-header-display":"","site-post-title":"","ast-breadcrumbs-content":"","ast-featured-img":"","footer-sml-layout":"","theme-transparent-header-meta":"default","adv-header-id-meta":"","stick-header-meta":"","header-above-stick-meta":"","header-main-stick-meta":"","header-below-stick-meta":"","astra-migrate-meta-layouts":"set","ast-page-background-enabled":"default","ast-page-background-meta":{"desktop":{"background-color":"","background-image":"","background-repeat":"repeat","background-position":"center center","background-size":"auto","background-attachment":"scroll","background-type":"","background-media":"","overlay-type":"","overlay-color":"","overlay-opacity":"","overlay-gradient":""},"tablet":{"background-color":"","background-image":"","background-repeat":"repeat","background-position":"center center","background-size":"auto","background-attachment":"scroll","background-type":"","background-media":"","overlay-type":"","overlay-color":"","overlay-opacity":"","overlay-gradient":""},"mobile":{"background-color":"","background-image":"","background-repeat":"repeat","background-position":"center center","background-size":"auto","background-attachment":"scroll","background-type":"","background-media":"","overlay-type":"","overlay-color":"","overlay-opacity":"","overlay-gradient":""}},"ast-content-background-meta":{"desktop":{"background-color":"var(--ast-global-color-5)","background-image":"","background-repeat":"repeat","background-position":"center center","background-size":"auto","background-attachment":"scroll","background-type":"","background-media":"","overlay-type":"","overlay-color":"","overlay-opacity":"","overlay-gradient":""},"tablet":{"background-color":"var(--ast-global-color-5)","background-image":"","background-repeat":"repeat","background-position":"center center","background-size":"auto","background-attachment":"scroll","background-type":"","background-media":"","overlay-type":"","overlay-color":"","overlay-opacity":"","overlay-gradient":""},"mobile":{"background-color":"var(--ast-global-color-5)","background-image":"","background-repeat":"repeat","background-position":"center center","background-size":"auto","background-attachment":"scroll","background-type":"","background-media":"","overlay-type":"","overlay-color":"","overlay-opacity":"","overlay-gradient":""}}},"product_brand":[],"product_cat":[134],"product_tag":[],"class_list":{"0":"post-13545","1":"product","2":"type-product","3":"status-publish","4":"has-post-thumbnail","6":"product_cat-brazil","7":"desktop-align-left","8":"tablet-align-left","9":"mobile-align-left","11":"first","12":"instock","13":"sale","14":"shipping-taxable","15":"purchasable","16":"product-type-simple","17":"add-to-wishlist-before_image"},"_links":{"self":[{"href":"https:\/\/colligatum.com\/en\/wp-json\/wp\/v2\/product\/13545","targetHints":{"allow":["GET"]}}],"collection":[{"href":"https:\/\/colligatum.com\/en\/wp-json\/wp\/v2\/product"}],"about":[{"href":"https:\/\/colligatum.com\/en\/wp-json\/wp\/v2\/types\/product"}],"version-history":[{"count":2,"href":"https:\/\/colligatum.com\/en\/wp-json\/wp\/v2\/product\/13545\/revisions"}],"predecessor-version":[{"id":13547,"href":"https:\/\/colligatum.com\/en\/wp-json\/wp\/v2\/product\/13545\/revisions\/13547"}],"wp:featuredmedia":[{"embeddable":true,"href":"https:\/\/colligatum.com\/en\/wp-json\/wp\/v2\/media\/13488"}],"wp:attachment":[{"href":"https:\/\/colligatum.com\/en\/wp-json\/wp\/v2\/media?parent=13545"}],"wp:term":[{"taxonomy":"product_brand","embeddable":true,"href":"https:\/\/colligatum.com\/en\/wp-json\/wp\/v2\/product_brand?post=13545"},{"taxonomy":"product_cat","embeddable":true,"href":"https:\/\/colligatum.com\/en\/wp-json\/wp\/v2\/product_cat?post=13545"},{"taxonomy":"product_tag","embeddable":true,"href":"https:\/\/colligatum.com\/en\/wp-json\/wp\/v2\/product_tag?post=13545"}],"curies":[{"name":"wp","href":"https:\/\/api.w.org\/{rel}","templated":true}]}}