{"id":13548,"date":"2025-07-12T15:01:22","date_gmt":"2025-07-12T13:01:22","guid":{"rendered":"https:\/\/colligatum.com\/?post_type=product&#038;p=13548"},"modified":"2025-07-12T15:08:19","modified_gmt":"2025-07-12T13:08:19","slug":"delta-american-blend","status":"publish","type":"product","link":"https:\/\/colligatum.com\/en\/product\/delta-american-blend\/","title":{"rendered":"Delta &quot;American Blend&quot;\u201e"},"content":{"rendered":"<p data-start=\"242\" data-end=\"612\">Description: This Delta package features a minimalist, clean-lined design \u2013 a white background with a stylized Delta logo at the top, a dark area at the bottom with a red and white shape resembling a diagonal arrow. The package features a health warning. The overall aesthetic is understated yet elegant, reminiscent of traditional American Blend-style packages.<\/p>\n<hr data-start=\"614\" data-end=\"617\" \/>\n<p data-start=\"619\" data-end=\"642\"><strong data-start=\"619\" data-end=\"642\">Value assessment:<\/strong><\/p>\n<ul data-start=\"644\" data-end=\"1080\">\n<li data-start=\"644\" data-end=\"822\">\n<p data-start=\"646\" data-end=\"822\"><strong data-start=\"646\" data-end=\"666\">Collectible value:<\/strong> Low-medium. No limited edition or anniversary markings, but due to condition and preservation, may be of interest to a collector who has collected the Delta series.<\/p>\n<\/li>\n<li data-start=\"823\" data-end=\"897\">\n<p data-start=\"825\" data-end=\"897\"><strong data-start=\"825\" data-end=\"847\">Condition assessment:<\/strong> Unopened, wrapped in foil, looks great.<\/p>\n<\/li>\n<li data-start=\"898\" data-end=\"1080\">\n<p data-start=\"900\" data-end=\"1080\"><strong data-start=\"900\" data-end=\"940\">Historical data and popularity:<\/strong> The Delta brand is not widely known in collector communities, and information about its sales and past auctions is not available online.<\/p>\n<\/li>\n<\/ul>","protected":false},"excerpt":{"rendered":"<p data-start=\"0\" data-end=\"37\"><span class=\"relative -mx-px my-[-0.2rem] rounded px-px py-[0.2rem] transition-colors duration-100 ease-in-out\">Prek\u0117s \u017eenklas ir pavadinimas: <strong data-start=\"31\" data-end=\"57\" data-is-last-node=\"\">Delta &#8222;American Blend&#8221;<\/strong><\/span><\/p>\n<p data-start=\"39\" data-end=\"76\"><span class=\"relative -mx-px my-[-0.2rem] rounded px-px py-[0.2rem] transition-colors duration-100 ease-in-out\">Dydis: 20 cigare\u010di\u0173<\/span><\/p>\n<p data-start=\"78\" data-end=\"153\"><span class=\"relative -mx-px my-[-0.2rem] rounded px-px py-[0.2rem] transition-colors duration-100 ease-in-out\">Gamybos \u0161alis: grei\u010diausiai Slovakija (pagal Cigarettes\u202fPedia \u012fra\u0161\u0105 apie Slovakijos versij\u0105)<\/span><\/p>\n<p data-start=\"155\" data-end=\"209\">Gamybos laikotarpis: Ne\u017einomas (\u0161iuolaikinis leidimas)<\/p>\n<p data-start=\"211\" data-end=\"240\">Pakeli\u0173 tipas: Kietas pakelis<\/p>\n","protected":false},"featured_media":13490,"template":"","meta":{"_surecart_dashboard_logo_width":"180px","_surecart_dashboard_show_logo":true,"_surecart_dashboard_navigation_orders":true,"_surecart_dashboard_navigation_invoices":true,"_surecart_dashboard_navigation_subscriptions":true,"_surecart_dashboard_navigation_downloads":true,"_surecart_dashboard_navigation_billing":true,"_surecart_dashboard_navigation_account":true,"site-sidebar-layout":"default","site-content-layout":"","ast-site-content-layout":"default","site-content-style":"default","site-sidebar-style":"default","ast-global-header-display":"","ast-banner-title-visibility":"","ast-main-header-display":"","ast-hfb-above-header-display":"","ast-hfb-below-header-display":"","ast-hfb-mobile-header-display":"","site-post-title":"","ast-breadcrumbs-content":"","ast-featured-img":"","footer-sml-layout":"","theme-transparent-header-meta":"default","adv-header-id-meta":"","stick-header-meta":"","header-above-stick-meta":"","header-main-stick-meta":"","header-below-stick-meta":"","astra-migrate-meta-layouts":"set","ast-page-background-enabled":"default","ast-page-background-meta":{"desktop":{"background-color":"","background-image":"","background-repeat":"repeat","background-position":"center center","background-size":"auto","background-attachment":"scroll","background-type":"","background-media":"","overlay-type":"","overlay-color":"","overlay-opacity":"","overlay-gradient":""},"tablet":{"background-color":"","background-image":"","background-repeat":"repeat","background-position":"center center","background-size":"auto","background-attachment":"scroll","background-type":"","background-media":"","overlay-type":"","overlay-color":"","overlay-opacity":"","overlay-gradient":""},"mobile":{"background-color":"","background-image":"","background-repeat":"repeat","background-position":"center center","background-size":"auto","background-attachment":"scroll","background-type":"","background-media":"","overlay-type":"","overlay-color":"","overlay-opacity":"","overlay-gradient":""}},"ast-content-background-meta":{"desktop":{"background-color":"var(--ast-global-color-5)","background-image":"","background-repeat":"repeat","background-position":"center center","background-size":"auto","background-attachment":"scroll","background-type":"","background-media":"","overlay-type":"","overlay-color":"","overlay-opacity":"","overlay-gradient":""},"tablet":{"background-color":"var(--ast-global-color-5)","background-image":"","background-repeat":"repeat","background-position":"center center","background-size":"auto","background-attachment":"scroll","background-type":"","background-media":"","overlay-type":"","overlay-color":"","overlay-opacity":"","overlay-gradient":""},"mobile":{"background-color":"var(--ast-global-color-5)","background-image":"","background-repeat":"repeat","background-position":"center center","background-size":"auto","background-attachment":"scroll","background-type":"","background-media":"","overlay-type":"","overlay-color":"","overlay-opacity":"","overlay-gradient":""}}},"product_brand":[],"product_cat":[189],"product_tag":[],"class_list":{"0":"post-13548","1":"product","2":"type-product","3":"status-publish","4":"has-post-thumbnail","6":"product_cat-slovakia","7":"desktop-align-left","8":"tablet-align-left","9":"mobile-align-left","11":"first","12":"instock","13":"sale","14":"shipping-taxable","15":"purchasable","16":"product-type-simple","17":"add-to-wishlist-before_image"},"_links":{"self":[{"href":"https:\/\/colligatum.com\/en\/wp-json\/wp\/v2\/product\/13548","targetHints":{"allow":["GET"]}}],"collection":[{"href":"https:\/\/colligatum.com\/en\/wp-json\/wp\/v2\/product"}],"about":[{"href":"https:\/\/colligatum.com\/en\/wp-json\/wp\/v2\/types\/product"}],"version-history":[{"count":1,"href":"https:\/\/colligatum.com\/en\/wp-json\/wp\/v2\/product\/13548\/revisions"}],"predecessor-version":[{"id":13549,"href":"https:\/\/colligatum.com\/en\/wp-json\/wp\/v2\/product\/13548\/revisions\/13549"}],"wp:featuredmedia":[{"embeddable":true,"href":"https:\/\/colligatum.com\/en\/wp-json\/wp\/v2\/media\/13490"}],"wp:attachment":[{"href":"https:\/\/colligatum.com\/en\/wp-json\/wp\/v2\/media?parent=13548"}],"wp:term":[{"taxonomy":"product_brand","embeddable":true,"href":"https:\/\/colligatum.com\/en\/wp-json\/wp\/v2\/product_brand?post=13548"},{"taxonomy":"product_cat","embeddable":true,"href":"https:\/\/colligatum.com\/en\/wp-json\/wp\/v2\/product_cat?post=13548"},{"taxonomy":"product_tag","embeddable":true,"href":"https:\/\/colligatum.com\/en\/wp-json\/wp\/v2\/product_tag?post=13548"}],"curies":[{"name":"wp","href":"https:\/\/api.w.org\/{rel}","templated":true}]}}