{"id":13550,"date":"2025-07-12T15:04:20","date_gmt":"2025-07-12T13:04:20","guid":{"rendered":"https:\/\/colligatum.com\/?post_type=product&#038;p=13550"},"modified":"2026-04-14T06:18:35","modified_gmt":"2026-04-14T04:18:35","slug":"free-box-original-choice","status":"publish","type":"product","link":"https:\/\/colligatum.com\/en\/product\/free-box-original-choice\/","title":{"rendered":"Free Box &quot;Original Choice&quot;\u201e"},"content":{"rendered":"<p data-start=\"271\" data-end=\"347\"><span class=\"relative -mx-px my-[-0.2rem] rounded px-px py-[0.2rem] transition-colors duration-100 ease-in-out\">Apra\u0161ymas: \u0160is \u201eFree Box Original Choice\u201c cigare\u010di\u0173 pakelis pasi\u017eymi minimalistiniu dizainu: baltas fonas su logotipu \u201eFREE\u201c vir\u0161uje, dviej\u0173 spalv\u0173 \u2013 raudonos ir tamsiai m\u0117lynos \u2013 stilizuotos formos centre. Gale \u2013 Brazilijos sveikatos ministerijos \u012fsp\u0117jimas portugali\u0161kai, su grafine nuotrauka vaikui ir tekstu: \u201cCrian\u00e7as que convivem com fumantes t\u00eam mais asma, pneumonia, sinusite e alergia.\u201d. Estetika subalansuota \u2014 \u0161iek tiek moderni, \u0161vari, ta\u010diau akivaizd\u017eiai informatyvi d\u0117l grie\u017et\u0173 Brazilijos \u012fstatym\u0173<\/span> <span class=\"\" data-state=\"closed\"><span class=\"ms-1 inline-flex max-w-full items-center relative top-[-0.094rem] animate-[show_150ms_ease-in]\"><a class=\"flex h-4.5 overflow-hidden rounded-xl px-2 text-[9px] font-medium text-token-text-secondary! bg-[#F4F4F4]! dark:bg-[#303030]! transition-colors duration-150 ease-in-out\" href=\"https:\/\/www.etsy.com\/market\/empty_cigarettes_pack?utm_source=chatgpt.com\" target=\"_blank\" rel=\"noopener\"><span class=\"relative start-0 bottom-0 flex h-full w-full items-center\"><span class=\"flex h-4 w-full items-center justify-between overflow-hidden\"><span class=\"max-w-full grow truncate overflow-hidden text-center\">Etsy<\/span><\/span><\/span><\/a><\/span><\/span>.<\/p>\n<hr data-start=\"349\" data-end=\"352\" \/>\n<p data-start=\"354\" data-end=\"377\"><strong data-start=\"354\" data-end=\"377\">Vert\u0117s \u012fvertinimas:<\/strong><\/p>\n<ul data-start=\"379\" data-end=\"583\">\n<li data-start=\"379\" data-end=\"418\">\n<p data-start=\"381\" data-end=\"418\"><span class=\"relative -mx-px my-[-0.2rem] rounded px-px py-[0.2rem] transition-colors duration-100 ease-in-out\"><strong data-start=\"0\" data-end=\"20\" data-is-only-node=\"\">Kolekcin\u0117 vert\u0117:<\/strong> Vidutin\u0117. N\u0117ra riboto leidimo \u017eenklinimo, ta\u010diau pakelis yra \u012fdomus Brazilijos r\u016bkymo prevencijos rinkinyje d\u0117l grie\u017eto informacinio stiliaus ir sveikatos \u012fsp\u0117jan\u010dios grafikos.<\/span><\/p>\n<\/li>\n<li data-start=\"419\" data-end=\"460\">\n<p data-start=\"421\" data-end=\"460\"><span class=\"relative -mx-px my-[-0.2rem] rounded px-px py-[0.2rem] transition-colors duration-100 ease-in-out\"><strong data-start=\"0\" data-end=\"22\" data-is-only-node=\"\">B\u016bkl\u0117s vertinimas:<\/strong> Neatidarytas, pl\u0117vele apsaugotas, atrodo puikiai.<\/span><\/p>\n<\/li>\n<li data-start=\"461\" data-end=\"583\">\n<p data-start=\"463\" data-end=\"583\"><span class=\"relative -mx-px my-[-0.2rem] rounded px-px py-[0.2rem] transition-colors duration-100 ease-in-out\"><strong data-start=\"0\" data-end=\"40\" data-is-only-node=\"\">Istoriniai duomenys ir populiarumas:<\/strong> Free cigare\u010di\u0173 mark\u0117 aptinkama Brazilijos r\u016bkymo kontrol\u0117s tyrimuose \u2013 rinkta Santaremo (2013 m.) ir San Paulo (2016 m.) miestuose (7\u20137,5 BRL)<\/span> . <span class=\"relative -mx-px my-[-0.2rem] rounded px-px py-[0.2rem] transition-colors duration-100 ease-in-out\">Ta\u010diau kolekcinink\u0173 bendruomen\u0117se \u0161i mark\u0117 \u2013 nepla\u010diai \u017einoma.<\/span><\/p>\n<\/li>\n<\/ul>\n","protected":false},"excerpt":{"rendered":"<p data-start=\"0\" data-end=\"37\"><span class=\"relative -mx-px my-[-0.2rem] rounded px-px py-[0.2rem] transition-colors duration-100 ease-in-out\">Prek\u0117s \u017eenklas ir pavadinimas: <strong data-start=\"31\" data-end=\"61\" data-is-last-node=\"\">Free Box &#8222;Original Choice&#8221;<\/strong><\/span><\/p>\n<p data-start=\"39\" data-end=\"76\"><span class=\"relative -mx-px my-[-0.2rem] rounded px-px py-[0.2rem] transition-colors duration-100 ease-in-out\">Dydis: 20 cigare\u010di\u0173<\/span><\/p>\n<p data-start=\"78\" data-end=\"153\"><span class=\"relative -mx-px my-[-0.2rem] rounded px-px py-[0.2rem] transition-colors duration-100 ease-in-out\">Gamybos \u0161alis: Brazilija (\u017er. portugal\u0173 kalbos \u012fsp\u0117jim\u0105 &#8222;O Minist\u00e9rio da Sa\u00fade adverte&#8221;, atitinka Brazilijos policij\u0105 grafik\u0173 ir tekstini\u0173 \u012fsp\u0117jim\u0173)<\/span><\/p>\n<p data-start=\"155\" data-end=\"230\"><span class=\"relative -mx-px my-[-0.2rem] rounded px-px py-[0.2rem] transition-colors duration-100 ease-in-out\">Gamybos laikotarpis: Ne\u017einomas (tarp 2013\u20132016 m., pagal PTS duomenis Free Brazil surinkimo datas)<\/span><\/p>\n<p data-start=\"232\" data-end=\"269\"><span class=\"relative -mx-px my-[-0.2rem] rounded px-px py-[0.2rem] transition-colors duration-100 ease-in-out\">Pakeli\u0173 tipas: Kietas pakelis<\/span><\/p>\n","protected":false},"featured_media":13492,"template":"","meta":{"_surecart_dashboard_logo_width":"180px","_surecart_dashboard_show_logo":true,"_surecart_dashboard_navigation_orders":true,"_surecart_dashboard_navigation_invoices":true,"_surecart_dashboard_navigation_subscriptions":true,"_surecart_dashboard_navigation_downloads":true,"_surecart_dashboard_navigation_billing":true,"_surecart_dashboard_navigation_account":true,"site-sidebar-layout":"default","site-content-layout":"","ast-site-content-layout":"default","site-content-style":"default","site-sidebar-style":"default","ast-global-header-display":"","ast-banner-title-visibility":"","ast-main-header-display":"","ast-hfb-above-header-display":"","ast-hfb-below-header-display":"","ast-hfb-mobile-header-display":"","site-post-title":"","ast-breadcrumbs-content":"","ast-featured-img":"","footer-sml-layout":"","theme-transparent-header-meta":"default","adv-header-id-meta":"","stick-header-meta":"","header-above-stick-meta":"","header-main-stick-meta":"","header-below-stick-meta":"","astra-migrate-meta-layouts":"set","ast-page-background-enabled":"default","ast-page-background-meta":{"desktop":{"background-color":"","background-image":"","background-repeat":"repeat","background-position":"center center","background-size":"auto","background-attachment":"scroll","background-type":"","background-media":"","overlay-type":"","overlay-color":"","overlay-opacity":"","overlay-gradient":""},"tablet":{"background-color":"","background-image":"","background-repeat":"repeat","background-position":"center center","background-size":"auto","background-attachment":"scroll","background-type":"","background-media":"","overlay-type":"","overlay-color":"","overlay-opacity":"","overlay-gradient":""},"mobile":{"background-color":"","background-image":"","background-repeat":"repeat","background-position":"center center","background-size":"auto","background-attachment":"scroll","background-type":"","background-media":"","overlay-type":"","overlay-color":"","overlay-opacity":"","overlay-gradient":""}},"ast-content-background-meta":{"desktop":{"background-color":"var(--ast-global-color-5)","background-image":"","background-repeat":"repeat","background-position":"center center","background-size":"auto","background-attachment":"scroll","background-type":"","background-media":"","overlay-type":"","overlay-color":"","overlay-opacity":"","overlay-gradient":""},"tablet":{"background-color":"var(--ast-global-color-5)","background-image":"","background-repeat":"repeat","background-position":"center center","background-size":"auto","background-attachment":"scroll","background-type":"","background-media":"","overlay-type":"","overlay-color":"","overlay-opacity":"","overlay-gradient":""},"mobile":{"background-color":"var(--ast-global-color-5)","background-image":"","background-repeat":"repeat","background-position":"center center","background-size":"auto","background-attachment":"scroll","background-type":"","background-media":"","overlay-type":"","overlay-color":"","overlay-opacity":"","overlay-gradient":""}}},"product_brand":[],"product_cat":[134],"product_tag":[],"class_list":{"0":"post-13550","1":"product","2":"type-product","3":"status-publish","4":"has-post-thumbnail","6":"product_cat-brazil","7":"desktop-align-left","8":"tablet-align-left","9":"mobile-align-left","11":"first","12":"instock","13":"sale","14":"shipping-taxable","15":"purchasable","16":"product-type-simple","17":"add-to-wishlist-before_image"},"_links":{"self":[{"href":"https:\/\/colligatum.com\/en\/wp-json\/wp\/v2\/product\/13550","targetHints":{"allow":["GET"]}}],"collection":[{"href":"https:\/\/colligatum.com\/en\/wp-json\/wp\/v2\/product"}],"about":[{"href":"https:\/\/colligatum.com\/en\/wp-json\/wp\/v2\/types\/product"}],"version-history":[{"count":1,"href":"https:\/\/colligatum.com\/en\/wp-json\/wp\/v2\/product\/13550\/revisions"}],"predecessor-version":[{"id":13551,"href":"https:\/\/colligatum.com\/en\/wp-json\/wp\/v2\/product\/13550\/revisions\/13551"}],"wp:featuredmedia":[{"embeddable":true,"href":"https:\/\/colligatum.com\/en\/wp-json\/wp\/v2\/media\/13492"}],"wp:attachment":[{"href":"https:\/\/colligatum.com\/en\/wp-json\/wp\/v2\/media?parent=13550"}],"wp:term":[{"taxonomy":"product_brand","embeddable":true,"href":"https:\/\/colligatum.com\/en\/wp-json\/wp\/v2\/product_brand?post=13550"},{"taxonomy":"product_cat","embeddable":true,"href":"https:\/\/colligatum.com\/en\/wp-json\/wp\/v2\/product_cat?post=13550"},{"taxonomy":"product_tag","embeddable":true,"href":"https:\/\/colligatum.com\/en\/wp-json\/wp\/v2\/product_tag?post=13550"}],"curies":[{"name":"wp","href":"https:\/\/api.w.org\/{rel}","templated":true}]}}