{"id":13554,"date":"2025-07-12T15:16:12","date_gmt":"2025-07-12T13:16:12","guid":{"rendered":"https:\/\/colligatum.com\/?post_type=product&#038;p=13554"},"modified":"2026-04-14T06:17:59","modified_gmt":"2026-04-14T04:17:59","slug":"astoria","status":"publish","type":"product","link":"https:\/\/colligatum.com\/en\/product\/astoria\/","title":{"rendered":"Astoria"},"content":{"rendered":"<p data-start=\"314\" data-end=\"351\"><span class=\"relative -mx-px my-[-0.2rem] rounded px-px py-[0.2rem] transition-colors duration-100 ease-in-out\">Apra\u0161ymas: Baltas fonas su vertikaliu \u017ealiu stulpeliu centre, ant kurio \u2013 \u201eAstoria\u201c logotipas gotikiniu \u0161riftu. Apa\u010dioje u\u017era\u0161as ispani\u0161kai: \u201e20 Cigarrillos Tabaco Nacional Seleccionado Con Filtro\u201c. Pakuot\u0117 atrodo autenti\u0161ka, su \u0161iurk\u0161\u010diu pl\u0117vel\u0117s sluoksniu, \u0161iek tiek d\u0117mes ir ta\u0161k\u0173, kurie atitinka am\u017eiaus leista nat\u016brali\u0105 disbalans\u0105 jos pavir\u0161iuje.<\/span><\/p>\n<hr data-start=\"353\" data-end=\"356\" \/>\n<p data-start=\"358\" data-end=\"381\"><strong data-start=\"358\" data-end=\"381\">Vert\u0117s \u012fvertinimas:<\/strong><\/p>\n<ul data-start=\"383\" data-end=\"628\">\n<li data-start=\"383\" data-end=\"422\">\n<p data-start=\"385\" data-end=\"422\"><span class=\"relative -mx-px my-[-0.2rem] rounded px-px py-[0.2rem] transition-colors duration-100 ease-in-out\"><strong data-start=\"0\" data-end=\"20\" data-is-only-node=\"\">Kolekcin\u0117 vert\u0117:<\/strong>\u202fVidutin\u0117. Tai senovinio dizaino paketas i\u0161 1960\u20131970 m., su autenti\u0161ku dizainu ir filtru, bet be ai\u0161ki\u0173 ri\u0161imosi su konkre\u010dia \u0161alis \u017eymi\u0173 (\u017er. Piet\u0173 Amerik\u0105). Yra vertinamas tarp sen\u0173j\u0173 virt\u0173 cigare\u010di\u0173 kolekcinink\u0173 d\u0117l am\u017eiaus ir autenti\u0161kumo.<\/span><\/p>\n<\/li>\n<li data-start=\"423\" data-end=\"464\">\n<p data-start=\"425\" data-end=\"464\"><span class=\"relative -mx-px my-[-0.2rem] rounded px-px py-[0.2rem] transition-colors duration-100 ease-in-out\"><strong data-start=\"0\" data-end=\"22\" data-is-only-node=\"\">B\u016bkl\u0117s vertinimas:<\/strong> Neatidarytas ar\u010diau originalios b\u016bkl\u0117s, bet pastebima nat\u016brali d\u0117mi\u0173, ta\u0161keli\u0173 \u2013 tik\u0117tina, kad tai ne restauruota, o nat\u016braliai pasenusios med\u017eiagos b\u016bsena.<\/span><\/p>\n<\/li>\n<\/ul>\n","protected":false},"excerpt":{"rendered":"<p data-start=\"42\" data-end=\"79\"><span class=\"relative -mx-px my-[-0.2rem] rounded px-px py-[0.2rem] transition-colors duration-100 ease-in-out\">Prek\u0117s \u017eenklas ir pavadinimas: <strong data-start=\"31\" data-end=\"42\">Astoria<\/strong> (gatv\u0117s\/soft\u2013pack versija, 20 cigarrillos)<\/span><\/p>\n<p data-start=\"81\" data-end=\"118\"><span class=\"relative -mx-px my-[-0.2rem] rounded px-px py-[0.2rem] transition-colors duration-100 ease-in-out\">Dydis: 20 cigarrillos<\/span><\/p>\n<p data-start=\"120\" data-end=\"196\"><span class=\"relative -mx-px my-[-0.2rem] rounded px-px py-[0.2rem] transition-colors duration-100 ease-in-out\">Gamybos \u0161alis: Tik\u0117tina Piet\u0173 Amerika arba Ispanakalb\u0117 \u0161alis (etiket\u0117je \u2013 \u201eCigarrillos\u201c, testo dizainas sudaro \u012fsp\u016bd\u012f, kad tai yra senesn\u0117s kartos ispani\u0161kas ar lotyn\u0173 amerikieti\u0161kas paketas). Pagal ZIGSAM duomenis, Astoria mark\u0117 egzistavo Brazilijoje 1960-\u0173j\u0173 soft pak variantu \u2013 tai patvirtina saugiai egzistuojan\u010dius pana\u0161ius pakuo\u010di\u0173 tipus<\/span><\/p>\n<p data-start=\"198\" data-end=\"273\"><span class=\"relative -mx-px my-[-0.2rem] rounded px-px py-[0.2rem] transition-colors duration-100 ease-in-out\">Gamybos laikotarpis: Apie 1960\u20131970 m. (remiantis Brazilijos, Bolivijos variantais ZIGSAM kataloge)<\/span><\/p>\n<p data-start=\"275\" data-end=\"312\"><span class=\"relative -mx-px my-[-0.2rem] rounded px-px py-[0.2rem] transition-colors duration-100 ease-in-out\">Pakeli\u0173 tipas: Mink\u0161tas pakelis (soft pack) \u2013 matosi plona kartonin\u0117 strukt\u016bra ir ne rigidinis dizainas.<\/span><\/p>\n","protected":false},"featured_media":13496,"template":"","meta":{"_surecart_dashboard_logo_width":"180px","_surecart_dashboard_show_logo":true,"_surecart_dashboard_navigation_orders":true,"_surecart_dashboard_navigation_invoices":true,"_surecart_dashboard_navigation_subscriptions":true,"_surecart_dashboard_navigation_downloads":true,"_surecart_dashboard_navigation_billing":true,"_surecart_dashboard_navigation_account":true,"site-sidebar-layout":"default","site-content-layout":"","ast-site-content-layout":"default","site-content-style":"default","site-sidebar-style":"default","ast-global-header-display":"","ast-banner-title-visibility":"","ast-main-header-display":"","ast-hfb-above-header-display":"","ast-hfb-below-header-display":"","ast-hfb-mobile-header-display":"","site-post-title":"","ast-breadcrumbs-content":"","ast-featured-img":"","footer-sml-layout":"","theme-transparent-header-meta":"default","adv-header-id-meta":"","stick-header-meta":"","header-above-stick-meta":"","header-main-stick-meta":"","header-below-stick-meta":"","astra-migrate-meta-layouts":"set","ast-page-background-enabled":"default","ast-page-background-meta":{"desktop":{"background-color":"","background-image":"","background-repeat":"repeat","background-position":"center center","background-size":"auto","background-attachment":"scroll","background-type":"","background-media":"","overlay-type":"","overlay-color":"","overlay-opacity":"","overlay-gradient":""},"tablet":{"background-color":"","background-image":"","background-repeat":"repeat","background-position":"center center","background-size":"auto","background-attachment":"scroll","background-type":"","background-media":"","overlay-type":"","overlay-color":"","overlay-opacity":"","overlay-gradient":""},"mobile":{"background-color":"","background-image":"","background-repeat":"repeat","background-position":"center center","background-size":"auto","background-attachment":"scroll","background-type":"","background-media":"","overlay-type":"","overlay-color":"","overlay-opacity":"","overlay-gradient":""}},"ast-content-background-meta":{"desktop":{"background-color":"var(--ast-global-color-5)","background-image":"","background-repeat":"repeat","background-position":"center center","background-size":"auto","background-attachment":"scroll","background-type":"","background-media":"","overlay-type":"","overlay-color":"","overlay-opacity":"","overlay-gradient":""},"tablet":{"background-color":"var(--ast-global-color-5)","background-image":"","background-repeat":"repeat","background-position":"center center","background-size":"auto","background-attachment":"scroll","background-type":"","background-media":"","overlay-type":"","overlay-color":"","overlay-opacity":"","overlay-gradient":""},"mobile":{"background-color":"var(--ast-global-color-5)","background-image":"","background-repeat":"repeat","background-position":"center center","background-size":"auto","background-attachment":"scroll","background-type":"","background-media":"","overlay-type":"","overlay-color":"","overlay-opacity":"","overlay-gradient":""}}},"product_brand":[],"product_cat":[134],"product_tag":[],"class_list":{"0":"post-13554","1":"product","2":"type-product","3":"status-publish","4":"has-post-thumbnail","6":"product_cat-brazil","7":"desktop-align-left","8":"tablet-align-left","9":"mobile-align-left","11":"first","12":"instock","13":"sale","14":"shipping-taxable","15":"purchasable","16":"product-type-simple","17":"add-to-wishlist-before_image"},"_links":{"self":[{"href":"https:\/\/colligatum.com\/en\/wp-json\/wp\/v2\/product\/13554","targetHints":{"allow":["GET"]}}],"collection":[{"href":"https:\/\/colligatum.com\/en\/wp-json\/wp\/v2\/product"}],"about":[{"href":"https:\/\/colligatum.com\/en\/wp-json\/wp\/v2\/types\/product"}],"version-history":[{"count":1,"href":"https:\/\/colligatum.com\/en\/wp-json\/wp\/v2\/product\/13554\/revisions"}],"predecessor-version":[{"id":13555,"href":"https:\/\/colligatum.com\/en\/wp-json\/wp\/v2\/product\/13554\/revisions\/13555"}],"wp:featuredmedia":[{"embeddable":true,"href":"https:\/\/colligatum.com\/en\/wp-json\/wp\/v2\/media\/13496"}],"wp:attachment":[{"href":"https:\/\/colligatum.com\/en\/wp-json\/wp\/v2\/media?parent=13554"}],"wp:term":[{"taxonomy":"product_brand","embeddable":true,"href":"https:\/\/colligatum.com\/en\/wp-json\/wp\/v2\/product_brand?post=13554"},{"taxonomy":"product_cat","embeddable":true,"href":"https:\/\/colligatum.com\/en\/wp-json\/wp\/v2\/product_cat?post=13554"},{"taxonomy":"product_tag","embeddable":true,"href":"https:\/\/colligatum.com\/en\/wp-json\/wp\/v2\/product_tag?post=13554"}],"curies":[{"name":"wp","href":"https:\/\/api.w.org\/{rel}","templated":true}]}}