{"id":13556,"date":"2025-07-12T15:20:02","date_gmt":"2025-07-12T13:20:02","guid":{"rendered":"https:\/\/colligatum.com\/?post_type=product&#038;p=13556"},"modified":"2025-07-12T15:20:03","modified_gmt":"2025-07-12T13:20:03","slug":"mars-m-20","status":"publish","type":"product","link":"https:\/\/colligatum.com\/en\/product\/mars-m-20\/","title":{"rendered":"Mars \u201cM 20\u201d"},"content":{"rendered":"<p data-start=\"271\" data-end=\"308\"><span class=\"relative -mx-px my-[-0.2rem] rounded px-px py-[0.2rem] transition-colors duration-100 ease-in-out\">Apra\u0161ymas: Pakelis pasi\u017eymi eleganti\u0161kai juostu baltu fonu, centre \u2013 didelis tamsiai m\u0117lynas \u201eM\u201c, apa\u010dioje raudonais skaitmenimis \u201e20\u201c. Burnoje \u2013 \u012fsp\u0117jimai slovaki\u0161kai (\u201eFaj\u010denie v\u00e1\u017ene ohrozuje va\u0161e zdravie\u2026\u201c) su geltonu fonu. Vir\u0161uje \u2013 folija ir antspaudas su serijos numeriu (\u201e02101\u201c). Stilistika kukli, tipin\u0117 \u0160iaur\u0117s Europos i\u0161vaizda i\u0161 XX a. pabaigos.<\/span><\/p>\n<hr data-start=\"310\" data-end=\"313\" \/>\n<p data-start=\"315\" data-end=\"338\"><strong data-start=\"315\" data-end=\"338\">Vert\u0117s \u012fvertinimas:<\/strong><\/p>\n<ul data-start=\"340\" data-end=\"574\">\n<li data-start=\"340\" data-end=\"379\">\n<p data-start=\"342\" data-end=\"379\"><span class=\"relative -mx-px my-[-0.2rem] rounded px-px py-[0.2rem] transition-colors duration-100 ease-in-out\"><strong data-start=\"0\" data-end=\"20\" data-is-only-node=\"\">Kolekcin\u0117 vert\u0117:<\/strong> Vidutin\u0117\u2013\u017eema. Komercin\u0117s pakeli\u0173 serijos, bet ankstesni 1990\u2011\u0173j\u0173 leidimai gali b\u016bti \u012fdom\u016bs kolekcininkams, ypa\u010d geros b\u016bkl\u0117s, su originaliu folijos sandarikliu.<\/span><\/p>\n<\/li>\n<li data-start=\"380\" data-end=\"419\">\n<p data-start=\"382\" data-end=\"419\"><span class=\"relative -mx-px my-[-0.2rem] rounded px-px py-[0.2rem] transition-colors duration-100 ease-in-out\"><strong data-start=\"0\" data-end=\"22\" data-is-only-node=\"\">B\u016bkl\u0117s vertinimas:<\/strong> Neatidarytas, su folija ir antspaudu, puiki originali b\u016bkl\u0117.<\/span><\/p>\n<\/li>\n<\/ul>\n","protected":false},"excerpt":{"rendered":"<p data-start=\"0\" data-end=\"37\"><span class=\"relative -mx-px my-[-0.2rem] rounded px-px py-[0.2rem] transition-colors duration-100 ease-in-out\">Prek\u0117s \u017eenklas ir pavadinimas: <strong data-start=\"31\" data-end=\"46\">Mars \u201cM\u202f20\u201d<\/strong> (arba <em data-start=\"53\" data-end=\"64\">Mars M\u202f20<\/em>)<\/span><\/p>\n<p data-start=\"39\" data-end=\"76\"><span class=\"relative -mx-px my-[-0.2rem] rounded px-px py-[0.2rem] transition-colors duration-100 ease-in-out\">Dydis: 20 cigare\u010di\u0173<\/span><\/p>\n<p data-start=\"78\" data-end=\"153\"><span class=\"relative -mx-px my-[-0.2rem] rounded px-px py-[0.2rem] transition-colors duration-100 ease-in-out\">Gamybos \u0161alis: Slovakija \/ \u010cekija (pagal ZIGSAM katalog\u0105, Slovakijos versija kietame pakelyje su folija)<\/span><\/p>\n<p data-start=\"155\" data-end=\"230\"><span class=\"relative -mx-px my-[-0.2rem] rounded px-px py-[0.2rem] transition-colors duration-100 ease-in-out\">Gamybos laikotarpis: 1990\u20132003 m. (ankstyvasis transformavimas \u2013 galutiniai leidimai 2001\u20132003 m.)<\/span><\/p>\n<p data-start=\"232\" data-end=\"269\"><span class=\"relative -mx-px my-[-0.2rem] rounded px-px py-[0.2rem] transition-colors duration-100 ease-in-out\">Pakeli\u0173 tipas: Kietas pakelis (Flip\u2011top box) su folija<\/span><\/p>\n","protected":false},"featured_media":13498,"template":"","meta":{"_surecart_dashboard_logo_width":"180px","_surecart_dashboard_show_logo":true,"_surecart_dashboard_navigation_orders":true,"_surecart_dashboard_navigation_invoices":true,"_surecart_dashboard_navigation_subscriptions":true,"_surecart_dashboard_navigation_downloads":true,"_surecart_dashboard_navigation_billing":true,"_surecart_dashboard_navigation_account":true,"site-sidebar-layout":"default","site-content-layout":"","ast-site-content-layout":"default","site-content-style":"default","site-sidebar-style":"default","ast-global-header-display":"","ast-banner-title-visibility":"","ast-main-header-display":"","ast-hfb-above-header-display":"","ast-hfb-below-header-display":"","ast-hfb-mobile-header-display":"","site-post-title":"","ast-breadcrumbs-content":"","ast-featured-img":"","footer-sml-layout":"","theme-transparent-header-meta":"default","adv-header-id-meta":"","stick-header-meta":"","header-above-stick-meta":"","header-main-stick-meta":"","header-below-stick-meta":"","astra-migrate-meta-layouts":"set","ast-page-background-enabled":"default","ast-page-background-meta":{"desktop":{"background-color":"","background-image":"","background-repeat":"repeat","background-position":"center center","background-size":"auto","background-attachment":"scroll","background-type":"","background-media":"","overlay-type":"","overlay-color":"","overlay-opacity":"","overlay-gradient":""},"tablet":{"background-color":"","background-image":"","background-repeat":"repeat","background-position":"center center","background-size":"auto","background-attachment":"scroll","background-type":"","background-media":"","overlay-type":"","overlay-color":"","overlay-opacity":"","overlay-gradient":""},"mobile":{"background-color":"","background-image":"","background-repeat":"repeat","background-position":"center center","background-size":"auto","background-attachment":"scroll","background-type":"","background-media":"","overlay-type":"","overlay-color":"","overlay-opacity":"","overlay-gradient":""}},"ast-content-background-meta":{"desktop":{"background-color":"var(--ast-global-color-5)","background-image":"","background-repeat":"repeat","background-position":"center center","background-size":"auto","background-attachment":"scroll","background-type":"","background-media":"","overlay-type":"","overlay-color":"","overlay-opacity":"","overlay-gradient":""},"tablet":{"background-color":"var(--ast-global-color-5)","background-image":"","background-repeat":"repeat","background-position":"center center","background-size":"auto","background-attachment":"scroll","background-type":"","background-media":"","overlay-type":"","overlay-color":"","overlay-opacity":"","overlay-gradient":""},"mobile":{"background-color":"var(--ast-global-color-5)","background-image":"","background-repeat":"repeat","background-position":"center center","background-size":"auto","background-attachment":"scroll","background-type":"","background-media":"","overlay-type":"","overlay-color":"","overlay-opacity":"","overlay-gradient":""}}},"product_brand":[],"product_cat":[189],"product_tag":[],"class_list":{"0":"post-13556","1":"product","2":"type-product","3":"status-publish","4":"has-post-thumbnail","6":"product_cat-slovakia","7":"desktop-align-left","8":"tablet-align-left","9":"mobile-align-left","11":"first","12":"instock","13":"sale","14":"shipping-taxable","15":"purchasable","16":"product-type-simple","17":"add-to-wishlist-before_image"},"_links":{"self":[{"href":"https:\/\/colligatum.com\/en\/wp-json\/wp\/v2\/product\/13556","targetHints":{"allow":["GET"]}}],"collection":[{"href":"https:\/\/colligatum.com\/en\/wp-json\/wp\/v2\/product"}],"about":[{"href":"https:\/\/colligatum.com\/en\/wp-json\/wp\/v2\/types\/product"}],"version-history":[{"count":1,"href":"https:\/\/colligatum.com\/en\/wp-json\/wp\/v2\/product\/13556\/revisions"}],"predecessor-version":[{"id":13557,"href":"https:\/\/colligatum.com\/en\/wp-json\/wp\/v2\/product\/13556\/revisions\/13557"}],"wp:featuredmedia":[{"embeddable":true,"href":"https:\/\/colligatum.com\/en\/wp-json\/wp\/v2\/media\/13498"}],"wp:attachment":[{"href":"https:\/\/colligatum.com\/en\/wp-json\/wp\/v2\/media?parent=13556"}],"wp:term":[{"taxonomy":"product_brand","embeddable":true,"href":"https:\/\/colligatum.com\/en\/wp-json\/wp\/v2\/product_brand?post=13556"},{"taxonomy":"product_cat","embeddable":true,"href":"https:\/\/colligatum.com\/en\/wp-json\/wp\/v2\/product_cat?post=13556"},{"taxonomy":"product_tag","embeddable":true,"href":"https:\/\/colligatum.com\/en\/wp-json\/wp\/v2\/product_tag?post=13556"}],"curies":[{"name":"wp","href":"https:\/\/api.w.org\/{rel}","templated":true}]}}