{"id":13558,"date":"2025-07-12T15:22:32","date_gmt":"2025-07-12T13:22:32","guid":{"rendered":"https:\/\/colligatum.com\/?post_type=product&#038;p=13558"},"modified":"2025-07-12T15:22:32","modified_gmt":"2025-07-12T13:22:32","slug":"astoria-2","status":"publish","type":"product","link":"https:\/\/colligatum.com\/en\/product\/astoria-2\/","title":{"rendered":"Astoria"},"content":{"rendered":"<p data-start=\"271\" data-end=\"308\"><span class=\"relative -mx-px my-[-0.2rem] rounded px-px py-[0.2rem] transition-colors duration-100 ease-in-out\">Apra\u0161ymas: \u0160is astoria cigare\u010di\u0173 pakelis \u2013 mink\u0161to tipo, balto fono su \u017ealiu vertikaliu stulpu centre, ant kurio \u2013 \u201eAstoria\u201c logotipas gotikiniu \u0161riftu. Apa\u010dioje ispani\u0161ki u\u017era\u0161ai \u201e20 Cigarrillos Tabaco Nacional Seleccionado Con Filtro\u201c. Matosi nat\u016bral\u016bs d\u0117m\u0117jimai ir lengvas povandeninis sen\u0117jimas \u2013 leid\u017eiantis manyti, kad tai originalus, nei\u0161saugotas variantas su pl\u0117vele.<\/span><\/p>\n<hr data-start=\"310\" data-end=\"313\" \/>\n<p data-start=\"315\" data-end=\"338\"><strong data-start=\"315\" data-end=\"338\">Vert\u0117s \u012fvertinimas:<\/strong><\/p>\n<ul data-start=\"340\" data-end=\"541\">\n<li data-start=\"340\" data-end=\"379\">\n<p data-start=\"342\" data-end=\"379\"><span class=\"relative -mx-px my-[-0.2rem] rounded px-px py-[0.2rem] transition-colors duration-100 ease-in-out\"><strong data-start=\"0\" data-end=\"20\" data-is-only-node=\"\">Kolekcin\u0117 vert\u0117:<\/strong> Vidutin\u0117. Tai senovinis Piet\u0173 Amerikos soft-pak variantas, \u012fdomus dizainu ir am\u017eiumi; tr\u016bksta \u017einom\u0173 ribot\u0173 leidim\u0173, ta\u010diau vertinamas d\u0117l regionin\u0117s kilm\u0117s ir filtr\u0173.<\/span><\/p>\n<\/li>\n<li data-start=\"380\" data-end=\"419\">\n<p data-start=\"382\" data-end=\"419\"><span class=\"relative -mx-px my-[-0.2rem] rounded px-px py-[0.2rem] transition-colors duration-100 ease-in-out\"><strong data-start=\"0\" data-end=\"22\" data-is-only-node=\"\">B\u016bkl\u0117s vertinimas:<\/strong> Neatidarytas, pl\u0117vele patvertas, bet su nat\u016braliais d\u0117m\u0117jimais \u2013 tai suteikia autenti\u0161kumo, bet gali suma\u017einti estetin\u0117s vert\u0117s.<\/span><\/p>\n<\/li>\n<li data-start=\"420\" data-end=\"541\">\n<p data-start=\"422\" data-end=\"541\"><span class=\"relative -mx-px my-[-0.2rem] rounded px-px py-[0.2rem] transition-colors duration-100 ease-in-out\"><strong data-start=\"0\" data-end=\"40\" data-is-only-node=\"\">Istoriniai duomenys ir populiarumas:<\/strong> ZIGSAM kataloguose \u012ftrauktas Brazilijos 1960 m. variantas; Bolivijos variantai egzistuoja iki 2008 m.<\/span> \u00a0<span class=\"relative -mx-px my-[-0.2rem] rounded px-px py-[0.2rem] transition-colors duration-100 ease-in-out\">Tarp kolekcionieri\u0173 \u2013 reta, bet ne itin \u017einoma serija; eBay\/todocoleccion aptinkama analogini\u0173 variant\u0173, ta\u010diau skirting\u0173 pavadinim\u0173 (pvz., Waldorf Astoria kieti variantai).<\/span><\/p>\n<\/li>\n<\/ul>\n","protected":false},"excerpt":{"rendered":"<p data-start=\"0\" data-end=\"37\"><span class=\"relative -mx-px my-[-0.2rem] rounded px-px py-[0.2rem] transition-colors duration-100 ease-in-out\">Prek\u0117s \u017eenklas ir pavadinimas: <strong data-start=\"31\" data-end=\"42\">Astoria<\/strong> (soft\u2011pack, 20 cigarrillos)<\/span><\/p>\n<p data-start=\"39\" data-end=\"76\"><span class=\"relative -mx-px my-[-0.2rem] rounded px-px py-[0.2rem] transition-colors duration-100 ease-in-out\">Dydis: 20 cigarrillos<\/span><\/p>\n<p data-start=\"78\" data-end=\"153\"><span class=\"relative -mx-px my-[-0.2rem] rounded px-px py-[0.2rem] transition-colors duration-100 ease-in-out\">Gamybos \u0161alis: Brazilija arba Bolivija (pagal ZIGSAM \u2013 Brazilija 1960\u2011aisiais, Bolivija 1980\/2008; \u0161iuo atveju sp\u0117jama Piet\u0173 Amerikos \u0161alis)<\/span><\/p>\n<p data-start=\"155\" data-end=\"230\"><span class=\"relative -mx-px my-[-0.2rem] rounded px-px py-[0.2rem] transition-colors duration-100 ease-in-out\">Gamybos laikotarpis: Apie 1960\u20132000 m. (Brazilijos 1960 m.; Bolivijos variantas 1980\/2008 m.)<\/span><\/p>\n<p data-start=\"232\" data-end=\"269\"><span class=\"relative -mx-px my-[-0.2rem] rounded px-px py-[0.2rem] transition-colors duration-100 ease-in-out\">Pakeli\u0173 tipas: Mink\u0161tas pakelis (soft\u2011pack)<\/span><\/p>\n","protected":false},"featured_media":13500,"template":"","meta":{"_surecart_dashboard_logo_width":"180px","_surecart_dashboard_show_logo":true,"_surecart_dashboard_navigation_orders":true,"_surecart_dashboard_navigation_invoices":true,"_surecart_dashboard_navigation_subscriptions":true,"_surecart_dashboard_navigation_downloads":true,"_surecart_dashboard_navigation_billing":true,"_surecart_dashboard_navigation_account":true,"site-sidebar-layout":"default","site-content-layout":"","ast-site-content-layout":"default","site-content-style":"default","site-sidebar-style":"default","ast-global-header-display":"","ast-banner-title-visibility":"","ast-main-header-display":"","ast-hfb-above-header-display":"","ast-hfb-below-header-display":"","ast-hfb-mobile-header-display":"","site-post-title":"","ast-breadcrumbs-content":"","ast-featured-img":"","footer-sml-layout":"","theme-transparent-header-meta":"default","adv-header-id-meta":"","stick-header-meta":"","header-above-stick-meta":"","header-main-stick-meta":"","header-below-stick-meta":"","astra-migrate-meta-layouts":"set","ast-page-background-enabled":"default","ast-page-background-meta":{"desktop":{"background-color":"","background-image":"","background-repeat":"repeat","background-position":"center center","background-size":"auto","background-attachment":"scroll","background-type":"","background-media":"","overlay-type":"","overlay-color":"","overlay-opacity":"","overlay-gradient":""},"tablet":{"background-color":"","background-image":"","background-repeat":"repeat","background-position":"center center","background-size":"auto","background-attachment":"scroll","background-type":"","background-media":"","overlay-type":"","overlay-color":"","overlay-opacity":"","overlay-gradient":""},"mobile":{"background-color":"","background-image":"","background-repeat":"repeat","background-position":"center center","background-size":"auto","background-attachment":"scroll","background-type":"","background-media":"","overlay-type":"","overlay-color":"","overlay-opacity":"","overlay-gradient":""}},"ast-content-background-meta":{"desktop":{"background-color":"var(--ast-global-color-5)","background-image":"","background-repeat":"repeat","background-position":"center center","background-size":"auto","background-attachment":"scroll","background-type":"","background-media":"","overlay-type":"","overlay-color":"","overlay-opacity":"","overlay-gradient":""},"tablet":{"background-color":"var(--ast-global-color-5)","background-image":"","background-repeat":"repeat","background-position":"center center","background-size":"auto","background-attachment":"scroll","background-type":"","background-media":"","overlay-type":"","overlay-color":"","overlay-opacity":"","overlay-gradient":""},"mobile":{"background-color":"var(--ast-global-color-5)","background-image":"","background-repeat":"repeat","background-position":"center center","background-size":"auto","background-attachment":"scroll","background-type":"","background-media":"","overlay-type":"","overlay-color":"","overlay-opacity":"","overlay-gradient":""}}},"product_brand":[],"product_cat":[134],"product_tag":[],"class_list":{"0":"post-13558","1":"product","2":"type-product","3":"status-publish","4":"has-post-thumbnail","6":"product_cat-brazil","7":"desktop-align-left","8":"tablet-align-left","9":"mobile-align-left","11":"first","12":"instock","13":"shipping-taxable","14":"purchasable","15":"product-type-simple","16":"add-to-wishlist-before_image"},"_links":{"self":[{"href":"https:\/\/colligatum.com\/en\/wp-json\/wp\/v2\/product\/13558","targetHints":{"allow":["GET"]}}],"collection":[{"href":"https:\/\/colligatum.com\/en\/wp-json\/wp\/v2\/product"}],"about":[{"href":"https:\/\/colligatum.com\/en\/wp-json\/wp\/v2\/types\/product"}],"version-history":[{"count":1,"href":"https:\/\/colligatum.com\/en\/wp-json\/wp\/v2\/product\/13558\/revisions"}],"predecessor-version":[{"id":13559,"href":"https:\/\/colligatum.com\/en\/wp-json\/wp\/v2\/product\/13558\/revisions\/13559"}],"wp:featuredmedia":[{"embeddable":true,"href":"https:\/\/colligatum.com\/en\/wp-json\/wp\/v2\/media\/13500"}],"wp:attachment":[{"href":"https:\/\/colligatum.com\/en\/wp-json\/wp\/v2\/media?parent=13558"}],"wp:term":[{"taxonomy":"product_brand","embeddable":true,"href":"https:\/\/colligatum.com\/en\/wp-json\/wp\/v2\/product_brand?post=13558"},{"taxonomy":"product_cat","embeddable":true,"href":"https:\/\/colligatum.com\/en\/wp-json\/wp\/v2\/product_cat?post=13558"},{"taxonomy":"product_tag","embeddable":true,"href":"https:\/\/colligatum.com\/en\/wp-json\/wp\/v2\/product_tag?post=13558"}],"curies":[{"name":"wp","href":"https:\/\/api.w.org\/{rel}","templated":true}]}}