{"id":13562,"date":"2025-07-12T15:30:32","date_gmt":"2025-07-12T13:30:32","guid":{"rendered":"https:\/\/colligatum.com\/?post_type=product&#038;p=13562"},"modified":"2026-04-14T06:18:10","modified_gmt":"2026-04-14T04:18:10","slug":"carlton-red","status":"publish","type":"product","link":"https:\/\/colligatum.com\/en\/product\/carlton-red\/","title":{"rendered":"Carlton Red"},"content":{"rendered":"<p data-start=\"271\" data-end=\"308\"><span class=\"relative -mx-px my-[-0.2rem] rounded px-px py-[0.2rem] transition-colors duration-100 ease-in-out\">Apra\u0161ymas: Pakelis yra baltas su raudonu \u201eCarlton Red\u201c skydu centre, vir\u0161uje \u2013 herb\u0105 primenanti emblem\u0117l\u0117 ir u\u017era\u0161as \u201eFlip Open Box\u201c. Gale \u2013 Brazilijos sveikatos \u012fsp\u0117jimas portugali\u0161kai: \u201cFUMAR CAUSA INFARTO DO CORA\u00c7\u00c3O\u201d, kartu su medicinine iliustracija. Pavir\u0161iuje matyti nat\u016bral\u016bs d\u0117meliai, bet pl\u0117vel\u0117 ir antspaudas i\u0161lieka sandar\u016bs. Dizainas subtilus, modernus 2000\u2011\u0173j\u0173 Brazilijos variantas.<\/span><\/p>\n<hr data-start=\"310\" data-end=\"313\" \/>\n<p data-start=\"315\" data-end=\"338\"><strong data-start=\"315\" data-end=\"338\">Vert\u0117s \u012fvertinimas:<\/strong><\/p>\n<ul data-start=\"340\" data-end=\"583\">\n<li data-start=\"340\" data-end=\"379\">\n<p data-start=\"342\" data-end=\"379\"><span class=\"relative -mx-px my-[-0.2rem] rounded px-px py-[0.2rem] transition-colors duration-100 ease-in-out\"><strong data-start=\"0\" data-end=\"20\" data-is-only-node=\"\">Kolekcin\u0117 vert\u0117:<\/strong> Vidutin\u0117. Tai oficiali Brazilijos versija, su flip\u2011top konstrukcija ir originaliu antspaudu \u2013 vertinama tarp lotyn\u0173 Amerikos tabakos kolekcionieri\u0173. Tai n\u0117ra riboto leidimo, bet originali ir autenti\u0161ka serija.<\/span><\/p>\n<\/li>\n<li data-start=\"380\" data-end=\"419\">\n<p data-start=\"382\" data-end=\"419\"><span class=\"relative -mx-px my-[-0.2rem] rounded px-px py-[0.2rem] transition-colors duration-100 ease-in-out\"><strong data-start=\"0\" data-end=\"22\" data-is-only-node=\"\">B\u016bkl\u0117s vertinimas:<\/strong> Neatidarytas, su folija ir antspaudu, puikios b\u016bkl\u0117s, nors yra \u0161iek tiek sen\u0117jimo \u017eenkl\u0173 \u2013 vis tiek vertinga b\u016bkl\u0117.<\/span><\/p>\n<\/li>\n<\/ul>\n","protected":false},"excerpt":{"rendered":"<p data-start=\"0\" data-end=\"37\"><span class=\"relative -mx-px my-[-0.2rem] rounded px-px py-[0.2rem] transition-colors duration-100 ease-in-out\">Prek\u0117s \u017eenklas ir pavadinimas: <strong data-start=\"31\" data-end=\"46\" data-is-last-node=\"\">Carlton Red<\/strong><\/span><\/p>\n<p data-start=\"39\" data-end=\"76\"><span class=\"relative -mx-px my-[-0.2rem] rounded px-px py-[0.2rem] transition-colors duration-100 ease-in-out\">Dydis: 20 cigare\u010di\u0173<\/span><\/p>\n<p data-start=\"78\" data-end=\"153\"><span class=\"relative -mx-px my-[-0.2rem] rounded px-px py-[0.2rem] transition-colors duration-100 ease-in-out\">Gamybos \u0161alis: Brazilija (pagal Cigarettes Pedia \u2013 \u201cBrazilian version Premium Blend Red KS\u201120\u2011H\u201d)<\/span><\/p>\n<p data-start=\"155\" data-end=\"230\"><span class=\"relative -mx-px my-[-0.2rem] rounded px-px py-[0.2rem] transition-colors duration-100 ease-in-out\">Gamybos laikotarpis: Apie 2004 m. (\u201eCarlton Red\u201c Brazilijos flip\u2011top d\u0117\u017eut\u0117 su folija \u2013 nurodyta ZIGSAM kataloge)<\/span><\/p>\n<p data-start=\"232\" data-end=\"269\"><span class=\"relative -mx-px my-[-0.2rem] rounded px-px py-[0.2rem] transition-colors duration-100 ease-in-out\">Pakeli\u0173 tipas: Kietas pakelis (flip\u2011top box) su pl\u0117vele ir antspaudu<\/span><\/p>\n","protected":false},"featured_media":13504,"template":"","meta":{"_surecart_dashboard_logo_width":"180px","_surecart_dashboard_show_logo":true,"_surecart_dashboard_navigation_orders":true,"_surecart_dashboard_navigation_invoices":true,"_surecart_dashboard_navigation_subscriptions":true,"_surecart_dashboard_navigation_downloads":true,"_surecart_dashboard_navigation_billing":true,"_surecart_dashboard_navigation_account":true,"site-sidebar-layout":"default","site-content-layout":"","ast-site-content-layout":"default","site-content-style":"default","site-sidebar-style":"default","ast-global-header-display":"","ast-banner-title-visibility":"","ast-main-header-display":"","ast-hfb-above-header-display":"","ast-hfb-below-header-display":"","ast-hfb-mobile-header-display":"","site-post-title":"","ast-breadcrumbs-content":"","ast-featured-img":"","footer-sml-layout":"","theme-transparent-header-meta":"default","adv-header-id-meta":"","stick-header-meta":"","header-above-stick-meta":"","header-main-stick-meta":"","header-below-stick-meta":"","astra-migrate-meta-layouts":"set","ast-page-background-enabled":"default","ast-page-background-meta":{"desktop":{"background-color":"","background-image":"","background-repeat":"repeat","background-position":"center center","background-size":"auto","background-attachment":"scroll","background-type":"","background-media":"","overlay-type":"","overlay-color":"","overlay-opacity":"","overlay-gradient":""},"tablet":{"background-color":"","background-image":"","background-repeat":"repeat","background-position":"center center","background-size":"auto","background-attachment":"scroll","background-type":"","background-media":"","overlay-type":"","overlay-color":"","overlay-opacity":"","overlay-gradient":""},"mobile":{"background-color":"","background-image":"","background-repeat":"repeat","background-position":"center center","background-size":"auto","background-attachment":"scroll","background-type":"","background-media":"","overlay-type":"","overlay-color":"","overlay-opacity":"","overlay-gradient":""}},"ast-content-background-meta":{"desktop":{"background-color":"var(--ast-global-color-5)","background-image":"","background-repeat":"repeat","background-position":"center center","background-size":"auto","background-attachment":"scroll","background-type":"","background-media":"","overlay-type":"","overlay-color":"","overlay-opacity":"","overlay-gradient":""},"tablet":{"background-color":"var(--ast-global-color-5)","background-image":"","background-repeat":"repeat","background-position":"center center","background-size":"auto","background-attachment":"scroll","background-type":"","background-media":"","overlay-type":"","overlay-color":"","overlay-opacity":"","overlay-gradient":""},"mobile":{"background-color":"var(--ast-global-color-5)","background-image":"","background-repeat":"repeat","background-position":"center center","background-size":"auto","background-attachment":"scroll","background-type":"","background-media":"","overlay-type":"","overlay-color":"","overlay-opacity":"","overlay-gradient":""}}},"product_brand":[],"product_cat":[134],"product_tag":[],"class_list":{"0":"post-13562","1":"product","2":"type-product","3":"status-publish","4":"has-post-thumbnail","6":"product_cat-brazil","7":"desktop-align-left","8":"tablet-align-left","9":"mobile-align-left","11":"first","12":"instock","13":"shipping-taxable","14":"purchasable","15":"product-type-simple","16":"add-to-wishlist-before_image"},"_links":{"self":[{"href":"https:\/\/colligatum.com\/en\/wp-json\/wp\/v2\/product\/13562","targetHints":{"allow":["GET"]}}],"collection":[{"href":"https:\/\/colligatum.com\/en\/wp-json\/wp\/v2\/product"}],"about":[{"href":"https:\/\/colligatum.com\/en\/wp-json\/wp\/v2\/types\/product"}],"version-history":[{"count":1,"href":"https:\/\/colligatum.com\/en\/wp-json\/wp\/v2\/product\/13562\/revisions"}],"predecessor-version":[{"id":13563,"href":"https:\/\/colligatum.com\/en\/wp-json\/wp\/v2\/product\/13562\/revisions\/13563"}],"wp:featuredmedia":[{"embeddable":true,"href":"https:\/\/colligatum.com\/en\/wp-json\/wp\/v2\/media\/13504"}],"wp:attachment":[{"href":"https:\/\/colligatum.com\/en\/wp-json\/wp\/v2\/media?parent=13562"}],"wp:term":[{"taxonomy":"product_brand","embeddable":true,"href":"https:\/\/colligatum.com\/en\/wp-json\/wp\/v2\/product_brand?post=13562"},{"taxonomy":"product_cat","embeddable":true,"href":"https:\/\/colligatum.com\/en\/wp-json\/wp\/v2\/product_cat?post=13562"},{"taxonomy":"product_tag","embeddable":true,"href":"https:\/\/colligatum.com\/en\/wp-json\/wp\/v2\/product_tag?post=13562"}],"curies":[{"name":"wp","href":"https:\/\/api.w.org\/{rel}","templated":true}]}}