{"id":13566,"date":"2025-07-12T15:36:34","date_gmt":"2025-07-12T13:36:34","guid":{"rendered":"https:\/\/colligatum.com\/?post_type=product&#038;p=13566"},"modified":"2026-04-15T06:26:38","modified_gmt":"2026-04-15T04:26:38","slug":"petra-menthol-slims","status":"publish","type":"product","link":"https:\/\/colligatum.com\/en\/product\/petra-menthol-slims\/","title":{"rendered":"Petra Menthol Slims"},"content":{"rendered":"<p data-start=\"276\" data-end=\"330\"><strong data-start=\"276\" data-end=\"290\">Apra\u0161ymas:<\/strong><br data-start=\"290\" data-end=\"293\" \/><span class=\"relative -mx-px my-[-0.2rem] rounded px-px py-[0.2rem] transition-colors duration-100 ease-in-out\">\u0160is Petra pakelis savo \u0161viesiai \u017ealia spalva ir minimalistiniu dizainu sukuria modern\u0173 \u012fsp\u016bd\u012f. Ekranin\u0117 folija vir\u0161uje u\u017etikrina autenti\u0161kum\u0105, sant\u016brus \u201eflip\u2011open\u201c mechanizmas dvelkia patogumu. Apatin\u0117je dalyje \u2013 sveikatos \u012fsp\u0117jimas slovak\u0173 kalba apie \u0161irdies ligas, nurodantis vietin\u0119 paskirt\u012f. Dizaino linijos \u2013 ai\u0161kios, spalvin\u0117 schema harmoningai susipina \u2013 \u017ealios, pilkos, baltos ir juodos detal\u0117s.<\/span><\/p>\n<hr data-start=\"332\" data-end=\"335\" \/>\n<p data-start=\"337\" data-end=\"360\"><strong data-start=\"337\" data-end=\"360\">Vert\u0117s \u012fvertinimas:<\/strong><\/p>\n<ul data-start=\"362\" data-end=\"665\">\n<li data-start=\"362\" data-end=\"401\">\n<p data-start=\"364\" data-end=\"401\"><span class=\"relative -mx-px my-[-0.2rem] rounded px-px py-[0.2rem] transition-colors duration-100 ease-in-out\"><strong data-start=\"0\" data-end=\"20\" data-is-only-node=\"\">Kolekcin\u0117 vert\u0117:<\/strong> Vidutin\u0117. Petra \u2013 ne riboto leidimo serija, ta\u010diau \u0161ios specifin\u0117s \u201eSlims Menthol\u201c versijos \u017eaisminga spalv\u0173 kombinacija ir originali folija su numatoma numeracija (AO4002\u2026), suteikia jam patrauklum\u0105 tiems, kurie specializuojasi Ryt\u0173 Europos nicotine tabako kolekcijose.<\/span><\/p>\n<\/li>\n<li data-start=\"402\" data-end=\"441\">\n<p data-start=\"404\" data-end=\"441\"><span class=\"relative -mx-px my-[-0.2rem] rounded px-px py-[0.2rem] transition-colors duration-100 ease-in-out\"><strong data-start=\"0\" data-end=\"22\" data-is-only-node=\"\">B\u016bkl\u0117s vertinimas:<\/strong> Puiki \u2013 neatsuktas, su pl\u0117vele ir antspaudu, folija vientisa, folijos pakra\u0161tyje nedideli pakit\u0119 ta\u0161kai d\u0117l laiko, bet tai nei\u0161kreipia bendros b\u016bkl\u0117s.<\/span><\/p>\n<\/li>\n<li data-start=\"442\" data-end=\"665\">\n<p data-start=\"444\" data-end=\"665\">\n<\/li>\n<\/ul>\n","protected":false},"excerpt":{"rendered":"<p data-start=\"0\" data-end=\"37\"><span class=\"relative -mx-px my-[-0.2rem] rounded px-px py-[0.2rem] transition-colors duration-100 ease-in-out\">Prek\u0117s \u017eenklas ir pavadinimas: <strong data-start=\"31\" data-end=\"54\" data-is-last-node=\"\">Petra Menthol\u202fSlims<\/strong><\/span><\/p>\n<p data-start=\"39\" data-end=\"76\"><span class=\"relative -mx-px my-[-0.2rem] rounded px-px py-[0.2rem] transition-colors duration-100 ease-in-out\">Dydis: 20 cigare\u010di\u0173 (slim formato cigaret\u0117s)<\/span><\/p>\n<p data-start=\"78\" data-end=\"153\"><span class=\"relative -mx-px my-[-0.2rem] rounded px-px py-[0.2rem] transition-colors duration-100 ease-in-out\">Gamybos \u0161alis: Slovakija \/ \u010cekija (Philip Morris Petra gaminama \u0161iame regione)<\/span><\/p>\n<p data-start=\"155\" data-end=\"230\"><span class=\"relative -mx-px my-[-0.2rem] rounded px-px py-[0.2rem] transition-colors duration-100 ease-in-out\">Gamybos laikotarpis: Apie 2010\u20132020 m. (\u201enew design\u201c serija \u2013 \u201eLights Menthol S\u201120\u2011H\u201c)<\/span><\/p>\n<p data-start=\"232\" data-end=\"269\"><span class=\"relative -mx-px my-[-0.2rem] rounded px-px py-[0.2rem] transition-colors duration-100 ease-in-out\">Pakeli\u0173 tipas: Kietas pakelis (\u201eflip\u2011open box\u201c) su folija ir originaliu antspaudu (matosi etiketes su Ser. nr.)<\/span><\/p>\n","protected":false},"featured_media":13509,"template":"","meta":{"_surecart_dashboard_logo_width":"180px","_surecart_dashboard_show_logo":true,"_surecart_dashboard_navigation_orders":true,"_surecart_dashboard_navigation_invoices":true,"_surecart_dashboard_navigation_subscriptions":true,"_surecart_dashboard_navigation_downloads":true,"_surecart_dashboard_navigation_billing":true,"_surecart_dashboard_navigation_account":true,"site-sidebar-layout":"default","site-content-layout":"","ast-site-content-layout":"default","site-content-style":"default","site-sidebar-style":"default","ast-global-header-display":"","ast-banner-title-visibility":"","ast-main-header-display":"","ast-hfb-above-header-display":"","ast-hfb-below-header-display":"","ast-hfb-mobile-header-display":"","site-post-title":"","ast-breadcrumbs-content":"","ast-featured-img":"","footer-sml-layout":"","ast-disable-related-posts":"","theme-transparent-header-meta":"default","adv-header-id-meta":"","stick-header-meta":"","header-above-stick-meta":"","header-main-stick-meta":"","header-below-stick-meta":"","astra-migrate-meta-layouts":"set","ast-page-background-enabled":"default","ast-page-background-meta":{"desktop":{"background-color":"","background-image":"","background-repeat":"repeat","background-position":"center center","background-size":"auto","background-attachment":"scroll","background-type":"","background-media":"","overlay-type":"","overlay-color":"","overlay-opacity":"","overlay-gradient":""},"tablet":{"background-color":"","background-image":"","background-repeat":"repeat","background-position":"center center","background-size":"auto","background-attachment":"scroll","background-type":"","background-media":"","overlay-type":"","overlay-color":"","overlay-opacity":"","overlay-gradient":""},"mobile":{"background-color":"","background-image":"","background-repeat":"repeat","background-position":"center center","background-size":"auto","background-attachment":"scroll","background-type":"","background-media":"","overlay-type":"","overlay-color":"","overlay-opacity":"","overlay-gradient":""}},"ast-content-background-meta":{"desktop":{"background-color":"var(--ast-global-color-5)","background-image":"","background-repeat":"repeat","background-position":"center center","background-size":"auto","background-attachment":"scroll","background-type":"","background-media":"","overlay-type":"","overlay-color":"","overlay-opacity":"","overlay-gradient":""},"tablet":{"background-color":"var(--ast-global-color-5)","background-image":"","background-repeat":"repeat","background-position":"center center","background-size":"auto","background-attachment":"scroll","background-type":"","background-media":"","overlay-type":"","overlay-color":"","overlay-opacity":"","overlay-gradient":""},"mobile":{"background-color":"var(--ast-global-color-5)","background-image":"","background-repeat":"repeat","background-position":"center center","background-size":"auto","background-attachment":"scroll","background-type":"","background-media":"","overlay-type":"","overlay-color":"","overlay-opacity":"","overlay-gradient":""}}},"product_brand":[],"product_cat":[189],"product_tag":[],"class_list":{"0":"post-13566","1":"product","2":"type-product","3":"status-publish","4":"has-post-thumbnail","6":"product_cat-slovakia","7":"desktop-align-left","8":"tablet-align-left","9":"mobile-align-left","11":"first","12":"instock","13":"shipping-taxable","14":"purchasable","15":"product-type-simple","16":"add-to-wishlist-before_image"},"_links":{"self":[{"href":"https:\/\/colligatum.com\/en\/wp-json\/wp\/v2\/product\/13566","targetHints":{"allow":["GET"]}}],"collection":[{"href":"https:\/\/colligatum.com\/en\/wp-json\/wp\/v2\/product"}],"about":[{"href":"https:\/\/colligatum.com\/en\/wp-json\/wp\/v2\/types\/product"}],"version-history":[{"count":1,"href":"https:\/\/colligatum.com\/en\/wp-json\/wp\/v2\/product\/13566\/revisions"}],"predecessor-version":[{"id":13567,"href":"https:\/\/colligatum.com\/en\/wp-json\/wp\/v2\/product\/13566\/revisions\/13567"}],"wp:featuredmedia":[{"embeddable":true,"href":"https:\/\/colligatum.com\/en\/wp-json\/wp\/v2\/media\/13509"}],"wp:attachment":[{"href":"https:\/\/colligatum.com\/en\/wp-json\/wp\/v2\/media?parent=13566"}],"wp:term":[{"taxonomy":"product_brand","embeddable":true,"href":"https:\/\/colligatum.com\/en\/wp-json\/wp\/v2\/product_brand?post=13566"},{"taxonomy":"product_cat","embeddable":true,"href":"https:\/\/colligatum.com\/en\/wp-json\/wp\/v2\/product_cat?post=13566"},{"taxonomy":"product_tag","embeddable":true,"href":"https:\/\/colligatum.com\/en\/wp-json\/wp\/v2\/product_tag?post=13566"}],"curies":[{"name":"wp","href":"https:\/\/api.w.org\/{rel}","templated":true}]}}