{"id":13568,"date":"2025-07-12T15:44:20","date_gmt":"2025-07-12T13:44:20","guid":{"rendered":"https:\/\/colligatum.com\/?post_type=product&#038;p=13568"},"modified":"2026-04-14T06:11:24","modified_gmt":"2026-04-14T04:11:24","slug":"master-100s","status":"publish","type":"product","link":"https:\/\/colligatum.com\/en\/product\/master-100s\/","title":{"rendered":"Master 100&#039;s"},"content":{"rendered":"<p data-start=\"377\" data-end=\"798\"><strong data-start=\"377\" data-end=\"391\">Description:<\/strong><br data-start=\"391\" data-end=\"394\" \/>White flip-top package with a red-blue band and a red &quot;Master 100&#039;s&quot; inscription in the center. At the top is a coat of arms-like emblem. On the side is a Spanish warning &quot;20 Cigarillos Clase A&quot;, and at the top is a possible health warning in Spanish or Portuguese due to regional use. The entire package is in perfect condition, the film is reinforced, with natural aging spots that confirm authenticity.<\/p>\n<hr data-start=\"800\" data-end=\"803\" \/>\n<h3 data-start=\"805\" data-end=\"827\">Value assessment<\/h3>\n<ul data-start=\"829\" data-end=\"1477\">\n<li data-start=\"829\" data-end=\"1059\">\n<p data-start=\"831\" data-end=\"1059\"><strong data-start=\"831\" data-end=\"851\">Collectible value:<\/strong> Average. This is not a limited edition - but a rare South American flip-top version. For collectors, especially interested in old South American cigarettes\/cigarillos, it may be valuable as an exotic specimen.<\/p>\n<\/li>\n<li data-start=\"1060\" data-end=\"1173\">\n<p data-start=\"1062\" data-end=\"1173\"><strong data-start=\"1062\" data-end=\"1084\">Condition assessment:<\/strong> Unopened, with film and seal, excellent condition, only natural old signs of the foil.<\/p>\n<\/li>\n<\/ul>","protected":false},"excerpt":{"rendered":"<p data-start=\"0\" data-end=\"37\"><span class=\"relative -mx-px my-[-0.2rem] rounded px-px py-[0.2rem] transition-colors duration-100 ease-in-out\">Prek\u0117s \u017eenklas ir pavadinimas: <strong data-start=\"31\" data-end=\"47\" data-is-last-node=\"\">Master 100\u2019s<\/strong><\/span><\/p>\n<p data-start=\"39\" data-end=\"76\"><span class=\"relative -mx-px my-[-0.2rem] rounded px-px py-[0.2rem] transition-colors duration-100 ease-in-out\">Dydis: 20 cigarillos (100\u2019s formato)<\/span><\/p>\n<p data-start=\"78\" data-end=\"152\"><span class=\"relative -mx-px my-[-0.2rem] rounded px-px py-[0.2rem] transition-colors duration-100 ease-in-out\">Gamybos \u0161alis: grei\u010diausiai Bolivija arba kita Piet\u0173 Amerikos \u0161alis, ypa\u010d jei jungtinis \u017eenklinimas atitinka \u201eCompa\u00f1\u00eda Industrial de Tabacos S.A.\u201c gamintoj\u0105, kuris veikia Bolivijoje\u00a0<\/span><\/p>\n<p data-start=\"154\" data-end=\"279\">Gamybos laikotarpis: Tik\u0117tina apie 1990\u20132000 m. (flip-top dizainas, raudon\u2013m\u0117lyna spalv\u0173 schema \u2013 b\u016bdinga \u0161iam laikotarpiui).<\/p>\n<p data-start=\"281\" data-end=\"370\">Pakeli\u0173 tipas: Kietas pakelis (flip\u2011open box), su originalia pl\u0117vele ir antspaudu vir\u0161uje<\/p>\n","protected":false},"featured_media":13510,"template":"","meta":{"_surecart_dashboard_logo_width":"180px","_surecart_dashboard_show_logo":true,"_surecart_dashboard_navigation_orders":true,"_surecart_dashboard_navigation_invoices":true,"_surecart_dashboard_navigation_subscriptions":true,"_surecart_dashboard_navigation_downloads":true,"_surecart_dashboard_navigation_billing":true,"_surecart_dashboard_navigation_account":true,"site-sidebar-layout":"default","site-content-layout":"","ast-site-content-layout":"default","site-content-style":"default","site-sidebar-style":"default","ast-global-header-display":"","ast-banner-title-visibility":"","ast-main-header-display":"","ast-hfb-above-header-display":"","ast-hfb-below-header-display":"","ast-hfb-mobile-header-display":"","site-post-title":"","ast-breadcrumbs-content":"","ast-featured-img":"","footer-sml-layout":"","theme-transparent-header-meta":"default","adv-header-id-meta":"","stick-header-meta":"","header-above-stick-meta":"","header-main-stick-meta":"","header-below-stick-meta":"","astra-migrate-meta-layouts":"set","ast-page-background-enabled":"default","ast-page-background-meta":{"desktop":{"background-color":"","background-image":"","background-repeat":"repeat","background-position":"center center","background-size":"auto","background-attachment":"scroll","background-type":"","background-media":"","overlay-type":"","overlay-color":"","overlay-opacity":"","overlay-gradient":""},"tablet":{"background-color":"","background-image":"","background-repeat":"repeat","background-position":"center center","background-size":"auto","background-attachment":"scroll","background-type":"","background-media":"","overlay-type":"","overlay-color":"","overlay-opacity":"","overlay-gradient":""},"mobile":{"background-color":"","background-image":"","background-repeat":"repeat","background-position":"center center","background-size":"auto","background-attachment":"scroll","background-type":"","background-media":"","overlay-type":"","overlay-color":"","overlay-opacity":"","overlay-gradient":""}},"ast-content-background-meta":{"desktop":{"background-color":"var(--ast-global-color-5)","background-image":"","background-repeat":"repeat","background-position":"center center","background-size":"auto","background-attachment":"scroll","background-type":"","background-media":"","overlay-type":"","overlay-color":"","overlay-opacity":"","overlay-gradient":""},"tablet":{"background-color":"var(--ast-global-color-5)","background-image":"","background-repeat":"repeat","background-position":"center center","background-size":"auto","background-attachment":"scroll","background-type":"","background-media":"","overlay-type":"","overlay-color":"","overlay-opacity":"","overlay-gradient":""},"mobile":{"background-color":"var(--ast-global-color-5)","background-image":"","background-repeat":"repeat","background-position":"center center","background-size":"auto","background-attachment":"scroll","background-type":"","background-media":"","overlay-type":"","overlay-color":"","overlay-opacity":"","overlay-gradient":""}}},"product_brand":[],"product_cat":[83],"product_tag":[],"class_list":{"0":"post-13568","1":"product","2":"type-product","3":"status-publish","4":"has-post-thumbnail","6":"product_cat-bolivia","7":"desktop-align-left","8":"tablet-align-left","9":"mobile-align-left","11":"first","12":"instock","13":"sale","14":"shipping-taxable","15":"purchasable","16":"product-type-simple","17":"add-to-wishlist-before_image"},"_links":{"self":[{"href":"https:\/\/colligatum.com\/en\/wp-json\/wp\/v2\/product\/13568","targetHints":{"allow":["GET"]}}],"collection":[{"href":"https:\/\/colligatum.com\/en\/wp-json\/wp\/v2\/product"}],"about":[{"href":"https:\/\/colligatum.com\/en\/wp-json\/wp\/v2\/types\/product"}],"version-history":[{"count":1,"href":"https:\/\/colligatum.com\/en\/wp-json\/wp\/v2\/product\/13568\/revisions"}],"predecessor-version":[{"id":13569,"href":"https:\/\/colligatum.com\/en\/wp-json\/wp\/v2\/product\/13568\/revisions\/13569"}],"wp:featuredmedia":[{"embeddable":true,"href":"https:\/\/colligatum.com\/en\/wp-json\/wp\/v2\/media\/13510"}],"wp:attachment":[{"href":"https:\/\/colligatum.com\/en\/wp-json\/wp\/v2\/media?parent=13568"}],"wp:term":[{"taxonomy":"product_brand","embeddable":true,"href":"https:\/\/colligatum.com\/en\/wp-json\/wp\/v2\/product_brand?post=13568"},{"taxonomy":"product_cat","embeddable":true,"href":"https:\/\/colligatum.com\/en\/wp-json\/wp\/v2\/product_cat?post=13568"},{"taxonomy":"product_tag","embeddable":true,"href":"https:\/\/colligatum.com\/en\/wp-json\/wp\/v2\/product_tag?post=13568"}],"curies":[{"name":"wp","href":"https:\/\/api.w.org\/{rel}","templated":true}]}}