{"id":13583,"date":"2025-07-13T06:07:26","date_gmt":"2025-07-13T04:07:26","guid":{"rendered":"https:\/\/colligatum.com\/?post_type=product&#038;p=13583"},"modified":"2026-04-12T09:35:58","modified_gmt":"2026-04-12T07:35:58","slug":"g1-art-edition","status":"publish","type":"product","link":"https:\/\/colligatum.com\/en\/product\/g1-art-edition\/","title":{"rendered":"G1 View of Arles with Irises"},"content":{"rendered":"<p data-start=\"313\" data-end=\"805\"><strong data-start=\"313\" data-end=\"327\">Description:<\/strong> Pakelio dizainas atitinka \u0161io paveikslo kompozicin\u0119 strukt\u016br\u0105 \u2013 pirmame plane platus laukas, tolumoje i\u0161sid\u0117st\u0119s Arlio miesto siluetas su i\u0161kylan\u010diais pastatais, o vir\u0161uje \u0161viesus, gelsvas dangus. Vaizdas perteiktas tekst\u016bri\u0161kai, imituojant ry\u0161kius ir gr\u016bd\u0117tus pot\u0117pius.<br data-start=\"598\" data-end=\"601\" \/>Spalvin\u0117 gama \u2013 \u0161ilti geltoni, rusvi ir \u017ealsvi tonai \u2013 b\u016bdinga \u0161iam Van Gogh laikotarpiui. Dizainas yra \u0161iek tiek supaprastintas ir pritaikytas pakelio formatui, ta\u010diau pagrindin\u0117 kompozicija i\u0161laikyta.<\/p>\n<p data-start=\"807\" data-end=\"1041\"><strong data-start=\"807\" data-end=\"830\">Value assessment:<\/strong>\u00a0<br data-start=\"842\" data-end=\"845\" \/>Re\u010diau sutinkamas nei kiparis\u0173 ar \u201e\u017evaig\u017ed\u0117to dangaus\u201c motyvai, tod\u0117l kolekcin\u0117je G1 serijoje turi papildom\u0105 patrauklum\u0105. Labiau vertinamas tarp kolekcionieri\u0173, kurie renka vis\u0105 Van Gogh linij\u0105.<\/p>","protected":false},"excerpt":{"rendered":"<p data-start=\"0\" data-end=\"51\">Brand and name: <strong data-start=\"31\" data-end=\"51\">G1\u00a0<\/strong><\/p>\n<p data-start=\"53\" data-end=\"72\">Size: 20 cigarettes<\/p>\n<p data-start=\"74\" data-end=\"97\">Country of manufacture: Taiwan<\/p>\n<p data-start=\"99\" data-end=\"200\">Production period: Unknown; likely depends on the Art Edition series, possibly 2015-2025.<\/p>\n<p data-start=\"202\" data-end=\"254\">Package type: Hard pouch (flip-top) with cellophane<\/p>","protected":false},"featured_media":26930,"template":"","meta":{"_surecart_dashboard_logo_width":"180px","_surecart_dashboard_show_logo":true,"_surecart_dashboard_navigation_orders":true,"_surecart_dashboard_navigation_invoices":true,"_surecart_dashboard_navigation_subscriptions":true,"_surecart_dashboard_navigation_downloads":true,"_surecart_dashboard_navigation_billing":true,"_surecart_dashboard_navigation_account":true,"site-sidebar-layout":"default","site-content-layout":"","ast-site-content-layout":"default","site-content-style":"default","site-sidebar-style":"default","ast-global-header-display":"","ast-banner-title-visibility":"","ast-main-header-display":"","ast-hfb-above-header-display":"","ast-hfb-below-header-display":"","ast-hfb-mobile-header-display":"","site-post-title":"","ast-breadcrumbs-content":"","ast-featured-img":"","footer-sml-layout":"","theme-transparent-header-meta":"default","adv-header-id-meta":"","stick-header-meta":"","header-above-stick-meta":"","header-main-stick-meta":"","header-below-stick-meta":"","astra-migrate-meta-layouts":"set","ast-page-background-enabled":"default","ast-page-background-meta":{"desktop":{"background-color":"","background-image":"","background-repeat":"repeat","background-position":"center center","background-size":"auto","background-attachment":"scroll","background-type":"","background-media":"","overlay-type":"","overlay-color":"","overlay-opacity":"","overlay-gradient":""},"tablet":{"background-color":"","background-image":"","background-repeat":"repeat","background-position":"center center","background-size":"auto","background-attachment":"scroll","background-type":"","background-media":"","overlay-type":"","overlay-color":"","overlay-opacity":"","overlay-gradient":""},"mobile":{"background-color":"","background-image":"","background-repeat":"repeat","background-position":"center center","background-size":"auto","background-attachment":"scroll","background-type":"","background-media":"","overlay-type":"","overlay-color":"","overlay-opacity":"","overlay-gradient":""}},"ast-content-background-meta":{"desktop":{"background-color":"var(--ast-global-color-5)","background-image":"","background-repeat":"repeat","background-position":"center center","background-size":"auto","background-attachment":"scroll","background-type":"","background-media":"","overlay-type":"","overlay-color":"","overlay-opacity":"","overlay-gradient":""},"tablet":{"background-color":"var(--ast-global-color-5)","background-image":"","background-repeat":"repeat","background-position":"center center","background-size":"auto","background-attachment":"scroll","background-type":"","background-media":"","overlay-type":"","overlay-color":"","overlay-opacity":"","overlay-gradient":""},"mobile":{"background-color":"var(--ast-global-color-5)","background-image":"","background-repeat":"repeat","background-position":"center center","background-size":"auto","background-attachment":"scroll","background-type":"","background-media":"","overlay-type":"","overlay-color":"","overlay-opacity":"","overlay-gradient":""}}},"product_brand":[],"product_cat":[193],"product_tag":[],"class_list":{"0":"post-13583","1":"product","2":"type-product","3":"status-publish","4":"has-post-thumbnail","6":"product_cat-taiwan","7":"desktop-align-left","8":"tablet-align-left","9":"mobile-align-left","11":"first","12":"instock","13":"sale","14":"shipping-taxable","15":"purchasable","16":"product-type-simple","17":"add-to-wishlist-before_image"},"_links":{"self":[{"href":"https:\/\/colligatum.com\/en\/wp-json\/wp\/v2\/product\/13583","targetHints":{"allow":["GET"]}}],"collection":[{"href":"https:\/\/colligatum.com\/en\/wp-json\/wp\/v2\/product"}],"about":[{"href":"https:\/\/colligatum.com\/en\/wp-json\/wp\/v2\/types\/product"}],"version-history":[{"count":2,"href":"https:\/\/colligatum.com\/en\/wp-json\/wp\/v2\/product\/13583\/revisions"}],"predecessor-version":[{"id":26926,"href":"https:\/\/colligatum.com\/en\/wp-json\/wp\/v2\/product\/13583\/revisions\/26926"}],"wp:featuredmedia":[{"embeddable":true,"href":"https:\/\/colligatum.com\/en\/wp-json\/wp\/v2\/media\/26930"}],"wp:attachment":[{"href":"https:\/\/colligatum.com\/en\/wp-json\/wp\/v2\/media?parent=13583"}],"wp:term":[{"taxonomy":"product_brand","embeddable":true,"href":"https:\/\/colligatum.com\/en\/wp-json\/wp\/v2\/product_brand?post=13583"},{"taxonomy":"product_cat","embeddable":true,"href":"https:\/\/colligatum.com\/en\/wp-json\/wp\/v2\/product_cat?post=13583"},{"taxonomy":"product_tag","embeddable":true,"href":"https:\/\/colligatum.com\/en\/wp-json\/wp\/v2\/product_tag?post=13583"}],"curies":[{"name":"wp","href":"https:\/\/api.w.org\/{rel}","templated":true}]}}