{"id":13585,"date":"2025-07-13T06:08:48","date_gmt":"2025-07-13T04:08:48","guid":{"rendered":"https:\/\/colligatum.com\/?post_type=product&#038;p=13585"},"modified":"2025-07-13T06:08:48","modified_gmt":"2025-07-13T04:08:48","slug":"long-life-mild","status":"publish","type":"product","link":"https:\/\/colligatum.com\/en\/product\/long-life-mild\/","title":{"rendered":"Long Life Mild"},"content":{"rendered":"<p data-start=\"275\" data-end=\"325\">Apra\u0161ymas:<br data-start=\"285\" data-end=\"288\" \/><span class=\"relative -mx-px my-[-0.2rem] rounded px-px py-[0.2rem] transition-colors duration-100 ease-in-out\">\u0160is \u201eLong Life Mild\u201c paketas b\u016bdingas \u0161viesiai baltu fonu su \u0161velniomis gintaro spalvos apskritimo motyvais po kini\u0161kais hieroglifais \u201e\u9577\u58fd\u201c ir angli\u0161ku u\u017era\u0161u \u201eLong Life Mild\u201c. Ant galin\u0117s pus\u0117s \u2013 sveikatos \u012fsp\u0117jimas kini\u0173 kalba. Pakuot\u0117 nepa\u017eeista, originalus celofanas stabilus, be atplai\u0161\u0173.<\/span><\/p>\n<hr data-start=\"327\" data-end=\"330\" \/>\n<p data-start=\"332\" data-end=\"351\">Vert\u0117s \u012fvertinimas:<\/p>\n<p data-start=\"353\" data-end=\"581\"><strong data-start=\"353\" data-end=\"373\">Kolekcin\u0117 vert\u0117:<\/strong> Vidutin\u0117 \u2013 tai ne riboto leidimo variantas, ta\u010diau \u201eLong Life\u201c prek\u0117s \u017eenklas Taivane turi ilg\u0105 istorij\u0105 nuo 1959 m. ir vis dar yra pripa\u017eintas tarp vietini\u0173 r\u016bkan\u010di\u0173j\u0173 .<\/p>\n<p data-start=\"583\" data-end=\"677\"><strong data-start=\"583\" data-end=\"605\">B\u016bkl\u0117s vertinimas:<\/strong> Neatidarytas, puikios b\u016bkl\u0117s, celofanas tvarkingas, kampai nesugadinti.<\/p>\n<p data-start=\"679\" data-end=\"881\"><strong data-start=\"679\" data-end=\"719\">Istoriniai duomenys ir populiarumas:<\/strong><br data-start=\"719\" data-end=\"722\" \/><span class=\"relative -mx-px my-[-0.2rem] rounded px-px py-[0.2rem] transition-colors duration-100 ease-in-out\">\u201eLong Life\u201c buvo ir teb\u0117ra viena pagrindini\u0173 vietini\u0173 Taivano cigare\u010di\u0173: XX a. ir 2000-\u0173j\u0173 prad\u017eioje populiariausias pakuo\u010di\u0173 variantas<\/span>. <span class=\"relative -mx-px my-[-0.2rem] rounded px-px py-[0.2rem] transition-colors duration-100 ease-in-out\">\u201eMild\u201c versija, su suma\u017eintu taro ir nikotinu, populiarum\u0105 \u012fgijo po 2006 m.<\/span><\/p>\n","protected":false},"excerpt":{"rendered":"<p data-start=\"42\" data-end=\"79\"><span class=\"relative -mx-px my-[-0.2rem] rounded px-px py-[0.2rem] transition-colors duration-100 ease-in-out\">Prek\u0117s \u017eenklas ir pavadinimas: <strong data-start=\"31\" data-end=\"49\">Long Life Mild<\/strong> (\u9577\u58fd Mild)<\/span><\/p>\n<p data-start=\"81\" data-end=\"118\"><span class=\"relative -mx-px my-[-0.2rem] rounded px-px py-[0.2rem] transition-colors duration-100 ease-in-out\">Dydis: 20 cigare\u010di\u0173<\/span><\/p>\n<p data-start=\"120\" data-end=\"157\"><span class=\"relative -mx-px my-[-0.2rem] rounded px-px py-[0.2rem] transition-colors duration-100 ease-in-out\">Gamybos \u0161alis: Taivanas<\/span><\/p>\n<p data-start=\"159\" data-end=\"234\"><span class=\"relative -mx-px my-[-0.2rem] rounded px-px py-[0.2rem] transition-colors duration-100 ease-in-out\">Gamybos laikotarpis: apie 2009 m. (pagal ZIGSAM katalog\u0105)<\/span><\/p>\n","protected":false},"featured_media":13527,"template":"","meta":{"_surecart_dashboard_logo_width":"180px","_surecart_dashboard_show_logo":true,"_surecart_dashboard_navigation_orders":true,"_surecart_dashboard_navigation_invoices":true,"_surecart_dashboard_navigation_subscriptions":true,"_surecart_dashboard_navigation_downloads":true,"_surecart_dashboard_navigation_billing":true,"_surecart_dashboard_navigation_account":true,"site-sidebar-layout":"default","site-content-layout":"","ast-site-content-layout":"default","site-content-style":"default","site-sidebar-style":"default","ast-global-header-display":"","ast-banner-title-visibility":"","ast-main-header-display":"","ast-hfb-above-header-display":"","ast-hfb-below-header-display":"","ast-hfb-mobile-header-display":"","site-post-title":"","ast-breadcrumbs-content":"","ast-featured-img":"","footer-sml-layout":"","theme-transparent-header-meta":"default","adv-header-id-meta":"","stick-header-meta":"","header-above-stick-meta":"","header-main-stick-meta":"","header-below-stick-meta":"","astra-migrate-meta-layouts":"set","ast-page-background-enabled":"default","ast-page-background-meta":{"desktop":{"background-color":"","background-image":"","background-repeat":"repeat","background-position":"center center","background-size":"auto","background-attachment":"scroll","background-type":"","background-media":"","overlay-type":"","overlay-color":"","overlay-opacity":"","overlay-gradient":""},"tablet":{"background-color":"","background-image":"","background-repeat":"repeat","background-position":"center center","background-size":"auto","background-attachment":"scroll","background-type":"","background-media":"","overlay-type":"","overlay-color":"","overlay-opacity":"","overlay-gradient":""},"mobile":{"background-color":"","background-image":"","background-repeat":"repeat","background-position":"center center","background-size":"auto","background-attachment":"scroll","background-type":"","background-media":"","overlay-type":"","overlay-color":"","overlay-opacity":"","overlay-gradient":""}},"ast-content-background-meta":{"desktop":{"background-color":"var(--ast-global-color-5)","background-image":"","background-repeat":"repeat","background-position":"center center","background-size":"auto","background-attachment":"scroll","background-type":"","background-media":"","overlay-type":"","overlay-color":"","overlay-opacity":"","overlay-gradient":""},"tablet":{"background-color":"var(--ast-global-color-5)","background-image":"","background-repeat":"repeat","background-position":"center center","background-size":"auto","background-attachment":"scroll","background-type":"","background-media":"","overlay-type":"","overlay-color":"","overlay-opacity":"","overlay-gradient":""},"mobile":{"background-color":"var(--ast-global-color-5)","background-image":"","background-repeat":"repeat","background-position":"center center","background-size":"auto","background-attachment":"scroll","background-type":"","background-media":"","overlay-type":"","overlay-color":"","overlay-opacity":"","overlay-gradient":""}}},"product_brand":[],"product_cat":[193],"product_tag":[],"class_list":{"0":"post-13585","1":"product","2":"type-product","3":"status-publish","4":"has-post-thumbnail","6":"product_cat-taiwan","7":"desktop-align-left","8":"tablet-align-left","9":"mobile-align-left","11":"first","12":"instock","13":"sale","14":"shipping-taxable","15":"purchasable","16":"product-type-simple","17":"add-to-wishlist-before_image"},"_links":{"self":[{"href":"https:\/\/colligatum.com\/en\/wp-json\/wp\/v2\/product\/13585","targetHints":{"allow":["GET"]}}],"collection":[{"href":"https:\/\/colligatum.com\/en\/wp-json\/wp\/v2\/product"}],"about":[{"href":"https:\/\/colligatum.com\/en\/wp-json\/wp\/v2\/types\/product"}],"version-history":[{"count":1,"href":"https:\/\/colligatum.com\/en\/wp-json\/wp\/v2\/product\/13585\/revisions"}],"predecessor-version":[{"id":13586,"href":"https:\/\/colligatum.com\/en\/wp-json\/wp\/v2\/product\/13585\/revisions\/13586"}],"wp:featuredmedia":[{"embeddable":true,"href":"https:\/\/colligatum.com\/en\/wp-json\/wp\/v2\/media\/13527"}],"wp:attachment":[{"href":"https:\/\/colligatum.com\/en\/wp-json\/wp\/v2\/media?parent=13585"}],"wp:term":[{"taxonomy":"product_brand","embeddable":true,"href":"https:\/\/colligatum.com\/en\/wp-json\/wp\/v2\/product_brand?post=13585"},{"taxonomy":"product_cat","embeddable":true,"href":"https:\/\/colligatum.com\/en\/wp-json\/wp\/v2\/product_cat?post=13585"},{"taxonomy":"product_tag","embeddable":true,"href":"https:\/\/colligatum.com\/en\/wp-json\/wp\/v2\/product_tag?post=13585"}],"curies":[{"name":"wp","href":"https:\/\/api.w.org\/{rel}","templated":true}]}}