{"id":13667,"date":"2025-07-13T06:42:18","date_gmt":"2025-07-13T04:42:18","guid":{"rendered":"https:\/\/colligatum.com\/?post_type=product&#038;p=13667"},"modified":"2025-07-13T06:42:18","modified_gmt":"2025-07-13T04:42:18","slug":"longlife","status":"publish","type":"product","link":"https:\/\/colligatum.com\/en\/product\/longlife\/","title":{"rendered":"Longlife"},"content":{"rendered":"<p data-start=\"470\" data-end=\"563\"><strong data-start=\"470\" data-end=\"484\">Apra\u0161ymas:<\/strong><br data-start=\"484\" data-end=\"487\" \/><span class=\"relative -mx-px my-[-0.2rem] rounded px-px py-[0.2rem] transition-colors duration-100 ease-in-out\">Baltas paketas, centre tradiciniai kin\u0173 \u017eenklai \u201e\u9577\u58fd\u201c, o apa\u010dioje angli\u0161kas tekstas \u201eLonglife\u201c ir \u201e10\u202fmg\u201c \u2013 nurodo nikotino kiek\u012f. Mielas, modernaus minimalizmo dizainas. Ant pakelio \u2013 Taivano sveikatos \u012fsp\u0117jimas (\u201e\u884c\u653f\u9662\u885b\u751f\u7f72\u8b66\u544a\u201c), kuris rodo galiojim\u0105 pagal nacionalin\u0119 tabako kontrol\u0119. Pagal gamintoj\u0105, gaminta 2006\u20132009 m. ir patvirtintas 20\u202fcig per pakel\u012f variantas<\/span> .<\/p>\n<hr data-start=\"565\" data-end=\"568\" \/>\n<h3 data-start=\"570\" data-end=\"592\">Vert\u0117s \u012fvertinimas<\/h3>\n<p data-start=\"594\" data-end=\"839\"><strong data-start=\"594\" data-end=\"614\">Kolekcin\u0117 vert\u0117:<\/strong> Vidutin\u0117 \u2013 tai pagarsintas Taivano prek\u0117s \u017eenklas, tur\u0117j\u0119s svarbi\u0105 viet\u0105 \u0161alies tabako kult\u016broje nuo 1958 m. ir dominuojantis ve\u017etuve iki 1980-t\u0173j\u0173 . <span class=\"relative -mx-px my-[-0.2rem] rounded px-px py-[0.2rem] transition-colors duration-100 ease-in-out\">Nors tai n\u0117ra ribota serija, kolekcionieriai vertina \u0161iuos paketus d\u0117l istorinio ir regioninio konteksto.<\/span><\/p>\n<p data-start=\"841\" data-end=\"959\"><strong data-start=\"841\" data-end=\"863\">B\u016bkl\u0117s vertinimas:<\/strong> Neatidarytas, folija \u012fprastai geros b\u016bkl\u0117s, kampai \u0161iek tiek priglud\u0119 \u2013 vertinamas kaip puikus.<\/p>\n","protected":false},"excerpt":{"rendered":"<p data-start=\"42\" data-end=\"90\"><strong data-start=\"42\" data-end=\"76\">Brand and name:<\/strong> \u9577\u58fd <em data-start=\"80\" data-end=\"90\">Longlife<\/em><\/p>\n<p data-start=\"92\" data-end=\"115\"><strong data-start=\"92\" data-end=\"102\">Size:<\/strong> 20 cigarettes<\/p>\n<p data-start=\"117\" data-end=\"228\"><strong data-start=\"117\" data-end=\"135\">Country of manufacture:<\/strong> Taiwan (product of Taiwan Tobacco &amp; Liquor Corporation)<\/p>\n<p data-start=\"230\" data-end=\"379\"><strong data-start=\"230\" data-end=\"254\">Production period:<\/strong> Modern edition, exact date unknown; models Longlife 10 mg from 2006-2009 catalogs. .<\/p>\n<p data-start=\"381\" data-end=\"468\"><strong data-start=\"381\" data-end=\"399\">Package type:<\/strong> Hard pack, with foil, unopened, in excellent condition.<\/p>","protected":false},"featured_media":13613,"template":"","meta":{"_surecart_dashboard_logo_width":"180px","_surecart_dashboard_show_logo":true,"_surecart_dashboard_navigation_orders":true,"_surecart_dashboard_navigation_invoices":true,"_surecart_dashboard_navigation_subscriptions":true,"_surecart_dashboard_navigation_downloads":true,"_surecart_dashboard_navigation_billing":true,"_surecart_dashboard_navigation_account":true,"site-sidebar-layout":"default","site-content-layout":"","ast-site-content-layout":"default","site-content-style":"default","site-sidebar-style":"default","ast-global-header-display":"","ast-banner-title-visibility":"","ast-main-header-display":"","ast-hfb-above-header-display":"","ast-hfb-below-header-display":"","ast-hfb-mobile-header-display":"","site-post-title":"","ast-breadcrumbs-content":"","ast-featured-img":"","footer-sml-layout":"","theme-transparent-header-meta":"default","adv-header-id-meta":"","stick-header-meta":"","header-above-stick-meta":"","header-main-stick-meta":"","header-below-stick-meta":"","astra-migrate-meta-layouts":"set","ast-page-background-enabled":"default","ast-page-background-meta":{"desktop":{"background-color":"","background-image":"","background-repeat":"repeat","background-position":"center center","background-size":"auto","background-attachment":"scroll","background-type":"","background-media":"","overlay-type":"","overlay-color":"","overlay-opacity":"","overlay-gradient":""},"tablet":{"background-color":"","background-image":"","background-repeat":"repeat","background-position":"center center","background-size":"auto","background-attachment":"scroll","background-type":"","background-media":"","overlay-type":"","overlay-color":"","overlay-opacity":"","overlay-gradient":""},"mobile":{"background-color":"","background-image":"","background-repeat":"repeat","background-position":"center center","background-size":"auto","background-attachment":"scroll","background-type":"","background-media":"","overlay-type":"","overlay-color":"","overlay-opacity":"","overlay-gradient":""}},"ast-content-background-meta":{"desktop":{"background-color":"var(--ast-global-color-5)","background-image":"","background-repeat":"repeat","background-position":"center center","background-size":"auto","background-attachment":"scroll","background-type":"","background-media":"","overlay-type":"","overlay-color":"","overlay-opacity":"","overlay-gradient":""},"tablet":{"background-color":"var(--ast-global-color-5)","background-image":"","background-repeat":"repeat","background-position":"center center","background-size":"auto","background-attachment":"scroll","background-type":"","background-media":"","overlay-type":"","overlay-color":"","overlay-opacity":"","overlay-gradient":""},"mobile":{"background-color":"var(--ast-global-color-5)","background-image":"","background-repeat":"repeat","background-position":"center center","background-size":"auto","background-attachment":"scroll","background-type":"","background-media":"","overlay-type":"","overlay-color":"","overlay-opacity":"","overlay-gradient":""}}},"product_brand":[],"product_cat":[193],"product_tag":[],"class_list":{"0":"post-13667","1":"product","2":"type-product","3":"status-publish","4":"has-post-thumbnail","6":"product_cat-taiwan","7":"desktop-align-left","8":"tablet-align-left","9":"mobile-align-left","11":"first","12":"instock","13":"sale","14":"shipping-taxable","15":"purchasable","16":"product-type-simple","17":"add-to-wishlist-before_image"},"_links":{"self":[{"href":"https:\/\/colligatum.com\/en\/wp-json\/wp\/v2\/product\/13667","targetHints":{"allow":["GET"]}}],"collection":[{"href":"https:\/\/colligatum.com\/en\/wp-json\/wp\/v2\/product"}],"about":[{"href":"https:\/\/colligatum.com\/en\/wp-json\/wp\/v2\/types\/product"}],"version-history":[{"count":1,"href":"https:\/\/colligatum.com\/en\/wp-json\/wp\/v2\/product\/13667\/revisions"}],"predecessor-version":[{"id":13668,"href":"https:\/\/colligatum.com\/en\/wp-json\/wp\/v2\/product\/13667\/revisions\/13668"}],"wp:featuredmedia":[{"embeddable":true,"href":"https:\/\/colligatum.com\/en\/wp-json\/wp\/v2\/media\/13613"}],"wp:attachment":[{"href":"https:\/\/colligatum.com\/en\/wp-json\/wp\/v2\/media?parent=13667"}],"wp:term":[{"taxonomy":"product_brand","embeddable":true,"href":"https:\/\/colligatum.com\/en\/wp-json\/wp\/v2\/product_brand?post=13667"},{"taxonomy":"product_cat","embeddable":true,"href":"https:\/\/colligatum.com\/en\/wp-json\/wp\/v2\/product_cat?post=13667"},{"taxonomy":"product_tag","embeddable":true,"href":"https:\/\/colligatum.com\/en\/wp-json\/wp\/v2\/product_tag?post=13667"}],"curies":[{"name":"wp","href":"https:\/\/api.w.org\/{rel}","templated":true}]}}