{"id":13676,"date":"2025-07-13T09:59:09","date_gmt":"2025-07-13T07:59:09","guid":{"rendered":"https:\/\/colligatum.com\/?post_type=product&#038;p=13676"},"modified":"2026-04-12T09:38:00","modified_gmt":"2026-04-12T07:38:00","slug":"g1-van-gogh-zvaigzdeta-naktis","status":"publish","type":"product","link":"https:\/\/colligatum.com\/en\/product\/g1-van-gogh-zvaigzdeta-naktis\/","title":{"rendered":"G1 The Starry Night"},"content":{"rendered":"<p data-start=\"305\" data-end=\"738\"><strong data-start=\"305\" data-end=\"319\">Description:<\/strong> Pakelio dizainas ai\u0161kiai atkartoja vien\u0105 \u017einomiausi\u0173 <span class=\"hover:entity-accent entity-underline inline cursor-pointer align-baseline\"><span class=\"whitespace-normal\">Vincent van Gogh<\/span><\/span> k\u016brini\u0173 \u2013 banguojant\u012f naktin\u012f dang\u0173 su ry\u0161kiomis spiral\u0117mis ir dideliais \u0161viesuliais. Matomas kontrastingas m\u0117lyn\u0173 ir gelton\u0173 ton\u0173 derinys, dinami\u0161kas pot\u0117pi\u0173 jud\u0117jimas bei i\u0161rai\u0161kinga dangaus strukt\u016bra. Kompozicija stilizuota ir pritaikyta pakelio formatui, ta\u010diau pagrindiniai vizualiniai elementai i\u0161laikyti labai ai\u0161kiai.<\/p>\n<hr data-start=\"740\" data-end=\"743\" \/>\n<p data-start=\"745\" data-end=\"948\"><strong data-start=\"745\" data-end=\"768\">Value assessment:<\/strong>\u00a0<br data-start=\"780\" data-end=\"783\" \/>Vienas geid\u017eiamiausi\u0173 \u0161ios serijos pakeli\u0173. \u201eStarry Night\u201c motyvas yra labai atpa\u017e\u012fstamas ir kolekcionieri\u0173 vertinamas auk\u0161\u010diausiai tarp vis\u0173 G1 Van Gogh variant\u0173.<\/p>","protected":false},"excerpt":{"rendered":"<p data-start=\"82\" data-end=\"150\"><strong data-start=\"82\" data-end=\"116\">Brand and name:<\/strong> G1 (Van Gogh&#039;s &quot;Starry Night&quot;)<\/p>\n<p data-start=\"152\" data-end=\"175\"><strong data-start=\"152\" data-end=\"162\">Size:<\/strong> 20 cigarettes<\/p>\n<p data-start=\"177\" data-end=\"204\"><strong data-start=\"177\" data-end=\"195\">Country of manufacture:<\/strong> Taiwan<\/p>\n<p data-start=\"206\" data-end=\"264\"><strong data-start=\"206\" data-end=\"230\">Production period:<\/strong> Unknown (modern edition)<\/p>\n<p data-start=\"266\" data-end=\"299\"><strong data-start=\"266\" data-end=\"284\">Package type:<\/strong> Hard pack<\/p>","protected":false},"featured_media":13621,"template":"","meta":{"_surecart_dashboard_logo_width":"180px","_surecart_dashboard_show_logo":true,"_surecart_dashboard_navigation_orders":true,"_surecart_dashboard_navigation_invoices":true,"_surecart_dashboard_navigation_subscriptions":true,"_surecart_dashboard_navigation_downloads":true,"_surecart_dashboard_navigation_billing":true,"_surecart_dashboard_navigation_account":true,"site-sidebar-layout":"default","site-content-layout":"","ast-site-content-layout":"default","site-content-style":"default","site-sidebar-style":"default","ast-global-header-display":"","ast-banner-title-visibility":"","ast-main-header-display":"","ast-hfb-above-header-display":"","ast-hfb-below-header-display":"","ast-hfb-mobile-header-display":"","site-post-title":"","ast-breadcrumbs-content":"","ast-featured-img":"","footer-sml-layout":"","theme-transparent-header-meta":"default","adv-header-id-meta":"","stick-header-meta":"","header-above-stick-meta":"","header-main-stick-meta":"","header-below-stick-meta":"","astra-migrate-meta-layouts":"set","ast-page-background-enabled":"default","ast-page-background-meta":{"desktop":{"background-color":"","background-image":"","background-repeat":"repeat","background-position":"center center","background-size":"auto","background-attachment":"scroll","background-type":"","background-media":"","overlay-type":"","overlay-color":"","overlay-opacity":"","overlay-gradient":""},"tablet":{"background-color":"","background-image":"","background-repeat":"repeat","background-position":"center center","background-size":"auto","background-attachment":"scroll","background-type":"","background-media":"","overlay-type":"","overlay-color":"","overlay-opacity":"","overlay-gradient":""},"mobile":{"background-color":"","background-image":"","background-repeat":"repeat","background-position":"center center","background-size":"auto","background-attachment":"scroll","background-type":"","background-media":"","overlay-type":"","overlay-color":"","overlay-opacity":"","overlay-gradient":""}},"ast-content-background-meta":{"desktop":{"background-color":"var(--ast-global-color-5)","background-image":"","background-repeat":"repeat","background-position":"center center","background-size":"auto","background-attachment":"scroll","background-type":"","background-media":"","overlay-type":"","overlay-color":"","overlay-opacity":"","overlay-gradient":""},"tablet":{"background-color":"var(--ast-global-color-5)","background-image":"","background-repeat":"repeat","background-position":"center center","background-size":"auto","background-attachment":"scroll","background-type":"","background-media":"","overlay-type":"","overlay-color":"","overlay-opacity":"","overlay-gradient":""},"mobile":{"background-color":"var(--ast-global-color-5)","background-image":"","background-repeat":"repeat","background-position":"center center","background-size":"auto","background-attachment":"scroll","background-type":"","background-media":"","overlay-type":"","overlay-color":"","overlay-opacity":"","overlay-gradient":""}}},"product_brand":[],"product_cat":[193],"product_tag":[],"class_list":{"0":"post-13676","1":"product","2":"type-product","3":"status-publish","4":"has-post-thumbnail","6":"product_cat-taiwan","7":"desktop-align-left","8":"tablet-align-left","9":"mobile-align-left","11":"first","12":"instock","13":"sale","14":"shipping-taxable","15":"purchasable","16":"product-type-simple","17":"add-to-wishlist-before_image"},"_links":{"self":[{"href":"https:\/\/colligatum.com\/en\/wp-json\/wp\/v2\/product\/13676","targetHints":{"allow":["GET"]}}],"collection":[{"href":"https:\/\/colligatum.com\/en\/wp-json\/wp\/v2\/product"}],"about":[{"href":"https:\/\/colligatum.com\/en\/wp-json\/wp\/v2\/types\/product"}],"version-history":[{"count":3,"href":"https:\/\/colligatum.com\/en\/wp-json\/wp\/v2\/product\/13676\/revisions"}],"predecessor-version":[{"id":26927,"href":"https:\/\/colligatum.com\/en\/wp-json\/wp\/v2\/product\/13676\/revisions\/26927"}],"wp:featuredmedia":[{"embeddable":true,"href":"https:\/\/colligatum.com\/en\/wp-json\/wp\/v2\/media\/13621"}],"wp:attachment":[{"href":"https:\/\/colligatum.com\/en\/wp-json\/wp\/v2\/media?parent=13676"}],"wp:term":[{"taxonomy":"product_brand","embeddable":true,"href":"https:\/\/colligatum.com\/en\/wp-json\/wp\/v2\/product_brand?post=13676"},{"taxonomy":"product_cat","embeddable":true,"href":"https:\/\/colligatum.com\/en\/wp-json\/wp\/v2\/product_cat?post=13676"},{"taxonomy":"product_tag","embeddable":true,"href":"https:\/\/colligatum.com\/en\/wp-json\/wp\/v2\/product_tag?post=13676"}],"curies":[{"name":"wp","href":"https:\/\/api.w.org\/{rel}","templated":true}]}}