{"id":13800,"date":"2025-07-15T05:03:02","date_gmt":"2025-07-15T03:03:02","guid":{"rendered":"https:\/\/colligatum.com\/?post_type=product&#038;p=13800"},"modified":"2025-07-15T05:03:03","modified_gmt":"2025-07-15T03:03:03","slug":"five-bulls","status":"publish","type":"product","link":"https:\/\/colligatum.com\/en\/product\/five-bulls\/","title":{"rendered":"Five Bulls"},"content":{"rendered":"<p data-start=\"291\" data-end=\"721\"><strong data-start=\"291\" data-end=\"305\">Description:<\/strong><br data-start=\"305\" data-end=\"308\" \/>\u201eFive Bulls\u201c cigare\u010di\u0173 pakelis i\u0161siskiria auksine spalva ir kin\u0173 kaligrafija bei ikonografija, vaizduojan\u010dia penkis jau\u010dius centrin\u0117je juostoje. Pavadinimas angl\u0173 kalba \u201eFive Bulls\u201c nurodytas priekin\u0117je pus\u0117je, o gamintojas \u2013 \u201eChina Tobacco Chuanyu Industrial Co., Ltd.\u201c \u2013 nurodytas ant galin\u0117s dalies. Pakelis u\u017edarytas gamykliniu celofanu. \u012esp\u0117jimai apie r\u016bkymo \u017eal\u0105 pateikti kin\u0173 kalba abiejose pakelio pus\u0117se.<\/p>\n<p data-start=\"723\" data-end=\"748\"><strong data-start=\"723\" data-end=\"746\">Value assessment:<\/strong><\/p>\n<ul data-start=\"749\" data-end=\"1207\">\n<li data-start=\"749\" data-end=\"930\">\n<p data-start=\"751\" data-end=\"930\"><strong data-start=\"751\" data-end=\"771\">Collectible value:<\/strong> \u017dema\u2013vidutin\u0117. Nors pakelis neatrodo es\u0105s riboto leidimo, egzoti\u0161kas kini\u0161kas \u017eenklas gali b\u016bti patrauklus kolekcininkams, ypa\u010d besidomintiems Azijos rinka.<\/p>\n<\/li>\n<li data-start=\"931\" data-end=\"987\">\n<p data-start=\"933\" data-end=\"987\"><strong data-start=\"933\" data-end=\"955\">Condition assessment:<\/strong> Unopened, in excellent condition.<\/p>\n<\/li>\n<li data-start=\"988\" data-end=\"1207\">\n<p data-start=\"990\" data-end=\"1207\"><strong data-start=\"990\" data-end=\"1030\">Historical data and popularity:<\/strong> Five Bulls n\u0117ra pla\u010diai \u017einomas tarptautiniu mastu prek\u0117s \u017eenklas, ta\u010diau Kinijoje \u0161io tipo regioniniai preki\u0173 \u017eenklai egzistuoja kaip pigesn\u0117 alternatyva vietiniam vartojimui.<\/p>\n<\/li>\n<\/ul>","protected":false},"excerpt":{"rendered":"<p data-start=\"97\" data-end=\"142\"><strong data-start=\"97\" data-end=\"131\">Brand and name:<\/strong> Five Bulls<\/p>\n<p data-start=\"144\" data-end=\"167\"><strong data-start=\"144\" data-end=\"154\">Size:<\/strong> 20 cigarettes<\/p>\n<p data-start=\"169\" data-end=\"194\"><strong data-start=\"169\" data-end=\"187\">Country of manufacture:<\/strong> China<\/p>\n<p data-start=\"196\" data-end=\"254\"><strong data-start=\"196\" data-end=\"220\">Production period:<\/strong> Unknown (modern edition)<\/p>\n<p data-start=\"256\" data-end=\"289\"><strong data-start=\"256\" data-end=\"274\">Package type:<\/strong> Hard pack<\/p>","protected":false},"featured_media":13747,"template":"","meta":{"_surecart_dashboard_logo_width":"180px","_surecart_dashboard_show_logo":true,"_surecart_dashboard_navigation_orders":true,"_surecart_dashboard_navigation_invoices":true,"_surecart_dashboard_navigation_subscriptions":true,"_surecart_dashboard_navigation_downloads":true,"_surecart_dashboard_navigation_billing":true,"_surecart_dashboard_navigation_account":true,"site-sidebar-layout":"default","site-content-layout":"","ast-site-content-layout":"default","site-content-style":"default","site-sidebar-style":"default","ast-global-header-display":"","ast-banner-title-visibility":"","ast-main-header-display":"","ast-hfb-above-header-display":"","ast-hfb-below-header-display":"","ast-hfb-mobile-header-display":"","site-post-title":"","ast-breadcrumbs-content":"","ast-featured-img":"","footer-sml-layout":"","theme-transparent-header-meta":"default","adv-header-id-meta":"","stick-header-meta":"","header-above-stick-meta":"","header-main-stick-meta":"","header-below-stick-meta":"","astra-migrate-meta-layouts":"set","ast-page-background-enabled":"default","ast-page-background-meta":{"desktop":{"background-color":"","background-image":"","background-repeat":"repeat","background-position":"center center","background-size":"auto","background-attachment":"scroll","background-type":"","background-media":"","overlay-type":"","overlay-color":"","overlay-opacity":"","overlay-gradient":""},"tablet":{"background-color":"","background-image":"","background-repeat":"repeat","background-position":"center center","background-size":"auto","background-attachment":"scroll","background-type":"","background-media":"","overlay-type":"","overlay-color":"","overlay-opacity":"","overlay-gradient":""},"mobile":{"background-color":"","background-image":"","background-repeat":"repeat","background-position":"center center","background-size":"auto","background-attachment":"scroll","background-type":"","background-media":"","overlay-type":"","overlay-color":"","overlay-opacity":"","overlay-gradient":""}},"ast-content-background-meta":{"desktop":{"background-color":"var(--ast-global-color-5)","background-image":"","background-repeat":"repeat","background-position":"center center","background-size":"auto","background-attachment":"scroll","background-type":"","background-media":"","overlay-type":"","overlay-color":"","overlay-opacity":"","overlay-gradient":""},"tablet":{"background-color":"var(--ast-global-color-5)","background-image":"","background-repeat":"repeat","background-position":"center center","background-size":"auto","background-attachment":"scroll","background-type":"","background-media":"","overlay-type":"","overlay-color":"","overlay-opacity":"","overlay-gradient":""},"mobile":{"background-color":"var(--ast-global-color-5)","background-image":"","background-repeat":"repeat","background-position":"center center","background-size":"auto","background-attachment":"scroll","background-type":"","background-media":"","overlay-type":"","overlay-color":"","overlay-opacity":"","overlay-gradient":""}}},"product_brand":[],"product_cat":[138],"product_tag":[],"class_list":{"0":"post-13800","1":"product","2":"type-product","3":"status-publish","4":"has-post-thumbnail","6":"product_cat-china","7":"desktop-align-left","8":"tablet-align-left","9":"mobile-align-left","11":"first","12":"instock","13":"sale","14":"shipping-taxable","15":"purchasable","16":"product-type-simple","17":"add-to-wishlist-before_image"},"_links":{"self":[{"href":"https:\/\/colligatum.com\/en\/wp-json\/wp\/v2\/product\/13800","targetHints":{"allow":["GET"]}}],"collection":[{"href":"https:\/\/colligatum.com\/en\/wp-json\/wp\/v2\/product"}],"about":[{"href":"https:\/\/colligatum.com\/en\/wp-json\/wp\/v2\/types\/product"}],"version-history":[{"count":1,"href":"https:\/\/colligatum.com\/en\/wp-json\/wp\/v2\/product\/13800\/revisions"}],"predecessor-version":[{"id":13801,"href":"https:\/\/colligatum.com\/en\/wp-json\/wp\/v2\/product\/13800\/revisions\/13801"}],"wp:featuredmedia":[{"embeddable":true,"href":"https:\/\/colligatum.com\/en\/wp-json\/wp\/v2\/media\/13747"}],"wp:attachment":[{"href":"https:\/\/colligatum.com\/en\/wp-json\/wp\/v2\/media?parent=13800"}],"wp:term":[{"taxonomy":"product_brand","embeddable":true,"href":"https:\/\/colligatum.com\/en\/wp-json\/wp\/v2\/product_brand?post=13800"},{"taxonomy":"product_cat","embeddable":true,"href":"https:\/\/colligatum.com\/en\/wp-json\/wp\/v2\/product_cat?post=13800"},{"taxonomy":"product_tag","embeddable":true,"href":"https:\/\/colligatum.com\/en\/wp-json\/wp\/v2\/product_tag?post=13800"}],"curies":[{"name":"wp","href":"https:\/\/api.w.org\/{rel}","templated":true}]}}