{"id":13887,"date":"2025-07-15T05:48:40","date_gmt":"2025-07-15T03:48:40","guid":{"rendered":"https:\/\/colligatum.com\/?post_type=product&#038;p=13887"},"modified":"2025-07-15T05:48:40","modified_gmt":"2025-07-15T03:48:40","slug":"gauloises-blondes-3","status":"publish","type":"product","link":"https:\/\/colligatum.com\/en\/product\/gauloises-blondes-3\/","title":{"rendered":"Gauloises Blondes"},"content":{"rendered":"<p data-start=\"293\" data-end=\"791\"><strong data-start=\"293\" data-end=\"307\">Description:<\/strong> Gauloises Blondes raudonos spalvos cigare\u010di\u0173 pakelis i\u0161siskiria tamsiai bordo atspalviu, su kontrastingu auksiniu logotipu ir sparnuoto kario simboliu. Tai klasikinis pranc\u016bzi\u0161kos kilm\u0117s, ta\u010diau Vokietijoje gaminamas tabako prek\u0117s \u017eenklas. Ant pakelio ai\u0161kiai matomas voki\u0161kas persp\u0117jimas apie r\u016bkymo pavoj\u0173 sveikatai \u2013 \u201eRauchen kann t\u00f6dlich sein\u201c ir \u201eRauchen verursacht t\u00f6dlichen Lungenkrebs\u201c, bei Vokietijos akcizo lipdukas. Pakelis u\u017edarytas, originalioje pakuot\u0117je, be pa\u017eeidim\u0173.<\/p>\n<hr data-start=\"793\" data-end=\"796\" \/>\n<p data-start=\"798\" data-end=\"821\"><strong data-start=\"798\" data-end=\"821\">Value assessment:<\/strong><\/p>\n<p data-start=\"823\" data-end=\"935\"><strong data-start=\"823\" data-end=\"843\">Collectible value:<\/strong> \u017dema. Tai yra pla\u010diai prieinamas \u0161iuolaikinis leidimas be riboto tira\u017eo ar dizaino ypatum\u0173.<\/p>\n<p data-start=\"937\" data-end=\"989\"><strong data-start=\"937\" data-end=\"959\">Condition assessment:<\/strong> Unopened, in excellent condition.<\/p>\n<p data-start=\"991\" data-end=\"1264\"><strong data-start=\"991\" data-end=\"1031\">Historical data and popularity:<\/strong> Gauloises yra vienas i\u0161 seniausi\u0173 Europos cigare\u010di\u0173 prek\u0117s \u017eenkl\u0173, \u017einomas d\u0117l savo ry\u0161kaus stiliaus ir stipraus skonio. Ta\u010diau \u0161iuolaikiniai leidimai n\u0117ra aktyviai kolekcionuojami, nebent tai b\u016bt\u0173 senesn\u0117s ar jubiliejin\u0117s versijos.<\/p>","protected":false},"excerpt":{"rendered":"<p data-start=\"78\" data-end=\"141\"><strong data-start=\"78\" data-end=\"112\">Brand and name:<\/strong> Gauloises Blondes (raudonas)<\/p>\n<p data-start=\"143\" data-end=\"166\"><strong data-start=\"143\" data-end=\"153\">Size:<\/strong> 20 cigarettes<\/p>\n<p data-start=\"168\" data-end=\"196\"><strong data-start=\"168\" data-end=\"186\">Country of manufacture:<\/strong> Germany<\/p>\n<p data-start=\"198\" data-end=\"256\"><strong data-start=\"198\" data-end=\"222\">Production period:<\/strong> Unknown (modern edition)<\/p>\n<p data-start=\"258\" data-end=\"291\"><strong data-start=\"258\" data-end=\"276\">Package type:<\/strong> Hard pack<\/p>","protected":false},"featured_media":13831,"template":"","meta":{"_surecart_dashboard_logo_width":"180px","_surecart_dashboard_show_logo":true,"_surecart_dashboard_navigation_orders":true,"_surecart_dashboard_navigation_invoices":true,"_surecart_dashboard_navigation_subscriptions":true,"_surecart_dashboard_navigation_downloads":true,"_surecart_dashboard_navigation_billing":true,"_surecart_dashboard_navigation_account":true,"site-sidebar-layout":"default","site-content-layout":"","ast-site-content-layout":"default","site-content-style":"default","site-sidebar-style":"default","ast-global-header-display":"","ast-banner-title-visibility":"","ast-main-header-display":"","ast-hfb-above-header-display":"","ast-hfb-below-header-display":"","ast-hfb-mobile-header-display":"","site-post-title":"","ast-breadcrumbs-content":"","ast-featured-img":"","footer-sml-layout":"","theme-transparent-header-meta":"default","adv-header-id-meta":"","stick-header-meta":"","header-above-stick-meta":"","header-main-stick-meta":"","header-below-stick-meta":"","astra-migrate-meta-layouts":"set","ast-page-background-enabled":"default","ast-page-background-meta":{"desktop":{"background-color":"","background-image":"","background-repeat":"repeat","background-position":"center center","background-size":"auto","background-attachment":"scroll","background-type":"","background-media":"","overlay-type":"","overlay-color":"","overlay-opacity":"","overlay-gradient":""},"tablet":{"background-color":"","background-image":"","background-repeat":"repeat","background-position":"center center","background-size":"auto","background-attachment":"scroll","background-type":"","background-media":"","overlay-type":"","overlay-color":"","overlay-opacity":"","overlay-gradient":""},"mobile":{"background-color":"","background-image":"","background-repeat":"repeat","background-position":"center center","background-size":"auto","background-attachment":"scroll","background-type":"","background-media":"","overlay-type":"","overlay-color":"","overlay-opacity":"","overlay-gradient":""}},"ast-content-background-meta":{"desktop":{"background-color":"var(--ast-global-color-5)","background-image":"","background-repeat":"repeat","background-position":"center center","background-size":"auto","background-attachment":"scroll","background-type":"","background-media":"","overlay-type":"","overlay-color":"","overlay-opacity":"","overlay-gradient":""},"tablet":{"background-color":"var(--ast-global-color-5)","background-image":"","background-repeat":"repeat","background-position":"center center","background-size":"auto","background-attachment":"scroll","background-type":"","background-media":"","overlay-type":"","overlay-color":"","overlay-opacity":"","overlay-gradient":""},"mobile":{"background-color":"var(--ast-global-color-5)","background-image":"","background-repeat":"repeat","background-position":"center center","background-size":"auto","background-attachment":"scroll","background-type":"","background-media":"","overlay-type":"","overlay-color":"","overlay-opacity":"","overlay-gradient":""}}},"product_brand":[],"product_cat":[151],"product_tag":[],"class_list":{"0":"post-13887","1":"product","2":"type-product","3":"status-publish","4":"has-post-thumbnail","6":"product_cat-germany","7":"desktop-align-left","8":"tablet-align-left","9":"mobile-align-left","11":"first","12":"instock","13":"sale","14":"shipping-taxable","15":"purchasable","16":"product-type-simple","17":"add-to-wishlist-before_image"},"_links":{"self":[{"href":"https:\/\/colligatum.com\/en\/wp-json\/wp\/v2\/product\/13887","targetHints":{"allow":["GET"]}}],"collection":[{"href":"https:\/\/colligatum.com\/en\/wp-json\/wp\/v2\/product"}],"about":[{"href":"https:\/\/colligatum.com\/en\/wp-json\/wp\/v2\/types\/product"}],"version-history":[{"count":1,"href":"https:\/\/colligatum.com\/en\/wp-json\/wp\/v2\/product\/13887\/revisions"}],"predecessor-version":[{"id":13888,"href":"https:\/\/colligatum.com\/en\/wp-json\/wp\/v2\/product\/13887\/revisions\/13888"}],"wp:featuredmedia":[{"embeddable":true,"href":"https:\/\/colligatum.com\/en\/wp-json\/wp\/v2\/media\/13831"}],"wp:attachment":[{"href":"https:\/\/colligatum.com\/en\/wp-json\/wp\/v2\/media?parent=13887"}],"wp:term":[{"taxonomy":"product_brand","embeddable":true,"href":"https:\/\/colligatum.com\/en\/wp-json\/wp\/v2\/product_brand?post=13887"},{"taxonomy":"product_cat","embeddable":true,"href":"https:\/\/colligatum.com\/en\/wp-json\/wp\/v2\/product_cat?post=13887"},{"taxonomy":"product_tag","embeddable":true,"href":"https:\/\/colligatum.com\/en\/wp-json\/wp\/v2\/product_tag?post=13887"}],"curies":[{"name":"wp","href":"https:\/\/api.w.org\/{rel}","templated":true}]}}