{"id":13993,"date":"2025-07-16T04:29:47","date_gmt":"2025-07-16T02:29:47","guid":{"rendered":"https:\/\/colligatum.com\/?post_type=product&#038;p=13993"},"modified":"2026-04-16T11:51:33","modified_gmt":"2026-04-16T09:51:33","slug":"west-ultra","status":"publish","type":"product","link":"https:\/\/colligatum.com\/en\/product\/west-ultra\/","title":{"rendered":"West Ultra"},"content":{"rendered":"<p data-start=\"251\" data-end=\"742\"><strong data-start=\"251\" data-end=\"265\">Description:<\/strong> \u0160is West Ultra cigare\u010di\u0173 pakelis pasi\u017eymi \u0161viesaus dizaino estetika su baltos ir m\u0117lynos spalv\u0173 per\u0117jimu. Priekyje dominuoja West logotipas ir u\u017era\u0161as \u201eUltra\u201c, apa\u010dioje matomas persp\u0117jimas lietuvi\u0173 kalba \u2013 \u201eTabakas labai kenkia sveikatai\u201c. Pakelis taip pat pa\u017eym\u0117tas su Lietuvos Respublikos banderole, skirta ma\u017emeninei prekybai su ai\u0161kiu \u012fsp\u0117jimu apie pardavimo tvark\u0105. Dizainas atitinka to laikme\u010dio lengv\u0173j\u0173 cigare\u010di\u0173 tendencijas, su vizualiai \u0161variu ir moderniu \u012fvaizd\u017eiu.<\/p>\n<p data-start=\"744\" data-end=\"767\"><strong data-start=\"744\" data-end=\"767\">Value assessment:<\/strong><\/p>\n<p data-start=\"769\" data-end=\"947\">Kolekcin\u0117 vert\u0117: Vidutin\u0117. Nors tai n\u0117ra riboto leidimo leidinys, pakelis \u012fdomus d\u0117l specifinio laikotarpio \u017eenklinimo ir \u201eUltra\u201c varianto, kuris dabar neb\u0117ra pla\u010diai prieinamas.<\/p>\n<p data-start=\"949\" data-end=\"1023\">B\u016bkl\u0117s vertinimas: Neatidarytas, puikios b\u016bkl\u0117s su Lietuvos akcizo \u017eenklu.<\/p>\n<p data-start=\"1025\" data-end=\"1289\">Istoriniai duomenys ir populiarumas: West yra vienas populiariausi\u0173 europieti\u0161k\u0173 cigare\u010di\u0173 prek\u0117s \u017eenkl\u0173, \u017einomas d\u0117l plataus asortimento. \u201eUltra\u201c versija buvo rinkai pristatyta kaip itin lengva alternatyva, ta\u010diau v\u0117liau i\u0161imta i\u0161 kai kuri\u0173 rink\u0173 d\u0117l reguliavimo.<\/p>","protected":false},"excerpt":{"rendered":"<p data-start=\"47\" data-end=\"92\"><strong data-start=\"47\" data-end=\"81\">Brand and name:<\/strong> West Ultra<\/p>\n<p data-start=\"94\" data-end=\"117\"><strong data-start=\"94\" data-end=\"104\">Size:<\/strong> 20 cigarettes<\/p>\n<p data-start=\"119\" data-end=\"170\"><strong data-start=\"119\" data-end=\"137\">Country of manufacture:<\/strong> Ne\u017einoma (paskirstymas Lietuvai)<\/p>\n<p data-start=\"172\" data-end=\"214\"><strong data-start=\"172\" data-end=\"196\">Production period:<\/strong> Around 2005\u20132010.<\/p>\n<p data-start=\"216\" data-end=\"249\"><strong data-start=\"216\" data-end=\"234\">Package type:<\/strong> Hard pack<\/p>","protected":false},"featured_media":26245,"template":"","meta":{"_surecart_dashboard_logo_width":"180px","_surecart_dashboard_show_logo":true,"_surecart_dashboard_navigation_orders":true,"_surecart_dashboard_navigation_invoices":true,"_surecart_dashboard_navigation_subscriptions":true,"_surecart_dashboard_navigation_downloads":true,"_surecart_dashboard_navigation_billing":true,"_surecart_dashboard_navigation_account":true,"site-sidebar-layout":"default","site-content-layout":"","ast-site-content-layout":"default","site-content-style":"default","site-sidebar-style":"default","ast-global-header-display":"","ast-banner-title-visibility":"","ast-main-header-display":"","ast-hfb-above-header-display":"","ast-hfb-below-header-display":"","ast-hfb-mobile-header-display":"","site-post-title":"","ast-breadcrumbs-content":"","ast-featured-img":"","footer-sml-layout":"","theme-transparent-header-meta":"default","adv-header-id-meta":"","stick-header-meta":"","header-above-stick-meta":"","header-main-stick-meta":"","header-below-stick-meta":"","astra-migrate-meta-layouts":"set","ast-page-background-enabled":"default","ast-page-background-meta":{"desktop":{"background-color":"","background-image":"","background-repeat":"repeat","background-position":"center center","background-size":"auto","background-attachment":"scroll","background-type":"","background-media":"","overlay-type":"","overlay-color":"","overlay-opacity":"","overlay-gradient":""},"tablet":{"background-color":"","background-image":"","background-repeat":"repeat","background-position":"center center","background-size":"auto","background-attachment":"scroll","background-type":"","background-media":"","overlay-type":"","overlay-color":"","overlay-opacity":"","overlay-gradient":""},"mobile":{"background-color":"","background-image":"","background-repeat":"repeat","background-position":"center center","background-size":"auto","background-attachment":"scroll","background-type":"","background-media":"","overlay-type":"","overlay-color":"","overlay-opacity":"","overlay-gradient":""}},"ast-content-background-meta":{"desktop":{"background-color":"var(--ast-global-color-5)","background-image":"","background-repeat":"repeat","background-position":"center center","background-size":"auto","background-attachment":"scroll","background-type":"","background-media":"","overlay-type":"","overlay-color":"","overlay-opacity":"","overlay-gradient":""},"tablet":{"background-color":"var(--ast-global-color-5)","background-image":"","background-repeat":"repeat","background-position":"center center","background-size":"auto","background-attachment":"scroll","background-type":"","background-media":"","overlay-type":"","overlay-color":"","overlay-opacity":"","overlay-gradient":""},"mobile":{"background-color":"var(--ast-global-color-5)","background-image":"","background-repeat":"repeat","background-position":"center center","background-size":"auto","background-attachment":"scroll","background-type":"","background-media":"","overlay-type":"","overlay-color":"","overlay-opacity":"","overlay-gradient":""}}},"product_brand":[],"product_cat":[85],"product_tag":[],"class_list":{"0":"post-13993","1":"product","2":"type-product","3":"status-publish","4":"has-post-thumbnail","6":"product_cat-lithuania","7":"desktop-align-left","8":"tablet-align-left","9":"mobile-align-left","11":"first","12":"outofstock","13":"sale","14":"shipping-taxable","15":"purchasable","16":"product-type-simple","17":"add-to-wishlist-before_image"},"_links":{"self":[{"href":"https:\/\/colligatum.com\/en\/wp-json\/wp\/v2\/product\/13993","targetHints":{"allow":["GET"]}}],"collection":[{"href":"https:\/\/colligatum.com\/en\/wp-json\/wp\/v2\/product"}],"about":[{"href":"https:\/\/colligatum.com\/en\/wp-json\/wp\/v2\/types\/product"}],"version-history":[{"count":1,"href":"https:\/\/colligatum.com\/en\/wp-json\/wp\/v2\/product\/13993\/revisions"}],"predecessor-version":[{"id":13994,"href":"https:\/\/colligatum.com\/en\/wp-json\/wp\/v2\/product\/13993\/revisions\/13994"}],"wp:featuredmedia":[{"embeddable":true,"href":"https:\/\/colligatum.com\/en\/wp-json\/wp\/v2\/media\/26245"}],"wp:attachment":[{"href":"https:\/\/colligatum.com\/en\/wp-json\/wp\/v2\/media?parent=13993"}],"wp:term":[{"taxonomy":"product_brand","embeddable":true,"href":"https:\/\/colligatum.com\/en\/wp-json\/wp\/v2\/product_brand?post=13993"},{"taxonomy":"product_cat","embeddable":true,"href":"https:\/\/colligatum.com\/en\/wp-json\/wp\/v2\/product_cat?post=13993"},{"taxonomy":"product_tag","embeddable":true,"href":"https:\/\/colligatum.com\/en\/wp-json\/wp\/v2\/product_tag?post=13993"}],"curies":[{"name":"wp","href":"https:\/\/api.w.org\/{rel}","templated":true}]}}