{"id":14005,"date":"2025-07-16T04:52:19","date_gmt":"2025-07-16T02:52:19","guid":{"rendered":"https:\/\/colligatum.com\/?post_type=product&#038;p=14005"},"modified":"2026-03-31T19:37:03","modified_gmt":"2026-03-31T17:37:03","slug":"salem-menthol-silver","status":"publish","type":"product","link":"https:\/\/colligatum.com\/en\/product\/salem-menthol-silver\/","title":{"rendered":"Salem &quot;Menthol Silver&quot;\u201e"},"content":{"rendered":"<p data-start=\"305\" data-end=\"682\"><strong data-start=\"305\" data-end=\"319\">Description:<\/strong> \u0160is \u201eSalem Menthol Silver\u201c cigare\u010di\u0173 pakelis pasi\u017eymi \u0161variu baltu dizainu su ry\u0161kia \u017ealia sta\u010diakampe zona centre. Ant pakelio matomas prekinis \u017eenklas \u201eSalem\u201c su u\u017era\u0161u \u201eMenthol Silver\u201c. \u012esp\u0117jimai apie r\u016bkymo \u017eal\u0105 yra pateikti lietuvi\u0173 kalba. Vir\u0161utin\u0117je dalyje yra originalus akcizo \u017eenklas su kaina \u2013 4.80 Lt, patvirtinantis pakelio skirtum\u0105 Lietuvos rinkai.<\/p>\n<hr data-start=\"684\" data-end=\"687\" \/>\n<p data-start=\"689\" data-end=\"712\"><strong data-start=\"689\" data-end=\"712\">Value assessment:<\/strong><\/p>\n<ul data-start=\"714\" data-end=\"1219\">\n<li data-start=\"714\" data-end=\"914\">\n<p data-start=\"716\" data-end=\"914\"><strong data-start=\"716\" data-end=\"736\">Collectible value:<\/strong> Vidutin\u0117\u2013auk\u0161ta. Mentolio tipo cigaret\u0117s, ypa\u010d i\u0161 senesnio laikotarpio, tampa vis retesn\u0117s rinkoje. Pakelis \u012fdomus d\u0117l puikios b\u016bkl\u0117s ir autenti\u0161kumo (neatidarytas, su lipduku).<\/p>\n<\/li>\n<li data-start=\"915\" data-end=\"987\">\n<p data-start=\"917\" data-end=\"987\"><strong data-start=\"917\" data-end=\"939\">Condition assessment:<\/strong> Unopened, in excellent condition, with excise stamp.<\/p>\n<\/li>\n<li data-start=\"988\" data-end=\"1219\">\n<p data-start=\"990\" data-end=\"1219\"><strong data-start=\"990\" data-end=\"1030\">Historical data and popularity:<\/strong> Salem \u2013 JAV kilm\u0117s mentolini\u0173 cigare\u010di\u0173 prek\u0117s \u017eenklas, kuris buvo trumpai platinamas Lietuvoje. D\u0117l specifin\u0117s ni\u0161os (mentolis, senas leidimas) tai yra patrauklus objektas kolekcininkams.<\/p>\n<\/li>\n<\/ul>","protected":false},"excerpt":{"rendered":"<p data-start=\"83\" data-end=\"140\"><strong data-start=\"83\" data-end=\"117\">Brand and name:<\/strong> Salem &quot;Menthol Silver&quot;\u201e<\/p>\n<p data-start=\"142\" data-end=\"165\"><strong data-start=\"142\" data-end=\"152\">Size:<\/strong> 20 cigarettes<\/p>\n<p data-start=\"167\" data-end=\"193\"><strong data-start=\"167\" data-end=\"185\">Country of manufacture:<\/strong> Lithuania<\/p>\n<p data-start=\"195\" data-end=\"268\"><strong data-start=\"195\" data-end=\"219\">Production period:<\/strong> Apie 2002\u20132005 m. (pagal kain\u0105 litais \u2013 4.80 Lt)<\/p>\n<p data-start=\"270\" data-end=\"303\"><strong data-start=\"270\" data-end=\"288\">Package type:<\/strong> Hard pack<\/p>","protected":false},"featured_media":13952,"template":"","meta":{"_surecart_dashboard_logo_width":"180px","_surecart_dashboard_show_logo":true,"_surecart_dashboard_navigation_orders":true,"_surecart_dashboard_navigation_invoices":true,"_surecart_dashboard_navigation_subscriptions":true,"_surecart_dashboard_navigation_downloads":true,"_surecart_dashboard_navigation_billing":true,"_surecart_dashboard_navigation_account":true,"site-sidebar-layout":"default","site-content-layout":"","ast-site-content-layout":"default","site-content-style":"default","site-sidebar-style":"default","ast-global-header-display":"","ast-banner-title-visibility":"","ast-main-header-display":"","ast-hfb-above-header-display":"","ast-hfb-below-header-display":"","ast-hfb-mobile-header-display":"","site-post-title":"","ast-breadcrumbs-content":"","ast-featured-img":"","footer-sml-layout":"","theme-transparent-header-meta":"default","adv-header-id-meta":"","stick-header-meta":"","header-above-stick-meta":"","header-main-stick-meta":"","header-below-stick-meta":"","astra-migrate-meta-layouts":"set","ast-page-background-enabled":"default","ast-page-background-meta":{"desktop":{"background-color":"","background-image":"","background-repeat":"repeat","background-position":"center center","background-size":"auto","background-attachment":"scroll","background-type":"","background-media":"","overlay-type":"","overlay-color":"","overlay-opacity":"","overlay-gradient":""},"tablet":{"background-color":"","background-image":"","background-repeat":"repeat","background-position":"center center","background-size":"auto","background-attachment":"scroll","background-type":"","background-media":"","overlay-type":"","overlay-color":"","overlay-opacity":"","overlay-gradient":""},"mobile":{"background-color":"","background-image":"","background-repeat":"repeat","background-position":"center center","background-size":"auto","background-attachment":"scroll","background-type":"","background-media":"","overlay-type":"","overlay-color":"","overlay-opacity":"","overlay-gradient":""}},"ast-content-background-meta":{"desktop":{"background-color":"var(--ast-global-color-5)","background-image":"","background-repeat":"repeat","background-position":"center center","background-size":"auto","background-attachment":"scroll","background-type":"","background-media":"","overlay-type":"","overlay-color":"","overlay-opacity":"","overlay-gradient":""},"tablet":{"background-color":"var(--ast-global-color-5)","background-image":"","background-repeat":"repeat","background-position":"center center","background-size":"auto","background-attachment":"scroll","background-type":"","background-media":"","overlay-type":"","overlay-color":"","overlay-opacity":"","overlay-gradient":""},"mobile":{"background-color":"var(--ast-global-color-5)","background-image":"","background-repeat":"repeat","background-position":"center center","background-size":"auto","background-attachment":"scroll","background-type":"","background-media":"","overlay-type":"","overlay-color":"","overlay-opacity":"","overlay-gradient":""}}},"product_brand":[],"product_cat":[85],"product_tag":[],"class_list":{"0":"post-14005","1":"product","2":"type-product","3":"status-publish","4":"has-post-thumbnail","6":"product_cat-lithuania","7":"desktop-align-left","8":"tablet-align-left","9":"mobile-align-left","11":"first","12":"outofstock","13":"sale","14":"shipping-taxable","15":"purchasable","16":"product-type-simple","17":"add-to-wishlist-before_image"},"_links":{"self":[{"href":"https:\/\/colligatum.com\/en\/wp-json\/wp\/v2\/product\/14005","targetHints":{"allow":["GET"]}}],"collection":[{"href":"https:\/\/colligatum.com\/en\/wp-json\/wp\/v2\/product"}],"about":[{"href":"https:\/\/colligatum.com\/en\/wp-json\/wp\/v2\/types\/product"}],"version-history":[{"count":1,"href":"https:\/\/colligatum.com\/en\/wp-json\/wp\/v2\/product\/14005\/revisions"}],"predecessor-version":[{"id":14006,"href":"https:\/\/colligatum.com\/en\/wp-json\/wp\/v2\/product\/14005\/revisions\/14006"}],"wp:featuredmedia":[{"embeddable":true,"href":"https:\/\/colligatum.com\/en\/wp-json\/wp\/v2\/media\/13952"}],"wp:attachment":[{"href":"https:\/\/colligatum.com\/en\/wp-json\/wp\/v2\/media?parent=14005"}],"wp:term":[{"taxonomy":"product_brand","embeddable":true,"href":"https:\/\/colligatum.com\/en\/wp-json\/wp\/v2\/product_brand?post=14005"},{"taxonomy":"product_cat","embeddable":true,"href":"https:\/\/colligatum.com\/en\/wp-json\/wp\/v2\/product_cat?post=14005"},{"taxonomy":"product_tag","embeddable":true,"href":"https:\/\/colligatum.com\/en\/wp-json\/wp\/v2\/product_tag?post=14005"}],"curies":[{"name":"wp","href":"https:\/\/api.w.org\/{rel}","templated":true}]}}