{"id":14022,"date":"2025-07-16T05:09:13","date_gmt":"2025-07-16T03:09:13","guid":{"rendered":"https:\/\/colligatum.com\/?post_type=product&#038;p=14022"},"modified":"2026-04-11T09:57:04","modified_gmt":"2026-04-11T07:57:04","slug":"winston-classic-red-winter-collection","status":"publish","type":"product","link":"https:\/\/colligatum.com\/en\/product\/winston-classic-red-winter-collection\/","title":{"rendered":"Winston Classic Red - Winter Collection"},"content":{"rendered":"<p data-start=\"365\" data-end=\"757\"><strong data-start=\"365\" data-end=\"379\">Description:<\/strong> Tai riboto leidimo \u201eWinston Winter Collection\u201c cigare\u010di\u0173 pakelis su u\u017era\u0161u \u201eClassic Red\u201c. Vir\u0161utin\u0117 dalis dekoruota raudonos spalvos megztinio ra\u0161tu, kuris simbolizuoja \u017eiemos sezon\u0105. Pakelis dekoruotas auksin\u0117mis detal\u0117mis, o \u012fsp\u0117jimai pateikti lietuvi\u0173 kalba. Ant vir\u0161aus matomas autenti\u0161kas lietuvi\u0161kas akcizo lipdukas su kaina \u2013 3.75 Lt. Tai i\u0161skirtinis sezoninis leidimas.<\/p>\n<hr data-start=\"759\" data-end=\"762\" \/>\n<p data-start=\"764\" data-end=\"787\"><strong data-start=\"764\" data-end=\"787\">Value assessment:<\/strong><\/p>\n<ul data-start=\"789\" data-end=\"1259\">\n<li data-start=\"789\" data-end=\"962\">\n<p data-start=\"791\" data-end=\"962\"><strong data-start=\"791\" data-end=\"811\">Collectible value:<\/strong> Auk\u0161ta. Riboto leidimo, sezoni\u0161kai i\u0161leistas pakelis \u201eWinter Collection\u201c yra geid\u017eiamas tarp kolekcinink\u0173 d\u0117l i\u0161skirtinio dizaino ir ribotos pasi\u016blos.<\/p>\n<\/li>\n<li data-start=\"963\" data-end=\"1036\">\n<p data-start=\"965\" data-end=\"1036\"><strong data-start=\"965\" data-end=\"987\">Condition assessment:<\/strong> Unopened, with excise sticker, in excellent condition.<\/p>\n<\/li>\n<li data-start=\"1037\" data-end=\"1259\">\n<p data-start=\"1039\" data-end=\"1259\"><strong data-start=\"1039\" data-end=\"1079\">Historical data and popularity:<\/strong> \u201eWinston Winter Collection\u201c serija buvo riboto leidimo kampanija, skirta pabr\u0117\u017eti prek\u0117s \u017eenklo \u012fvaizd\u012f \u017eiemos sezono metu. Tai leidimas, kuris dabar vis re\u010diau pasitaiko rinkoje.<\/p>\n<\/li>\n<\/ul>","protected":false},"excerpt":{"rendered":"<p data-start=\"131\" data-end=\"207\"><strong data-start=\"131\" data-end=\"165\">Brand and name:<\/strong> Winston &quot;Classic Red - Winter Collection&quot;\u201e<\/p>\n<p data-start=\"209\" data-end=\"232\"><strong data-start=\"209\" data-end=\"219\">Size:<\/strong> 20 cigarettes<\/p>\n<p data-start=\"234\" data-end=\"260\"><strong data-start=\"234\" data-end=\"252\">Country of manufacture:<\/strong> Lithuania<\/p>\n<p data-start=\"262\" data-end=\"328\"><strong data-start=\"262\" data-end=\"286\">Production period:<\/strong> Apie 2003\u20132005 m. (pagal kain\u0105 \u2013 3.75 Lt)<\/p>\n<p data-start=\"330\" data-end=\"363\"><strong data-start=\"330\" data-end=\"348\">Package type:<\/strong> Hard pack<\/p>","protected":false},"featured_media":13969,"template":"","meta":{"_surecart_dashboard_logo_width":"180px","_surecart_dashboard_show_logo":true,"_surecart_dashboard_navigation_orders":true,"_surecart_dashboard_navigation_invoices":true,"_surecart_dashboard_navigation_subscriptions":true,"_surecart_dashboard_navigation_downloads":true,"_surecart_dashboard_navigation_billing":true,"_surecart_dashboard_navigation_account":true,"site-sidebar-layout":"default","site-content-layout":"","ast-site-content-layout":"default","site-content-style":"default","site-sidebar-style":"default","ast-global-header-display":"","ast-banner-title-visibility":"","ast-main-header-display":"","ast-hfb-above-header-display":"","ast-hfb-below-header-display":"","ast-hfb-mobile-header-display":"","site-post-title":"","ast-breadcrumbs-content":"","ast-featured-img":"","footer-sml-layout":"","theme-transparent-header-meta":"default","adv-header-id-meta":"","stick-header-meta":"","header-above-stick-meta":"","header-main-stick-meta":"","header-below-stick-meta":"","astra-migrate-meta-layouts":"set","ast-page-background-enabled":"default","ast-page-background-meta":{"desktop":{"background-color":"","background-image":"","background-repeat":"repeat","background-position":"center center","background-size":"auto","background-attachment":"scroll","background-type":"","background-media":"","overlay-type":"","overlay-color":"","overlay-opacity":"","overlay-gradient":""},"tablet":{"background-color":"","background-image":"","background-repeat":"repeat","background-position":"center center","background-size":"auto","background-attachment":"scroll","background-type":"","background-media":"","overlay-type":"","overlay-color":"","overlay-opacity":"","overlay-gradient":""},"mobile":{"background-color":"","background-image":"","background-repeat":"repeat","background-position":"center center","background-size":"auto","background-attachment":"scroll","background-type":"","background-media":"","overlay-type":"","overlay-color":"","overlay-opacity":"","overlay-gradient":""}},"ast-content-background-meta":{"desktop":{"background-color":"var(--ast-global-color-5)","background-image":"","background-repeat":"repeat","background-position":"center center","background-size":"auto","background-attachment":"scroll","background-type":"","background-media":"","overlay-type":"","overlay-color":"","overlay-opacity":"","overlay-gradient":""},"tablet":{"background-color":"var(--ast-global-color-5)","background-image":"","background-repeat":"repeat","background-position":"center center","background-size":"auto","background-attachment":"scroll","background-type":"","background-media":"","overlay-type":"","overlay-color":"","overlay-opacity":"","overlay-gradient":""},"mobile":{"background-color":"var(--ast-global-color-5)","background-image":"","background-repeat":"repeat","background-position":"center center","background-size":"auto","background-attachment":"scroll","background-type":"","background-media":"","overlay-type":"","overlay-color":"","overlay-opacity":"","overlay-gradient":""}}},"product_brand":[],"product_cat":[85],"product_tag":[],"class_list":{"0":"post-14022","1":"product","2":"type-product","3":"status-publish","4":"has-post-thumbnail","6":"product_cat-lithuania","7":"desktop-align-left","8":"tablet-align-left","9":"mobile-align-left","11":"first","12":"instock","13":"sale","14":"shipping-taxable","15":"purchasable","16":"product-type-simple","17":"add-to-wishlist-before_image"},"_links":{"self":[{"href":"https:\/\/colligatum.com\/en\/wp-json\/wp\/v2\/product\/14022","targetHints":{"allow":["GET"]}}],"collection":[{"href":"https:\/\/colligatum.com\/en\/wp-json\/wp\/v2\/product"}],"about":[{"href":"https:\/\/colligatum.com\/en\/wp-json\/wp\/v2\/types\/product"}],"version-history":[{"count":3,"href":"https:\/\/colligatum.com\/en\/wp-json\/wp\/v2\/product\/14022\/revisions"}],"predecessor-version":[{"id":26566,"href":"https:\/\/colligatum.com\/en\/wp-json\/wp\/v2\/product\/14022\/revisions\/26566"}],"wp:featuredmedia":[{"embeddable":true,"href":"https:\/\/colligatum.com\/en\/wp-json\/wp\/v2\/media\/13969"}],"wp:attachment":[{"href":"https:\/\/colligatum.com\/en\/wp-json\/wp\/v2\/media?parent=14022"}],"wp:term":[{"taxonomy":"product_brand","embeddable":true,"href":"https:\/\/colligatum.com\/en\/wp-json\/wp\/v2\/product_brand?post=14022"},{"taxonomy":"product_cat","embeddable":true,"href":"https:\/\/colligatum.com\/en\/wp-json\/wp\/v2\/product_cat?post=14022"},{"taxonomy":"product_tag","embeddable":true,"href":"https:\/\/colligatum.com\/en\/wp-json\/wp\/v2\/product_tag?post=14022"}],"curies":[{"name":"wp","href":"https:\/\/api.w.org\/{rel}","templated":true}]}}