{"id":14026,"date":"2025-07-16T05:13:38","date_gmt":"2025-07-16T03:13:38","guid":{"rendered":"https:\/\/colligatum.com\/?post_type=product&#038;p=14026"},"modified":"2026-04-11T09:56:58","modified_gmt":"2026-04-11T07:56:58","slug":"winston-balanced-blue-winter-collection","status":"publish","type":"product","link":"https:\/\/colligatum.com\/en\/product\/winston-balanced-blue-winter-collection\/","title":{"rendered":"Winston Balanced Blue - Winter Collection"},"content":{"rendered":"<p data-start=\"385\" data-end=\"864\"><strong data-start=\"385\" data-end=\"399\">Description:<\/strong><br data-start=\"399\" data-end=\"402\" \/>Tai riboto leidimo Winston \u201eBalanced Blue\u201c cigare\u010di\u0173 pakelis, priklausantis \u201eWinter Collection\u201c serijai. Pakelis dekoruotas megztinio ra\u0161to tekst\u016bra, o vir\u0161utin\u0117 jo dalis i\u0161skirtinai padabinta aukso spalvos apvadu. Cigare\u010di\u0173 dizainas perteikia \u0161ilumos ir \u017eiemos tematik\u0105, kas tuo metu buvo populiari marketingo tendencija. \u012esp\u0117jimai pateikti lietuvi\u0173 kalba, nurodanti originali\u0105 rink\u0105. \u0160is leidimas buvo orientuotas \u012f estetin\u012f ir sezoni\u0161k\u0105 vartotojo patrauklum\u0105.<\/p>\n<p data-start=\"866\" data-end=\"889\"><strong data-start=\"866\" data-end=\"889\">Value assessment:<\/strong><\/p>\n<ul data-start=\"891\" data-end=\"1294\">\n<li data-start=\"891\" data-end=\"1019\">\n<p data-start=\"893\" data-end=\"1019\"><strong data-start=\"893\" data-end=\"913\">Collectible value:<\/strong> Vidutin\u0117\u2013auk\u0161ta, nes tai riboto leidimo pakelis i\u0161 tematin\u0117s kolekcijos, kuris \u0161iuo metu pasitaiko retai.<\/p>\n<\/li>\n<li data-start=\"1020\" data-end=\"1074\">\n<p data-start=\"1022\" data-end=\"1074\"><strong data-start=\"1022\" data-end=\"1044\">Condition assessment:<\/strong> Unopened, in excellent condition.<\/p>\n<\/li>\n<li data-start=\"1075\" data-end=\"1294\">\n<p data-start=\"1077\" data-end=\"1294\"><strong data-start=\"1077\" data-end=\"1117\">Historical data and popularity:<\/strong> Winston \u2013 vienas \u017einomiausi\u0173 pasaulini\u0173 cigare\u010di\u0173 prek\u0117s \u017eenkl\u0173. \u0160i \u017eiemin\u0117 serija buvo i\u0161leista trumpam laikotarpiui ir da\u017enai ie\u0161koma tarp kolekcinink\u0173, ypa\u010d Baltijos \u0161alyse.<\/p>\n<\/li>\n<\/ul>","protected":false},"excerpt":{"rendered":"<p data-start=\"94\" data-end=\"172\"><strong data-start=\"94\" data-end=\"128\">Brand and name:<\/strong> Winston &quot;Balanced Blue - Winter Collection&quot;\u201e<\/p>\n<p data-start=\"174\" data-end=\"197\"><strong data-start=\"174\" data-end=\"184\">Size:<\/strong> 20 cigarettes<\/p>\n<p data-start=\"199\" data-end=\"225\"><strong data-start=\"199\" data-end=\"217\">Country of manufacture:<\/strong> Lithuania<\/p>\n<p data-start=\"227\" data-end=\"348\"><strong data-start=\"227\" data-end=\"251\">Production period:<\/strong> Apie 2012\u20132014 m. (atsi\u017evelgiant \u012f kain\u0105 litais \u2013 3,75 Lt ir dizaino serij\u0105 \u201eWinter Collection\u201c)<\/p>\n<p data-start=\"350\" data-end=\"383\"><strong data-start=\"350\" data-end=\"368\">Package type:<\/strong> Hard pack<\/p>","protected":false},"featured_media":13973,"template":"","meta":{"_surecart_dashboard_logo_width":"180px","_surecart_dashboard_show_logo":true,"_surecart_dashboard_navigation_orders":true,"_surecart_dashboard_navigation_invoices":true,"_surecart_dashboard_navigation_subscriptions":true,"_surecart_dashboard_navigation_downloads":true,"_surecart_dashboard_navigation_billing":true,"_surecart_dashboard_navigation_account":true,"site-sidebar-layout":"default","site-content-layout":"","ast-site-content-layout":"default","site-content-style":"default","site-sidebar-style":"default","ast-global-header-display":"","ast-banner-title-visibility":"","ast-main-header-display":"","ast-hfb-above-header-display":"","ast-hfb-below-header-display":"","ast-hfb-mobile-header-display":"","site-post-title":"","ast-breadcrumbs-content":"","ast-featured-img":"","footer-sml-layout":"","theme-transparent-header-meta":"default","adv-header-id-meta":"","stick-header-meta":"","header-above-stick-meta":"","header-main-stick-meta":"","header-below-stick-meta":"","astra-migrate-meta-layouts":"set","ast-page-background-enabled":"default","ast-page-background-meta":{"desktop":{"background-color":"","background-image":"","background-repeat":"repeat","background-position":"center center","background-size":"auto","background-attachment":"scroll","background-type":"","background-media":"","overlay-type":"","overlay-color":"","overlay-opacity":"","overlay-gradient":""},"tablet":{"background-color":"","background-image":"","background-repeat":"repeat","background-position":"center center","background-size":"auto","background-attachment":"scroll","background-type":"","background-media":"","overlay-type":"","overlay-color":"","overlay-opacity":"","overlay-gradient":""},"mobile":{"background-color":"","background-image":"","background-repeat":"repeat","background-position":"center center","background-size":"auto","background-attachment":"scroll","background-type":"","background-media":"","overlay-type":"","overlay-color":"","overlay-opacity":"","overlay-gradient":""}},"ast-content-background-meta":{"desktop":{"background-color":"var(--ast-global-color-5)","background-image":"","background-repeat":"repeat","background-position":"center center","background-size":"auto","background-attachment":"scroll","background-type":"","background-media":"","overlay-type":"","overlay-color":"","overlay-opacity":"","overlay-gradient":""},"tablet":{"background-color":"var(--ast-global-color-5)","background-image":"","background-repeat":"repeat","background-position":"center center","background-size":"auto","background-attachment":"scroll","background-type":"","background-media":"","overlay-type":"","overlay-color":"","overlay-opacity":"","overlay-gradient":""},"mobile":{"background-color":"var(--ast-global-color-5)","background-image":"","background-repeat":"repeat","background-position":"center center","background-size":"auto","background-attachment":"scroll","background-type":"","background-media":"","overlay-type":"","overlay-color":"","overlay-opacity":"","overlay-gradient":""}}},"product_brand":[],"product_cat":[85],"product_tag":[],"class_list":{"0":"post-14026","1":"product","2":"type-product","3":"status-publish","4":"has-post-thumbnail","6":"product_cat-lithuania","7":"desktop-align-left","8":"tablet-align-left","9":"mobile-align-left","11":"first","12":"instock","13":"sale","14":"shipping-taxable","15":"purchasable","16":"product-type-simple","17":"add-to-wishlist-before_image"},"_links":{"self":[{"href":"https:\/\/colligatum.com\/en\/wp-json\/wp\/v2\/product\/14026","targetHints":{"allow":["GET"]}}],"collection":[{"href":"https:\/\/colligatum.com\/en\/wp-json\/wp\/v2\/product"}],"about":[{"href":"https:\/\/colligatum.com\/en\/wp-json\/wp\/v2\/types\/product"}],"version-history":[{"count":2,"href":"https:\/\/colligatum.com\/en\/wp-json\/wp\/v2\/product\/14026\/revisions"}],"predecessor-version":[{"id":26553,"href":"https:\/\/colligatum.com\/en\/wp-json\/wp\/v2\/product\/14026\/revisions\/26553"}],"wp:featuredmedia":[{"embeddable":true,"href":"https:\/\/colligatum.com\/en\/wp-json\/wp\/v2\/media\/13973"}],"wp:attachment":[{"href":"https:\/\/colligatum.com\/en\/wp-json\/wp\/v2\/media?parent=14026"}],"wp:term":[{"taxonomy":"product_brand","embeddable":true,"href":"https:\/\/colligatum.com\/en\/wp-json\/wp\/v2\/product_brand?post=14026"},{"taxonomy":"product_cat","embeddable":true,"href":"https:\/\/colligatum.com\/en\/wp-json\/wp\/v2\/product_cat?post=14026"},{"taxonomy":"product_tag","embeddable":true,"href":"https:\/\/colligatum.com\/en\/wp-json\/wp\/v2\/product_tag?post=14026"}],"curies":[{"name":"wp","href":"https:\/\/api.w.org\/{rel}","templated":true}]}}