{"id":14034,"date":"2025-07-16T07:51:29","date_gmt":"2025-07-16T05:51:29","guid":{"rendered":"https:\/\/colligatum.com\/?post_type=product&#038;p=14034"},"modified":"2025-07-16T07:51:29","modified_gmt":"2025-07-16T05:51:29","slug":"lord-extra-kristinus","status":"publish","type":"product","link":"https:\/\/colligatum.com\/en\/product\/lord-extra-kristinus\/","title":{"rendered":"Lord Extra &quot;Kristinus&quot;\u201e"},"content":{"rendered":"<p data-start=\"384\" data-end=\"964\"><strong data-start=\"384\" data-end=\"398\">Description:<\/strong><br data-start=\"398\" data-end=\"401\" \/>Tai klasikinis \u201eLord Extra\u201c cigare\u010di\u0173 pakelis, kurio dizainas atspindi XX a. pabaigos voki\u0161k\u0173 cigare\u010di\u0173 estetik\u0105. Pakelis dekoruotas baltame fone su auksiniu herbu ir ry\u0161kiai raudonu u\u017era\u0161u \u201eLord\u201c, o vir\u0161 jo matomas ma\u017eesnis \u017eodis \u201eKristinus\u201c. Apatin\u0117je dalyje nurodyta gamintojo vieta \u2013 Kristinus Cigarette Company i\u0161 Niujorko, Hamburgo ir J\u00fcricho. Ant pakelio pa\u017eym\u0117ta \u201eLow Nicotine\u201c, \u201eAromatic\u201c, kas rodo \u0161velnesnio tipo produkt\u0105. Vizualiai pakelis padengtas rudomis d\u0117m\u0117mis (galimai pel\u0117sis ar oksidacija), kas turi reik\u0161ming\u0105 \u012ftak\u0105 vertinant kolekcin\u0119 b\u016bkl\u0119.<\/p>\n<p data-start=\"966\" data-end=\"989\"><strong data-start=\"966\" data-end=\"989\">Value assessment:<\/strong><\/p>\n<ul data-start=\"991\" data-end=\"1531\">\n<li data-start=\"991\" data-end=\"1162\">\n<p data-start=\"993\" data-end=\"1162\"><strong data-start=\"993\" data-end=\"1013\">Collectible value:<\/strong> Vidutin\u0117, \u0161is pakelis yra istori\u0161kai \u012fdomus, ta\u010diau gamintojas n\u0117ra tarp pa\u010di\u0173 \u017einomiausi\u0173 kolekcionieri\u0173 bendruomen\u0117se. Vert\u0119 ma\u017eina pakelio b\u016bkl\u0117.<\/p>\n<\/li>\n<li data-start=\"1163\" data-end=\"1286\">\n<p data-start=\"1165\" data-end=\"1286\"><strong data-start=\"1165\" data-end=\"1187\">Condition assessment:<\/strong> Neatidarytas, ta\u010diau i\u0161orin\u0117 b\u016bkl\u0117 prasta \u2013 ry\u0161kios d\u0117m\u0117s, oksidacija, galimai dr\u0117gm\u0117s pa\u017eeidimai.<\/p>\n<\/li>\n<li data-start=\"1287\" data-end=\"1531\">\n<p data-start=\"1289\" data-end=\"1531\"><strong data-start=\"1289\" data-end=\"1329\">Historical data and popularity:<\/strong> \u201eLord Extra\u201c kaip prek\u0117s \u017eenklas buvo paplit\u0119s Ryt\u0173 Europoje, Vokietijoje ir kai kuriose eksporto rinkose, ta\u010diau \u0161io konkretaus \u201eKristinus\u201c leidimo informacijos kolekcin\u0117se duomen\u0173 baz\u0117se labai ma\u017eai.<\/p>\n<\/li>\n<\/ul>","protected":false},"excerpt":{"rendered":"<p data-start=\"130\" data-end=\"187\"><strong data-start=\"130\" data-end=\"164\">Brand and name:<\/strong> Lord Extra &quot;Kristinus&quot;\u201e<\/p>\n<p data-start=\"189\" data-end=\"212\"><strong data-start=\"189\" data-end=\"199\">Size:<\/strong> 20 cigarettes<\/p>\n<p data-start=\"214\" data-end=\"303\"><strong data-start=\"214\" data-end=\"232\">Country of manufacture:<\/strong> Vokietija (Kristinus Cigarette Company \u2013 Hamburg \/ Ju\u0308rich \/ New York)<\/p>\n<p data-start=\"305\" data-end=\"347\"><strong data-start=\"305\" data-end=\"329\">Production period:<\/strong> Around 1980-1990.<\/p>\n<p data-start=\"349\" data-end=\"382\"><strong data-start=\"349\" data-end=\"367\">Package type:<\/strong> Hard pack<\/p>","protected":false},"featured_media":14035,"template":"","meta":{"_surecart_dashboard_logo_width":"180px","_surecart_dashboard_show_logo":true,"_surecart_dashboard_navigation_orders":true,"_surecart_dashboard_navigation_invoices":true,"_surecart_dashboard_navigation_subscriptions":true,"_surecart_dashboard_navigation_downloads":true,"_surecart_dashboard_navigation_billing":true,"_surecart_dashboard_navigation_account":true,"site-sidebar-layout":"default","site-content-layout":"","ast-site-content-layout":"default","site-content-style":"default","site-sidebar-style":"default","ast-global-header-display":"","ast-banner-title-visibility":"","ast-main-header-display":"","ast-hfb-above-header-display":"","ast-hfb-below-header-display":"","ast-hfb-mobile-header-display":"","site-post-title":"","ast-breadcrumbs-content":"","ast-featured-img":"","footer-sml-layout":"","theme-transparent-header-meta":"default","adv-header-id-meta":"","stick-header-meta":"","header-above-stick-meta":"","header-main-stick-meta":"","header-below-stick-meta":"","astra-migrate-meta-layouts":"set","ast-page-background-enabled":"default","ast-page-background-meta":{"desktop":{"background-color":"","background-image":"","background-repeat":"repeat","background-position":"center center","background-size":"auto","background-attachment":"scroll","background-type":"","background-media":"","overlay-type":"","overlay-color":"","overlay-opacity":"","overlay-gradient":""},"tablet":{"background-color":"","background-image":"","background-repeat":"repeat","background-position":"center center","background-size":"auto","background-attachment":"scroll","background-type":"","background-media":"","overlay-type":"","overlay-color":"","overlay-opacity":"","overlay-gradient":""},"mobile":{"background-color":"","background-image":"","background-repeat":"repeat","background-position":"center center","background-size":"auto","background-attachment":"scroll","background-type":"","background-media":"","overlay-type":"","overlay-color":"","overlay-opacity":"","overlay-gradient":""}},"ast-content-background-meta":{"desktop":{"background-color":"var(--ast-global-color-5)","background-image":"","background-repeat":"repeat","background-position":"center center","background-size":"auto","background-attachment":"scroll","background-type":"","background-media":"","overlay-type":"","overlay-color":"","overlay-opacity":"","overlay-gradient":""},"tablet":{"background-color":"var(--ast-global-color-5)","background-image":"","background-repeat":"repeat","background-position":"center center","background-size":"auto","background-attachment":"scroll","background-type":"","background-media":"","overlay-type":"","overlay-color":"","overlay-opacity":"","overlay-gradient":""},"mobile":{"background-color":"var(--ast-global-color-5)","background-image":"","background-repeat":"repeat","background-position":"center center","background-size":"auto","background-attachment":"scroll","background-type":"","background-media":"","overlay-type":"","overlay-color":"","overlay-opacity":"","overlay-gradient":""}}},"product_brand":[],"product_cat":[151],"product_tag":[],"class_list":{"0":"post-14034","1":"product","2":"type-product","3":"status-publish","4":"has-post-thumbnail","6":"product_cat-germany","7":"desktop-align-left","8":"tablet-align-left","9":"mobile-align-left","11":"first","12":"instock","13":"sale","14":"shipping-taxable","15":"purchasable","16":"product-type-simple","17":"add-to-wishlist-before_image"},"_links":{"self":[{"href":"https:\/\/colligatum.com\/en\/wp-json\/wp\/v2\/product\/14034","targetHints":{"allow":["GET"]}}],"collection":[{"href":"https:\/\/colligatum.com\/en\/wp-json\/wp\/v2\/product"}],"about":[{"href":"https:\/\/colligatum.com\/en\/wp-json\/wp\/v2\/types\/product"}],"version-history":[{"count":1,"href":"https:\/\/colligatum.com\/en\/wp-json\/wp\/v2\/product\/14034\/revisions"}],"predecessor-version":[{"id":14090,"href":"https:\/\/colligatum.com\/en\/wp-json\/wp\/v2\/product\/14034\/revisions\/14090"}],"wp:featuredmedia":[{"embeddable":true,"href":"https:\/\/colligatum.com\/en\/wp-json\/wp\/v2\/media\/14035"}],"wp:attachment":[{"href":"https:\/\/colligatum.com\/en\/wp-json\/wp\/v2\/media?parent=14034"}],"wp:term":[{"taxonomy":"product_brand","embeddable":true,"href":"https:\/\/colligatum.com\/en\/wp-json\/wp\/v2\/product_brand?post=14034"},{"taxonomy":"product_cat","embeddable":true,"href":"https:\/\/colligatum.com\/en\/wp-json\/wp\/v2\/product_cat?post=14034"},{"taxonomy":"product_tag","embeddable":true,"href":"https:\/\/colligatum.com\/en\/wp-json\/wp\/v2\/product_tag?post=14034"}],"curies":[{"name":"wp","href":"https:\/\/api.w.org\/{rel}","templated":true}]}}