{"id":14125,"date":"2025-07-16T08:33:50","date_gmt":"2025-07-16T06:33:50","guid":{"rendered":"https:\/\/colligatum.com\/?post_type=product&#038;p=14125"},"modified":"2026-04-11T09:26:05","modified_gmt":"2026-04-11T07:26:05","slug":"winston-70s-disco-fever-limited-edition","status":"publish","type":"product","link":"https:\/\/colligatum.com\/en\/product\/winston-70s-disco-fever-limited-edition\/","title":{"rendered":"Winston 70&#8217;s Disco Fever Limited Edition"},"content":{"rendered":"<p data-start=\"271\" data-end=\"735\"><strong data-start=\"271\" data-end=\"285\">Description:<\/strong> \u0160is \u201eWinston 70\u2019s Disco Fever\u201c leidimas yra dalis temin\u0117s kolekcin\u0117s serijos, i\u0161leistos pagerbti tam tikrus XX a. de\u0161imtme\u010dius. Pakelis pasi\u017eymi baltos spalvos fonu su disko eros iliustracija vir\u0161uje, stilizuotu \u201eWin5ton\u201c logotipu ir ai\u0161kiai i\u0161skirta \u201e70&#8217;s\u201c tematika. Ant pakuot\u0117s yra lietuvi\u0161ka banderol\u0117 su 3,75 Lt nominalu, kuri patikimai datuoja leidim\u0105 \u012f lit\u0173 laikotarp\u012f. \u012esp\u0117jimai apie r\u016bkymo \u017eal\u0105 pateikti pagal to meto Lietuvos teis\u0117s aktus.<\/p>\n<p data-start=\"737\" data-end=\"760\"><strong data-start=\"737\" data-end=\"760\">Value assessment:<\/strong><\/p>\n<ul data-start=\"762\" data-end=\"1283\">\n<li data-start=\"762\" data-end=\"936\">\n<p data-start=\"764\" data-end=\"936\"><strong data-start=\"764\" data-end=\"784\">Collectible value:<\/strong> Auk\u0161ta, kadangi tai riboto leidimo teminis pakelis, susij\u0119s su specifine vizualine kampanija. Tokie pakeliai vertinami d\u0117l dizaino ir nedidelio tira\u017eo.<\/p>\n<\/li>\n<li data-start=\"937\" data-end=\"1048\">\n<p data-start=\"939\" data-end=\"1048\"><strong data-start=\"939\" data-end=\"961\">Condition assessment:<\/strong> Neatidarytas, puikios b\u016bkl\u0117s, su originalia apsaugine pl\u0117vele ir nepa\u017eeista banderole.<\/p>\n<\/li>\n<li data-start=\"1049\" data-end=\"1283\">\n<p data-start=\"1051\" data-end=\"1283\"><strong data-start=\"1051\" data-end=\"1091\">Historical data and popularity:<\/strong> \u201eWin5ton 70\u2019s\u201c buvo viena i\u0161 kolekcini\u0173 serij\u0173, skirt\u0173 trumpalaikei rinkodaros kampanijai. D\u0117l i\u0161skirtin\u0117s stilistikos \u0161ie pakeliai greitai dingo i\u0161 prekybos ir liko tik kolekcinink\u0173 rankose.<\/p>\n<\/li>\n<\/ul>","protected":false},"excerpt":{"rendered":"<p data-start=\"60\" data-end=\"137\"><strong data-start=\"60\" data-end=\"94\">Brand and name:<\/strong> Winston &quot;70&#039;s Disco Fever&quot; Limited Edition<\/p>\n<p data-start=\"139\" data-end=\"162\"><strong data-start=\"139\" data-end=\"149\">Size:<\/strong> 20 cigarettes<\/p>\n<p data-start=\"164\" data-end=\"190\"><strong data-start=\"164\" data-end=\"182\">Country of manufacture:<\/strong> Lithuania<\/p>\n<p data-start=\"192\" data-end=\"234\"><strong data-start=\"192\" data-end=\"216\">Production period:<\/strong> Around 2006\u20132009.<\/p>\n<p data-start=\"236\" data-end=\"269\"><strong data-start=\"236\" data-end=\"254\">Package type:<\/strong> Hard pack<\/p>","protected":false},"featured_media":26519,"template":"","meta":{"_surecart_dashboard_logo_width":"180px","_surecart_dashboard_show_logo":true,"_surecart_dashboard_navigation_orders":true,"_surecart_dashboard_navigation_invoices":true,"_surecart_dashboard_navigation_subscriptions":true,"_surecart_dashboard_navigation_downloads":true,"_surecart_dashboard_navigation_billing":true,"_surecart_dashboard_navigation_account":true,"site-sidebar-layout":"default","site-content-layout":"","ast-site-content-layout":"default","site-content-style":"default","site-sidebar-style":"default","ast-global-header-display":"","ast-banner-title-visibility":"","ast-main-header-display":"","ast-hfb-above-header-display":"","ast-hfb-below-header-display":"","ast-hfb-mobile-header-display":"","site-post-title":"","ast-breadcrumbs-content":"","ast-featured-img":"","footer-sml-layout":"","theme-transparent-header-meta":"default","adv-header-id-meta":"","stick-header-meta":"","header-above-stick-meta":"","header-main-stick-meta":"","header-below-stick-meta":"","astra-migrate-meta-layouts":"set","ast-page-background-enabled":"default","ast-page-background-meta":{"desktop":{"background-color":"","background-image":"","background-repeat":"repeat","background-position":"center center","background-size":"auto","background-attachment":"scroll","background-type":"","background-media":"","overlay-type":"","overlay-color":"","overlay-opacity":"","overlay-gradient":""},"tablet":{"background-color":"","background-image":"","background-repeat":"repeat","background-position":"center center","background-size":"auto","background-attachment":"scroll","background-type":"","background-media":"","overlay-type":"","overlay-color":"","overlay-opacity":"","overlay-gradient":""},"mobile":{"background-color":"","background-image":"","background-repeat":"repeat","background-position":"center center","background-size":"auto","background-attachment":"scroll","background-type":"","background-media":"","overlay-type":"","overlay-color":"","overlay-opacity":"","overlay-gradient":""}},"ast-content-background-meta":{"desktop":{"background-color":"var(--ast-global-color-5)","background-image":"","background-repeat":"repeat","background-position":"center center","background-size":"auto","background-attachment":"scroll","background-type":"","background-media":"","overlay-type":"","overlay-color":"","overlay-opacity":"","overlay-gradient":""},"tablet":{"background-color":"var(--ast-global-color-5)","background-image":"","background-repeat":"repeat","background-position":"center center","background-size":"auto","background-attachment":"scroll","background-type":"","background-media":"","overlay-type":"","overlay-color":"","overlay-opacity":"","overlay-gradient":""},"mobile":{"background-color":"var(--ast-global-color-5)","background-image":"","background-repeat":"repeat","background-position":"center center","background-size":"auto","background-attachment":"scroll","background-type":"","background-media":"","overlay-type":"","overlay-color":"","overlay-opacity":"","overlay-gradient":""}}},"product_brand":[],"product_cat":[85],"product_tag":[],"class_list":{"0":"post-14125","1":"product","2":"type-product","3":"status-publish","4":"has-post-thumbnail","6":"product_cat-lithuania","7":"desktop-align-left","8":"tablet-align-left","9":"mobile-align-left","11":"first","12":"instock","13":"sale","14":"shipping-taxable","15":"purchasable","16":"product-type-simple","17":"add-to-wishlist-before_image"},"_links":{"self":[{"href":"https:\/\/colligatum.com\/en\/wp-json\/wp\/v2\/product\/14125","targetHints":{"allow":["GET"]}}],"collection":[{"href":"https:\/\/colligatum.com\/en\/wp-json\/wp\/v2\/product"}],"about":[{"href":"https:\/\/colligatum.com\/en\/wp-json\/wp\/v2\/types\/product"}],"version-history":[{"count":2,"href":"https:\/\/colligatum.com\/en\/wp-json\/wp\/v2\/product\/14125\/revisions"}],"predecessor-version":[{"id":26511,"href":"https:\/\/colligatum.com\/en\/wp-json\/wp\/v2\/product\/14125\/revisions\/26511"}],"wp:featuredmedia":[{"embeddable":true,"href":"https:\/\/colligatum.com\/en\/wp-json\/wp\/v2\/media\/26519"}],"wp:attachment":[{"href":"https:\/\/colligatum.com\/en\/wp-json\/wp\/v2\/media?parent=14125"}],"wp:term":[{"taxonomy":"product_brand","embeddable":true,"href":"https:\/\/colligatum.com\/en\/wp-json\/wp\/v2\/product_brand?post=14125"},{"taxonomy":"product_cat","embeddable":true,"href":"https:\/\/colligatum.com\/en\/wp-json\/wp\/v2\/product_cat?post=14125"},{"taxonomy":"product_tag","embeddable":true,"href":"https:\/\/colligatum.com\/en\/wp-json\/wp\/v2\/product_tag?post=14125"}],"curies":[{"name":"wp","href":"https:\/\/api.w.org\/{rel}","templated":true}]}}