{"id":14351,"date":"2025-07-17T05:53:45","date_gmt":"2025-07-17T03:53:45","guid":{"rendered":"https:\/\/colligatum.com\/?post_type=product&#038;p=14351"},"modified":"2025-07-17T05:54:23","modified_gmt":"2025-07-17T03:54:23","slug":"huangguoshu-%e9%bb%84%e6%9e%9c%e6%a0%91","status":"publish","type":"product","link":"https:\/\/colligatum.com\/en\/product\/huangguoshu-%e9%bb%84%e6%9e%9c%e6%a0%91\/","title":{"rendered":"Huangguoshu (\u9ec4\u679c\u6811)"},"content":{"rendered":"<p data-start=\"271\" data-end=\"674\"><strong data-start=\"271\" data-end=\"285\">Description:<\/strong> \u0160is raudonos spalvos \u201eHuangguoshu\u201c cigare\u010di\u0173 pakelis pasi\u017eymi ry\u0161kiu dizainu su aukso spalvos kini\u0161ku logotipu ir krioklio vaizdu, kuris simbolizuoja gars\u0173j\u012f Huangguoshu kriokl\u012f Guizhou provincijoje, Kinijoje. Pakuot\u0117je taip pat matomas \u012fsp\u0117jimas kin\u0173 kalba apie r\u016bkymo \u017eal\u0105 sveikatai. Pakelio \u0161onuose pateikta informacija apie gamintoj\u0105 \u2013 tai gaminys i\u0161 Kinijos, skirtas vietinei rinkai.<\/p>\n<p data-start=\"676\" data-end=\"699\"><strong data-start=\"676\" data-end=\"699\">Value assessment:<\/strong><\/p>\n<ul data-start=\"701\" data-end=\"1195\">\n<li data-start=\"701\" data-end=\"902\">\n<p data-start=\"703\" data-end=\"902\"><strong data-start=\"703\" data-end=\"723\">Collectible value:<\/strong> Vidutin\u0117. Nors tai n\u0117ra riboto leidimo ar istori\u0161kai svarbus pakelis, ta\u010diau d\u0117l savo egzoti\u0161kos kilm\u0117s (Kinijos vidaus rinka) gali b\u016bti patrauklus kolekcininkams u\u017e Azijos rib\u0173.<\/p>\n<\/li>\n<li data-start=\"903\" data-end=\"957\">\n<p data-start=\"905\" data-end=\"957\"><strong data-start=\"905\" data-end=\"927\">Condition assessment:<\/strong> Unopened, in excellent condition.<\/p>\n<\/li>\n<li data-start=\"958\" data-end=\"1195\">\n<p data-start=\"960\" data-end=\"1195\"><strong data-start=\"960\" data-end=\"1000\">Historical data and popularity:<\/strong> Prek\u0117s \u017eenklas \u017einomas Kinijos vidin\u0117je rinkoje, bet retai pasitaikantis kolekcijose Europoje ar JAV. D\u0117l to jis gali b\u016bti \u012fdomus tarptautiniams kolekcininkams kaip reta Azijos kolekcijos dalis.<\/p>\n<\/li>\n<\/ul>","protected":false},"excerpt":{"rendered":"<p data-start=\"82\" data-end=\"134\"><strong data-start=\"82\" data-end=\"116\">Brand and name:<\/strong> Huangguoshu (\u9ec4\u679c\u6811)<\/p>\n<p data-start=\"136\" data-end=\"159\"><strong data-start=\"136\" data-end=\"146\">Size:<\/strong> 20 cigarettes<\/p>\n<p data-start=\"161\" data-end=\"186\"><strong data-start=\"161\" data-end=\"179\">Country of manufacture:<\/strong> China<\/p>\n<p data-start=\"188\" data-end=\"234\"><strong data-start=\"188\" data-end=\"212\">Production period:<\/strong> Modern edition<\/p>\n<p data-start=\"236\" data-end=\"269\"><strong data-start=\"236\" data-end=\"254\">Package type:<\/strong> Hard pack<\/p>","protected":false},"featured_media":14296,"template":"","meta":{"_surecart_dashboard_logo_width":"180px","_surecart_dashboard_show_logo":true,"_surecart_dashboard_navigation_orders":true,"_surecart_dashboard_navigation_invoices":true,"_surecart_dashboard_navigation_subscriptions":true,"_surecart_dashboard_navigation_downloads":true,"_surecart_dashboard_navigation_billing":true,"_surecart_dashboard_navigation_account":true,"site-sidebar-layout":"default","site-content-layout":"","ast-site-content-layout":"default","site-content-style":"default","site-sidebar-style":"default","ast-global-header-display":"","ast-banner-title-visibility":"","ast-main-header-display":"","ast-hfb-above-header-display":"","ast-hfb-below-header-display":"","ast-hfb-mobile-header-display":"","site-post-title":"","ast-breadcrumbs-content":"","ast-featured-img":"","footer-sml-layout":"","ast-disable-related-posts":"","theme-transparent-header-meta":"default","adv-header-id-meta":"","stick-header-meta":"","header-above-stick-meta":"","header-main-stick-meta":"","header-below-stick-meta":"","astra-migrate-meta-layouts":"set","ast-page-background-enabled":"default","ast-page-background-meta":{"desktop":{"background-color":"","background-image":"","background-repeat":"repeat","background-position":"center center","background-size":"auto","background-attachment":"scroll","background-type":"","background-media":"","overlay-type":"","overlay-color":"","overlay-opacity":"","overlay-gradient":""},"tablet":{"background-color":"","background-image":"","background-repeat":"repeat","background-position":"center center","background-size":"auto","background-attachment":"scroll","background-type":"","background-media":"","overlay-type":"","overlay-color":"","overlay-opacity":"","overlay-gradient":""},"mobile":{"background-color":"","background-image":"","background-repeat":"repeat","background-position":"center center","background-size":"auto","background-attachment":"scroll","background-type":"","background-media":"","overlay-type":"","overlay-color":"","overlay-opacity":"","overlay-gradient":""}},"ast-content-background-meta":{"desktop":{"background-color":"var(--ast-global-color-5)","background-image":"","background-repeat":"repeat","background-position":"center center","background-size":"auto","background-attachment":"scroll","background-type":"","background-media":"","overlay-type":"","overlay-color":"","overlay-opacity":"","overlay-gradient":""},"tablet":{"background-color":"var(--ast-global-color-5)","background-image":"","background-repeat":"repeat","background-position":"center center","background-size":"auto","background-attachment":"scroll","background-type":"","background-media":"","overlay-type":"","overlay-color":"","overlay-opacity":"","overlay-gradient":""},"mobile":{"background-color":"var(--ast-global-color-5)","background-image":"","background-repeat":"repeat","background-position":"center center","background-size":"auto","background-attachment":"scroll","background-type":"","background-media":"","overlay-type":"","overlay-color":"","overlay-opacity":"","overlay-gradient":""}}},"product_brand":[],"product_cat":[138],"product_tag":[],"class_list":{"0":"post-14351","1":"product","2":"type-product","3":"status-publish","4":"has-post-thumbnail","6":"product_cat-china","7":"desktop-align-left","8":"tablet-align-left","9":"mobile-align-left","11":"first","12":"instock","13":"sale","14":"shipping-taxable","15":"purchasable","16":"product-type-simple","17":"add-to-wishlist-before_image"},"_links":{"self":[{"href":"https:\/\/colligatum.com\/en\/wp-json\/wp\/v2\/product\/14351","targetHints":{"allow":["GET"]}}],"collection":[{"href":"https:\/\/colligatum.com\/en\/wp-json\/wp\/v2\/product"}],"about":[{"href":"https:\/\/colligatum.com\/en\/wp-json\/wp\/v2\/types\/product"}],"version-history":[{"count":1,"href":"https:\/\/colligatum.com\/en\/wp-json\/wp\/v2\/product\/14351\/revisions"}],"predecessor-version":[{"id":14352,"href":"https:\/\/colligatum.com\/en\/wp-json\/wp\/v2\/product\/14351\/revisions\/14352"}],"wp:featuredmedia":[{"embeddable":true,"href":"https:\/\/colligatum.com\/en\/wp-json\/wp\/v2\/media\/14296"}],"wp:attachment":[{"href":"https:\/\/colligatum.com\/en\/wp-json\/wp\/v2\/media?parent=14351"}],"wp:term":[{"taxonomy":"product_brand","embeddable":true,"href":"https:\/\/colligatum.com\/en\/wp-json\/wp\/v2\/product_brand?post=14351"},{"taxonomy":"product_cat","embeddable":true,"href":"https:\/\/colligatum.com\/en\/wp-json\/wp\/v2\/product_cat?post=14351"},{"taxonomy":"product_tag","embeddable":true,"href":"https:\/\/colligatum.com\/en\/wp-json\/wp\/v2\/product_tag?post=14351"}],"curies":[{"name":"wp","href":"https:\/\/api.w.org\/{rel}","templated":true}]}}