{"id":14444,"date":"2025-07-17T09:24:34","date_gmt":"2025-07-17T07:24:34","guid":{"rendered":"https:\/\/colligatum.com\/?post_type=product&#038;p=14444"},"modified":"2025-07-17T09:25:11","modified_gmt":"2025-07-17T07:25:11","slug":"lux","status":"publish","type":"product","link":"https:\/\/colligatum.com\/en\/product\/lux\/","title":{"rendered":"Lux"},"content":{"rendered":"<p data-start=\"258\" data-end=\"780\"><strong data-start=\"258\" data-end=\"272\">Description:<\/strong> \u201eLux Filter\u201c cigare\u010di\u0173 pakelis i\u0161siskiria sant\u016briu, klasikiniu dizainu. Vir\u0161utin\u0117 pakelio dalis ry\u0161kiai raudona su auksiniu herbu centre, \u017eemiau \u2013 \u0161viesus pagrindas su u\u017era\u0161u \u201eLUX FILTER\u201c, o apa\u010dioje pateikti voki\u0161ki \u017eod\u017eiai \u201eAuslese Cigaretten \u2013 Aromafrisch\u201c, rei\u0161kiantys i\u0161skirtinai atrinktas cigaretes, pasi\u017eymin\u010dias aromato \u0161vie\u017eumu. \u0160one matomas gamintojo pavadinimas \u201eBrinkmann\u201c \u2013 vienas \u017einom\u0173 vokie\u010di\u0173 tabako gamintoj\u0173. Pakelis nepa\u017eeistas, su originalia pl\u0117vele, ta\u010diau neturi matomo akcizo \u017eenklo.<\/p>\n<hr data-start=\"782\" data-end=\"785\" \/>\n<p data-start=\"787\" data-end=\"810\"><strong data-start=\"787\" data-end=\"810\">Value assessment:<\/strong><\/p>\n<ul data-start=\"812\" data-end=\"1368\">\n<li data-start=\"812\" data-end=\"1068\">\n<p data-start=\"814\" data-end=\"1068\"><strong data-start=\"814\" data-end=\"834\">Collectible value:<\/strong> Vidutin\u0117. \u201eLux\u201c n\u0117ra i\u0161skirtinai retas \u017eenklas, ta\u010diau \u0161is pakelis turi istorin\u0117s vert\u0117s d\u0117l gamintojo (Brinkmann) ir autenti\u0161ko voki\u0161ko dizaino. Toks pakelis gali b\u016bti \u012fdomus kolekcininkams, renkanties sen\u0105sias Vokietijos cigaretes.<\/p>\n<\/li>\n<li data-start=\"1069\" data-end=\"1144\">\n<p data-start=\"1071\" data-end=\"1144\"><strong data-start=\"1071\" data-end=\"1093\">Condition assessment:<\/strong> Unopened, original film, very good condition.<\/p>\n<\/li>\n<li data-start=\"1145\" data-end=\"1368\">\n<p data-start=\"1147\" data-end=\"1368\"><strong data-start=\"1147\" data-end=\"1187\">Historical data and popularity:<\/strong> \u201eLux\u201c buvo vienas i\u0161 labiau \u017einom\u0173 Brinkmann gamini\u0173, da\u017eniausiai sutinkam\u0173 Vokietijos rinkoje XX a. pabaigoje. Populiarus tarp vartotoj\u0173, ie\u0161kojusi\u0173 subalansuoto skonio cigare\u010di\u0173.<\/p>\n<\/li>\n<\/ul>","protected":false},"excerpt":{"rendered":"<p data-start=\"77\" data-end=\"122\"><strong data-start=\"77\" data-end=\"111\">Brand and name:<\/strong> Lux Filter<\/p>\n<p data-start=\"124\" data-end=\"147\"><strong data-start=\"124\" data-end=\"134\">Size:<\/strong> 20 cigarettes<\/p>\n<p data-start=\"149\" data-end=\"177\"><strong data-start=\"149\" data-end=\"167\">Country of manufacture:<\/strong> Germany<\/p>\n<p data-start=\"179\" data-end=\"221\"><strong data-start=\"179\" data-end=\"203\">Production period:<\/strong> Around 1990-2000.<\/p>\n<p data-start=\"223\" data-end=\"256\"><strong data-start=\"223\" data-end=\"241\">Package type:<\/strong> Hard pack<\/p>","protected":false},"featured_media":14392,"template":"","meta":{"_surecart_dashboard_logo_width":"180px","_surecart_dashboard_show_logo":true,"_surecart_dashboard_navigation_orders":true,"_surecart_dashboard_navigation_invoices":true,"_surecart_dashboard_navigation_subscriptions":true,"_surecart_dashboard_navigation_downloads":true,"_surecart_dashboard_navigation_billing":true,"_surecart_dashboard_navigation_account":true,"site-sidebar-layout":"default","site-content-layout":"","ast-site-content-layout":"default","site-content-style":"default","site-sidebar-style":"default","ast-global-header-display":"","ast-banner-title-visibility":"","ast-main-header-display":"","ast-hfb-above-header-display":"","ast-hfb-below-header-display":"","ast-hfb-mobile-header-display":"","site-post-title":"","ast-breadcrumbs-content":"","ast-featured-img":"","footer-sml-layout":"","theme-transparent-header-meta":"default","adv-header-id-meta":"","stick-header-meta":"","header-above-stick-meta":"","header-main-stick-meta":"","header-below-stick-meta":"","astra-migrate-meta-layouts":"set","ast-page-background-enabled":"default","ast-page-background-meta":{"desktop":{"background-color":"","background-image":"","background-repeat":"repeat","background-position":"center center","background-size":"auto","background-attachment":"scroll","background-type":"","background-media":"","overlay-type":"","overlay-color":"","overlay-opacity":"","overlay-gradient":""},"tablet":{"background-color":"","background-image":"","background-repeat":"repeat","background-position":"center center","background-size":"auto","background-attachment":"scroll","background-type":"","background-media":"","overlay-type":"","overlay-color":"","overlay-opacity":"","overlay-gradient":""},"mobile":{"background-color":"","background-image":"","background-repeat":"repeat","background-position":"center center","background-size":"auto","background-attachment":"scroll","background-type":"","background-media":"","overlay-type":"","overlay-color":"","overlay-opacity":"","overlay-gradient":""}},"ast-content-background-meta":{"desktop":{"background-color":"var(--ast-global-color-5)","background-image":"","background-repeat":"repeat","background-position":"center center","background-size":"auto","background-attachment":"scroll","background-type":"","background-media":"","overlay-type":"","overlay-color":"","overlay-opacity":"","overlay-gradient":""},"tablet":{"background-color":"var(--ast-global-color-5)","background-image":"","background-repeat":"repeat","background-position":"center center","background-size":"auto","background-attachment":"scroll","background-type":"","background-media":"","overlay-type":"","overlay-color":"","overlay-opacity":"","overlay-gradient":""},"mobile":{"background-color":"var(--ast-global-color-5)","background-image":"","background-repeat":"repeat","background-position":"center center","background-size":"auto","background-attachment":"scroll","background-type":"","background-media":"","overlay-type":"","overlay-color":"","overlay-opacity":"","overlay-gradient":""}}},"product_brand":[],"product_cat":[151],"product_tag":[],"class_list":{"0":"post-14444","1":"product","2":"type-product","3":"status-publish","4":"has-post-thumbnail","6":"product_cat-germany","7":"desktop-align-left","8":"tablet-align-left","9":"mobile-align-left","11":"first","12":"instock","13":"sale","14":"shipping-taxable","15":"purchasable","16":"product-type-simple","17":"add-to-wishlist-before_image"},"_links":{"self":[{"href":"https:\/\/colligatum.com\/en\/wp-json\/wp\/v2\/product\/14444","targetHints":{"allow":["GET"]}}],"collection":[{"href":"https:\/\/colligatum.com\/en\/wp-json\/wp\/v2\/product"}],"about":[{"href":"https:\/\/colligatum.com\/en\/wp-json\/wp\/v2\/types\/product"}],"version-history":[{"count":1,"href":"https:\/\/colligatum.com\/en\/wp-json\/wp\/v2\/product\/14444\/revisions"}],"predecessor-version":[{"id":14445,"href":"https:\/\/colligatum.com\/en\/wp-json\/wp\/v2\/product\/14444\/revisions\/14445"}],"wp:featuredmedia":[{"embeddable":true,"href":"https:\/\/colligatum.com\/en\/wp-json\/wp\/v2\/media\/14392"}],"wp:attachment":[{"href":"https:\/\/colligatum.com\/en\/wp-json\/wp\/v2\/media?parent=14444"}],"wp:term":[{"taxonomy":"product_brand","embeddable":true,"href":"https:\/\/colligatum.com\/en\/wp-json\/wp\/v2\/product_brand?post=14444"},{"taxonomy":"product_cat","embeddable":true,"href":"https:\/\/colligatum.com\/en\/wp-json\/wp\/v2\/product_cat?post=14444"},{"taxonomy":"product_tag","embeddable":true,"href":"https:\/\/colligatum.com\/en\/wp-json\/wp\/v2\/product_tag?post=14444"}],"curies":[{"name":"wp","href":"https:\/\/api.w.org\/{rel}","templated":true}]}}