{"id":14446,"date":"2025-07-17T09:26:53","date_gmt":"2025-07-17T07:26:53","guid":{"rendered":"https:\/\/colligatum.com\/?post_type=product&#038;p=14446"},"modified":"2026-04-11T08:15:42","modified_gmt":"2026-04-11T06:15:42","slug":"winston-swinging-60s","status":"publish","type":"product","link":"https:\/\/colligatum.com\/en\/product\/winston-swinging-60s\/","title":{"rendered":"Winston &quot;Swinging 60&#039;s&quot;\u201e"},"content":{"rendered":"<p data-start=\"269\" data-end=\"793\"><strong data-start=\"269\" data-end=\"283\">Description:<\/strong> \u0160is \u201eWinston Swinging 60\u2019s\u201c cigare\u010di\u0173 pakelis \u2013 tai riboto leidimo dizainas, \u012fkv\u0117ptas 1960-\u0173j\u0173 estetikos. Pakelis dominuoja \u0161viesiomis spalvomis su aukso spalvos grafika vir\u0161uje, kurioje pavaizduoti g\u0117li\u0173 motyvai, simbolizuojantys hipi\u0173 laikmet\u012f. \u201eWinston\u201c logotipas pavaizduotas klasikiniu m\u0117lynos ir raudonos spalvos deriniu, o \u0161one ai\u0161kiai matomas u\u017era\u0161as \u201eSince 1954\u201c. Lietuvi\u0161ki \u012fsp\u0117jimai ir akcizo \u017eenklas su kaina \u201e03.75 Lt\u201c bei kodu MSP DMJ 097439 identifikuoja \u0161\u012f leidim\u0105 kaip skirt\u0105 Lietuvos rinkai.<\/p>\n<hr data-start=\"795\" data-end=\"798\" \/>\n<p data-start=\"800\" data-end=\"823\"><strong data-start=\"800\" data-end=\"823\">Value assessment:<\/strong><\/p>\n<ul data-start=\"825\" data-end=\"1408\">\n<li data-start=\"825\" data-end=\"1005\">\n<p data-start=\"827\" data-end=\"1005\"><strong data-start=\"827\" data-end=\"847\">Collectible value:<\/strong> Auk\u0161ta. Tai riboto leidimo teminis pakelis, susij\u0119s su 60-\u0173j\u0173 dizaino tematika. Tokie leidimai i\u0161siskiria ir yra labiau vertinami kolekcinink\u0173 bendruomen\u0117je.<\/p>\n<\/li>\n<li data-start=\"1006\" data-end=\"1108\">\n<p data-start=\"1008\" data-end=\"1108\"><strong data-start=\"1008\" data-end=\"1030\">Condition assessment:<\/strong> Neatidarytas, originali pl\u0117vel\u0117, su i\u0161likusiu akcizo \u017eenklu \u2013 puikios b\u016bkl\u0117s.<\/p>\n<\/li>\n<li data-start=\"1109\" data-end=\"1408\">\n<p data-start=\"1111\" data-end=\"1408\"><strong data-start=\"1111\" data-end=\"1151\">Historical data and popularity:<\/strong> \u201eWinston\u201c yra vienas labiausiai atpa\u017e\u012fstam\u0173 tarptautini\u0173 cigare\u010di\u0173 prek\u0117s \u017eenkl\u0173, o \u0161is konkretus leidimas buvo i\u0161leistas kaip speciali dizaino versija, pa\u017eymint prek\u0117s \u017eenklo istorij\u0105. Tokie leidimai nebuvo ilgai rinkoje ir da\u017eniausiai negr\u012f\u017eta \u012f prekyb\u0105.<\/p>\n<\/li>\n<\/ul>","protected":false},"excerpt":{"rendered":"<p data-start=\"77\" data-end=\"135\"><strong data-start=\"77\" data-end=\"111\">Brand and name:<\/strong> Winston &quot;Swinging 60&#039;s&quot;\u201e<\/p>\n<p data-start=\"137\" data-end=\"160\"><strong data-start=\"137\" data-end=\"147\">Size:<\/strong> 20 cigarettes<\/p>\n<p data-start=\"162\" data-end=\"188\"><strong data-start=\"162\" data-end=\"180\">Country of manufacture:<\/strong> Lithuania<\/p>\n<p data-start=\"190\" data-end=\"232\"><strong data-start=\"190\" data-end=\"214\">Production period:<\/strong> Around 2000\u20132010.<\/p>\n<p data-start=\"234\" data-end=\"267\"><strong data-start=\"234\" data-end=\"252\">Package type:<\/strong> Hard pack<\/p>","protected":false},"featured_media":14394,"template":"","meta":{"_surecart_dashboard_logo_width":"180px","_surecart_dashboard_show_logo":true,"_surecart_dashboard_navigation_orders":true,"_surecart_dashboard_navigation_invoices":true,"_surecart_dashboard_navigation_subscriptions":true,"_surecart_dashboard_navigation_downloads":true,"_surecart_dashboard_navigation_billing":true,"_surecart_dashboard_navigation_account":true,"site-sidebar-layout":"default","site-content-layout":"","ast-site-content-layout":"default","site-content-style":"default","site-sidebar-style":"default","ast-global-header-display":"","ast-banner-title-visibility":"","ast-main-header-display":"","ast-hfb-above-header-display":"","ast-hfb-below-header-display":"","ast-hfb-mobile-header-display":"","site-post-title":"","ast-breadcrumbs-content":"","ast-featured-img":"","footer-sml-layout":"","theme-transparent-header-meta":"default","adv-header-id-meta":"","stick-header-meta":"","header-above-stick-meta":"","header-main-stick-meta":"","header-below-stick-meta":"","astra-migrate-meta-layouts":"set","ast-page-background-enabled":"default","ast-page-background-meta":{"desktop":{"background-color":"","background-image":"","background-repeat":"repeat","background-position":"center center","background-size":"auto","background-attachment":"scroll","background-type":"","background-media":"","overlay-type":"","overlay-color":"","overlay-opacity":"","overlay-gradient":""},"tablet":{"background-color":"","background-image":"","background-repeat":"repeat","background-position":"center center","background-size":"auto","background-attachment":"scroll","background-type":"","background-media":"","overlay-type":"","overlay-color":"","overlay-opacity":"","overlay-gradient":""},"mobile":{"background-color":"","background-image":"","background-repeat":"repeat","background-position":"center center","background-size":"auto","background-attachment":"scroll","background-type":"","background-media":"","overlay-type":"","overlay-color":"","overlay-opacity":"","overlay-gradient":""}},"ast-content-background-meta":{"desktop":{"background-color":"var(--ast-global-color-5)","background-image":"","background-repeat":"repeat","background-position":"center center","background-size":"auto","background-attachment":"scroll","background-type":"","background-media":"","overlay-type":"","overlay-color":"","overlay-opacity":"","overlay-gradient":""},"tablet":{"background-color":"var(--ast-global-color-5)","background-image":"","background-repeat":"repeat","background-position":"center center","background-size":"auto","background-attachment":"scroll","background-type":"","background-media":"","overlay-type":"","overlay-color":"","overlay-opacity":"","overlay-gradient":""},"mobile":{"background-color":"var(--ast-global-color-5)","background-image":"","background-repeat":"repeat","background-position":"center center","background-size":"auto","background-attachment":"scroll","background-type":"","background-media":"","overlay-type":"","overlay-color":"","overlay-opacity":"","overlay-gradient":""}}},"product_brand":[],"product_cat":[85],"product_tag":[],"class_list":{"0":"post-14446","1":"product","2":"type-product","3":"status-publish","4":"has-post-thumbnail","6":"product_cat-lithuania","7":"desktop-align-left","8":"tablet-align-left","9":"mobile-align-left","11":"first","12":"instock","13":"sale","14":"shipping-taxable","15":"purchasable","16":"product-type-simple","17":"add-to-wishlist-before_image"},"_links":{"self":[{"href":"https:\/\/colligatum.com\/en\/wp-json\/wp\/v2\/product\/14446","targetHints":{"allow":["GET"]}}],"collection":[{"href":"https:\/\/colligatum.com\/en\/wp-json\/wp\/v2\/product"}],"about":[{"href":"https:\/\/colligatum.com\/en\/wp-json\/wp\/v2\/types\/product"}],"version-history":[{"count":1,"href":"https:\/\/colligatum.com\/en\/wp-json\/wp\/v2\/product\/14446\/revisions"}],"predecessor-version":[{"id":14447,"href":"https:\/\/colligatum.com\/en\/wp-json\/wp\/v2\/product\/14446\/revisions\/14447"}],"wp:featuredmedia":[{"embeddable":true,"href":"https:\/\/colligatum.com\/en\/wp-json\/wp\/v2\/media\/14394"}],"wp:attachment":[{"href":"https:\/\/colligatum.com\/en\/wp-json\/wp\/v2\/media?parent=14446"}],"wp:term":[{"taxonomy":"product_brand","embeddable":true,"href":"https:\/\/colligatum.com\/en\/wp-json\/wp\/v2\/product_brand?post=14446"},{"taxonomy":"product_cat","embeddable":true,"href":"https:\/\/colligatum.com\/en\/wp-json\/wp\/v2\/product_cat?post=14446"},{"taxonomy":"product_tag","embeddable":true,"href":"https:\/\/colligatum.com\/en\/wp-json\/wp\/v2\/product_tag?post=14446"}],"curies":[{"name":"wp","href":"https:\/\/api.w.org\/{rel}","templated":true}]}}