{"id":14448,"date":"2025-07-17T09:28:54","date_gmt":"2025-07-17T07:28:54","guid":{"rendered":"https:\/\/colligatum.com\/?post_type=product&#038;p=14448"},"modified":"2026-04-11T07:20:38","modified_gmt":"2026-04-11T05:20:38","slug":"winston-disco-fever-70s","status":"publish","type":"product","link":"https:\/\/colligatum.com\/en\/product\/winston-disco-fever-70s\/","title":{"rendered":"Winston &quot;Disco fever 70&#039;s&quot;\u201e"},"content":{"rendered":"<p data-start=\"272\" data-end=\"823\"><strong data-start=\"272\" data-end=\"286\">Description:<\/strong> \u0160is \u201eWinston Disco fever 70\u2019s\u201c cigare\u010di\u0173 pakelis yra riboto leidimo, sukurtas pagerbiant 1970-\u0173j\u0173 diskotek\u0173 er\u0105. Vir\u0161utin\u0117je dalyje pavaizduota stilizuota moters fig\u016bra ir u\u017era\u0161as \u201e70\u2019s \u2013 Disco fever\u201c, perteikiantis to meto stilistik\u0105. Apatin\u0117 dalis i\u0161laiko klasikin\u012f \u201eWinston\u201c dizain\u0105 \u2013 m\u0117lynas fonas, baltas pagrindas ir raudonai\/m\u0117lynai i\u0161skirtas logotipas. Pakelyje yra sveikatos apsaugos ministerijos \u012fsp\u0117jimai lietuvi\u0173 kalba bei akcizo \u017eenklas su kaina \u201e03.75 Lt\u201c ir kodu MSP DMS 712451, patvirtinantis jo buvim\u0105 Lietuvos rinkoje.<\/p>\n<hr data-start=\"825\" data-end=\"828\" \/>\n<p data-start=\"830\" data-end=\"853\"><strong data-start=\"830\" data-end=\"853\">Value assessment:<\/strong><\/p>\n<ul data-start=\"855\" data-end=\"1506\">\n<li data-start=\"855\" data-end=\"1083\">\n<p data-start=\"857\" data-end=\"1083\"><strong data-start=\"857\" data-end=\"877\">Collectible value:<\/strong> Auk\u0161ta. Riboto leidimo dizainas, dedikuotas 1970-iesiems, yra itin patrauklus kolekcininkams, ypa\u010d tiems, kurie kaupia temines ar kult\u016brines serijas. Tokio tipo pakeliai retai i\u0161silaiko originalios b\u016bkl\u0117s.<\/p>\n<\/li>\n<li data-start=\"1084\" data-end=\"1199\">\n<p data-start=\"1086\" data-end=\"1199\"><strong data-start=\"1086\" data-end=\"1108\">Condition assessment:<\/strong> Neatidarytas, puikios b\u016bkl\u0117s, su originalia pl\u0117vele ir i\u0161likusiu lietuvi\u0161ku akcizo \u017eenklu.<\/p>\n<\/li>\n<li data-start=\"1200\" data-end=\"1506\">\n<p data-start=\"1202\" data-end=\"1506\"><strong data-start=\"1202\" data-end=\"1242\">Historical data and popularity:<\/strong> \u201eWinston\u201c yra vienas \u017einomiausi\u0173 pasaulio cigare\u010di\u0173 prek\u0117s \u017eenkl\u0173. \u0160is leidimas \u2013 dalis temin\u0117s serijos (\u201e60\u2019s\u201c, \u201e70\u2019s\u201c ir kt.), sukurtos tam tikram laikotarpiui pa\u017eym\u0117ti. Nors buvo gaminamas ribot\u0105 laik\u0105, \u0161is dizainas i\u0161lieka vienu \u012fdomesni\u0173 kolekciniu po\u017ei\u016briu.<\/p>\n<\/li>\n<\/ul>","protected":false},"excerpt":{"rendered":"<p data-start=\"77\" data-end=\"138\"><strong data-start=\"77\" data-end=\"111\">Brand and name:<\/strong> Winston &quot;Disco fever 70&#039;s&quot;\u201e<\/p>\n<p data-start=\"140\" data-end=\"163\"><strong data-start=\"140\" data-end=\"150\">Size:<\/strong> 20 cigarettes<\/p>\n<p data-start=\"165\" data-end=\"191\"><strong data-start=\"165\" data-end=\"183\">Country of manufacture:<\/strong> Lithuania<\/p>\n<p data-start=\"193\" data-end=\"235\"><strong data-start=\"193\" data-end=\"217\">Production period:<\/strong> Around 2000\u20132010.<\/p>\n<p data-start=\"237\" data-end=\"270\"><strong data-start=\"237\" data-end=\"255\">Package type:<\/strong> Hard pack<\/p>","protected":false},"featured_media":26405,"template":"","meta":{"_surecart_dashboard_logo_width":"180px","_surecart_dashboard_show_logo":true,"_surecart_dashboard_navigation_orders":true,"_surecart_dashboard_navigation_invoices":true,"_surecart_dashboard_navigation_subscriptions":true,"_surecart_dashboard_navigation_downloads":true,"_surecart_dashboard_navigation_billing":true,"_surecart_dashboard_navigation_account":true,"site-sidebar-layout":"default","site-content-layout":"","ast-site-content-layout":"default","site-content-style":"default","site-sidebar-style":"default","ast-global-header-display":"","ast-banner-title-visibility":"","ast-main-header-display":"","ast-hfb-above-header-display":"","ast-hfb-below-header-display":"","ast-hfb-mobile-header-display":"","site-post-title":"","ast-breadcrumbs-content":"","ast-featured-img":"","footer-sml-layout":"","theme-transparent-header-meta":"default","adv-header-id-meta":"","stick-header-meta":"","header-above-stick-meta":"","header-main-stick-meta":"","header-below-stick-meta":"","astra-migrate-meta-layouts":"set","ast-page-background-enabled":"default","ast-page-background-meta":{"desktop":{"background-color":"","background-image":"","background-repeat":"repeat","background-position":"center center","background-size":"auto","background-attachment":"scroll","background-type":"","background-media":"","overlay-type":"","overlay-color":"","overlay-opacity":"","overlay-gradient":""},"tablet":{"background-color":"","background-image":"","background-repeat":"repeat","background-position":"center center","background-size":"auto","background-attachment":"scroll","background-type":"","background-media":"","overlay-type":"","overlay-color":"","overlay-opacity":"","overlay-gradient":""},"mobile":{"background-color":"","background-image":"","background-repeat":"repeat","background-position":"center center","background-size":"auto","background-attachment":"scroll","background-type":"","background-media":"","overlay-type":"","overlay-color":"","overlay-opacity":"","overlay-gradient":""}},"ast-content-background-meta":{"desktop":{"background-color":"var(--ast-global-color-5)","background-image":"","background-repeat":"repeat","background-position":"center center","background-size":"auto","background-attachment":"scroll","background-type":"","background-media":"","overlay-type":"","overlay-color":"","overlay-opacity":"","overlay-gradient":""},"tablet":{"background-color":"var(--ast-global-color-5)","background-image":"","background-repeat":"repeat","background-position":"center center","background-size":"auto","background-attachment":"scroll","background-type":"","background-media":"","overlay-type":"","overlay-color":"","overlay-opacity":"","overlay-gradient":""},"mobile":{"background-color":"var(--ast-global-color-5)","background-image":"","background-repeat":"repeat","background-position":"center center","background-size":"auto","background-attachment":"scroll","background-type":"","background-media":"","overlay-type":"","overlay-color":"","overlay-opacity":"","overlay-gradient":""}}},"product_brand":[],"product_cat":[85],"product_tag":[],"class_list":{"0":"post-14448","1":"product","2":"type-product","3":"status-publish","4":"has-post-thumbnail","6":"product_cat-lithuania","7":"desktop-align-left","8":"tablet-align-left","9":"mobile-align-left","11":"first","12":"instock","13":"sale","14":"shipping-taxable","15":"purchasable","16":"product-type-simple","17":"add-to-wishlist-before_image"},"_links":{"self":[{"href":"https:\/\/colligatum.com\/en\/wp-json\/wp\/v2\/product\/14448","targetHints":{"allow":["GET"]}}],"collection":[{"href":"https:\/\/colligatum.com\/en\/wp-json\/wp\/v2\/product"}],"about":[{"href":"https:\/\/colligatum.com\/en\/wp-json\/wp\/v2\/types\/product"}],"version-history":[{"count":1,"href":"https:\/\/colligatum.com\/en\/wp-json\/wp\/v2\/product\/14448\/revisions"}],"predecessor-version":[{"id":14449,"href":"https:\/\/colligatum.com\/en\/wp-json\/wp\/v2\/product\/14448\/revisions\/14449"}],"wp:featuredmedia":[{"embeddable":true,"href":"https:\/\/colligatum.com\/en\/wp-json\/wp\/v2\/media\/26405"}],"wp:attachment":[{"href":"https:\/\/colligatum.com\/en\/wp-json\/wp\/v2\/media?parent=14448"}],"wp:term":[{"taxonomy":"product_brand","embeddable":true,"href":"https:\/\/colligatum.com\/en\/wp-json\/wp\/v2\/product_brand?post=14448"},{"taxonomy":"product_cat","embeddable":true,"href":"https:\/\/colligatum.com\/en\/wp-json\/wp\/v2\/product_cat?post=14448"},{"taxonomy":"product_tag","embeddable":true,"href":"https:\/\/colligatum.com\/en\/wp-json\/wp\/v2\/product_tag?post=14448"}],"curies":[{"name":"wp","href":"https:\/\/api.w.org\/{rel}","templated":true}]}}