{"id":14454,"date":"2025-07-17T09:38:53","date_gmt":"2025-07-17T07:38:53","guid":{"rendered":"https:\/\/colligatum.com\/?post_type=product&#038;p=14454"},"modified":"2026-04-11T09:10:58","modified_gmt":"2026-04-11T07:10:58","slug":"win5ton-90s","status":"publish","type":"product","link":"https:\/\/colligatum.com\/en\/product\/win5ton-90s\/","title":{"rendered":"Winston 90&#8217;s"},"content":{"rendered":"<p data-start=\"429\" data-end=\"906\"><strong data-start=\"429\" data-end=\"443\">Description:<\/strong> Tai stilizuota Winston cigare\u010di\u0173 versija \u2013 \u201eWin5ton\u201c, skirta pabr\u0117\u017eti dizain\u0105, susijus\u012f su 90-aisiais. Vir\u0161utin\u0117je dalyje raudonas fonas su grafiniu \u201e90&#8217;s with style\u201c u\u017era\u0161u, \u017eemiau klasikinis Winston logotipas su pakeistu skai\u010diumi \u201e5\u201c, kuris pakei\u010dia \u201es\u201c raid\u0119. Priekyje ry\u0161kus \u012fsp\u0117jimas lietuvi\u0173 kalba \u201eR\u016bkymas \u017eudo\u201c, o gale \u2013 \u201eR\u016bkaliai mir\u0161ta anks\u010diau\u201c. Ant pakelio yra akcizo \u017eenklas su kaina 3.75 Lt, kas dar labiau lokalizuoja pakel\u012f Lietuvoje iki 2015 m.<\/p>\n<p data-start=\"908\" data-end=\"931\"><strong data-start=\"908\" data-end=\"931\">Value assessment:<\/strong><\/p>\n<ul data-start=\"933\" data-end=\"1524\">\n<li data-start=\"933\" data-end=\"1183\">\n<p data-start=\"935\" data-end=\"1183\"><strong data-start=\"935\" data-end=\"955\">Collectible value:<\/strong> Vidutin\u0117 iki auk\u0161tesn\u0117s. Tai ribotesnio dizaino leidimas su stilizuotu prek\u0117s \u017eenklu, kas suteikia i\u0161skirtinumo. Autenti\u0161kas lietuvi\u0161kas \u012fsp\u0117jimas ir lit\u0173 laik\u0173 kain\u0173 lipdukas didina vert\u0119 tarp Ryt\u0173 Europos rinkos kolekcinink\u0173.<\/p>\n<\/li>\n<li data-start=\"1184\" data-end=\"1279\">\n<p data-start=\"1186\" data-end=\"1279\"><strong data-start=\"1186\" data-end=\"1208\">Condition assessment:<\/strong> Neatidarytas, puikios b\u016bkl\u0117s, su originalia pl\u0117vele ir kainos lipduku.<\/p>\n<\/li>\n<li data-start=\"1280\" data-end=\"1524\">\n<p data-start=\"1282\" data-end=\"1524\"><strong data-start=\"1282\" data-end=\"1322\">Historical data and popularity:<\/strong> Winston yra pla\u010diai \u017einomas JAV kilm\u0117s prek\u0117s \u017eenklas, turintis \u012fvairi\u0173 speciali\u0173 leidim\u0173. \u201eWin5ton 90\u2019s\u201c versija buvo riboto laikotarpio leidimas, tod\u0117l turi papildomos vert\u0117s kolekcionavimo po\u017ei\u016briu.<\/p>\n<\/li>\n<\/ul>","protected":false},"excerpt":{"rendered":"<p data-start=\"93\" data-end=\"161\"><strong data-start=\"93\" data-end=\"127\">Brand and name:<\/strong> Win5ton 90&#8217;s (su stiliaus \u017eenklu)<\/p>\n<p data-start=\"163\" data-end=\"186\"><strong data-start=\"163\" data-end=\"173\">Size:<\/strong> 20 cigarettes<\/p>\n<p data-start=\"188\" data-end=\"286\"><strong data-start=\"188\" data-end=\"206\">Country of manufacture:<\/strong> European Union (according to the marking &quot;A product of JT International made in the EU&quot;)<\/p>\n<p data-start=\"288\" data-end=\"392\"><strong data-start=\"288\" data-end=\"312\">Production period:<\/strong> Apytiksliai 2000\u20132010 m. (pagal dizain\u0105, lietuvi\u0161kus \u012fsp\u0117jimus ir kain\u0105 litais)<\/p>\n<p data-start=\"394\" data-end=\"427\"><strong data-start=\"394\" data-end=\"412\">Package type:<\/strong> Hard pack<\/p>","protected":false},"featured_media":26494,"template":"","meta":{"_surecart_dashboard_logo_width":"180px","_surecart_dashboard_show_logo":true,"_surecart_dashboard_navigation_orders":true,"_surecart_dashboard_navigation_invoices":true,"_surecart_dashboard_navigation_subscriptions":true,"_surecart_dashboard_navigation_downloads":true,"_surecart_dashboard_navigation_billing":true,"_surecart_dashboard_navigation_account":true,"site-sidebar-layout":"default","site-content-layout":"","ast-site-content-layout":"default","site-content-style":"default","site-sidebar-style":"default","ast-global-header-display":"","ast-banner-title-visibility":"","ast-main-header-display":"","ast-hfb-above-header-display":"","ast-hfb-below-header-display":"","ast-hfb-mobile-header-display":"","site-post-title":"","ast-breadcrumbs-content":"","ast-featured-img":"","footer-sml-layout":"","theme-transparent-header-meta":"default","adv-header-id-meta":"","stick-header-meta":"","header-above-stick-meta":"","header-main-stick-meta":"","header-below-stick-meta":"","astra-migrate-meta-layouts":"set","ast-page-background-enabled":"default","ast-page-background-meta":{"desktop":{"background-color":"","background-image":"","background-repeat":"repeat","background-position":"center center","background-size":"auto","background-attachment":"scroll","background-type":"","background-media":"","overlay-type":"","overlay-color":"","overlay-opacity":"","overlay-gradient":""},"tablet":{"background-color":"","background-image":"","background-repeat":"repeat","background-position":"center center","background-size":"auto","background-attachment":"scroll","background-type":"","background-media":"","overlay-type":"","overlay-color":"","overlay-opacity":"","overlay-gradient":""},"mobile":{"background-color":"","background-image":"","background-repeat":"repeat","background-position":"center center","background-size":"auto","background-attachment":"scroll","background-type":"","background-media":"","overlay-type":"","overlay-color":"","overlay-opacity":"","overlay-gradient":""}},"ast-content-background-meta":{"desktop":{"background-color":"var(--ast-global-color-5)","background-image":"","background-repeat":"repeat","background-position":"center center","background-size":"auto","background-attachment":"scroll","background-type":"","background-media":"","overlay-type":"","overlay-color":"","overlay-opacity":"","overlay-gradient":""},"tablet":{"background-color":"var(--ast-global-color-5)","background-image":"","background-repeat":"repeat","background-position":"center center","background-size":"auto","background-attachment":"scroll","background-type":"","background-media":"","overlay-type":"","overlay-color":"","overlay-opacity":"","overlay-gradient":""},"mobile":{"background-color":"var(--ast-global-color-5)","background-image":"","background-repeat":"repeat","background-position":"center center","background-size":"auto","background-attachment":"scroll","background-type":"","background-media":"","overlay-type":"","overlay-color":"","overlay-opacity":"","overlay-gradient":""}}},"product_brand":[],"product_cat":[85],"product_tag":[],"class_list":{"0":"post-14454","1":"product","2":"type-product","3":"status-publish","4":"has-post-thumbnail","6":"product_cat-lithuania","7":"desktop-align-left","8":"tablet-align-left","9":"mobile-align-left","11":"first","12":"instock","13":"sale","14":"shipping-taxable","15":"purchasable","16":"product-type-simple","17":"add-to-wishlist-before_image"},"_links":{"self":[{"href":"https:\/\/colligatum.com\/en\/wp-json\/wp\/v2\/product\/14454","targetHints":{"allow":["GET"]}}],"collection":[{"href":"https:\/\/colligatum.com\/en\/wp-json\/wp\/v2\/product"}],"about":[{"href":"https:\/\/colligatum.com\/en\/wp-json\/wp\/v2\/types\/product"}],"version-history":[{"count":2,"href":"https:\/\/colligatum.com\/en\/wp-json\/wp\/v2\/product\/14454\/revisions"}],"predecessor-version":[{"id":26488,"href":"https:\/\/colligatum.com\/en\/wp-json\/wp\/v2\/product\/14454\/revisions\/26488"}],"wp:featuredmedia":[{"embeddable":true,"href":"https:\/\/colligatum.com\/en\/wp-json\/wp\/v2\/media\/26494"}],"wp:attachment":[{"href":"https:\/\/colligatum.com\/en\/wp-json\/wp\/v2\/media?parent=14454"}],"wp:term":[{"taxonomy":"product_brand","embeddable":true,"href":"https:\/\/colligatum.com\/en\/wp-json\/wp\/v2\/product_brand?post=14454"},{"taxonomy":"product_cat","embeddable":true,"href":"https:\/\/colligatum.com\/en\/wp-json\/wp\/v2\/product_cat?post=14454"},{"taxonomy":"product_tag","embeddable":true,"href":"https:\/\/colligatum.com\/en\/wp-json\/wp\/v2\/product_tag?post=14454"}],"curies":[{"name":"wp","href":"https:\/\/api.w.org\/{rel}","templated":true}]}}