{"id":14456,"date":"2025-07-17T09:40:06","date_gmt":"2025-07-17T07:40:06","guid":{"rendered":"https:\/\/colligatum.com\/?post_type=product&#038;p=14456"},"modified":"2026-04-11T09:11:00","modified_gmt":"2026-04-11T07:11:00","slug":"win5ton-70s-disco-fever","status":"publish","type":"product","link":"https:\/\/colligatum.com\/en\/product\/win5ton-70s-disco-fever\/","title":{"rendered":"Winston 70&#8217;s Disco Fever"},"content":{"rendered":"<p data-start=\"433\" data-end=\"862\"><strong data-start=\"433\" data-end=\"447\">Description:<\/strong> \u0160is specialus Win5ton \u201e70\u2019s Disco Fever\u201c leidimas i\u0161siskiria ry\u0161kiu grafiniu dizainu \u2013 raudonoje vir\u0161utin\u0117je dalyje vaizduojamas moters veidas ir \u201e70\u2019s Disco Fever\u201c u\u017era\u0161as, perteikiantis retro stiliaus nuotaik\u0105. Pakelio centrin\u0117je dalyje klasikinis \u201eWin5ton\u201c logotipas, kuriame skai\u010dius \u201e5\u201c pakei\u010dia \u201es\u201c. Apatin\u0117je dalyje \u2013 ai\u0161k\u016bs \u012fsp\u0117jimai lietuvi\u0173 kalba. Gale nurodyta kaina 3.75 Lt su autenti\u0161ku akcizo \u017eenklu.<\/p>\n<p data-start=\"864\" data-end=\"887\"><strong data-start=\"864\" data-end=\"887\">Value assessment:<\/strong><\/p>\n<ul data-start=\"889\" data-end=\"1500\">\n<li data-start=\"889\" data-end=\"1112\">\n<p data-start=\"891\" data-end=\"1112\"><strong data-start=\"891\" data-end=\"911\">Collectible value:<\/strong> Vidutin\u0117 iki auk\u0161tesn\u0117s. D\u0117l tematinio dizaino (70-\u0173j\u0173 diskotek\u0173 stilistika), pakelis laikomas riboto leidimo leidiniu. Papildom\u0105 vert\u0119 suteikia puiki b\u016bkl\u0117, lietuvi\u0161kas \u012fsp\u0117jimas ir lit\u0173 laik\u0173 kaina.<\/p>\n<\/li>\n<li data-start=\"1113\" data-end=\"1208\">\n<p data-start=\"1115\" data-end=\"1208\"><strong data-start=\"1115\" data-end=\"1137\">Condition assessment:<\/strong> Neatidarytas, puikios b\u016bkl\u0117s, su originalia pl\u0117vele ir akcizo lipduku.<\/p>\n<\/li>\n<li data-start=\"1209\" data-end=\"1500\">\n<p data-start=\"1211\" data-end=\"1500\"><strong data-start=\"1211\" data-end=\"1251\">Historical data and popularity:<\/strong> \u201eWin5ton\u201c \u2013 dizaino variacija klasikinio Winston prek\u0117s \u017eenklo ribot\u0173 serij\u0173 r\u0117muose. 70&#8217;s versija buvo reta, dalis dizaino serijos, kuri skirta skirtingiems de\u0161imtme\u010diams. Populiarus tarp kolekcinink\u0173, kurie renka teminius ar stilizuotus leidimus.<\/p>\n<\/li>\n<\/ul>","protected":false},"excerpt":{"rendered":"<p data-start=\"93\" data-end=\"152\"><strong data-start=\"93\" data-end=\"127\">Brand and name:<\/strong> Win5ton 70&#039;s Disco Fever<\/p>\n<p data-start=\"154\" data-end=\"177\"><strong data-start=\"154\" data-end=\"164\">Size:<\/strong> 20 cigarettes<\/p>\n<p data-start=\"179\" data-end=\"277\"><strong data-start=\"179\" data-end=\"197\">Country of manufacture:<\/strong> European Union (according to the marking &quot;A product of JT International made in the EU&quot;)<\/p>\n<p data-start=\"279\" data-end=\"396\"><strong data-start=\"279\" data-end=\"303\">Production period:<\/strong> Apytiksliai 2000\u20132010 m. (pagal dizain\u0105, \u012fsp\u0117jimus lietuvi\u0173 kalba ir kainos \u017eym\u0117jim\u0105 litais)<\/p>\n<p data-start=\"398\" data-end=\"431\"><strong data-start=\"398\" data-end=\"416\">Package type:<\/strong> Hard pack<\/p>","protected":false},"featured_media":26496,"template":"","meta":{"_surecart_dashboard_logo_width":"180px","_surecart_dashboard_show_logo":true,"_surecart_dashboard_navigation_orders":true,"_surecart_dashboard_navigation_invoices":true,"_surecart_dashboard_navigation_subscriptions":true,"_surecart_dashboard_navigation_downloads":true,"_surecart_dashboard_navigation_billing":true,"_surecart_dashboard_navigation_account":true,"site-sidebar-layout":"default","site-content-layout":"","ast-site-content-layout":"default","site-content-style":"default","site-sidebar-style":"default","ast-global-header-display":"","ast-banner-title-visibility":"","ast-main-header-display":"","ast-hfb-above-header-display":"","ast-hfb-below-header-display":"","ast-hfb-mobile-header-display":"","site-post-title":"","ast-breadcrumbs-content":"","ast-featured-img":"","footer-sml-layout":"","theme-transparent-header-meta":"default","adv-header-id-meta":"","stick-header-meta":"","header-above-stick-meta":"","header-main-stick-meta":"","header-below-stick-meta":"","astra-migrate-meta-layouts":"set","ast-page-background-enabled":"default","ast-page-background-meta":{"desktop":{"background-color":"","background-image":"","background-repeat":"repeat","background-position":"center center","background-size":"auto","background-attachment":"scroll","background-type":"","background-media":"","overlay-type":"","overlay-color":"","overlay-opacity":"","overlay-gradient":""},"tablet":{"background-color":"","background-image":"","background-repeat":"repeat","background-position":"center center","background-size":"auto","background-attachment":"scroll","background-type":"","background-media":"","overlay-type":"","overlay-color":"","overlay-opacity":"","overlay-gradient":""},"mobile":{"background-color":"","background-image":"","background-repeat":"repeat","background-position":"center center","background-size":"auto","background-attachment":"scroll","background-type":"","background-media":"","overlay-type":"","overlay-color":"","overlay-opacity":"","overlay-gradient":""}},"ast-content-background-meta":{"desktop":{"background-color":"var(--ast-global-color-5)","background-image":"","background-repeat":"repeat","background-position":"center center","background-size":"auto","background-attachment":"scroll","background-type":"","background-media":"","overlay-type":"","overlay-color":"","overlay-opacity":"","overlay-gradient":""},"tablet":{"background-color":"var(--ast-global-color-5)","background-image":"","background-repeat":"repeat","background-position":"center center","background-size":"auto","background-attachment":"scroll","background-type":"","background-media":"","overlay-type":"","overlay-color":"","overlay-opacity":"","overlay-gradient":""},"mobile":{"background-color":"var(--ast-global-color-5)","background-image":"","background-repeat":"repeat","background-position":"center center","background-size":"auto","background-attachment":"scroll","background-type":"","background-media":"","overlay-type":"","overlay-color":"","overlay-opacity":"","overlay-gradient":""}}},"product_brand":[],"product_cat":[85],"product_tag":[],"class_list":{"0":"post-14456","1":"product","2":"type-product","3":"status-publish","4":"has-post-thumbnail","6":"product_cat-lithuania","7":"desktop-align-left","8":"tablet-align-left","9":"mobile-align-left","11":"first","12":"instock","13":"sale","14":"shipping-taxable","15":"purchasable","16":"product-type-simple","17":"add-to-wishlist-before_image"},"_links":{"self":[{"href":"https:\/\/colligatum.com\/en\/wp-json\/wp\/v2\/product\/14456","targetHints":{"allow":["GET"]}}],"collection":[{"href":"https:\/\/colligatum.com\/en\/wp-json\/wp\/v2\/product"}],"about":[{"href":"https:\/\/colligatum.com\/en\/wp-json\/wp\/v2\/types\/product"}],"version-history":[{"count":2,"href":"https:\/\/colligatum.com\/en\/wp-json\/wp\/v2\/product\/14456\/revisions"}],"predecessor-version":[{"id":26487,"href":"https:\/\/colligatum.com\/en\/wp-json\/wp\/v2\/product\/14456\/revisions\/26487"}],"wp:featuredmedia":[{"embeddable":true,"href":"https:\/\/colligatum.com\/en\/wp-json\/wp\/v2\/media\/26496"}],"wp:attachment":[{"href":"https:\/\/colligatum.com\/en\/wp-json\/wp\/v2\/media?parent=14456"}],"wp:term":[{"taxonomy":"product_brand","embeddable":true,"href":"https:\/\/colligatum.com\/en\/wp-json\/wp\/v2\/product_brand?post=14456"},{"taxonomy":"product_cat","embeddable":true,"href":"https:\/\/colligatum.com\/en\/wp-json\/wp\/v2\/product_cat?post=14456"},{"taxonomy":"product_tag","embeddable":true,"href":"https:\/\/colligatum.com\/en\/wp-json\/wp\/v2\/product_tag?post=14456"}],"curies":[{"name":"wp","href":"https:\/\/api.w.org\/{rel}","templated":true}]}}