{"id":14531,"date":"2025-07-17T13:19:08","date_gmt":"2025-07-17T11:19:08","guid":{"rendered":"https:\/\/colligatum.com\/?post_type=product&#038;p=14531"},"modified":"2026-04-11T07:20:42","modified_gmt":"2026-04-11T05:20:42","slug":"winston-taste-of-the-00s","status":"publish","type":"product","link":"https:\/\/colligatum.com\/en\/product\/winston-taste-of-the-00s\/","title":{"rendered":"Winston &quot;taste of the 00&#039;s&quot;\u201e"},"content":{"rendered":"<p data-start=\"279\" data-end=\"762\"><strong data-start=\"279\" data-end=\"293\">Description:<\/strong> \u0160is riboto leidimo Winston cigare\u010di\u0173 pakelis pa\u017eym\u0117tas u\u017era\u0161u \u201etaste of the 00\u2019s\u201c ir simboli\u0161kai atkartoja 2000-\u0173j\u0173 de\u0161imtme\u010dio dvasi\u0105. Dominuoja m\u0117lynos ir baltos spalvos su stilizuotais pie\u0161iniais, vaizduojan\u010diais \u017emones su taur\u0117mis, kurie sustiprina asociacijas su tam laikotarpiu. Pakelis pa\u017eym\u0117tas lietuvi\u0161ku banderoli\u0173 lipduku ir kaina \u2013 3.75 Lt. \u012esp\u0117jimai apie r\u016bkymo \u017eal\u0105 pateikti lietuvi\u0173 kalba, kas leid\u017eia daryti i\u0161vad\u0105, kad pakelis skirtas Lietuvos rinkai.<\/p>\n<p data-start=\"764\" data-end=\"787\"><strong data-start=\"764\" data-end=\"787\">Value assessment:<\/strong><\/p>\n<ul data-start=\"789\" data-end=\"1315\">\n<li data-start=\"789\" data-end=\"1014\">\n<p data-start=\"791\" data-end=\"1014\"><strong data-start=\"791\" data-end=\"811\">Collectible value:<\/strong> Vidutin\u0117\u2013auk\u0161ta, nes tai riboto leidimo dizainas, skirtas konkret\u0173 laikotarp\u012f atspindin\u010diai temai. Toks pakelis gali b\u016bti vertingesnis kolekcininkams, kurie renka teminius arba dizaino serijos leidimus.<\/p>\n<\/li>\n<li data-start=\"1015\" data-end=\"1069\">\n<p data-start=\"1017\" data-end=\"1069\"><strong data-start=\"1017\" data-end=\"1039\">Condition assessment:<\/strong> Unopened, in excellent condition.<\/p>\n<\/li>\n<li data-start=\"1070\" data-end=\"1315\">\n<p data-start=\"1072\" data-end=\"1315\"><strong data-start=\"1072\" data-end=\"1112\">Historical data and popularity:<\/strong> Winston yra vienas i\u0161 \u017einomiausi\u0173 tarptautini\u0173 cigare\u010di\u0173 prek\u0117s \u017eenkl\u0173. \u201eTaste of the 00&#8217;s\u201c leidimas yra reta serija, tod\u0117l \u012fdomi kolekcininkams. Pasirod\u0119s Lietuvos rinkoje su ai\u0161kiu periodiniu akcentu.<\/p>\n<\/li>\n<\/ul>","protected":false},"excerpt":{"rendered":"<p data-start=\"83\" data-end=\"145\"><strong data-start=\"83\" data-end=\"117\">Brand and name:<\/strong> Winston &quot;taste of the 00&#039;s&quot;\u201e<\/p>\n<p data-start=\"147\" data-end=\"170\"><strong data-start=\"147\" data-end=\"157\">Size:<\/strong> 20 cigarettes<\/p>\n<p data-start=\"172\" data-end=\"198\"><strong data-start=\"172\" data-end=\"190\">Country of manufacture:<\/strong> Lithuania<\/p>\n<p data-start=\"200\" data-end=\"242\"><strong data-start=\"200\" data-end=\"224\">Production period:<\/strong> Around 2000\u20132010.<\/p>\n<p data-start=\"244\" data-end=\"277\"><strong data-start=\"244\" data-end=\"262\">Package type:<\/strong> Hard pack<\/p>","protected":false},"featured_media":26407,"template":"","meta":{"_surecart_dashboard_logo_width":"180px","_surecart_dashboard_show_logo":true,"_surecart_dashboard_navigation_orders":true,"_surecart_dashboard_navigation_invoices":true,"_surecart_dashboard_navigation_subscriptions":true,"_surecart_dashboard_navigation_downloads":true,"_surecart_dashboard_navigation_billing":true,"_surecart_dashboard_navigation_account":true,"site-sidebar-layout":"default","site-content-layout":"","ast-site-content-layout":"default","site-content-style":"default","site-sidebar-style":"default","ast-global-header-display":"","ast-banner-title-visibility":"","ast-main-header-display":"","ast-hfb-above-header-display":"","ast-hfb-below-header-display":"","ast-hfb-mobile-header-display":"","site-post-title":"","ast-breadcrumbs-content":"","ast-featured-img":"","footer-sml-layout":"","theme-transparent-header-meta":"default","adv-header-id-meta":"","stick-header-meta":"","header-above-stick-meta":"","header-main-stick-meta":"","header-below-stick-meta":"","astra-migrate-meta-layouts":"set","ast-page-background-enabled":"default","ast-page-background-meta":{"desktop":{"background-color":"","background-image":"","background-repeat":"repeat","background-position":"center center","background-size":"auto","background-attachment":"scroll","background-type":"","background-media":"","overlay-type":"","overlay-color":"","overlay-opacity":"","overlay-gradient":""},"tablet":{"background-color":"","background-image":"","background-repeat":"repeat","background-position":"center center","background-size":"auto","background-attachment":"scroll","background-type":"","background-media":"","overlay-type":"","overlay-color":"","overlay-opacity":"","overlay-gradient":""},"mobile":{"background-color":"","background-image":"","background-repeat":"repeat","background-position":"center center","background-size":"auto","background-attachment":"scroll","background-type":"","background-media":"","overlay-type":"","overlay-color":"","overlay-opacity":"","overlay-gradient":""}},"ast-content-background-meta":{"desktop":{"background-color":"var(--ast-global-color-5)","background-image":"","background-repeat":"repeat","background-position":"center center","background-size":"auto","background-attachment":"scroll","background-type":"","background-media":"","overlay-type":"","overlay-color":"","overlay-opacity":"","overlay-gradient":""},"tablet":{"background-color":"var(--ast-global-color-5)","background-image":"","background-repeat":"repeat","background-position":"center center","background-size":"auto","background-attachment":"scroll","background-type":"","background-media":"","overlay-type":"","overlay-color":"","overlay-opacity":"","overlay-gradient":""},"mobile":{"background-color":"var(--ast-global-color-5)","background-image":"","background-repeat":"repeat","background-position":"center center","background-size":"auto","background-attachment":"scroll","background-type":"","background-media":"","overlay-type":"","overlay-color":"","overlay-opacity":"","overlay-gradient":""}}},"product_brand":[],"product_cat":[85],"product_tag":[],"class_list":{"0":"post-14531","1":"product","2":"type-product","3":"status-publish","4":"has-post-thumbnail","6":"product_cat-lithuania","7":"desktop-align-left","8":"tablet-align-left","9":"mobile-align-left","11":"first","12":"instock","13":"sale","14":"shipping-taxable","15":"purchasable","16":"product-type-simple","17":"add-to-wishlist-before_image"},"_links":{"self":[{"href":"https:\/\/colligatum.com\/en\/wp-json\/wp\/v2\/product\/14531","targetHints":{"allow":["GET"]}}],"collection":[{"href":"https:\/\/colligatum.com\/en\/wp-json\/wp\/v2\/product"}],"about":[{"href":"https:\/\/colligatum.com\/en\/wp-json\/wp\/v2\/types\/product"}],"version-history":[{"count":1,"href":"https:\/\/colligatum.com\/en\/wp-json\/wp\/v2\/product\/14531\/revisions"}],"predecessor-version":[{"id":14532,"href":"https:\/\/colligatum.com\/en\/wp-json\/wp\/v2\/product\/14531\/revisions\/14532"}],"wp:featuredmedia":[{"embeddable":true,"href":"https:\/\/colligatum.com\/en\/wp-json\/wp\/v2\/media\/26407"}],"wp:attachment":[{"href":"https:\/\/colligatum.com\/en\/wp-json\/wp\/v2\/media?parent=14531"}],"wp:term":[{"taxonomy":"product_brand","embeddable":true,"href":"https:\/\/colligatum.com\/en\/wp-json\/wp\/v2\/product_brand?post=14531"},{"taxonomy":"product_cat","embeddable":true,"href":"https:\/\/colligatum.com\/en\/wp-json\/wp\/v2\/product_cat?post=14531"},{"taxonomy":"product_tag","embeddable":true,"href":"https:\/\/colligatum.com\/en\/wp-json\/wp\/v2\/product_tag?post=14531"}],"curies":[{"name":"wp","href":"https:\/\/api.w.org\/{rel}","templated":true}]}}