{"id":14533,"date":"2025-07-17T13:20:33","date_gmt":"2025-07-17T11:20:33","guid":{"rendered":"https:\/\/colligatum.com\/?post_type=product&#038;p=14533"},"modified":"2026-04-11T06:52:09","modified_gmt":"2026-04-11T04:52:09","slug":"winston-mellow-red","status":"publish","type":"product","link":"https:\/\/colligatum.com\/en\/product\/winston-mellow-red\/","title":{"rendered":"Winston Mellow Red"},"content":{"rendered":"<p data-start=\"288\" data-end=\"789\"><strong data-start=\"288\" data-end=\"302\">Description:<\/strong> \u0160is Winston Mellow Red cigare\u010di\u0173 pakelis priklauso serijai su u\u017era\u0161u \u201eAmerican Flavor\u201c ir i\u0161siskiria klasikiniu raudonai baltu dizainu su auksiniu ereliu vir\u0161uje. Ant pakelio matomas lietuvi\u0161kas banderolis su kaina \u2013 3.75 Lt \u2013 patvirtina, kad produktas buvo skirtas Lietuvos rinkai prie\u0161 \u012fvedant eur\u0105. Ant vis\u0173 pakelio pusi\u0173 pateikti \u012fsp\u0117jimai apie r\u016bkymo \u017eal\u0105 lietuvi\u0173 kalba. \u0160is leidimas pasi\u017eymi subtiliu retro stiliaus dizainu ir yra \u012fdomus kolekcininkams d\u0117l b\u016bkl\u0117s ir laikotarpio.<\/p>\n<p data-start=\"791\" data-end=\"814\"><strong data-start=\"791\" data-end=\"814\">Value assessment:<\/strong><\/p>\n<ul data-start=\"816\" data-end=\"1322\">\n<li data-start=\"816\" data-end=\"1025\">\n<p data-start=\"818\" data-end=\"1025\"><strong data-start=\"818\" data-end=\"838\">Collectible value:<\/strong> Vidutin\u0117. Nors tai n\u0117ra riboto leidimo pakelis, jis atspindi konkret\u0173 laikotarp\u012f Lietuvos tabako rinkoje ir gali b\u016bti vertingas kolekcininkams, siekiantiems surinkti serijas i\u0161 2000-\u0173j\u0173.<\/p>\n<\/li>\n<li data-start=\"1026\" data-end=\"1080\">\n<p data-start=\"1028\" data-end=\"1080\"><strong data-start=\"1028\" data-end=\"1050\">Condition assessment:<\/strong> Unopened, in excellent condition.<\/p>\n<\/li>\n<li data-start=\"1081\" data-end=\"1322\">\n<p data-start=\"1083\" data-end=\"1322\"><strong data-start=\"1083\" data-end=\"1123\">Historical data and popularity:<\/strong> Winston Mellow Red buvo vienas i\u0161 pagrindini\u0173 klasikini\u0173 Winston linijos produkt\u0173, ypa\u010d populiarus Ryt\u0173 Europoje. \u0160is pakelis buvo gaminamas pereinamuoju laikotarpiu iki naujojo dizaino \u012fsigal\u0117jimo.<\/p>\n<\/li>\n<\/ul>","protected":false},"excerpt":{"rendered":"<p data-start=\"83\" data-end=\"154\"><strong data-start=\"83\" data-end=\"117\">Brand and name:<\/strong> Winston Mellow Red &#8222;American Flavor&#8221;<\/p>\n<p data-start=\"156\" data-end=\"179\"><strong data-start=\"156\" data-end=\"166\">Size:<\/strong> 20 cigarettes<\/p>\n<p data-start=\"181\" data-end=\"207\"><strong data-start=\"181\" data-end=\"199\">Country of manufacture:<\/strong> Lithuania<\/p>\n<p data-start=\"209\" data-end=\"251\"><strong data-start=\"209\" data-end=\"233\">Production period:<\/strong> Around 2005\u20132010.<\/p>\n<p data-start=\"253\" data-end=\"286\"><strong data-start=\"253\" data-end=\"271\">Package type:<\/strong> Hard pack<\/p>","protected":false},"featured_media":14479,"template":"","meta":{"_surecart_dashboard_logo_width":"180px","_surecart_dashboard_show_logo":true,"_surecart_dashboard_navigation_orders":true,"_surecart_dashboard_navigation_invoices":true,"_surecart_dashboard_navigation_subscriptions":true,"_surecart_dashboard_navigation_downloads":true,"_surecart_dashboard_navigation_billing":true,"_surecart_dashboard_navigation_account":true,"site-sidebar-layout":"default","site-content-layout":"","ast-site-content-layout":"default","site-content-style":"default","site-sidebar-style":"default","ast-global-header-display":"","ast-banner-title-visibility":"","ast-main-header-display":"","ast-hfb-above-header-display":"","ast-hfb-below-header-display":"","ast-hfb-mobile-header-display":"","site-post-title":"","ast-breadcrumbs-content":"","ast-featured-img":"","footer-sml-layout":"","theme-transparent-header-meta":"default","adv-header-id-meta":"","stick-header-meta":"","header-above-stick-meta":"","header-main-stick-meta":"","header-below-stick-meta":"","astra-migrate-meta-layouts":"set","ast-page-background-enabled":"default","ast-page-background-meta":{"desktop":{"background-color":"","background-image":"","background-repeat":"repeat","background-position":"center center","background-size":"auto","background-attachment":"scroll","background-type":"","background-media":"","overlay-type":"","overlay-color":"","overlay-opacity":"","overlay-gradient":""},"tablet":{"background-color":"","background-image":"","background-repeat":"repeat","background-position":"center center","background-size":"auto","background-attachment":"scroll","background-type":"","background-media":"","overlay-type":"","overlay-color":"","overlay-opacity":"","overlay-gradient":""},"mobile":{"background-color":"","background-image":"","background-repeat":"repeat","background-position":"center center","background-size":"auto","background-attachment":"scroll","background-type":"","background-media":"","overlay-type":"","overlay-color":"","overlay-opacity":"","overlay-gradient":""}},"ast-content-background-meta":{"desktop":{"background-color":"var(--ast-global-color-5)","background-image":"","background-repeat":"repeat","background-position":"center center","background-size":"auto","background-attachment":"scroll","background-type":"","background-media":"","overlay-type":"","overlay-color":"","overlay-opacity":"","overlay-gradient":""},"tablet":{"background-color":"var(--ast-global-color-5)","background-image":"","background-repeat":"repeat","background-position":"center center","background-size":"auto","background-attachment":"scroll","background-type":"","background-media":"","overlay-type":"","overlay-color":"","overlay-opacity":"","overlay-gradient":""},"mobile":{"background-color":"var(--ast-global-color-5)","background-image":"","background-repeat":"repeat","background-position":"center center","background-size":"auto","background-attachment":"scroll","background-type":"","background-media":"","overlay-type":"","overlay-color":"","overlay-opacity":"","overlay-gradient":""}}},"product_brand":[],"product_cat":[85],"product_tag":[],"class_list":{"0":"post-14533","1":"product","2":"type-product","3":"status-publish","4":"has-post-thumbnail","6":"product_cat-lithuania","7":"desktop-align-left","8":"tablet-align-left","9":"mobile-align-left","11":"first","12":"instock","13":"sale","14":"shipping-taxable","15":"purchasable","16":"product-type-simple","17":"add-to-wishlist-before_image"},"_links":{"self":[{"href":"https:\/\/colligatum.com\/en\/wp-json\/wp\/v2\/product\/14533","targetHints":{"allow":["GET"]}}],"collection":[{"href":"https:\/\/colligatum.com\/en\/wp-json\/wp\/v2\/product"}],"about":[{"href":"https:\/\/colligatum.com\/en\/wp-json\/wp\/v2\/types\/product"}],"version-history":[{"count":1,"href":"https:\/\/colligatum.com\/en\/wp-json\/wp\/v2\/product\/14533\/revisions"}],"predecessor-version":[{"id":14534,"href":"https:\/\/colligatum.com\/en\/wp-json\/wp\/v2\/product\/14533\/revisions\/14534"}],"wp:featuredmedia":[{"embeddable":true,"href":"https:\/\/colligatum.com\/en\/wp-json\/wp\/v2\/media\/14479"}],"wp:attachment":[{"href":"https:\/\/colligatum.com\/en\/wp-json\/wp\/v2\/media?parent=14533"}],"wp:term":[{"taxonomy":"product_brand","embeddable":true,"href":"https:\/\/colligatum.com\/en\/wp-json\/wp\/v2\/product_brand?post=14533"},{"taxonomy":"product_cat","embeddable":true,"href":"https:\/\/colligatum.com\/en\/wp-json\/wp\/v2\/product_cat?post=14533"},{"taxonomy":"product_tag","embeddable":true,"href":"https:\/\/colligatum.com\/en\/wp-json\/wp\/v2\/product_tag?post=14533"}],"curies":[{"name":"wp","href":"https:\/\/api.w.org\/{rel}","templated":true}]}}