{"id":14545,"date":"2025-07-17T13:37:28","date_gmt":"2025-07-17T11:37:28","guid":{"rendered":"https:\/\/colligatum.com\/?post_type=product&#038;p=14545"},"modified":"2026-04-11T07:20:44","modified_gmt":"2026-04-11T05:20:44","slug":"winston-tune-up-to-the-50s","status":"publish","type":"product","link":"https:\/\/colligatum.com\/en\/product\/winston-tune-up-to-the-50s\/","title":{"rendered":"Winston &quot;Tune up to the 50&#039;s&quot;\u201e"},"content":{"rendered":"<p data-start=\"293\" data-end=\"750\"><strong data-start=\"293\" data-end=\"307\">Description:<\/strong> \u0160is riboto leidimo Winston cigare\u010di\u0173 pakelis priklauso teminei serijai, dedikuotai penktojo de\u0161imtme\u010dio stiliui. U\u017era\u0161as \u201eTune up to the 50\u2019s\u201c ir siluetai su trimitininku bei rokenrolo motyvais sustiprina retro tematik\u0105. Dizainas \u2013 ry\u0161kiai m\u0117lynas su baltu fonu, klasikiniu Winston logotipu ir stilizuotais grafikos elementais. Pakelis pa\u017eym\u0117tas lietuvi\u0161ku banderoli\u0173 lipduku ir kaina \u2013 3.75 Lt, o sveikatos \u012fsp\u0117jimai pateikti lietuvi\u0173 kalba.<\/p>\n<p data-start=\"752\" data-end=\"775\"><strong data-start=\"752\" data-end=\"775\">Value assessment:<\/strong><\/p>\n<ul data-start=\"777\" data-end=\"1340\">\n<li data-start=\"777\" data-end=\"969\">\n<p data-start=\"779\" data-end=\"969\"><strong data-start=\"779\" data-end=\"799\">Collectible value:<\/strong> Vidutin\u0117\u2013auk\u0161ta. Tai dalis temin\u0117s \u201ede\u0161imtme\u010di\u0173\u201c serijos (pvz. \u201e50\u2019s\u201c, \u201e60\u2019s\u201c, \u201e70\u2019s\u201c, \u201e00\u2019s\u201c) ir turi i\u0161skirtin\u012f dizain\u0105, kuris traukia temini\u0173 pakeli\u0173 kolekcionierius.<\/p>\n<\/li>\n<li data-start=\"970\" data-end=\"1024\">\n<p data-start=\"972\" data-end=\"1024\"><strong data-start=\"972\" data-end=\"994\">Condition assessment:<\/strong> Unopened, in excellent condition.<\/p>\n<\/li>\n<li data-start=\"1025\" data-end=\"1340\">\n<p data-start=\"1027\" data-end=\"1340\"><strong data-start=\"1027\" data-end=\"1067\">Historical data and popularity:<\/strong> Winston yra vienas i\u0161 gerai \u017einom\u0173 tarptautini\u0173 cigare\u010di\u0173 \u017eenkl\u0173. \u201eTune up to the 50\u2019s\u201c leidimas buvo trumpalaikis rinkodaros projektas, orientuotas \u012f nostalgij\u0105 ir vizualin\u012f i\u0161skirtinum\u0105. \u0160ie pakeliai i\u0161siskiria tarp standartini\u0173 leidim\u0173 ir tampa vis retesni kolekcijose.<\/p>\n<\/li>\n<\/ul>","protected":false},"excerpt":{"rendered":"<p data-start=\"95\" data-end=\"159\"><strong data-start=\"95\" data-end=\"129\">Brand and name:<\/strong> Winston &quot;Tune up to the 50&#039;s&quot;\u201e<\/p>\n<p data-start=\"161\" data-end=\"184\"><strong data-start=\"161\" data-end=\"171\">Size:<\/strong> 20 cigarettes<\/p>\n<p data-start=\"186\" data-end=\"212\"><strong data-start=\"186\" data-end=\"204\">Country of manufacture:<\/strong> Lithuania<\/p>\n<p data-start=\"214\" data-end=\"256\"><strong data-start=\"214\" data-end=\"238\">Production period:<\/strong> Around 2000\u20132010.<\/p>\n<p data-start=\"258\" data-end=\"291\"><strong data-start=\"258\" data-end=\"276\">Package type:<\/strong> Hard pack<\/p>","protected":false},"featured_media":26409,"template":"","meta":{"_surecart_dashboard_logo_width":"180px","_surecart_dashboard_show_logo":true,"_surecart_dashboard_navigation_orders":true,"_surecart_dashboard_navigation_invoices":true,"_surecart_dashboard_navigation_subscriptions":true,"_surecart_dashboard_navigation_downloads":true,"_surecart_dashboard_navigation_billing":true,"_surecart_dashboard_navigation_account":true,"site-sidebar-layout":"default","site-content-layout":"","ast-site-content-layout":"default","site-content-style":"default","site-sidebar-style":"default","ast-global-header-display":"","ast-banner-title-visibility":"","ast-main-header-display":"","ast-hfb-above-header-display":"","ast-hfb-below-header-display":"","ast-hfb-mobile-header-display":"","site-post-title":"","ast-breadcrumbs-content":"","ast-featured-img":"","footer-sml-layout":"","theme-transparent-header-meta":"default","adv-header-id-meta":"","stick-header-meta":"","header-above-stick-meta":"","header-main-stick-meta":"","header-below-stick-meta":"","astra-migrate-meta-layouts":"set","ast-page-background-enabled":"default","ast-page-background-meta":{"desktop":{"background-color":"","background-image":"","background-repeat":"repeat","background-position":"center center","background-size":"auto","background-attachment":"scroll","background-type":"","background-media":"","overlay-type":"","overlay-color":"","overlay-opacity":"","overlay-gradient":""},"tablet":{"background-color":"","background-image":"","background-repeat":"repeat","background-position":"center center","background-size":"auto","background-attachment":"scroll","background-type":"","background-media":"","overlay-type":"","overlay-color":"","overlay-opacity":"","overlay-gradient":""},"mobile":{"background-color":"","background-image":"","background-repeat":"repeat","background-position":"center center","background-size":"auto","background-attachment":"scroll","background-type":"","background-media":"","overlay-type":"","overlay-color":"","overlay-opacity":"","overlay-gradient":""}},"ast-content-background-meta":{"desktop":{"background-color":"var(--ast-global-color-5)","background-image":"","background-repeat":"repeat","background-position":"center center","background-size":"auto","background-attachment":"scroll","background-type":"","background-media":"","overlay-type":"","overlay-color":"","overlay-opacity":"","overlay-gradient":""},"tablet":{"background-color":"var(--ast-global-color-5)","background-image":"","background-repeat":"repeat","background-position":"center center","background-size":"auto","background-attachment":"scroll","background-type":"","background-media":"","overlay-type":"","overlay-color":"","overlay-opacity":"","overlay-gradient":""},"mobile":{"background-color":"var(--ast-global-color-5)","background-image":"","background-repeat":"repeat","background-position":"center center","background-size":"auto","background-attachment":"scroll","background-type":"","background-media":"","overlay-type":"","overlay-color":"","overlay-opacity":"","overlay-gradient":""}}},"product_brand":[],"product_cat":[85],"product_tag":[],"class_list":{"0":"post-14545","1":"product","2":"type-product","3":"status-publish","4":"has-post-thumbnail","6":"product_cat-lithuania","7":"desktop-align-left","8":"tablet-align-left","9":"mobile-align-left","11":"first","12":"instock","13":"sale","14":"shipping-taxable","15":"purchasable","16":"product-type-simple","17":"add-to-wishlist-before_image"},"_links":{"self":[{"href":"https:\/\/colligatum.com\/en\/wp-json\/wp\/v2\/product\/14545","targetHints":{"allow":["GET"]}}],"collection":[{"href":"https:\/\/colligatum.com\/en\/wp-json\/wp\/v2\/product"}],"about":[{"href":"https:\/\/colligatum.com\/en\/wp-json\/wp\/v2\/types\/product"}],"version-history":[{"count":1,"href":"https:\/\/colligatum.com\/en\/wp-json\/wp\/v2\/product\/14545\/revisions"}],"predecessor-version":[{"id":14546,"href":"https:\/\/colligatum.com\/en\/wp-json\/wp\/v2\/product\/14545\/revisions\/14546"}],"wp:featuredmedia":[{"embeddable":true,"href":"https:\/\/colligatum.com\/en\/wp-json\/wp\/v2\/media\/26409"}],"wp:attachment":[{"href":"https:\/\/colligatum.com\/en\/wp-json\/wp\/v2\/media?parent=14545"}],"wp:term":[{"taxonomy":"product_brand","embeddable":true,"href":"https:\/\/colligatum.com\/en\/wp-json\/wp\/v2\/product_brand?post=14545"},{"taxonomy":"product_cat","embeddable":true,"href":"https:\/\/colligatum.com\/en\/wp-json\/wp\/v2\/product_cat?post=14545"},{"taxonomy":"product_tag","embeddable":true,"href":"https:\/\/colligatum.com\/en\/wp-json\/wp\/v2\/product_tag?post=14545"}],"curies":[{"name":"wp","href":"https:\/\/api.w.org\/{rel}","templated":true}]}}