{"id":14572,"date":"2025-07-17T14:25:15","date_gmt":"2025-07-17T12:25:15","guid":{"rendered":"https:\/\/colligatum.com\/?post_type=product&#038;p=14572"},"modified":"2026-04-14T17:53:48","modified_gmt":"2026-04-14T15:53:48","slug":"pall-mall-los-angeles","status":"publish","type":"product","link":"https:\/\/colligatum.com\/en\/product\/pall-mall-los-angeles\/","title":{"rendered":"Pall Mall &quot;Los Angeles&quot;\u201e"},"content":{"rendered":"<p data-start=\"340\" data-end=\"902\"><strong data-start=\"340\" data-end=\"354\">Description:<\/strong><br data-start=\"354\" data-end=\"357\" \/>Pall Mall \u201eLos Angeles\u201c \u2013 tai specialaus leidimo pakelis i\u0161 \u201eFamous American Blend\u201c linijos, pasi\u017eymintis i\u0161rai\u0161kingu miesto vakar\u0117lio ir \u0161vies\u0173 dizainu. Oran\u017einiame fone pavaizduoti \u0161okantys siluetai ir miesto greitkelis, simbolizuojantis Los And\u017eelo naktin\u012f gyvenim\u0105. Ant \u0161onin\u0117s pus\u0117s pateikti \u012fsp\u0117jimai vokie\u010di\u0173 kalba, o taip pat nurodyta, kad tai British American Tobacco Group produktas. \u0160is leidimas buvo viena i\u0161 keli\u0173 Pall Mall temini\u0173 serij\u0173, \u012fkv\u0117pt\u0173 \u017eymi\u0173 JAV miest\u0173. Pakelis yra originaliai u\u017edarytas su celofanu, labai geros b\u016bkl\u0117s.<\/p>\n<p data-start=\"904\" data-end=\"927\"><strong data-start=\"904\" data-end=\"927\">Value assessment:<\/strong><\/p>\n<ul data-start=\"929\" data-end=\"1479\">\n<li data-start=\"929\" data-end=\"1151\">\n<p data-start=\"931\" data-end=\"1151\"><strong data-start=\"931\" data-end=\"951\">Collectible value:<\/strong> Auk\u0161ta. \u201eLos Angeles\u201c serija yra laikoma riboto leidimo dizainu, retesniu nei standartiniai Pall Mall pakeliai. D\u0117l \u0161iuolaikin\u0117s pop kult\u016bros temos jis yra itin vertinamas temini\u0173 kolekcij\u0173 sud\u0117tyje.<\/p>\n<\/li>\n<li data-start=\"1152\" data-end=\"1264\">\n<p data-start=\"1154\" data-end=\"1264\"><strong data-start=\"1154\" data-end=\"1176\">Condition assessment:<\/strong> Neatidarytas, labai gera b\u016bkl\u0117, su originaliu celofanu ir ai\u0161kiai \u012fskaitomais \u017eenklais.<\/p>\n<\/li>\n<li data-start=\"1265\" data-end=\"1479\">\n<p data-start=\"1267\" data-end=\"1479\"><strong data-start=\"1267\" data-end=\"1307\">Historical data and popularity:<\/strong> Riboto leidimo miesto tematika buvo i\u0161leista keliose Europos \u0161alyse, ta\u010diau \u0161ie pakeliai nebuvo pla\u010diai prieinami, tod\u0117l laikui b\u0117gant tapo vis retesni kolekcinink\u0173 tarpe.<\/p>\n<\/li>\n<\/ul>","protected":false},"excerpt":{"rendered":"<p data-start=\"140\" data-end=\"198\"><strong data-start=\"140\" data-end=\"174\">Brand and name:<\/strong> Pall Mall &quot;Los Angeles&quot;\u201e<\/p>\n<p data-start=\"200\" data-end=\"223\"><strong data-start=\"200\" data-end=\"210\">Size:<\/strong> 20 cigarettes<\/p>\n<p data-start=\"225\" data-end=\"253\"><strong data-start=\"225\" data-end=\"243\">Country of manufacture:<\/strong> Germany<\/p>\n<p data-start=\"255\" data-end=\"303\"><strong data-start=\"255\" data-end=\"279\">Production period:<\/strong> Approximately 2005\u20132015.<\/p>\n<p data-start=\"305\" data-end=\"338\"><strong data-start=\"305\" data-end=\"323\">Package type:<\/strong> Hard pack<\/p>","protected":false},"featured_media":14517,"template":"","meta":{"_surecart_dashboard_logo_width":"180px","_surecart_dashboard_show_logo":true,"_surecart_dashboard_navigation_orders":true,"_surecart_dashboard_navigation_invoices":true,"_surecart_dashboard_navigation_subscriptions":true,"_surecart_dashboard_navigation_downloads":true,"_surecart_dashboard_navigation_billing":true,"_surecart_dashboard_navigation_account":true,"site-sidebar-layout":"default","site-content-layout":"","ast-site-content-layout":"default","site-content-style":"default","site-sidebar-style":"default","ast-global-header-display":"","ast-banner-title-visibility":"","ast-main-header-display":"","ast-hfb-above-header-display":"","ast-hfb-below-header-display":"","ast-hfb-mobile-header-display":"","site-post-title":"","ast-breadcrumbs-content":"","ast-featured-img":"","footer-sml-layout":"","theme-transparent-header-meta":"default","adv-header-id-meta":"","stick-header-meta":"","header-above-stick-meta":"","header-main-stick-meta":"","header-below-stick-meta":"","astra-migrate-meta-layouts":"set","ast-page-background-enabled":"default","ast-page-background-meta":{"desktop":{"background-color":"","background-image":"","background-repeat":"repeat","background-position":"center center","background-size":"auto","background-attachment":"scroll","background-type":"","background-media":"","overlay-type":"","overlay-color":"","overlay-opacity":"","overlay-gradient":""},"tablet":{"background-color":"","background-image":"","background-repeat":"repeat","background-position":"center center","background-size":"auto","background-attachment":"scroll","background-type":"","background-media":"","overlay-type":"","overlay-color":"","overlay-opacity":"","overlay-gradient":""},"mobile":{"background-color":"","background-image":"","background-repeat":"repeat","background-position":"center center","background-size":"auto","background-attachment":"scroll","background-type":"","background-media":"","overlay-type":"","overlay-color":"","overlay-opacity":"","overlay-gradient":""}},"ast-content-background-meta":{"desktop":{"background-color":"var(--ast-global-color-5)","background-image":"","background-repeat":"repeat","background-position":"center center","background-size":"auto","background-attachment":"scroll","background-type":"","background-media":"","overlay-type":"","overlay-color":"","overlay-opacity":"","overlay-gradient":""},"tablet":{"background-color":"var(--ast-global-color-5)","background-image":"","background-repeat":"repeat","background-position":"center center","background-size":"auto","background-attachment":"scroll","background-type":"","background-media":"","overlay-type":"","overlay-color":"","overlay-opacity":"","overlay-gradient":""},"mobile":{"background-color":"var(--ast-global-color-5)","background-image":"","background-repeat":"repeat","background-position":"center center","background-size":"auto","background-attachment":"scroll","background-type":"","background-media":"","overlay-type":"","overlay-color":"","overlay-opacity":"","overlay-gradient":""}}},"product_brand":[],"product_cat":[151],"product_tag":[],"class_list":{"0":"post-14572","1":"product","2":"type-product","3":"status-publish","4":"has-post-thumbnail","6":"product_cat-germany","7":"desktop-align-left","8":"tablet-align-left","9":"mobile-align-left","11":"first","12":"instock","13":"sale","14":"shipping-taxable","15":"purchasable","16":"product-type-simple","17":"add-to-wishlist-before_image"},"_links":{"self":[{"href":"https:\/\/colligatum.com\/en\/wp-json\/wp\/v2\/product\/14572","targetHints":{"allow":["GET"]}}],"collection":[{"href":"https:\/\/colligatum.com\/en\/wp-json\/wp\/v2\/product"}],"about":[{"href":"https:\/\/colligatum.com\/en\/wp-json\/wp\/v2\/types\/product"}],"version-history":[{"count":1,"href":"https:\/\/colligatum.com\/en\/wp-json\/wp\/v2\/product\/14572\/revisions"}],"predecessor-version":[{"id":14573,"href":"https:\/\/colligatum.com\/en\/wp-json\/wp\/v2\/product\/14572\/revisions\/14573"}],"wp:featuredmedia":[{"embeddable":true,"href":"https:\/\/colligatum.com\/en\/wp-json\/wp\/v2\/media\/14517"}],"wp:attachment":[{"href":"https:\/\/colligatum.com\/en\/wp-json\/wp\/v2\/media?parent=14572"}],"wp:term":[{"taxonomy":"product_brand","embeddable":true,"href":"https:\/\/colligatum.com\/en\/wp-json\/wp\/v2\/product_brand?post=14572"},{"taxonomy":"product_cat","embeddable":true,"href":"https:\/\/colligatum.com\/en\/wp-json\/wp\/v2\/product_cat?post=14572"},{"taxonomy":"product_tag","embeddable":true,"href":"https:\/\/colligatum.com\/en\/wp-json\/wp\/v2\/product_tag?post=14572"}],"curies":[{"name":"wp","href":"https:\/\/api.w.org\/{rel}","templated":true}]}}