{"id":14650,"date":"2025-07-18T07:57:25","date_gmt":"2025-07-18T05:57:25","guid":{"rendered":"https:\/\/colligatum.com\/?post_type=product&#038;p=14650"},"modified":"2026-04-14T17:54:04","modified_gmt":"2026-04-14T15:54:04","slug":"pall-mall-san-francisco","status":"publish","type":"product","link":"https:\/\/colligatum.com\/en\/product\/pall-mall-san-francisco\/","title":{"rendered":"Pall Mall San Francisco"},"content":{"rendered":"<p data-start=\"279\" data-end=\"772\"><strong data-start=\"279\" data-end=\"293\">Description:<\/strong> \u0160is Pall Mall leidimas \u201eSan Francisco\u201c priklauso ribotos temin\u0117s serijos linijai, kurioje vaizduojami \u012fvair\u016bs miestai. Pakelis dekoruotas m\u0117lyna spalva su San Francisko motyvais \u2013 stilizuotu tiltu ir judan\u010di\u0173 \u017eibint\u0173 \u0161viesomis, su siluetu \u017emogaus foniniame pie\u0161inyje. Priekin\u0117je dalyje yra \u012fsp\u0117jimas vokie\u010di\u0173 kalba \u201eRauchen kann t\u00f6dlich sein\u201c, o pakelio vir\u0161uje \u2013 Vokietijos akcizo lipdukas. Dizainas perteikia modern\u0173, dinami\u0161k\u0105 \u012fvaizd\u012f, orientuot\u0105 \u012f jaunesn\u012f r\u016bkali\u0173 segment\u0105.<\/p>\n<p data-start=\"774\" data-end=\"797\"><strong data-start=\"774\" data-end=\"797\">Value assessment:<\/strong><\/p>\n<ul data-start=\"799\" data-end=\"1336\">\n<li data-start=\"799\" data-end=\"1003\">\n<p data-start=\"801\" data-end=\"1003\"><strong data-start=\"801\" data-end=\"821\">Collectible value:<\/strong> Vidutin\u0117\u2013auk\u0161ta. Tai ribotos serijos pakelis su miesto tematika, kuris jau neb\u0117ra gaminamas. Kolekcininkams, renkantiems Pall Mall ar miest\u0173 tematik\u0105, \u0161is leidimas gali b\u016bti \u012fdomus.<\/p>\n<\/li>\n<li data-start=\"1005\" data-end=\"1091\">\n<p data-start=\"1007\" data-end=\"1091\"><strong data-start=\"1007\" data-end=\"1029\">Condition assessment:<\/strong> Neatidarytas, puikios b\u016bkl\u0117s, su visais akciziniais \u017eenklais.<\/p>\n<\/li>\n<li data-start=\"1093\" data-end=\"1336\">\n<p data-start=\"1095\" data-end=\"1336\"><strong data-start=\"1095\" data-end=\"1135\">Historical data and popularity:<\/strong> Pall Mall buvo ypa\u010d populiarus Europoje 2000-aisiais. Riboti leidimai, tokie kaip \u201eSan Francisco\u201c, buvo skirti pritraukti nauj\u0105 auditorij\u0105, ir dabar laikomi gana geid\u017eiamais tarp specifini\u0173 kolekcij\u0173.<\/p>\n<\/li>\n<\/ul>","protected":false},"excerpt":{"rendered":"<p data-start=\"85\" data-end=\"143\"><strong data-start=\"85\" data-end=\"119\">Brand and name:<\/strong> Pall Mall San Francisco<\/p>\n<p data-start=\"145\" data-end=\"168\"><strong data-start=\"145\" data-end=\"155\">Size:<\/strong> 20 cigarettes<\/p>\n<p data-start=\"170\" data-end=\"198\"><strong data-start=\"170\" data-end=\"188\">Country of manufacture:<\/strong> Germany<\/p>\n<p data-start=\"200\" data-end=\"242\"><strong data-start=\"200\" data-end=\"224\">Production period:<\/strong> Around 2005\u20132010.<\/p>\n<p data-start=\"244\" data-end=\"277\"><strong data-start=\"244\" data-end=\"262\">Package type:<\/strong> Hard pack<\/p>","protected":false},"featured_media":14596,"template":"","meta":{"_surecart_dashboard_logo_width":"180px","_surecart_dashboard_show_logo":true,"_surecart_dashboard_navigation_orders":true,"_surecart_dashboard_navigation_invoices":true,"_surecart_dashboard_navigation_subscriptions":true,"_surecart_dashboard_navigation_downloads":true,"_surecart_dashboard_navigation_billing":true,"_surecart_dashboard_navigation_account":true,"site-sidebar-layout":"default","site-content-layout":"","ast-site-content-layout":"default","site-content-style":"default","site-sidebar-style":"default","ast-global-header-display":"","ast-banner-title-visibility":"","ast-main-header-display":"","ast-hfb-above-header-display":"","ast-hfb-below-header-display":"","ast-hfb-mobile-header-display":"","site-post-title":"","ast-breadcrumbs-content":"","ast-featured-img":"","footer-sml-layout":"","theme-transparent-header-meta":"default","adv-header-id-meta":"","stick-header-meta":"","header-above-stick-meta":"","header-main-stick-meta":"","header-below-stick-meta":"","astra-migrate-meta-layouts":"set","ast-page-background-enabled":"default","ast-page-background-meta":{"desktop":{"background-color":"","background-image":"","background-repeat":"repeat","background-position":"center center","background-size":"auto","background-attachment":"scroll","background-type":"","background-media":"","overlay-type":"","overlay-color":"","overlay-opacity":"","overlay-gradient":""},"tablet":{"background-color":"","background-image":"","background-repeat":"repeat","background-position":"center center","background-size":"auto","background-attachment":"scroll","background-type":"","background-media":"","overlay-type":"","overlay-color":"","overlay-opacity":"","overlay-gradient":""},"mobile":{"background-color":"","background-image":"","background-repeat":"repeat","background-position":"center center","background-size":"auto","background-attachment":"scroll","background-type":"","background-media":"","overlay-type":"","overlay-color":"","overlay-opacity":"","overlay-gradient":""}},"ast-content-background-meta":{"desktop":{"background-color":"var(--ast-global-color-5)","background-image":"","background-repeat":"repeat","background-position":"center center","background-size":"auto","background-attachment":"scroll","background-type":"","background-media":"","overlay-type":"","overlay-color":"","overlay-opacity":"","overlay-gradient":""},"tablet":{"background-color":"var(--ast-global-color-5)","background-image":"","background-repeat":"repeat","background-position":"center center","background-size":"auto","background-attachment":"scroll","background-type":"","background-media":"","overlay-type":"","overlay-color":"","overlay-opacity":"","overlay-gradient":""},"mobile":{"background-color":"var(--ast-global-color-5)","background-image":"","background-repeat":"repeat","background-position":"center center","background-size":"auto","background-attachment":"scroll","background-type":"","background-media":"","overlay-type":"","overlay-color":"","overlay-opacity":"","overlay-gradient":""}}},"product_brand":[],"product_cat":[151],"product_tag":[],"class_list":{"0":"post-14650","1":"product","2":"type-product","3":"status-publish","4":"has-post-thumbnail","6":"product_cat-germany","7":"desktop-align-left","8":"tablet-align-left","9":"mobile-align-left","11":"first","12":"instock","13":"sale","14":"shipping-taxable","15":"purchasable","16":"product-type-simple","17":"add-to-wishlist-before_image"},"_links":{"self":[{"href":"https:\/\/colligatum.com\/en\/wp-json\/wp\/v2\/product\/14650","targetHints":{"allow":["GET"]}}],"collection":[{"href":"https:\/\/colligatum.com\/en\/wp-json\/wp\/v2\/product"}],"about":[{"href":"https:\/\/colligatum.com\/en\/wp-json\/wp\/v2\/types\/product"}],"version-history":[{"count":1,"href":"https:\/\/colligatum.com\/en\/wp-json\/wp\/v2\/product\/14650\/revisions"}],"predecessor-version":[{"id":14651,"href":"https:\/\/colligatum.com\/en\/wp-json\/wp\/v2\/product\/14650\/revisions\/14651"}],"wp:featuredmedia":[{"embeddable":true,"href":"https:\/\/colligatum.com\/en\/wp-json\/wp\/v2\/media\/14596"}],"wp:attachment":[{"href":"https:\/\/colligatum.com\/en\/wp-json\/wp\/v2\/media?parent=14650"}],"wp:term":[{"taxonomy":"product_brand","embeddable":true,"href":"https:\/\/colligatum.com\/en\/wp-json\/wp\/v2\/product_brand?post=14650"},{"taxonomy":"product_cat","embeddable":true,"href":"https:\/\/colligatum.com\/en\/wp-json\/wp\/v2\/product_cat?post=14650"},{"taxonomy":"product_tag","embeddable":true,"href":"https:\/\/colligatum.com\/en\/wp-json\/wp\/v2\/product_tag?post=14650"}],"curies":[{"name":"wp","href":"https:\/\/api.w.org\/{rel}","templated":true}]}}