{"id":14668,"date":"2025-07-18T08:18:19","date_gmt":"2025-07-18T06:18:19","guid":{"rendered":"https:\/\/colligatum.com\/?post_type=product&#038;p=14668"},"modified":"2026-04-11T07:20:50","modified_gmt":"2026-04-11T05:20:50","slug":"winston-swinging-60s-2","status":"publish","type":"product","link":"https:\/\/colligatum.com\/en\/product\/winston-swinging-60s-2\/","title":{"rendered":"Winston Swinging 60&#039;s"},"content":{"rendered":"<p data-start=\"239\" data-end=\"707\"><strong data-start=\"239\" data-end=\"253\">Description:<\/strong> \u201eWinston Swinging 60\u2019s\u201c \u2013 tai riboto leidimo teminis cigare\u010di\u0173 pakelis, sukurtas 1960-\u0173j\u0173 stiliaus garbei. Vir\u0161utin\u0117 dalis puo\u0161ta stilizuotais g\u0117li\u0173 pie\u0161iniais ir u\u017era\u0161u \u201eSwinging 60\u2019s\u201c, simbolizuojan\u010diu hipi\u0173 ir laisv\u0117s er\u0105. Apatin\u0117 dalis i\u0161laiko klasikin\u012f Winston m\u0117lyn\u0105 fon\u0105 su baltu logotipu ir raudona \u201e5\u201c raide. Priekin\u0117je ir galin\u0117je pus\u0117se \u2013 lietuvi\u0161ki sveikatos \u012fsp\u0117jimai. Pakelis pa\u017eym\u0117tas lit\u0173 laik\u0173 akcizu su 3,75 Lt kaina, i\u0161likusi pl\u0117vel\u0117.<\/p>\n<p data-start=\"709\" data-end=\"732\"><strong data-start=\"709\" data-end=\"732\">Value assessment:<\/strong><\/p>\n<ul data-start=\"734\" data-end=\"1307\">\n<li data-start=\"734\" data-end=\"955\">\n<p data-start=\"736\" data-end=\"955\"><strong data-start=\"736\" data-end=\"756\">Collectible value:<\/strong> Auk\u0161ta. Tai vienas i\u0161 temini\u0173 Winston leidim\u0173, kurie i\u0161leisti labai ribotu tira\u017eu. Pakeliai, pa\u017eym\u0117ti specifin\u0117mis dekadomis (60\u2019s, 70\u2019s, 80\u2019s, 90\u2019s), kolekcinink\u0173 vertinami kaip serijinis rinkinys.<\/p>\n<\/li>\n<li data-start=\"957\" data-end=\"1055\">\n<p data-start=\"959\" data-end=\"1055\"><strong data-start=\"959\" data-end=\"981\">Condition assessment:<\/strong> Neatidarytas, puikios kolekcin\u0117s b\u016bkl\u0117s, su nepa\u017eeistu lietuvi\u0161ku akcizu.<\/p>\n<\/li>\n<li data-start=\"1057\" data-end=\"1307\">\n<p data-start=\"1059\" data-end=\"1307\"><strong data-start=\"1059\" data-end=\"1099\">Historical data and popularity:<\/strong> Winston speciali\u0173 serij\u0173 pakeliai buvo leid\u017eiami kaip dizaino eksperimentai siekiant pabr\u0117\u017eti kult\u016brin\u012f identitet\u0105. \u0160ie leidimai dabar vertinami kolekcinink\u0173, ypa\u010d jei priklauso visai keturi\u0173 dekad\u0173 serijai.<\/p>\n<\/li>\n<\/ul>","protected":false},"excerpt":{"rendered":"<p data-start=\"49\" data-end=\"105\"><strong data-start=\"49\" data-end=\"83\">Brand and name:<\/strong> Winston Swinging 60&#039;s<\/p>\n<p data-start=\"107\" data-end=\"130\"><strong data-start=\"107\" data-end=\"117\">Size:<\/strong> 20 cigarettes<\/p>\n<p data-start=\"132\" data-end=\"158\"><strong data-start=\"132\" data-end=\"150\">Country of manufacture:<\/strong> Lithuania<\/p>\n<p data-start=\"160\" data-end=\"202\"><strong data-start=\"160\" data-end=\"184\">Production period:<\/strong> Around 2008\u20132010.<\/p>\n<p data-start=\"204\" data-end=\"237\"><strong data-start=\"204\" data-end=\"222\">Package type:<\/strong> Hard pack<\/p>","protected":false},"featured_media":26413,"template":"","meta":{"_surecart_dashboard_logo_width":"180px","_surecart_dashboard_show_logo":true,"_surecart_dashboard_navigation_orders":true,"_surecart_dashboard_navigation_invoices":true,"_surecart_dashboard_navigation_subscriptions":true,"_surecart_dashboard_navigation_downloads":true,"_surecart_dashboard_navigation_billing":true,"_surecart_dashboard_navigation_account":true,"site-sidebar-layout":"default","site-content-layout":"","ast-site-content-layout":"default","site-content-style":"default","site-sidebar-style":"default","ast-global-header-display":"","ast-banner-title-visibility":"","ast-main-header-display":"","ast-hfb-above-header-display":"","ast-hfb-below-header-display":"","ast-hfb-mobile-header-display":"","site-post-title":"","ast-breadcrumbs-content":"","ast-featured-img":"","footer-sml-layout":"","theme-transparent-header-meta":"default","adv-header-id-meta":"","stick-header-meta":"","header-above-stick-meta":"","header-main-stick-meta":"","header-below-stick-meta":"","astra-migrate-meta-layouts":"set","ast-page-background-enabled":"default","ast-page-background-meta":{"desktop":{"background-color":"","background-image":"","background-repeat":"repeat","background-position":"center center","background-size":"auto","background-attachment":"scroll","background-type":"","background-media":"","overlay-type":"","overlay-color":"","overlay-opacity":"","overlay-gradient":""},"tablet":{"background-color":"","background-image":"","background-repeat":"repeat","background-position":"center center","background-size":"auto","background-attachment":"scroll","background-type":"","background-media":"","overlay-type":"","overlay-color":"","overlay-opacity":"","overlay-gradient":""},"mobile":{"background-color":"","background-image":"","background-repeat":"repeat","background-position":"center center","background-size":"auto","background-attachment":"scroll","background-type":"","background-media":"","overlay-type":"","overlay-color":"","overlay-opacity":"","overlay-gradient":""}},"ast-content-background-meta":{"desktop":{"background-color":"var(--ast-global-color-5)","background-image":"","background-repeat":"repeat","background-position":"center center","background-size":"auto","background-attachment":"scroll","background-type":"","background-media":"","overlay-type":"","overlay-color":"","overlay-opacity":"","overlay-gradient":""},"tablet":{"background-color":"var(--ast-global-color-5)","background-image":"","background-repeat":"repeat","background-position":"center center","background-size":"auto","background-attachment":"scroll","background-type":"","background-media":"","overlay-type":"","overlay-color":"","overlay-opacity":"","overlay-gradient":""},"mobile":{"background-color":"var(--ast-global-color-5)","background-image":"","background-repeat":"repeat","background-position":"center center","background-size":"auto","background-attachment":"scroll","background-type":"","background-media":"","overlay-type":"","overlay-color":"","overlay-opacity":"","overlay-gradient":""}}},"product_brand":[],"product_cat":[85],"product_tag":[],"class_list":{"0":"post-14668","1":"product","2":"type-product","3":"status-publish","4":"has-post-thumbnail","6":"product_cat-lithuania","7":"desktop-align-left","8":"tablet-align-left","9":"mobile-align-left","11":"first","12":"instock","13":"sale","14":"shipping-taxable","15":"purchasable","16":"product-type-simple","17":"add-to-wishlist-before_image"},"_links":{"self":[{"href":"https:\/\/colligatum.com\/en\/wp-json\/wp\/v2\/product\/14668","targetHints":{"allow":["GET"]}}],"collection":[{"href":"https:\/\/colligatum.com\/en\/wp-json\/wp\/v2\/product"}],"about":[{"href":"https:\/\/colligatum.com\/en\/wp-json\/wp\/v2\/types\/product"}],"version-history":[{"count":1,"href":"https:\/\/colligatum.com\/en\/wp-json\/wp\/v2\/product\/14668\/revisions"}],"predecessor-version":[{"id":14669,"href":"https:\/\/colligatum.com\/en\/wp-json\/wp\/v2\/product\/14668\/revisions\/14669"}],"wp:featuredmedia":[{"embeddable":true,"href":"https:\/\/colligatum.com\/en\/wp-json\/wp\/v2\/media\/26413"}],"wp:attachment":[{"href":"https:\/\/colligatum.com\/en\/wp-json\/wp\/v2\/media?parent=14668"}],"wp:term":[{"taxonomy":"product_brand","embeddable":true,"href":"https:\/\/colligatum.com\/en\/wp-json\/wp\/v2\/product_brand?post=14668"},{"taxonomy":"product_cat","embeddable":true,"href":"https:\/\/colligatum.com\/en\/wp-json\/wp\/v2\/product_cat?post=14668"},{"taxonomy":"product_tag","embeddable":true,"href":"https:\/\/colligatum.com\/en\/wp-json\/wp\/v2\/product_tag?post=14668"}],"curies":[{"name":"wp","href":"https:\/\/api.w.org\/{rel}","templated":true}]}}