{"id":14748,"date":"2025-07-18T08:59:00","date_gmt":"2025-07-18T06:59:00","guid":{"rendered":"https:\/\/colligatum.com\/?post_type=product&#038;p=14748"},"modified":"2026-04-11T15:46:02","modified_gmt":"2026-04-11T13:46:02","slug":"kent-menthol-taste","status":"publish","type":"product","link":"https:\/\/colligatum.com\/en\/product\/kent-menthol-taste\/","title":{"rendered":"Kent Menthol Taste"},"content":{"rendered":"<p data-start=\"272\" data-end=\"820\"><strong data-start=\"272\" data-end=\"286\">Description:<\/strong> \u0160is Kent \u201eMenthol Taste\u201c cigare\u010di\u0173 pakelis pasi\u017eymi \u0161viesaus, beveik balto pagrindo dizainu su ry\u0161kia \u017ealia juosta per vidur\u012f. Vir\u0161utin\u0117je dalyje pavaizduotas prekinis \u017eenklas \u201eKENT\u201c, o \u017eemiau \u2013 u\u017era\u0161as \u201eMENTHOL TASTE\u201c su amerikieti\u0161ko tabako u\u017era\u0161u. Pakelis pagamintas Lietuvoje ir pa\u017eym\u0117tas sen\u0105ja lietuvi\u0161ka banderole su kaina 5.00 Lt. \u012esp\u0117jimai apie r\u016bkymo \u017eal\u0105 i\u0161spausdinti dviem skirtingais variantais (\u201eR\u016bkymas \u017eudo\u201c ir \u201eR\u016bkalai mir\u0161ta anks\u010diau\u201c), kas rodo \u0161io pakelio priklausym\u0105 ankstyvajam laikotarpiui po \u012fsp\u0117jim\u0173 \u012fvedimo.<\/p>\n<p data-start=\"822\" data-end=\"845\"><strong data-start=\"822\" data-end=\"845\">Value assessment:<\/strong><\/p>\n<ul data-start=\"847\" data-end=\"1330\">\n<li data-start=\"847\" data-end=\"1007\">\n<p data-start=\"849\" data-end=\"1007\"><strong data-start=\"849\" data-end=\"869\">Collectible value:<\/strong> Vidutin\u0117, kadangi tai n\u0117ra riboto leidimo pakelis, ta\u010diau turi istorin\u0119 vert\u0119 d\u0117l senos kain\u0173 \u017eymos, ankstyvos sveikatos \u017eymos ir b\u016bkl\u0117s.<\/p>\n<\/li>\n<li data-start=\"1009\" data-end=\"1063\">\n<p data-start=\"1011\" data-end=\"1063\"><strong data-start=\"1011\" data-end=\"1033\">Condition assessment:<\/strong> Unopened, in excellent condition.<\/p>\n<\/li>\n<li data-start=\"1065\" data-end=\"1330\">\n<p data-start=\"1067\" data-end=\"1330\"><strong data-start=\"1067\" data-end=\"1107\">Historical data and popularity:<\/strong> Kent yra vienas i\u0161 gerai \u017einom\u0173 tarptautini\u0173 cigare\u010di\u0173 prek\u0117s \u017eenkl\u0173, buv\u0119s populiarus ir Lietuvoje. \u0160is variantas su lietuvi\u0161ka banderole rodo lokalizuot\u0105 leidim\u0105, kas didina kolekcin\u0119 svarb\u0105 tarp regionini\u0173 kolekcinink\u0173.<\/p>\n<\/li>\n<\/ul>","protected":false},"excerpt":{"rendered":"<p data-start=\"85\" data-end=\"138\"><strong data-start=\"85\" data-end=\"119\">Brand and name:<\/strong> Kent Menthol Taste<\/p>\n<p data-start=\"140\" data-end=\"163\"><strong data-start=\"140\" data-end=\"150\">Size:<\/strong> 20 cigarettes<\/p>\n<p data-start=\"165\" data-end=\"191\"><strong data-start=\"165\" data-end=\"183\">Country of manufacture:<\/strong> Lithuania<\/p>\n<p data-start=\"193\" data-end=\"235\"><strong data-start=\"193\" data-end=\"217\">Production period:<\/strong> Around 2000\u20132004.<\/p>\n<p data-start=\"237\" data-end=\"270\"><strong data-start=\"237\" data-end=\"255\">Package type:<\/strong> Hard pack<\/p>","protected":false},"featured_media":14695,"template":"","meta":{"_surecart_dashboard_logo_width":"180px","_surecart_dashboard_show_logo":true,"_surecart_dashboard_navigation_orders":true,"_surecart_dashboard_navigation_invoices":true,"_surecart_dashboard_navigation_subscriptions":true,"_surecart_dashboard_navigation_downloads":true,"_surecart_dashboard_navigation_billing":true,"_surecart_dashboard_navigation_account":true,"site-sidebar-layout":"default","site-content-layout":"","ast-site-content-layout":"default","site-content-style":"default","site-sidebar-style":"default","ast-global-header-display":"","ast-banner-title-visibility":"","ast-main-header-display":"","ast-hfb-above-header-display":"","ast-hfb-below-header-display":"","ast-hfb-mobile-header-display":"","site-post-title":"","ast-breadcrumbs-content":"","ast-featured-img":"","footer-sml-layout":"","theme-transparent-header-meta":"default","adv-header-id-meta":"","stick-header-meta":"","header-above-stick-meta":"","header-main-stick-meta":"","header-below-stick-meta":"","astra-migrate-meta-layouts":"set","ast-page-background-enabled":"default","ast-page-background-meta":{"desktop":{"background-color":"","background-image":"","background-repeat":"repeat","background-position":"center center","background-size":"auto","background-attachment":"scroll","background-type":"","background-media":"","overlay-type":"","overlay-color":"","overlay-opacity":"","overlay-gradient":""},"tablet":{"background-color":"","background-image":"","background-repeat":"repeat","background-position":"center center","background-size":"auto","background-attachment":"scroll","background-type":"","background-media":"","overlay-type":"","overlay-color":"","overlay-opacity":"","overlay-gradient":""},"mobile":{"background-color":"","background-image":"","background-repeat":"repeat","background-position":"center center","background-size":"auto","background-attachment":"scroll","background-type":"","background-media":"","overlay-type":"","overlay-color":"","overlay-opacity":"","overlay-gradient":""}},"ast-content-background-meta":{"desktop":{"background-color":"var(--ast-global-color-5)","background-image":"","background-repeat":"repeat","background-position":"center center","background-size":"auto","background-attachment":"scroll","background-type":"","background-media":"","overlay-type":"","overlay-color":"","overlay-opacity":"","overlay-gradient":""},"tablet":{"background-color":"var(--ast-global-color-5)","background-image":"","background-repeat":"repeat","background-position":"center center","background-size":"auto","background-attachment":"scroll","background-type":"","background-media":"","overlay-type":"","overlay-color":"","overlay-opacity":"","overlay-gradient":""},"mobile":{"background-color":"var(--ast-global-color-5)","background-image":"","background-repeat":"repeat","background-position":"center center","background-size":"auto","background-attachment":"scroll","background-type":"","background-media":"","overlay-type":"","overlay-color":"","overlay-opacity":"","overlay-gradient":""}}},"product_brand":[],"product_cat":[85],"product_tag":[],"class_list":{"0":"post-14748","1":"product","2":"type-product","3":"status-publish","4":"has-post-thumbnail","6":"product_cat-lithuania","7":"desktop-align-left","8":"tablet-align-left","9":"mobile-align-left","11":"first","12":"instock","13":"sale","14":"shipping-taxable","15":"purchasable","16":"product-type-simple","17":"add-to-wishlist-before_image"},"_links":{"self":[{"href":"https:\/\/colligatum.com\/en\/wp-json\/wp\/v2\/product\/14748","targetHints":{"allow":["GET"]}}],"collection":[{"href":"https:\/\/colligatum.com\/en\/wp-json\/wp\/v2\/product"}],"about":[{"href":"https:\/\/colligatum.com\/en\/wp-json\/wp\/v2\/types\/product"}],"version-history":[{"count":1,"href":"https:\/\/colligatum.com\/en\/wp-json\/wp\/v2\/product\/14748\/revisions"}],"predecessor-version":[{"id":14749,"href":"https:\/\/colligatum.com\/en\/wp-json\/wp\/v2\/product\/14748\/revisions\/14749"}],"wp:featuredmedia":[{"embeddable":true,"href":"https:\/\/colligatum.com\/en\/wp-json\/wp\/v2\/media\/14695"}],"wp:attachment":[{"href":"https:\/\/colligatum.com\/en\/wp-json\/wp\/v2\/media?parent=14748"}],"wp:term":[{"taxonomy":"product_brand","embeddable":true,"href":"https:\/\/colligatum.com\/en\/wp-json\/wp\/v2\/product_brand?post=14748"},{"taxonomy":"product_cat","embeddable":true,"href":"https:\/\/colligatum.com\/en\/wp-json\/wp\/v2\/product_cat?post=14748"},{"taxonomy":"product_tag","embeddable":true,"href":"https:\/\/colligatum.com\/en\/wp-json\/wp\/v2\/product_tag?post=14748"}],"curies":[{"name":"wp","href":"https:\/\/api.w.org\/{rel}","templated":true}]}}