{"id":14782,"date":"2025-07-18T11:16:15","date_gmt":"2025-07-18T09:16:15","guid":{"rendered":"https:\/\/colligatum.com\/?post_type=product&#038;p=14782"},"modified":"2025-07-18T11:16:15","modified_gmt":"2025-07-18T09:16:15","slug":"hb","status":"publish","type":"product","link":"https:\/\/colligatum.com\/en\/product\/hb\/","title":{"rendered":"HB"},"content":{"rendered":"<p data-start=\"349\" data-end=\"876\"><strong data-start=\"349\" data-end=\"363\">Description:<\/strong> \u0160is HB Crown Filter King Size pakelis yra klasikinio voki\u0161ko dizaino, pasi\u017eymintis ry\u0161kiu geltonu apa\u010dios akcentu ir raudonu HB logotipu trikampyje su kar\u016bna. Pakelis skirtas eksportui, kaip rodo u\u017era\u0161ai angl\u0173 kalba bei vir\u0161uje esantis m\u0117lynas mokes\u010di\u0173 lipdukas su u\u017era\u0161u &#8222;CIGARETTES&#8221;, ne\u012fprastas Vakar\u0173 Europos vidaus rinkoms. Ant \u0161on\u0173 matomas tekstas \u201eHOUSE OF BERGMANN\u201c \u2013 tai nurodo \u012f HB kilm\u0119 i\u0161 Haus Bergmann tabako gamyklos. I\u0161laikyta sena estetin\u0117 linija ir u\u017era\u0161as \u201eAmerican Blend\u201c rodo klasikin\u012f turin\u012f.<\/p>\n<p data-start=\"878\" data-end=\"901\"><strong data-start=\"878\" data-end=\"901\">Value assessment:<\/strong><\/p>\n<ul data-start=\"903\" data-end=\"1451\">\n<li data-start=\"903\" data-end=\"1114\">\n<p data-start=\"905\" data-end=\"1114\"><strong data-start=\"905\" data-end=\"925\">Collectible value:<\/strong> Auk\u0161ta, kadangi tai ne tik senas, bet ir eksporto leidimui skirtas HB pakelis su i\u0161skirtiniu u\u017esienio rinkoms skirtu apipavidalinimu ir \u201eKing Size\u201c formatu. Toki\u0173 pakeli\u0173 lik\u0119 itin nedaug.<\/p>\n<\/li>\n<li data-start=\"1115\" data-end=\"1212\">\n<p data-start=\"1117\" data-end=\"1212\"><strong data-start=\"1117\" data-end=\"1139\">Condition assessment:<\/strong> Neatidarytas, puikios b\u016bkl\u0117s, tik \u0161iek tiek atsilup\u0119s celofanas vir\u0161uje.<\/p>\n<\/li>\n<li data-start=\"1213\" data-end=\"1451\">\n<p data-start=\"1215\" data-end=\"1451\"><strong data-start=\"1215\" data-end=\"1255\">Historical data and popularity:<\/strong> HB cigaret\u0117s XX a. antroje pus\u0117je buvo vienos populiariausi\u0173 Vokietijoje. Eksportiniai leidimai kaip \u0161is i\u0161liko retesni, o tarp kolekcinink\u0173 jie vertinami d\u0117l istorin\u0117s ir geografin\u0117s specifikos.<\/p>\n<\/li>\n<\/ul>","protected":false},"excerpt":{"rendered":"<p data-start=\"107\" data-end=\"167\"><strong data-start=\"107\" data-end=\"141\">Brand and name:<\/strong> HB Crown Filter King Size<\/p>\n<p data-start=\"169\" data-end=\"192\"><strong data-start=\"169\" data-end=\"179\">Size:<\/strong> 20 cigarettes<\/p>\n<p data-start=\"194\" data-end=\"266\"><strong data-start=\"194\" data-end=\"212\">Country of manufacture:<\/strong> Ne\u017einoma (galimai eksportinis leidimas i\u0161 Vokietijos)<\/p>\n<p data-start=\"268\" data-end=\"310\"><strong data-start=\"268\" data-end=\"292\">Production period:<\/strong> Around 1980-1990.<\/p>\n<p data-start=\"312\" data-end=\"347\"><strong data-start=\"312\" data-end=\"330\">Package type:<\/strong> Soft pack<\/p>","protected":false},"featured_media":14730,"template":"","meta":{"_surecart_dashboard_logo_width":"180px","_surecart_dashboard_show_logo":true,"_surecart_dashboard_navigation_orders":true,"_surecart_dashboard_navigation_invoices":true,"_surecart_dashboard_navigation_subscriptions":true,"_surecart_dashboard_navigation_downloads":true,"_surecart_dashboard_navigation_billing":true,"_surecart_dashboard_navigation_account":true,"site-sidebar-layout":"default","site-content-layout":"","ast-site-content-layout":"default","site-content-style":"default","site-sidebar-style":"default","ast-global-header-display":"","ast-banner-title-visibility":"","ast-main-header-display":"","ast-hfb-above-header-display":"","ast-hfb-below-header-display":"","ast-hfb-mobile-header-display":"","site-post-title":"","ast-breadcrumbs-content":"","ast-featured-img":"","footer-sml-layout":"","theme-transparent-header-meta":"default","adv-header-id-meta":"","stick-header-meta":"","header-above-stick-meta":"","header-main-stick-meta":"","header-below-stick-meta":"","astra-migrate-meta-layouts":"set","ast-page-background-enabled":"default","ast-page-background-meta":{"desktop":{"background-color":"","background-image":"","background-repeat":"repeat","background-position":"center center","background-size":"auto","background-attachment":"scroll","background-type":"","background-media":"","overlay-type":"","overlay-color":"","overlay-opacity":"","overlay-gradient":""},"tablet":{"background-color":"","background-image":"","background-repeat":"repeat","background-position":"center center","background-size":"auto","background-attachment":"scroll","background-type":"","background-media":"","overlay-type":"","overlay-color":"","overlay-opacity":"","overlay-gradient":""},"mobile":{"background-color":"","background-image":"","background-repeat":"repeat","background-position":"center center","background-size":"auto","background-attachment":"scroll","background-type":"","background-media":"","overlay-type":"","overlay-color":"","overlay-opacity":"","overlay-gradient":""}},"ast-content-background-meta":{"desktop":{"background-color":"var(--ast-global-color-5)","background-image":"","background-repeat":"repeat","background-position":"center center","background-size":"auto","background-attachment":"scroll","background-type":"","background-media":"","overlay-type":"","overlay-color":"","overlay-opacity":"","overlay-gradient":""},"tablet":{"background-color":"var(--ast-global-color-5)","background-image":"","background-repeat":"repeat","background-position":"center center","background-size":"auto","background-attachment":"scroll","background-type":"","background-media":"","overlay-type":"","overlay-color":"","overlay-opacity":"","overlay-gradient":""},"mobile":{"background-color":"var(--ast-global-color-5)","background-image":"","background-repeat":"repeat","background-position":"center center","background-size":"auto","background-attachment":"scroll","background-type":"","background-media":"","overlay-type":"","overlay-color":"","overlay-opacity":"","overlay-gradient":""}}},"product_brand":[],"product_cat":[151],"product_tag":[],"class_list":{"0":"post-14782","1":"product","2":"type-product","3":"status-publish","4":"has-post-thumbnail","6":"product_cat-germany","7":"desktop-align-left","8":"tablet-align-left","9":"mobile-align-left","11":"first","12":"instock","13":"sale","14":"shipping-taxable","15":"purchasable","16":"product-type-simple","17":"add-to-wishlist-before_image"},"_links":{"self":[{"href":"https:\/\/colligatum.com\/en\/wp-json\/wp\/v2\/product\/14782","targetHints":{"allow":["GET"]}}],"collection":[{"href":"https:\/\/colligatum.com\/en\/wp-json\/wp\/v2\/product"}],"about":[{"href":"https:\/\/colligatum.com\/en\/wp-json\/wp\/v2\/types\/product"}],"version-history":[{"count":1,"href":"https:\/\/colligatum.com\/en\/wp-json\/wp\/v2\/product\/14782\/revisions"}],"predecessor-version":[{"id":14783,"href":"https:\/\/colligatum.com\/en\/wp-json\/wp\/v2\/product\/14782\/revisions\/14783"}],"wp:featuredmedia":[{"embeddable":true,"href":"https:\/\/colligatum.com\/en\/wp-json\/wp\/v2\/media\/14730"}],"wp:attachment":[{"href":"https:\/\/colligatum.com\/en\/wp-json\/wp\/v2\/media?parent=14782"}],"wp:term":[{"taxonomy":"product_brand","embeddable":true,"href":"https:\/\/colligatum.com\/en\/wp-json\/wp\/v2\/product_brand?post=14782"},{"taxonomy":"product_cat","embeddable":true,"href":"https:\/\/colligatum.com\/en\/wp-json\/wp\/v2\/product_cat?post=14782"},{"taxonomy":"product_tag","embeddable":true,"href":"https:\/\/colligatum.com\/en\/wp-json\/wp\/v2\/product_tag?post=14782"}],"curies":[{"name":"wp","href":"https:\/\/api.w.org\/{rel}","templated":true}]}}