{"id":14852,"date":"2025-07-18T11:34:22","date_gmt":"2025-07-18T09:34:22","guid":{"rendered":"https:\/\/colligatum.com\/?post_type=product&#038;p=14852"},"modified":"2026-04-11T09:26:15","modified_gmt":"2026-04-11T07:26:15","slug":"winston-90s-with-style-3","status":"publish","type":"product","link":"https:\/\/colligatum.com\/en\/product\/winston-90s-with-style-3\/","title":{"rendered":"Winston 90&#8217;s with style"},"content":{"rendered":"<p data-start=\"277\" data-end=\"794\"><strong data-start=\"277\" data-end=\"291\">Description:<\/strong><br data-start=\"291\" data-end=\"294\" \/>\u0160is \u201eWinston 90\u2019s with style\u201c cigare\u010di\u0173 pakelis priklauso specialiai dizaino serijai, \u012fkv\u0117ptai 1990-\u0173j\u0173 estetikos. Dizainas i\u0161siskiria stilizuotu grafiniu siluetu, simbolizuojan\u010diu retro madas, ir \u0161viesiu, pilk\u0161vu fonu. Pavadinime, kaip ir kitose specialiosios serijos versijose, panaudotas skaitmuo \u201e5\u201c vietoj \u201es\u201c, pabr\u0117\u017eiant \u0161iuolaikin\u012f po\u017ei\u016br\u012f \u012f tradicin\u012f prek\u0117s \u017eenkl\u0105. Pakelis yra su lietuvi\u0161ku akcizo \u017eenklu, kuriame nurodyta kaina 3,75 Lt, o \u012fsp\u0117jimai apie r\u016bkymo \u017eal\u0105 pateikti lietuvi\u0173 kalba.<\/p>\n<hr data-start=\"796\" data-end=\"799\" \/>\n<p data-start=\"801\" data-end=\"824\"><strong data-start=\"801\" data-end=\"824\">Value assessment:<\/strong><\/p>\n<ul data-start=\"826\" data-end=\"1304\">\n<li data-start=\"826\" data-end=\"996\">\n<p data-start=\"828\" data-end=\"996\"><strong data-start=\"828\" data-end=\"848\">Collectible value:<\/strong> Vidutin\u0117 \u2013 \u0161is pakelis priklauso specialiai dizaino serijai, kuri nebuvo masi\u0161kai leid\u017eiama ilg\u0105 laik\u0105, tod\u0117l turi potencial\u0105 temin\u0117ms kolekcijoms.<\/p>\n<\/li>\n<li data-start=\"997\" data-end=\"1101\">\n<p data-start=\"999\" data-end=\"1101\"><strong data-start=\"999\" data-end=\"1021\">Condition assessment:<\/strong> Neatidarytas, puikios b\u016bkl\u0117s (akcizo lipdukas ir apsaugin\u0117 pl\u0117vel\u0117 nepa\u017eeisti).<\/p>\n<\/li>\n<li data-start=\"1102\" data-end=\"1304\">\n<p data-start=\"1104\" data-end=\"1304\"><strong data-start=\"1104\" data-end=\"1144\">Historical data and popularity:<\/strong> Winston yra pasaulyje pla\u010diai paplit\u0119s prek\u0117s \u017eenklas, o speciali\u0173 leidim\u0173, toki\u0173 kaip \u201e90\u2019s\u201c, pakeliai yra kolekcinink\u0173 d\u0117mesio centre d\u0117l riboto prieinamumo.<\/p>\n<\/li>\n<\/ul>","protected":false},"excerpt":{"rendered":"<p data-start=\"83\" data-end=\"143\"><strong data-start=\"83\" data-end=\"117\">Brand and name:<\/strong> Winston \u201e90&#039;s with style\u2019<\/p>\n<p data-start=\"145\" data-end=\"168\"><strong data-start=\"145\" data-end=\"155\">Size:<\/strong> 20 cigarettes<\/p>\n<p data-start=\"170\" data-end=\"196\"><strong data-start=\"170\" data-end=\"188\">Country of manufacture:<\/strong> Lithuania<\/p>\n<p data-start=\"198\" data-end=\"240\"><strong data-start=\"198\" data-end=\"222\">Production period:<\/strong> Around 2005\u20132010.<\/p>\n<p data-start=\"242\" data-end=\"275\"><strong data-start=\"242\" data-end=\"260\">Package type:<\/strong> Hard pack<\/p>","protected":false},"featured_media":26527,"template":"","meta":{"_surecart_dashboard_logo_width":"180px","_surecart_dashboard_show_logo":true,"_surecart_dashboard_navigation_orders":true,"_surecart_dashboard_navigation_invoices":true,"_surecart_dashboard_navigation_subscriptions":true,"_surecart_dashboard_navigation_downloads":true,"_surecart_dashboard_navigation_billing":true,"_surecart_dashboard_navigation_account":true,"site-sidebar-layout":"default","site-content-layout":"","ast-site-content-layout":"default","site-content-style":"default","site-sidebar-style":"default","ast-global-header-display":"","ast-banner-title-visibility":"","ast-main-header-display":"","ast-hfb-above-header-display":"","ast-hfb-below-header-display":"","ast-hfb-mobile-header-display":"","site-post-title":"","ast-breadcrumbs-content":"","ast-featured-img":"","footer-sml-layout":"","theme-transparent-header-meta":"default","adv-header-id-meta":"","stick-header-meta":"","header-above-stick-meta":"","header-main-stick-meta":"","header-below-stick-meta":"","astra-migrate-meta-layouts":"set","ast-page-background-enabled":"default","ast-page-background-meta":{"desktop":{"background-color":"","background-image":"","background-repeat":"repeat","background-position":"center center","background-size":"auto","background-attachment":"scroll","background-type":"","background-media":"","overlay-type":"","overlay-color":"","overlay-opacity":"","overlay-gradient":""},"tablet":{"background-color":"","background-image":"","background-repeat":"repeat","background-position":"center center","background-size":"auto","background-attachment":"scroll","background-type":"","background-media":"","overlay-type":"","overlay-color":"","overlay-opacity":"","overlay-gradient":""},"mobile":{"background-color":"","background-image":"","background-repeat":"repeat","background-position":"center center","background-size":"auto","background-attachment":"scroll","background-type":"","background-media":"","overlay-type":"","overlay-color":"","overlay-opacity":"","overlay-gradient":""}},"ast-content-background-meta":{"desktop":{"background-color":"var(--ast-global-color-5)","background-image":"","background-repeat":"repeat","background-position":"center center","background-size":"auto","background-attachment":"scroll","background-type":"","background-media":"","overlay-type":"","overlay-color":"","overlay-opacity":"","overlay-gradient":""},"tablet":{"background-color":"var(--ast-global-color-5)","background-image":"","background-repeat":"repeat","background-position":"center center","background-size":"auto","background-attachment":"scroll","background-type":"","background-media":"","overlay-type":"","overlay-color":"","overlay-opacity":"","overlay-gradient":""},"mobile":{"background-color":"var(--ast-global-color-5)","background-image":"","background-repeat":"repeat","background-position":"center center","background-size":"auto","background-attachment":"scroll","background-type":"","background-media":"","overlay-type":"","overlay-color":"","overlay-opacity":"","overlay-gradient":""}}},"product_brand":[],"product_cat":[85],"product_tag":[],"class_list":{"0":"post-14852","1":"product","2":"type-product","3":"status-publish","4":"has-post-thumbnail","6":"product_cat-lithuania","7":"desktop-align-left","8":"tablet-align-left","9":"mobile-align-left","11":"first","12":"instock","13":"sale","14":"shipping-taxable","15":"purchasable","16":"product-type-simple","17":"add-to-wishlist-before_image"},"_links":{"self":[{"href":"https:\/\/colligatum.com\/en\/wp-json\/wp\/v2\/product\/14852","targetHints":{"allow":["GET"]}}],"collection":[{"href":"https:\/\/colligatum.com\/en\/wp-json\/wp\/v2\/product"}],"about":[{"href":"https:\/\/colligatum.com\/en\/wp-json\/wp\/v2\/types\/product"}],"version-history":[{"count":2,"href":"https:\/\/colligatum.com\/en\/wp-json\/wp\/v2\/product\/14852\/revisions"}],"predecessor-version":[{"id":26513,"href":"https:\/\/colligatum.com\/en\/wp-json\/wp\/v2\/product\/14852\/revisions\/26513"}],"wp:featuredmedia":[{"embeddable":true,"href":"https:\/\/colligatum.com\/en\/wp-json\/wp\/v2\/media\/26527"}],"wp:attachment":[{"href":"https:\/\/colligatum.com\/en\/wp-json\/wp\/v2\/media?parent=14852"}],"wp:term":[{"taxonomy":"product_brand","embeddable":true,"href":"https:\/\/colligatum.com\/en\/wp-json\/wp\/v2\/product_brand?post=14852"},{"taxonomy":"product_cat","embeddable":true,"href":"https:\/\/colligatum.com\/en\/wp-json\/wp\/v2\/product_cat?post=14852"},{"taxonomy":"product_tag","embeddable":true,"href":"https:\/\/colligatum.com\/en\/wp-json\/wp\/v2\/product_tag?post=14852"}],"curies":[{"name":"wp","href":"https:\/\/api.w.org\/{rel}","templated":true}]}}