{"id":15357,"date":"2025-07-20T09:43:40","date_gmt":"2025-07-20T07:43:40","guid":{"rendered":"https:\/\/colligatum.com\/?post_type=product&#038;p=15357"},"modified":"2025-07-20T09:43:40","modified_gmt":"2025-07-20T07:43:40","slug":"lm-5","status":"publish","type":"product","link":"https:\/\/colligatum.com\/en\/product\/lm-5\/","title":{"rendered":"L&amp;M"},"content":{"rendered":"<p data-start=\"245\" data-end=\"754\"><strong data-start=\"245\" data-end=\"259\">Description:<\/strong><br data-start=\"259\" data-end=\"262\" \/>\u0160is L&amp;M \u201eFilter\u201c cigare\u010di\u0173 pakelis i\u0161 Argentinos pasi\u017eymi klasikiniu raudonos ir baltos spalv\u0173 deriniu su m\u0117lynomis detal\u0117mis. Priekyje nurodyta fraz\u0117 \u201eMellow. Distinctively Smooth\u201c, o galin\u0117je pus\u0117je \u2013 \u201eQuality American Blend\u201c. Pakelis dekoruotas herbu su L&amp;M simbolika ir pa\u017eenklintas argentinieti\u0161ku mokes\u010di\u0173 lipduku \u201eC\u00f3digo N\u00ba 10\u201c, su papildomu kodu \u201e51C\u201c. \u0160one pa\u017eym\u0117ta, kad produktas skirtas tik suaugusiems. Dizainas i\u0161laiko tarptautinio L&amp;M stiliaus bruo\u017eus su regioniniais akcentais.<\/p>\n<p data-start=\"756\" data-end=\"781\"><strong data-start=\"756\" data-end=\"779\">Value assessment:<\/strong><\/p>\n<ul data-start=\"782\" data-end=\"1288\">\n<li data-start=\"782\" data-end=\"985\">\n<p data-start=\"784\" data-end=\"985\"><strong data-start=\"784\" data-end=\"804\">Collectible value:<\/strong> Vidutin\u0117. Tai n\u0117ra riboto leidimo pakelis, ta\u010diau regioniniai leidimai \u017einom\u0173 prek\u0117s \u017eenkl\u0173, toki\u0173 kaip L&amp;M, turi tam tikr\u0105 vert\u0119 kolekcijose, ypa\u010d jei i\u0161laikyta originali b\u016bkl\u0117.<\/p>\n<\/li>\n<li data-start=\"986\" data-end=\"1042\">\n<p data-start=\"988\" data-end=\"1042\"><strong data-start=\"988\" data-end=\"1010\">Condition assessment:<\/strong> Unopened, in excellent condition.<\/p>\n<\/li>\n<li data-start=\"1043\" data-end=\"1288\">\n<p data-start=\"1045\" data-end=\"1288\"><strong data-start=\"1045\" data-end=\"1085\">Historical data and popularity:<\/strong> L&amp;M yra vienas pla\u010diausiai pasaulyje paplitusi\u0173 cigare\u010di\u0173 prek\u0117s \u017eenkl\u0173. Argentini\u0161kos versijos turi savitus lokalizacijos elementus, kurie patraukl\u016bs tiems, kurie kolekcionuoja tarptautinius variantus.<\/p>\n<\/li>\n<\/ul>","protected":false},"excerpt":{"rendered":"<p data-start=\"46\" data-end=\"93\"><strong data-start=\"46\" data-end=\"80\">Brand and name:<\/strong> L&amp;M &#8222;Filter&#8221;<\/p>\n<p data-start=\"95\" data-end=\"118\"><strong data-start=\"95\" data-end=\"105\">Size:<\/strong> 20 cigarettes<\/p>\n<p data-start=\"120\" data-end=\"148\"><strong data-start=\"120\" data-end=\"138\">Country of manufacture:<\/strong> Argentina<\/p>\n<p data-start=\"150\" data-end=\"208\"><strong data-start=\"150\" data-end=\"174\">Production period:<\/strong> Unknown (likely 2000-2010)<\/p>\n<p data-start=\"210\" data-end=\"243\"><strong data-start=\"210\" data-end=\"228\">Package type:<\/strong> Hard pack<\/p>","protected":false},"featured_media":15303,"template":"","meta":{"_surecart_dashboard_logo_width":"180px","_surecart_dashboard_show_logo":true,"_surecart_dashboard_navigation_orders":true,"_surecart_dashboard_navigation_invoices":true,"_surecart_dashboard_navigation_subscriptions":true,"_surecart_dashboard_navigation_downloads":true,"_surecart_dashboard_navigation_billing":true,"_surecart_dashboard_navigation_account":true,"site-sidebar-layout":"default","site-content-layout":"","ast-site-content-layout":"default","site-content-style":"default","site-sidebar-style":"default","ast-global-header-display":"","ast-banner-title-visibility":"","ast-main-header-display":"","ast-hfb-above-header-display":"","ast-hfb-below-header-display":"","ast-hfb-mobile-header-display":"","site-post-title":"","ast-breadcrumbs-content":"","ast-featured-img":"","footer-sml-layout":"","theme-transparent-header-meta":"default","adv-header-id-meta":"","stick-header-meta":"","header-above-stick-meta":"","header-main-stick-meta":"","header-below-stick-meta":"","astra-migrate-meta-layouts":"set","ast-page-background-enabled":"default","ast-page-background-meta":{"desktop":{"background-color":"","background-image":"","background-repeat":"repeat","background-position":"center center","background-size":"auto","background-attachment":"scroll","background-type":"","background-media":"","overlay-type":"","overlay-color":"","overlay-opacity":"","overlay-gradient":""},"tablet":{"background-color":"","background-image":"","background-repeat":"repeat","background-position":"center center","background-size":"auto","background-attachment":"scroll","background-type":"","background-media":"","overlay-type":"","overlay-color":"","overlay-opacity":"","overlay-gradient":""},"mobile":{"background-color":"","background-image":"","background-repeat":"repeat","background-position":"center center","background-size":"auto","background-attachment":"scroll","background-type":"","background-media":"","overlay-type":"","overlay-color":"","overlay-opacity":"","overlay-gradient":""}},"ast-content-background-meta":{"desktop":{"background-color":"var(--ast-global-color-5)","background-image":"","background-repeat":"repeat","background-position":"center center","background-size":"auto","background-attachment":"scroll","background-type":"","background-media":"","overlay-type":"","overlay-color":"","overlay-opacity":"","overlay-gradient":""},"tablet":{"background-color":"var(--ast-global-color-5)","background-image":"","background-repeat":"repeat","background-position":"center center","background-size":"auto","background-attachment":"scroll","background-type":"","background-media":"","overlay-type":"","overlay-color":"","overlay-opacity":"","overlay-gradient":""},"mobile":{"background-color":"var(--ast-global-color-5)","background-image":"","background-repeat":"repeat","background-position":"center center","background-size":"auto","background-attachment":"scroll","background-type":"","background-media":"","overlay-type":"","overlay-color":"","overlay-opacity":"","overlay-gradient":""}}},"product_brand":[],"product_cat":[227],"product_tag":[],"class_list":{"0":"post-15357","1":"product","2":"type-product","3":"status-publish","4":"has-post-thumbnail","6":"product_cat-argentina","7":"desktop-align-left","8":"tablet-align-left","9":"mobile-align-left","11":"first","12":"instock","13":"sale","14":"shipping-taxable","15":"purchasable","16":"product-type-simple","17":"add-to-wishlist-before_image"},"_links":{"self":[{"href":"https:\/\/colligatum.com\/en\/wp-json\/wp\/v2\/product\/15357","targetHints":{"allow":["GET"]}}],"collection":[{"href":"https:\/\/colligatum.com\/en\/wp-json\/wp\/v2\/product"}],"about":[{"href":"https:\/\/colligatum.com\/en\/wp-json\/wp\/v2\/types\/product"}],"version-history":[{"count":1,"href":"https:\/\/colligatum.com\/en\/wp-json\/wp\/v2\/product\/15357\/revisions"}],"predecessor-version":[{"id":15358,"href":"https:\/\/colligatum.com\/en\/wp-json\/wp\/v2\/product\/15357\/revisions\/15358"}],"wp:featuredmedia":[{"embeddable":true,"href":"https:\/\/colligatum.com\/en\/wp-json\/wp\/v2\/media\/15303"}],"wp:attachment":[{"href":"https:\/\/colligatum.com\/en\/wp-json\/wp\/v2\/media?parent=15357"}],"wp:term":[{"taxonomy":"product_brand","embeddable":true,"href":"https:\/\/colligatum.com\/en\/wp-json\/wp\/v2\/product_brand?post=15357"},{"taxonomy":"product_cat","embeddable":true,"href":"https:\/\/colligatum.com\/en\/wp-json\/wp\/v2\/product_cat?post=15357"},{"taxonomy":"product_tag","embeddable":true,"href":"https:\/\/colligatum.com\/en\/wp-json\/wp\/v2\/product_tag?post=15357"}],"curies":[{"name":"wp","href":"https:\/\/api.w.org\/{rel}","templated":true}]}}