{"id":15369,"date":"2025-07-20T09:50:12","date_gmt":"2025-07-20T07:50:12","guid":{"rendered":"https:\/\/colligatum.com\/?post_type=product&#038;p=15369"},"modified":"2025-07-20T09:50:12","modified_gmt":"2025-07-20T07:50:12","slug":"jockey","status":"publish","type":"product","link":"https:\/\/colligatum.com\/en\/product\/jockey\/","title":{"rendered":"Jockey"},"content":{"rendered":"<p data-start=\"295\" data-end=\"933\"><strong data-start=\"295\" data-end=\"309\">Description:<\/strong> Ry\u0161kiai raudonos spalvos Jockey cigare\u010di\u0173 pakelis pasi\u017eymi dinami\u0161ku dizainu su pasvirusiomis linijomis bei baltu logotipu, kuriame pavaizduota jojiko \u0161almas \u2013 prek\u0117s \u017eenklo simbolis. Priekin\u0117je dalyje didel\u0117mis raid\u0117mis pateiktas u\u017era\u0161as \u201eJOCKEY\u201c, o apatin\u0117je dalyje nurodyta, kad tai 20 \u0161viesi\u0173 cigare\u010di\u0173 (\u201e20 cigarrillos rubios\u201c). Galin\u0117je dalyje \u2013 \u012fsp\u0117jimas apie r\u016bkymo \u017eal\u0105 ispan\u0173 kalba bei nuoroda \u012f \u012fstatym\u0105 (Ley N\u00ba 23.344). Ant vir\u0161utin\u0117s dalies priklijuotas akcizo lipdukas \u201eC\u00f3digo N\u00b0 3\u201c, skirtas Argentinos rinkai. \u0160is leidimas skirtas vidaus vartojimui, o d\u0117l ry\u0161kaus dizaino gali b\u016bti patrauklus kolekcininkams.<\/p>\n<p data-start=\"935\" data-end=\"958\"><strong data-start=\"935\" data-end=\"958\">Value assessment:<\/strong><\/p>\n<ul data-start=\"960\" data-end=\"1451\">\n<li data-start=\"960\" data-end=\"1140\">\n<p data-start=\"962\" data-end=\"1140\"><strong data-start=\"962\" data-end=\"982\">Collectible value:<\/strong> \u017dema\u2013vidutin\u0117. Nors pakelis n\u0117ra istori\u0161kai reik\u0161mingas ar riboto leidimo, jo regionin\u0117 kilm\u0117 (Argentina) ir b\u016bkl\u0117 suteikia jam tam tikros kolekcin\u0117s vert\u0117s.<\/p>\n<\/li>\n<li data-start=\"1141\" data-end=\"1197\">\n<p data-start=\"1143\" data-end=\"1197\"><strong data-start=\"1143\" data-end=\"1165\">Condition assessment:<\/strong> Unopened, very good condition.<\/p>\n<\/li>\n<li data-start=\"1198\" data-end=\"1451\">\n<p data-start=\"1200\" data-end=\"1451\"><strong data-start=\"1200\" data-end=\"1240\">Historical data and popularity:<\/strong> Jockey cigaret\u0117s yra \u017einomos Piet\u0173 Amerikoje, ta\u010diau tarptautin\u0117je rinkoje \u0161is prek\u0117s \u017eenklas neturi didel\u0117s reik\u0161m\u0117s. Nepaisant to, d\u0117l i\u0161rai\u0161kingo dizaino gali b\u016bti \u012fdomus kaip regioninis kolekcinis vienetas.<\/p>\n<\/li>\n<\/ul>","protected":false},"excerpt":{"rendered":"<p data-start=\"90\" data-end=\"143\"><strong data-start=\"90\" data-end=\"124\">Brand and name:<\/strong> Jockey (Argentina)<\/p>\n<p data-start=\"145\" data-end=\"168\"><strong data-start=\"145\" data-end=\"155\">Size:<\/strong> 20 cigarettes<\/p>\n<p data-start=\"170\" data-end=\"198\"><strong data-start=\"170\" data-end=\"188\">Country of manufacture:<\/strong> Argentina<\/p>\n<p data-start=\"200\" data-end=\"258\"><strong data-start=\"200\" data-end=\"224\">Production period:<\/strong> Unknown (modern edition)<\/p>\n<p data-start=\"260\" data-end=\"293\"><strong data-start=\"260\" data-end=\"278\">Package type:<\/strong> Hard pack<\/p>","protected":false},"featured_media":15315,"template":"","meta":{"_surecart_dashboard_logo_width":"180px","_surecart_dashboard_show_logo":true,"_surecart_dashboard_navigation_orders":true,"_surecart_dashboard_navigation_invoices":true,"_surecart_dashboard_navigation_subscriptions":true,"_surecart_dashboard_navigation_downloads":true,"_surecart_dashboard_navigation_billing":true,"_surecart_dashboard_navigation_account":true,"site-sidebar-layout":"default","site-content-layout":"","ast-site-content-layout":"default","site-content-style":"default","site-sidebar-style":"default","ast-global-header-display":"","ast-banner-title-visibility":"","ast-main-header-display":"","ast-hfb-above-header-display":"","ast-hfb-below-header-display":"","ast-hfb-mobile-header-display":"","site-post-title":"","ast-breadcrumbs-content":"","ast-featured-img":"","footer-sml-layout":"","ast-disable-related-posts":"","theme-transparent-header-meta":"default","adv-header-id-meta":"","stick-header-meta":"","header-above-stick-meta":"","header-main-stick-meta":"","header-below-stick-meta":"","astra-migrate-meta-layouts":"set","ast-page-background-enabled":"default","ast-page-background-meta":{"desktop":{"background-color":"","background-image":"","background-repeat":"repeat","background-position":"center center","background-size":"auto","background-attachment":"scroll","background-type":"","background-media":"","overlay-type":"","overlay-color":"","overlay-opacity":"","overlay-gradient":""},"tablet":{"background-color":"","background-image":"","background-repeat":"repeat","background-position":"center center","background-size":"auto","background-attachment":"scroll","background-type":"","background-media":"","overlay-type":"","overlay-color":"","overlay-opacity":"","overlay-gradient":""},"mobile":{"background-color":"","background-image":"","background-repeat":"repeat","background-position":"center center","background-size":"auto","background-attachment":"scroll","background-type":"","background-media":"","overlay-type":"","overlay-color":"","overlay-opacity":"","overlay-gradient":""}},"ast-content-background-meta":{"desktop":{"background-color":"var(--ast-global-color-5)","background-image":"","background-repeat":"repeat","background-position":"center center","background-size":"auto","background-attachment":"scroll","background-type":"","background-media":"","overlay-type":"","overlay-color":"","overlay-opacity":"","overlay-gradient":""},"tablet":{"background-color":"var(--ast-global-color-5)","background-image":"","background-repeat":"repeat","background-position":"center center","background-size":"auto","background-attachment":"scroll","background-type":"","background-media":"","overlay-type":"","overlay-color":"","overlay-opacity":"","overlay-gradient":""},"mobile":{"background-color":"var(--ast-global-color-5)","background-image":"","background-repeat":"repeat","background-position":"center center","background-size":"auto","background-attachment":"scroll","background-type":"","background-media":"","overlay-type":"","overlay-color":"","overlay-opacity":"","overlay-gradient":""}}},"product_brand":[],"product_cat":[227],"product_tag":[],"class_list":{"0":"post-15369","1":"product","2":"type-product","3":"status-publish","4":"has-post-thumbnail","6":"product_cat-argentina","7":"desktop-align-left","8":"tablet-align-left","9":"mobile-align-left","11":"first","12":"instock","13":"shipping-taxable","14":"purchasable","15":"product-type-simple","16":"add-to-wishlist-before_image"},"_links":{"self":[{"href":"https:\/\/colligatum.com\/en\/wp-json\/wp\/v2\/product\/15369","targetHints":{"allow":["GET"]}}],"collection":[{"href":"https:\/\/colligatum.com\/en\/wp-json\/wp\/v2\/product"}],"about":[{"href":"https:\/\/colligatum.com\/en\/wp-json\/wp\/v2\/types\/product"}],"version-history":[{"count":1,"href":"https:\/\/colligatum.com\/en\/wp-json\/wp\/v2\/product\/15369\/revisions"}],"predecessor-version":[{"id":15370,"href":"https:\/\/colligatum.com\/en\/wp-json\/wp\/v2\/product\/15369\/revisions\/15370"}],"wp:featuredmedia":[{"embeddable":true,"href":"https:\/\/colligatum.com\/en\/wp-json\/wp\/v2\/media\/15315"}],"wp:attachment":[{"href":"https:\/\/colligatum.com\/en\/wp-json\/wp\/v2\/media?parent=15369"}],"wp:term":[{"taxonomy":"product_brand","embeddable":true,"href":"https:\/\/colligatum.com\/en\/wp-json\/wp\/v2\/product_brand?post=15369"},{"taxonomy":"product_cat","embeddable":true,"href":"https:\/\/colligatum.com\/en\/wp-json\/wp\/v2\/product_cat?post=15369"},{"taxonomy":"product_tag","embeddable":true,"href":"https:\/\/colligatum.com\/en\/wp-json\/wp\/v2\/product_tag?post=15369"}],"curies":[{"name":"wp","href":"https:\/\/api.w.org\/{rel}","templated":true}]}}