{"id":15448,"date":"2025-07-20T10:27:57","date_gmt":"2025-07-20T08:27:57","guid":{"rendered":"https:\/\/colligatum.com\/?post_type=product&#038;p=15448"},"modified":"2026-04-14T06:41:11","modified_gmt":"2026-04-14T04:41:11","slug":"lucky-strike-6","status":"publish","type":"product","link":"https:\/\/colligatum.com\/en\/product\/lucky-strike-6\/","title":{"rendered":"Lucky Strike"},"content":{"rendered":"<p data-start=\"301\" data-end=\"754\"><strong data-start=\"301\" data-end=\"315\">Description:<\/strong> Tai klasikinio Lucky Strike Original Red leidimo ma\u017eesnio formato (10 cigare\u010di\u0173) pakelis, i\u0161siskiriantis minimalistiniu, balta spalva dominuojan\u010diu dizainu ir gerai \u017einomu raudonai \u017ealiu logotipu centre. Pakelis pa\u017eym\u0117tas Argentinos akcizo \u017eenklu (C\u00f3digo N\u00ba 21, M44N), o ant nugar\u0117l\u0117s pateiktas sveikatos \u012fsp\u0117jimas ispan\u0173 kalba. \u0160is leidimas buvo skirtas vietinei rinkai ir da\u017enai naudotas kaip dalis reklamini\u0173 arba ekonomini\u0173 kampanij\u0173.<\/p>\n<p data-start=\"756\" data-end=\"779\"><strong data-start=\"756\" data-end=\"779\">Value assessment:<\/strong><\/p>\n<ul data-start=\"781\" data-end=\"1251\">\n<li data-start=\"781\" data-end=\"903\">\n<p data-start=\"783\" data-end=\"903\"><strong data-start=\"783\" data-end=\"803\">Collectible value:<\/strong> Vidutin\u0117 \u2013 pakelta d\u0117l ma\u017eesnio formato, kuris yra ma\u017eiau paplit\u0119s nei \u012fprasti 20 vienet\u0173 pakeliai.<\/p>\n<\/li>\n<li data-start=\"904\" data-end=\"1000\">\n<p data-start=\"906\" data-end=\"1000\"><strong data-start=\"906\" data-end=\"928\">Condition assessment:<\/strong> Neatidarytas, labai gera b\u016bkl\u0117, su autenti\u0161ka pl\u0117vele ir akcizo \u017eenklu.<\/p>\n<\/li>\n<li data-start=\"1001\" data-end=\"1251\">\n<p data-start=\"1003\" data-end=\"1251\"><strong data-start=\"1003\" data-end=\"1027\">Historical data:<\/strong> Lucky Strike yra vienas \u017einomiausi\u0173 tabako \u017eenkl\u0173 pasaulyje. Argentinos gamybos 10 vnt. pakeliai buvo leid\u017eiami ribotai, da\u017eniausiai lokaliniams poreikiams ar akcijoms. \u0160ie pakeliai rinkoje pasitaiko retai, ypa\u010d nepa\u017eeisti.<\/p>\n<\/li>\n<\/ul>","protected":false},"excerpt":{"rendered":"<p data-start=\"83\" data-end=\"158\"><strong data-start=\"83\" data-end=\"117\">Brand and name:<\/strong> Lucky Strike Original Red (10 cigare\u010di\u0173)<\/p>\n<p data-start=\"160\" data-end=\"183\"><strong data-start=\"160\" data-end=\"170\">Size:<\/strong> 10 cigarettes<\/p>\n<p data-start=\"185\" data-end=\"213\"><strong data-start=\"185\" data-end=\"203\">Country of manufacture:<\/strong> Argentina<\/p>\n<p data-start=\"215\" data-end=\"264\"><strong data-start=\"215\" data-end=\"239\">Production period:<\/strong> Approximately 2000-2010.<\/p>\n<p data-start=\"266\" data-end=\"299\"><strong data-start=\"266\" data-end=\"284\">Package type:<\/strong> Hard pack<\/p>","protected":false},"featured_media":15394,"template":"","meta":{"_surecart_dashboard_logo_width":"180px","_surecart_dashboard_show_logo":true,"_surecart_dashboard_navigation_orders":true,"_surecart_dashboard_navigation_invoices":true,"_surecart_dashboard_navigation_subscriptions":true,"_surecart_dashboard_navigation_downloads":true,"_surecart_dashboard_navigation_billing":true,"_surecart_dashboard_navigation_account":true,"site-sidebar-layout":"default","site-content-layout":"","ast-site-content-layout":"default","site-content-style":"default","site-sidebar-style":"default","ast-global-header-display":"","ast-banner-title-visibility":"","ast-main-header-display":"","ast-hfb-above-header-display":"","ast-hfb-below-header-display":"","ast-hfb-mobile-header-display":"","site-post-title":"","ast-breadcrumbs-content":"","ast-featured-img":"","footer-sml-layout":"","theme-transparent-header-meta":"default","adv-header-id-meta":"","stick-header-meta":"","header-above-stick-meta":"","header-main-stick-meta":"","header-below-stick-meta":"","astra-migrate-meta-layouts":"set","ast-page-background-enabled":"default","ast-page-background-meta":{"desktop":{"background-color":"","background-image":"","background-repeat":"repeat","background-position":"center center","background-size":"auto","background-attachment":"scroll","background-type":"","background-media":"","overlay-type":"","overlay-color":"","overlay-opacity":"","overlay-gradient":""},"tablet":{"background-color":"","background-image":"","background-repeat":"repeat","background-position":"center center","background-size":"auto","background-attachment":"scroll","background-type":"","background-media":"","overlay-type":"","overlay-color":"","overlay-opacity":"","overlay-gradient":""},"mobile":{"background-color":"","background-image":"","background-repeat":"repeat","background-position":"center center","background-size":"auto","background-attachment":"scroll","background-type":"","background-media":"","overlay-type":"","overlay-color":"","overlay-opacity":"","overlay-gradient":""}},"ast-content-background-meta":{"desktop":{"background-color":"var(--ast-global-color-5)","background-image":"","background-repeat":"repeat","background-position":"center center","background-size":"auto","background-attachment":"scroll","background-type":"","background-media":"","overlay-type":"","overlay-color":"","overlay-opacity":"","overlay-gradient":""},"tablet":{"background-color":"var(--ast-global-color-5)","background-image":"","background-repeat":"repeat","background-position":"center center","background-size":"auto","background-attachment":"scroll","background-type":"","background-media":"","overlay-type":"","overlay-color":"","overlay-opacity":"","overlay-gradient":""},"mobile":{"background-color":"var(--ast-global-color-5)","background-image":"","background-repeat":"repeat","background-position":"center center","background-size":"auto","background-attachment":"scroll","background-type":"","background-media":"","overlay-type":"","overlay-color":"","overlay-opacity":"","overlay-gradient":""}}},"product_brand":[],"product_cat":[227],"product_tag":[],"class_list":{"0":"post-15448","1":"product","2":"type-product","3":"status-publish","4":"has-post-thumbnail","6":"product_cat-argentina","7":"desktop-align-left","8":"tablet-align-left","9":"mobile-align-left","11":"first","12":"instock","13":"sale","14":"shipping-taxable","15":"purchasable","16":"product-type-simple","17":"add-to-wishlist-before_image"},"_links":{"self":[{"href":"https:\/\/colligatum.com\/en\/wp-json\/wp\/v2\/product\/15448","targetHints":{"allow":["GET"]}}],"collection":[{"href":"https:\/\/colligatum.com\/en\/wp-json\/wp\/v2\/product"}],"about":[{"href":"https:\/\/colligatum.com\/en\/wp-json\/wp\/v2\/types\/product"}],"version-history":[{"count":1,"href":"https:\/\/colligatum.com\/en\/wp-json\/wp\/v2\/product\/15448\/revisions"}],"predecessor-version":[{"id":15449,"href":"https:\/\/colligatum.com\/en\/wp-json\/wp\/v2\/product\/15448\/revisions\/15449"}],"wp:featuredmedia":[{"embeddable":true,"href":"https:\/\/colligatum.com\/en\/wp-json\/wp\/v2\/media\/15394"}],"wp:attachment":[{"href":"https:\/\/colligatum.com\/en\/wp-json\/wp\/v2\/media?parent=15448"}],"wp:term":[{"taxonomy":"product_brand","embeddable":true,"href":"https:\/\/colligatum.com\/en\/wp-json\/wp\/v2\/product_brand?post=15448"},{"taxonomy":"product_cat","embeddable":true,"href":"https:\/\/colligatum.com\/en\/wp-json\/wp\/v2\/product_cat?post=15448"},{"taxonomy":"product_tag","embeddable":true,"href":"https:\/\/colligatum.com\/en\/wp-json\/wp\/v2\/product_tag?post=15448"}],"curies":[{"name":"wp","href":"https:\/\/api.w.org\/{rel}","templated":true}]}}