{"id":15456,"date":"2025-07-20T10:35:34","date_gmt":"2025-07-20T08:35:34","guid":{"rendered":"https:\/\/colligatum.com\/?post_type=product&#038;p=15456"},"modified":"2026-04-14T06:42:40","modified_gmt":"2026-04-14T04:42:40","slug":"kool-2","status":"publish","type":"product","link":"https:\/\/colligatum.com\/en\/product\/kool-2\/","title":{"rendered":"COOL"},"content":{"rendered":"<p data-start=\"305\" data-end=\"792\"><strong data-start=\"305\" data-end=\"319\">Description:<\/strong> KOOL Filter Kings \u2013 tai klasikinis mentolio cigare\u010di\u0173 prek\u0117s \u017eenklas, \u0161iuo atveju pagamintas Argentinoje. Pakelis \u017ealias su baltu prek\u0117s \u017eenklo logotipu ir \u0161\u016bkiu \u201eThe Menthol Authority\u201c. \u0160onin\u0117se dalyse \u2013 gamintojo informacija (Nobleza Piccardo) bei galiojimo data, o nugarin\u0117je pus\u0117je \u2013 i\u0161samus produkto apra\u0161ymas ispan\u0173 kalba ir didelis sveikatos \u012fsp\u0117jimas pagal \u012fstatym\u0105 Nr. 23.344. Pakelis pa\u017eenklintas Argentinos akcizo \u017eenklu \u201eC\u00f3digo N\u00ba 5\u201c, su papildomu kodu \u201eM45N\u201c.<\/p>\n<p data-start=\"794\" data-end=\"817\"><strong data-start=\"794\" data-end=\"817\">Value assessment:<\/strong><\/p>\n<ul data-start=\"819\" data-end=\"1418\">\n<li data-start=\"819\" data-end=\"1039\">\n<p data-start=\"821\" data-end=\"1039\"><strong data-start=\"821\" data-end=\"841\">Collectible value:<\/strong> Vidutin\u0117 \u2013 auk\u0161tesn\u0117 nei vidutin\u0117 d\u0117l pakelio geografinio specifikumo (Argentina) ir gerai i\u0161likusios b\u016bkl\u0117s. KOOL pakeliai Lotyn\u0173 Amerikos leidimuose pasitaiko re\u010diau nei JAV ar Europos versijose.<\/p>\n<\/li>\n<li data-start=\"1040\" data-end=\"1140\">\n<p data-start=\"1042\" data-end=\"1140\"><strong data-start=\"1042\" data-end=\"1064\">Condition assessment:<\/strong> Neatidarytas, labai gera b\u016bkl\u0117, su originalia pl\u0117vele ir ai\u0161kiais \u017eenklais.<\/p>\n<\/li>\n<li data-start=\"1141\" data-end=\"1418\">\n<p data-start=\"1143\" data-end=\"1418\"><strong data-start=\"1143\" data-end=\"1167\">Historical data:<\/strong> KOOL \u2013 vienas seniausi\u0173 mentolio cigare\u010di\u0173 preki\u0173 \u017eenkl\u0173 pasaulyje, pirm\u0105 kart\u0105 pristatytas 1933 m. \u0160is pakelis, gamintas Argentinoje, atspindi lokalizuot\u0105 gamyb\u0105 ir rinkos adaptacij\u0105 Lotyn\u0173 Amerikoje, kur tokie leidimai nebuvo pla\u010diai eksportuojami.<\/p>\n<\/li>\n<\/ul>","protected":false},"excerpt":{"rendered":"<p data-start=\"83\" data-end=\"162\"><strong data-start=\"83\" data-end=\"117\">Brand and name:<\/strong> KOOL Filter Kings (The Menthol Authority FK)<\/p>\n<p data-start=\"164\" data-end=\"187\"><strong data-start=\"164\" data-end=\"174\">Size:<\/strong> 20 cigarettes<\/p>\n<p data-start=\"189\" data-end=\"217\"><strong data-start=\"189\" data-end=\"207\">Country of manufacture:<\/strong> Argentina<\/p>\n<p data-start=\"219\" data-end=\"268\"><strong data-start=\"219\" data-end=\"243\">Production period:<\/strong> Approximately 2000-2010.<\/p>\n<p data-start=\"270\" data-end=\"303\"><strong data-start=\"270\" data-end=\"288\">Package type:<\/strong> Hard pack<\/p>","protected":false},"featured_media":15402,"template":"","meta":{"_surecart_dashboard_logo_width":"180px","_surecart_dashboard_show_logo":true,"_surecart_dashboard_navigation_orders":true,"_surecart_dashboard_navigation_invoices":true,"_surecart_dashboard_navigation_subscriptions":true,"_surecart_dashboard_navigation_downloads":true,"_surecart_dashboard_navigation_billing":true,"_surecart_dashboard_navigation_account":true,"site-sidebar-layout":"default","site-content-layout":"","ast-site-content-layout":"default","site-content-style":"default","site-sidebar-style":"default","ast-global-header-display":"","ast-banner-title-visibility":"","ast-main-header-display":"","ast-hfb-above-header-display":"","ast-hfb-below-header-display":"","ast-hfb-mobile-header-display":"","site-post-title":"","ast-breadcrumbs-content":"","ast-featured-img":"","footer-sml-layout":"","ast-disable-related-posts":"","theme-transparent-header-meta":"default","adv-header-id-meta":"","stick-header-meta":"","header-above-stick-meta":"","header-main-stick-meta":"","header-below-stick-meta":"","astra-migrate-meta-layouts":"set","ast-page-background-enabled":"default","ast-page-background-meta":{"desktop":{"background-color":"","background-image":"","background-repeat":"repeat","background-position":"center center","background-size":"auto","background-attachment":"scroll","background-type":"","background-media":"","overlay-type":"","overlay-color":"","overlay-opacity":"","overlay-gradient":""},"tablet":{"background-color":"","background-image":"","background-repeat":"repeat","background-position":"center center","background-size":"auto","background-attachment":"scroll","background-type":"","background-media":"","overlay-type":"","overlay-color":"","overlay-opacity":"","overlay-gradient":""},"mobile":{"background-color":"","background-image":"","background-repeat":"repeat","background-position":"center center","background-size":"auto","background-attachment":"scroll","background-type":"","background-media":"","overlay-type":"","overlay-color":"","overlay-opacity":"","overlay-gradient":""}},"ast-content-background-meta":{"desktop":{"background-color":"var(--ast-global-color-5)","background-image":"","background-repeat":"repeat","background-position":"center center","background-size":"auto","background-attachment":"scroll","background-type":"","background-media":"","overlay-type":"","overlay-color":"","overlay-opacity":"","overlay-gradient":""},"tablet":{"background-color":"var(--ast-global-color-5)","background-image":"","background-repeat":"repeat","background-position":"center center","background-size":"auto","background-attachment":"scroll","background-type":"","background-media":"","overlay-type":"","overlay-color":"","overlay-opacity":"","overlay-gradient":""},"mobile":{"background-color":"var(--ast-global-color-5)","background-image":"","background-repeat":"repeat","background-position":"center center","background-size":"auto","background-attachment":"scroll","background-type":"","background-media":"","overlay-type":"","overlay-color":"","overlay-opacity":"","overlay-gradient":""}}},"product_brand":[],"product_cat":[227],"product_tag":[],"class_list":{"0":"post-15456","1":"product","2":"type-product","3":"status-publish","4":"has-post-thumbnail","6":"product_cat-argentina","7":"desktop-align-left","8":"tablet-align-left","9":"mobile-align-left","11":"first","12":"instock","13":"shipping-taxable","14":"purchasable","15":"product-type-simple","16":"add-to-wishlist-before_image"},"_links":{"self":[{"href":"https:\/\/colligatum.com\/en\/wp-json\/wp\/v2\/product\/15456","targetHints":{"allow":["GET"]}}],"collection":[{"href":"https:\/\/colligatum.com\/en\/wp-json\/wp\/v2\/product"}],"about":[{"href":"https:\/\/colligatum.com\/en\/wp-json\/wp\/v2\/types\/product"}],"version-history":[{"count":1,"href":"https:\/\/colligatum.com\/en\/wp-json\/wp\/v2\/product\/15456\/revisions"}],"predecessor-version":[{"id":15457,"href":"https:\/\/colligatum.com\/en\/wp-json\/wp\/v2\/product\/15456\/revisions\/15457"}],"wp:featuredmedia":[{"embeddable":true,"href":"https:\/\/colligatum.com\/en\/wp-json\/wp\/v2\/media\/15402"}],"wp:attachment":[{"href":"https:\/\/colligatum.com\/en\/wp-json\/wp\/v2\/media?parent=15456"}],"wp:term":[{"taxonomy":"product_brand","embeddable":true,"href":"https:\/\/colligatum.com\/en\/wp-json\/wp\/v2\/product_brand?post=15456"},{"taxonomy":"product_cat","embeddable":true,"href":"https:\/\/colligatum.com\/en\/wp-json\/wp\/v2\/product_cat?post=15456"},{"taxonomy":"product_tag","embeddable":true,"href":"https:\/\/colligatum.com\/en\/wp-json\/wp\/v2\/product_tag?post=15456"}],"curies":[{"name":"wp","href":"https:\/\/api.w.org\/{rel}","templated":true}]}}