{"id":15474,"date":"2025-07-22T06:59:33","date_gmt":"2025-07-22T04:59:33","guid":{"rendered":"https:\/\/colligatum.com\/?post_type=product&#038;p=15474"},"modified":"2025-07-22T06:59:33","modified_gmt":"2025-07-22T04:59:33","slug":"le-mans-suaves-2","status":"publish","type":"product","link":"https:\/\/colligatum.com\/en\/product\/le-mans-suaves-2\/","title":{"rendered":"Le Mans Suaves"},"content":{"rendered":"<p data-start=\"330\" data-end=\"779\"><strong data-start=\"330\" data-end=\"344\">Description:<\/strong> \u201eLe Mans Suaves\u201c \u2013 tai lengvo skonio cigare\u010di\u0173 variantas, kurio pakelis pasi\u017eymi \u0161viesiai m\u0117lynu, moderniu grafiniu dizainu su baltais linijiniais elementais. Prekinis \u017eenklas i\u0161d\u0117stytas vertikaliai, o pakelio vir\u0161uje yra Argentinos mokes\u010di\u0173 lipdukas su kodu \u201eC\u00f3digo N\u00ba 36 \/ 62E\u201c. \u0160onin\u0117se pus\u0117se pateiktas \u012fsp\u0117jimas apie r\u016bkymo \u017eal\u0105 ispan\u0173 kalba. Tai regioninis leidimas, kurio dizainas i\u0161laiko \u0161var\u0173, \u0161iuolaiki\u0161k\u0105 estetin\u012f stili\u0173.<\/p>\n<p data-start=\"783\" data-end=\"808\"><strong data-start=\"783\" data-end=\"806\">Value assessment:<\/strong><\/p>\n<ul data-start=\"809\" data-end=\"1204\">\n<li data-start=\"809\" data-end=\"949\">\n<p data-start=\"811\" data-end=\"949\"><strong data-start=\"811\" data-end=\"831\">Collectible value:<\/strong> Vidutin\u0117 \u2013 pakelis n\u0117ra riboto leidimo, ta\u010diau gali b\u016bti vertinamas d\u0117l esteti\u0161ko dizaino ir regionin\u0117s specifikos.<\/p>\n<\/li>\n<li data-start=\"950\" data-end=\"1006\">\n<p data-start=\"952\" data-end=\"1006\"><strong data-start=\"952\" data-end=\"974\">Condition assessment:<\/strong> Unopened, in excellent condition.<\/p>\n<\/li>\n<li data-start=\"1007\" data-end=\"1201\">\n<p data-start=\"1009\" data-end=\"1201\"><strong data-start=\"1009\" data-end=\"1049\">Historical data and popularity:<\/strong> \u201eLe Mans\u201c prek\u0117s \u017eenklas daugiausia \u017einomas Argentinos rinkoje, kurioje buvo vidutinio segmento cigaret\u0117s. U\u017e Piet\u0173 Amerikos rib\u0173 yra ma\u017eai paplit\u0119s.<\/p>\n<\/li>\n<\/ul>","protected":false},"excerpt":{"rendered":"<p data-start=\"125\" data-end=\"176\"><strong data-start=\"125\" data-end=\"159\">Brand and name:<\/strong> Le Mans Suaves<\/p>\n<p data-start=\"180\" data-end=\"205\"><strong data-start=\"180\" data-end=\"190\">Size:<\/strong> 20 cigarettes<\/p>\n<p data-start=\"209\" data-end=\"239\"><strong data-start=\"209\" data-end=\"227\">Country of manufacture:<\/strong> Argentina<\/p>\n<p data-start=\"243\" data-end=\"287\"><strong data-start=\"243\" data-end=\"267\">Production period:<\/strong> Around 2000\u20132010.<\/p>\n<p data-start=\"291\" data-end=\"326\"><strong data-start=\"291\" data-end=\"309\">Package type:<\/strong> Hard pack<\/p>","protected":false},"featured_media":15418,"template":"","meta":{"_surecart_dashboard_logo_width":"180px","_surecart_dashboard_show_logo":true,"_surecart_dashboard_navigation_orders":true,"_surecart_dashboard_navigation_invoices":true,"_surecart_dashboard_navigation_subscriptions":true,"_surecart_dashboard_navigation_downloads":true,"_surecart_dashboard_navigation_billing":true,"_surecart_dashboard_navigation_account":true,"site-sidebar-layout":"default","site-content-layout":"","ast-site-content-layout":"default","site-content-style":"default","site-sidebar-style":"default","ast-global-header-display":"","ast-banner-title-visibility":"","ast-main-header-display":"","ast-hfb-above-header-display":"","ast-hfb-below-header-display":"","ast-hfb-mobile-header-display":"","site-post-title":"","ast-breadcrumbs-content":"","ast-featured-img":"","footer-sml-layout":"","theme-transparent-header-meta":"default","adv-header-id-meta":"","stick-header-meta":"","header-above-stick-meta":"","header-main-stick-meta":"","header-below-stick-meta":"","astra-migrate-meta-layouts":"set","ast-page-background-enabled":"default","ast-page-background-meta":{"desktop":{"background-color":"","background-image":"","background-repeat":"repeat","background-position":"center center","background-size":"auto","background-attachment":"scroll","background-type":"","background-media":"","overlay-type":"","overlay-color":"","overlay-opacity":"","overlay-gradient":""},"tablet":{"background-color":"","background-image":"","background-repeat":"repeat","background-position":"center center","background-size":"auto","background-attachment":"scroll","background-type":"","background-media":"","overlay-type":"","overlay-color":"","overlay-opacity":"","overlay-gradient":""},"mobile":{"background-color":"","background-image":"","background-repeat":"repeat","background-position":"center center","background-size":"auto","background-attachment":"scroll","background-type":"","background-media":"","overlay-type":"","overlay-color":"","overlay-opacity":"","overlay-gradient":""}},"ast-content-background-meta":{"desktop":{"background-color":"var(--ast-global-color-5)","background-image":"","background-repeat":"repeat","background-position":"center center","background-size":"auto","background-attachment":"scroll","background-type":"","background-media":"","overlay-type":"","overlay-color":"","overlay-opacity":"","overlay-gradient":""},"tablet":{"background-color":"var(--ast-global-color-5)","background-image":"","background-repeat":"repeat","background-position":"center center","background-size":"auto","background-attachment":"scroll","background-type":"","background-media":"","overlay-type":"","overlay-color":"","overlay-opacity":"","overlay-gradient":""},"mobile":{"background-color":"var(--ast-global-color-5)","background-image":"","background-repeat":"repeat","background-position":"center center","background-size":"auto","background-attachment":"scroll","background-type":"","background-media":"","overlay-type":"","overlay-color":"","overlay-opacity":"","overlay-gradient":""}}},"product_brand":[],"product_cat":[227],"product_tag":[],"class_list":{"0":"post-15474","1":"product","2":"type-product","3":"status-publish","4":"has-post-thumbnail","6":"product_cat-argentina","7":"desktop-align-left","8":"tablet-align-left","9":"mobile-align-left","11":"first","12":"instock","13":"sale","14":"shipping-taxable","15":"purchasable","16":"product-type-simple","17":"add-to-wishlist-before_image"},"_links":{"self":[{"href":"https:\/\/colligatum.com\/en\/wp-json\/wp\/v2\/product\/15474","targetHints":{"allow":["GET"]}}],"collection":[{"href":"https:\/\/colligatum.com\/en\/wp-json\/wp\/v2\/product"}],"about":[{"href":"https:\/\/colligatum.com\/en\/wp-json\/wp\/v2\/types\/product"}],"version-history":[{"count":1,"href":"https:\/\/colligatum.com\/en\/wp-json\/wp\/v2\/product\/15474\/revisions"}],"predecessor-version":[{"id":15475,"href":"https:\/\/colligatum.com\/en\/wp-json\/wp\/v2\/product\/15474\/revisions\/15475"}],"wp:featuredmedia":[{"embeddable":true,"href":"https:\/\/colligatum.com\/en\/wp-json\/wp\/v2\/media\/15418"}],"wp:attachment":[{"href":"https:\/\/colligatum.com\/en\/wp-json\/wp\/v2\/media?parent=15474"}],"wp:term":[{"taxonomy":"product_brand","embeddable":true,"href":"https:\/\/colligatum.com\/en\/wp-json\/wp\/v2\/product_brand?post=15474"},{"taxonomy":"product_cat","embeddable":true,"href":"https:\/\/colligatum.com\/en\/wp-json\/wp\/v2\/product_cat?post=15474"},{"taxonomy":"product_tag","embeddable":true,"href":"https:\/\/colligatum.com\/en\/wp-json\/wp\/v2\/product_tag?post=15474"}],"curies":[{"name":"wp","href":"https:\/\/api.w.org\/{rel}","templated":true}]}}